{"id":4708,"date":"2019-07-30T13:52:26","date_gmt":"2019-07-30T17:52:26","guid":{"rendered":"https:\/\/dpi-canada.com\/?page_id=4708"},"modified":"2025-09-05T14:15:05","modified_gmt":"2025-09-05T18:15:05","slug":"appel-de-conferenciers","status":"publish","type":"page","link":"https:\/\/dpi-canada.com\/fr\/appel-de-conferenciers\/","title":{"rendered":"Appel de conf\u00e9renciers"},"content":{"rendered":"<p><img loading=\"lazy\" decoding=\"async\" class=\"wp-image-9581 size-large\" src=\"https:\/\/dpi-canada.com\/sites\/dpi-canada.com\/wp-content\/uploads\/\/PDW2026-Poster-1-1024x370.png\" alt=\"PDW | SPP 2026\" width=\"1024\" height=\"370\" srcset=\"https:\/\/dpi-canada.com\/sites\/dpi-canada.com\/wp-content\/uploads\/PDW2026-Poster-1-1024x370.png 1024w, https:\/\/dpi-canada.com\/sites\/dpi-canada.com\/wp-content\/uploads\/PDW2026-Poster-1-300x108.png 300w, https:\/\/dpi-canada.com\/sites\/dpi-canada.com\/wp-content\/uploads\/PDW2026-Poster-1-768x277.png 768w, https:\/\/dpi-canada.com\/sites\/dpi-canada.com\/wp-content\/uploads\/PDW2026-Poster-1-1536x555.png 1536w, https:\/\/dpi-canada.com\/sites\/dpi-canada.com\/wp-content\/uploads\/PDW2026-Poster-1-2048x740.png 2048w, https:\/\/dpi-canada.com\/sites\/dpi-canada.com\/wp-content\/uploads\/PDW2026-Poster-1-1920x693.png 1920w, https:\/\/dpi-canada.com\/sites\/dpi-canada.com\/wp-content\/uploads\/PDW2026-Poster-1-1662x600.png 1662w\" sizes=\"auto, (max-width: 1024px) 100vw, 1024px\" \/><\/p>\n<p><em><span style=\"color: #ed5c57;\">NOTE: At this time, we are only accepting proposals from public sector (Federal, Provincial, Municipal Governments and academia) and private sector IM\/IT\/Digital organizations.\u00a0<\/span><span style=\"color: #ed5c57;\">\u00a0<\/span><span style=\"color: #ed5c57;\">Due to the overwhelming response,\u00a0we are no longer\u00a0accepting proposals for professional paid speakers.\u00a0<\/span><\/em><\/p>\n<p>Nous vous invitons \u00e0 nous partager vos exp\u00e9riences et votre expertise lors de la\u00a0<strong>Semaine de perfectionnement professionnel (SPP)<\/strong>\u00a0de DPI.\u00a0\u00a0Il s&#8217;agit d&#8217;un \u00e9v\u00e9nement hybride qui aura lieu\u00a0du <strong>5 au 7 mai 2026<\/strong>\u00a0au Centre Shaw \u00e0 Ottawa.<\/p>\n<p>Nous invitons les organisations du secteur public, les entreprises du secteur priv\u00e9, les universit\u00e9s et les particuliers \u00e0 nous soumettre des propositions sur un ou plusieurs sujets.<\/p>\n<p>Avant de nous soumettre votre proposition, veuillez lire le guide de propositions pour en savoir plus sur l&#8217;\u00e9v\u00e9nement et ce que nous recherchons. Ce document comprend les questions auxquelles vous devrez r\u00e9pondre lors de la soumission de votre proposition.<\/p>\n<p><b><span data-contrast=\"auto\">Le Guide de propositions<\/span><\/b><span data-contrast=\"auto\"> (<\/span><a href=\"https:\/\/dpi1963.sharepoint.com\/:w:\/s\/YearlyTemplate\/2025-2026\/EX-AXJ0SZmxJqo2FzINRWEUBh34yd4BdllTJs7TroV609Q\"><span data-contrast=\"none\">anglais<\/span><\/a><span data-contrast=\"auto\">\u00a0\/\u00a0<\/span><a href=\"https:\/\/dpi1963.sharepoint.com\/:w:\/s\/YearlyTemplate\/2025-2026\/ER261aVikkNFpoI2j_QUJB8Bbh11c7ZHSrPW4iA0-7M1Bg\"><span data-contrast=\"none\">franc\u0327ais<\/span><\/a><span data-contrast=\"auto\">)<\/span><\/p>\n<p><b><span data-contrast=\"auto\">Soumettre une proposition ici: <\/span><\/b><a href=\"https:\/\/site.pheedloop.com\/portal\/event\/EVEAUFUYDSMTM\/submission\/CALTCQMX1ZLUMWF\/application#start\"><span data-contrast=\"none\">Demande de proposition de conf\u00e9renciers<\/span><\/a> <span data-ccp-props=\" {&quot;134233117&quot;:false,&quot;134233118&quot;:false,&quot;201341983&quot;:0,&quot;335551550&quot;:0,&quot;335551620&quot;:0,&quot;335559738&quot;:0,&quot;335559739&quot;:0,&quot;335559740&quot;:279}\">\u00a0<\/span><\/p>\n<p>Si vous avez d&#8217;autres questions, n&#8217;h\u00e9sitez pas \u00e0 nous contacter \u00e0\u00a0<a href=\"mailto:program@dpi-canada.com\">program@dpi-canada.com<\/a>.<\/p>\n<p>Merci, de la part de l\u2019\u00e9quipe du programme de DPI!<\/p>\n<h4><b><span data-contrast=\"none\">DATES IMPORTANTES<\/span><\/b><\/h4>\n<table width=\"550\">\n<tbody>\n<tr>\n<td width=\"300\"><span class=\"TextRun SCXW10972257 BCX0\" lang=\"FR\" xml:lang=\"FR\" data-contrast=\"none\"><span class=\"NormalTextRun SCXW10972257 BCX0\">Date limite de l\u2019appel \u00e0 propositions de conf\u00e9renciers<\/span><\/span><span class=\"EOP SCXW10972257 BCX0\" data-ccp-props=\"{&quot;134233117&quot;:false,&quot;134233118&quot;:false,&quot;201341983&quot;:0,&quot;335559738&quot;:0,&quot;335559739&quot;:0,&quot;335559740&quot;:278}\">\u00a0<\/span><\/td>\n<td>le 10 septembre 2025<\/td>\n<\/tr>\n<tr>\n<td><span class=\"TextRun SCXW166960062 BCX0\" lang=\"EN-US\" xml:lang=\"EN-US\" data-contrast=\"none\"><span class=\"NormalTextRun SCXW166960062 BCX0\">Avis <\/span><span class=\"NormalTextRun SpellingErrorV2Themed SCXW166960062 BCX0\">d&#8217;acceptation<\/span><\/span><span class=\"EOP SCXW166960062 BCX0\" data-ccp-props=\"{&quot;134233117&quot;:false,&quot;134233118&quot;:false,&quot;201341983&quot;:0,&quot;335559738&quot;:0,&quot;335559739&quot;:0,&quot;335559740&quot;:278}\">\u00a0<\/span><\/td>\n<td>novembre &#8211; d\u00e9cembre 2025<\/td>\n<\/tr>\n<tr>\n<td><span class=\"TextRun SCXW125278818 BCX0\" lang=\"EN-US\" xml:lang=\"EN-US\" data-contrast=\"none\"><span class=\"NormalTextRun SpellingErrorV2Themed SCXW125278818 BCX0\">Finalisation<\/span><span class=\"NormalTextRun SCXW125278818 BCX0\"> du <\/span><span class=\"NormalTextRun SpellingErrorV2Themed SCXW125278818 BCX0\">programme<\/span><\/span><span class=\"EOP SCXW125278818 BCX0\" data-ccp-props=\"{&quot;134233117&quot;:false,&quot;134233118&quot;:false,&quot;201341983&quot;:0,&quot;335559738&quot;:0,&quot;335559739&quot;:0,&quot;335559740&quot;:278}\">\u00a0<\/span><\/td>\n<td>d\u00e9cembre 2025<\/td>\n<\/tr>\n<tr>\n<td>SPP 2026<\/td>\n<td>le 5, 6 et 7 mai, 2026<\/td>\n<\/tr>\n<\/tbody>\n<\/table>\n<p>&nbsp;<\/p>\n","protected":false},"excerpt":{"rendered":"<p>NOTE: At this time, we are only accepting proposals from public sector (Federal, Provincial, Municipal Governments and academia) and private sector IM\/IT\/Digital organizations.\u00a0\u00a0Due to the overwhelming response,\u00a0we are no longer\u00a0accepting proposals for professional paid speakers.\u00a0 Nous vous invitons \u00e0 nous partager vos exp\u00e9riences et votre expertise lors de la\u00a0Semaine de perfectionnement professionnel (SPP)\u00a0de DPI.\u00a0\u00a0Il s&#8217;agit [&hellip;]<\/p>\n","protected":false},"author":6,"featured_media":0,"parent":0,"menu_order":0,"comment_status":"closed","ping_status":"closed","template":"subpage.php","meta":{"_acf_changed":false,"footnotes":""},"class_list":["post-4708","page","type-page","status-publish","hentry"],"acf":[],"yoast_head":"<!-- This site is optimized with the Yoast SEO plugin v27.2 - https:\/\/yoast.com\/product\/yoast-seo-wordpress\/ -->\n<title>Appel de conf\u00e9renciers -<\/title>\n<meta name=\"robots\" content=\"index, follow, max-snippet:-1, max-image-preview:large, max-video-preview:-1\" \/>\n<link rel=\"canonical\" href=\"https:\/\/dpi-canada.com\/fr\/appel-de-conferenciers\/\" \/>\n<meta property=\"og:locale\" content=\"fr_CA\" \/>\n<meta property=\"og:type\" content=\"article\" \/>\n<meta property=\"og:title\" content=\"Appel de conf\u00e9renciers -\" \/>\n<meta property=\"og:description\" content=\"NOTE: At this time, we are only accepting proposals from public sector (Federal, Provincial, Municipal Governments and academia) and private sector IM\/IT\/Digital organizations.\u00a0\u00a0Due to the overwhelming response,\u00a0we are no longer\u00a0accepting proposals for professional paid speakers.\u00a0 Nous vous invitons \u00e0 nous partager vos exp\u00e9riences et votre expertise lors de la\u00a0Semaine de perfectionnement professionnel (SPP)\u00a0de DPI.\u00a0\u00a0Il s&#8217;agit [&hellip;]\" \/>\n<meta property=\"og:url\" content=\"https:\/\/dpi-canada.com\/fr\/appel-de-conferenciers\/\" \/>\n<meta property=\"og:site_name\" content=\"DPI\" \/>\n<meta property=\"article:modified_time\" content=\"2025-09-05T18:15:05+00:00\" \/>\n<meta property=\"og:image\" content=\"https:\/\/dpi-canada.com\/sites\/dpi-canada.com\/wp-content\/uploads\/\/PDW2026-Poster-1-1024x370.png\" \/>\n<meta name=\"twitter:card\" content=\"summary_large_image\" \/>\n<meta name=\"twitter:site\" content=\"@dpi_canada\" \/>\n<meta name=\"twitter:label1\" content=\"Est. reading time\" \/>\n\t<meta name=\"twitter:data1\" content=\"2 minutes\" \/>\n<script type=\"application\/ld+json\" class=\"yoast-schema-graph\">{\"@context\":\"https:\/\/schema.org\",\"@graph\":[{\"@type\":\"WebPage\",\"@id\":\"https:\/\/dpi-canada.com\/fr\/appel-de-conferenciers\/\",\"url\":\"https:\/\/dpi-canada.com\/fr\/appel-de-conferenciers\/\",\"name\":\"Appel de conf\u00e9renciers -\",\"isPartOf\":{\"@id\":\"https:\/\/dpi-canada.com\/fr\/#website\"},\"primaryImageOfPage\":{\"@id\":\"https:\/\/dpi-canada.com\/fr\/appel-de-conferenciers\/#primaryimage\"},\"image\":{\"@id\":\"https:\/\/dpi-canada.com\/fr\/appel-de-conferenciers\/#primaryimage\"},\"thumbnailUrl\":\"https:\/\/dpi-canada.com\/sites\/dpi-canada.com\/wp-content\/uploads\/\/PDW2026-Poster-1-1024x370.png\",\"datePublished\":\"2019-07-30T17:52:26+00:00\",\"dateModified\":\"2025-09-05T18:15:05+00:00\",\"breadcrumb\":{\"@id\":\"https:\/\/dpi-canada.com\/fr\/appel-de-conferenciers\/#breadcrumb\"},\"inLanguage\":\"fr-CA\",\"potentialAction\":[{\"@type\":\"ReadAction\",\"target\":[\"https:\/\/dpi-canada.com\/fr\/appel-de-conferenciers\/\"]}]},{\"@type\":\"ImageObject\",\"inLanguage\":\"fr-CA\",\"@id\":\"https:\/\/dpi-canada.com\/fr\/appel-de-conferenciers\/#primaryimage\",\"url\":\"https:\/\/dpi-canada.com\/sites\/dpi-canada.com\/wp-content\/uploads\/\/PDW2026-Poster-1-1024x370.png\",\"contentUrl\":\"https:\/\/dpi-canada.com\/sites\/dpi-canada.com\/wp-content\/uploads\/\/PDW2026-Poster-1-1024x370.png\"},{\"@type\":\"BreadcrumbList\",\"@id\":\"https:\/\/dpi-canada.com\/fr\/appel-de-conferenciers\/#breadcrumb\",\"itemListElement\":[{\"@type\":\"ListItem\",\"position\":1,\"name\":\"Home\",\"item\":\"https:\/\/dpi-canada.com\/fr\/\"},{\"@type\":\"ListItem\",\"position\":2,\"name\":\"Appel de conf\u00e9renciers\"}]},{\"@type\":\"WebSite\",\"@id\":\"https:\/\/dpi-canada.com\/fr\/#website\",\"url\":\"https:\/\/dpi-canada.com\/fr\/\",\"name\":\"Association of Public Sector Information Professionals (DPI)\",\"description\":\"D\u00e9velopper le professionnalisme en informatique\",\"publisher\":{\"@id\":\"https:\/\/dpi-canada.com\/fr\/#organization\"},\"potentialAction\":[{\"@type\":\"SearchAction\",\"target\":{\"@type\":\"EntryPoint\",\"urlTemplate\":\"https:\/\/dpi-canada.com\/fr\/?s={search_term_string}\"},\"query-input\":{\"@type\":\"PropertyValueSpecification\",\"valueRequired\":true,\"valueName\":\"search_term_string\"}}],\"inLanguage\":\"fr-CA\"},{\"@type\":\"Organization\",\"@id\":\"https:\/\/dpi-canada.com\/fr\/#organization\",\"name\":\"Association of Public Sector Information Professionals (DPI)\",\"url\":\"https:\/\/dpi-canada.com\/fr\/\",\"logo\":{\"@type\":\"ImageObject\",\"inLanguage\":\"fr-CA\",\"@id\":\"https:\/\/dpi-canada.com\/fr\/#\/schema\/logo\/image\/\",\"url\":\"https:\/\/dpi-canada.com\/sites\/dpi-canada.com\/wp-content\/uploads\/DPI_Social.jpg\",\"contentUrl\":\"https:\/\/dpi-canada.com\/sites\/dpi-canada.com\/wp-content\/uploads\/DPI_Social.jpg\",\"width\":1100,\"height\":1100,\"caption\":\"Association of Public Sector Information Professionals (DPI)\"},\"image\":{\"@id\":\"https:\/\/dpi-canada.com\/fr\/#\/schema\/logo\/image\/\"},\"sameAs\":[\"https:\/\/x.com\/dpi_canada\",\"http:\/\/www.linkedin.com\/company\/dpi--association-of-public-sector-information-professionals\"]}]}<\/script>\n<!-- \/ Yoast SEO plugin. -->","yoast_head_json":{"title":"Appel de conf\u00e9renciers -","robots":{"index":"index","follow":"follow","max-snippet":"max-snippet:-1","max-image-preview":"max-image-preview:large","max-video-preview":"max-video-preview:-1"},"canonical":"https:\/\/dpi-canada.com\/fr\/appel-de-conferenciers\/","og_locale":"fr_CA","og_type":"article","og_title":"Appel de conf\u00e9renciers -","og_description":"NOTE: At this time, we are only accepting proposals from public sector (Federal, Provincial, Municipal Governments and academia) and private sector IM\/IT\/Digital organizations.\u00a0\u00a0Due to the overwhelming response,\u00a0we are no longer\u00a0accepting proposals for professional paid speakers.\u00a0 Nous vous invitons \u00e0 nous partager vos exp\u00e9riences et votre expertise lors de la\u00a0Semaine de perfectionnement professionnel (SPP)\u00a0de DPI.\u00a0\u00a0Il s&#8217;agit [&hellip;]","og_url":"https:\/\/dpi-canada.com\/fr\/appel-de-conferenciers\/","og_site_name":"DPI","article_modified_time":"2025-09-05T18:15:05+00:00","og_image":[{"url":"https:\/\/dpi-canada.com\/sites\/dpi-canada.com\/wp-content\/uploads\/\/PDW2026-Poster-1-1024x370.png","type":"","width":"","height":""}],"twitter_card":"summary_large_image","twitter_site":"@dpi_canada","twitter_misc":{"Est. reading time":"2 minutes"},"schema":{"@context":"https:\/\/schema.org","@graph":[{"@type":"WebPage","@id":"https:\/\/dpi-canada.com\/fr\/appel-de-conferenciers\/","url":"https:\/\/dpi-canada.com\/fr\/appel-de-conferenciers\/","name":"Appel de conf\u00e9renciers -","isPartOf":{"@id":"https:\/\/dpi-canada.com\/fr\/#website"},"primaryImageOfPage":{"@id":"https:\/\/dpi-canada.com\/fr\/appel-de-conferenciers\/#primaryimage"},"image":{"@id":"https:\/\/dpi-canada.com\/fr\/appel-de-conferenciers\/#primaryimage"},"thumbnailUrl":"https:\/\/dpi-canada.com\/sites\/dpi-canada.com\/wp-content\/uploads\/\/PDW2026-Poster-1-1024x370.png","datePublished":"2019-07-30T17:52:26+00:00","dateModified":"2025-09-05T18:15:05+00:00","breadcrumb":{"@id":"https:\/\/dpi-canada.com\/fr\/appel-de-conferenciers\/#breadcrumb"},"inLanguage":"fr-CA","potentialAction":[{"@type":"ReadAction","target":["https:\/\/dpi-canada.com\/fr\/appel-de-conferenciers\/"]}]},{"@type":"ImageObject","inLanguage":"fr-CA","@id":"https:\/\/dpi-canada.com\/fr\/appel-de-conferenciers\/#primaryimage","url":"https:\/\/dpi-canada.com\/sites\/dpi-canada.com\/wp-content\/uploads\/\/PDW2026-Poster-1-1024x370.png","contentUrl":"https:\/\/dpi-canada.com\/sites\/dpi-canada.com\/wp-content\/uploads\/\/PDW2026-Poster-1-1024x370.png"},{"@type":"BreadcrumbList","@id":"https:\/\/dpi-canada.com\/fr\/appel-de-conferenciers\/#breadcrumb","itemListElement":[{"@type":"ListItem","position":1,"name":"Home","item":"https:\/\/dpi-canada.com\/fr\/"},{"@type":"ListItem","position":2,"name":"Appel de conf\u00e9renciers"}]},{"@type":"WebSite","@id":"https:\/\/dpi-canada.com\/fr\/#website","url":"https:\/\/dpi-canada.com\/fr\/","name":"Association of Public Sector Information Professionals (DPI)","description":"D\u00e9velopper le professionnalisme en informatique","publisher":{"@id":"https:\/\/dpi-canada.com\/fr\/#organization"},"potentialAction":[{"@type":"SearchAction","target":{"@type":"EntryPoint","urlTemplate":"https:\/\/dpi-canada.com\/fr\/?s={search_term_string}"},"query-input":{"@type":"PropertyValueSpecification","valueRequired":true,"valueName":"search_term_string"}}],"inLanguage":"fr-CA"},{"@type":"Organization","@id":"https:\/\/dpi-canada.com\/fr\/#organization","name":"Association of Public Sector Information Professionals (DPI)","url":"https:\/\/dpi-canada.com\/fr\/","logo":{"@type":"ImageObject","inLanguage":"fr-CA","@id":"https:\/\/dpi-canada.com\/fr\/#\/schema\/logo\/image\/","url":"https:\/\/dpi-canada.com\/sites\/dpi-canada.com\/wp-content\/uploads\/DPI_Social.jpg","contentUrl":"https:\/\/dpi-canada.com\/sites\/dpi-canada.com\/wp-content\/uploads\/DPI_Social.jpg","width":1100,"height":1100,"caption":"Association of Public Sector Information Professionals (DPI)"},"image":{"@id":"https:\/\/dpi-canada.com\/fr\/#\/schema\/logo\/image\/"},"sameAs":["https:\/\/x.com\/dpi_canada","http:\/\/www.linkedin.com\/company\/dpi--association-of-public-sector-information-professionals"]}]}},"_links":{"self":[{"href":"https:\/\/dpi-canada.com\/fr\/wp-json\/wp\/v2\/pages\/4708","targetHints":{"allow":["GET"]}}],"collection":[{"href":"https:\/\/dpi-canada.com\/fr\/wp-json\/wp\/v2\/pages"}],"about":[{"href":"https:\/\/dpi-canada.com\/fr\/wp-json\/wp\/v2\/types\/page"}],"author":[{"embeddable":true,"href":"https:\/\/dpi-canada.com\/fr\/wp-json\/wp\/v2\/users\/6"}],"replies":[{"embeddable":true,"href":"https:\/\/dpi-canada.com\/fr\/wp-json\/wp\/v2\/comments?post=4708"}],"version-history":[{"count":3,"href":"https:\/\/dpi-canada.com\/fr\/wp-json\/wp\/v2\/pages\/4708\/revisions"}],"predecessor-version":[{"id":9665,"href":"https:\/\/dpi-canada.com\/fr\/wp-json\/wp\/v2\/pages\/4708\/revisions\/9665"}],"wp:attachment":[{"href":"https:\/\/dpi-canada.com\/fr\/wp-json\/wp\/v2\/media?parent=4708"}],"curies":[{"name":"wp","href":"https:\/\/api.w.org\/{rel}","templated":true}]}}