{"id":4778,"date":"2019-10-15T15:20:35","date_gmt":"2019-10-15T19:20:35","guid":{"rendered":"https:\/\/dpi-canada.com\/?page_id=4778"},"modified":"2023-09-19T10:36:54","modified_gmt":"2023-09-19T14:36:54","slug":"conseil-consultatif","status":"publish","type":"page","link":"https:\/\/dpi-canada.com\/fr\/a-propos-de-nous\/conseil-consultatif\/","title":{"rendered":"Conseil consultatif"},"content":{"rendered":"<p>Notre Conseil consultatif se compose de leaders du gouvernement f\u00e9d\u00e9ral, des gouvernements provinciaux, de l\u2019industrie, d&#8217;organismes sans but lucratif, ainsi que du milieu universitaire. Ces leaders croient fermement en la mission de DPI de renforcer la main-d\u2019\u0153uvre du domaine num\u00e9rique du secteur public canadien.<\/p>\n<p>Les points de vue, les orientations et les conseils du Conseil aident DPI \u00e0 prendre des d\u00e9cisions \u00e9clair\u00e9es quant \u00e0 ses activit\u00e9s et \u00e0 ses programmes \u00e0 venir.<\/p>\n<p><strong>Mandat<\/strong><\/p>\n<p>Renforcer la main-d\u2019\u0153uvre du domaine num\u00e9rique du secteur public canadien en tissant et en \u00e9largissant toujours davantage des partenariats avec le milieu universitaire, le secteur priv\u00e9 et les chefs de file du secteur num\u00e9rique afin de :<\/p>\n<ul>\n<li>Construire la communaut\u00e9,<\/li>\n<li>Lui cr\u00e9er un \u00e9change num\u00e9rique,<\/li>\n<li>Renforcer la professionnalisation, et<\/li>\n<li>Soutenir la carri\u00e8re de la main-d\u2019\u0153uvre du domaine num\u00e9rique du secteur public canadien.<\/li>\n<\/ul>\n","protected":false},"excerpt":{"rendered":"<p>Notre Conseil consultatif se compose de leaders du gouvernement f\u00e9d\u00e9ral, des gouvernements provinciaux, de l\u2019industrie, d&#8217;organismes sans but lucratif, ainsi que du milieu universitaire. Ces leaders croient fermement en la mission de DPI de renforcer la main-d\u2019\u0153uvre du domaine num\u00e9rique du secteur public canadien. Les points de vue, les orientations et les conseils du Conseil [&hellip;]<\/p>\n","protected":false},"author":6,"featured_media":0,"parent":583,"menu_order":0,"comment_status":"closed","ping_status":"closed","template":"subpage.php","meta":{"_acf_changed":false,"footnotes":""},"class_list":["post-4778","page","type-page","status-publish","hentry"],"acf":[],"yoast_head":"<!-- This site is optimized with the Yoast SEO plugin v27.2 - https:\/\/yoast.com\/product\/yoast-seo-wordpress\/ -->\n<title>Conseil consultatif -<\/title>\n<meta name=\"robots\" content=\"index, follow, max-snippet:-1, max-image-preview:large, max-video-preview:-1\" \/>\n<link rel=\"canonical\" href=\"https:\/\/dpi-canada.com\/fr\/a-propos-de-nous\/conseil-consultatif\/\" \/>\n<meta property=\"og:locale\" content=\"fr_CA\" \/>\n<meta property=\"og:type\" content=\"article\" \/>\n<meta property=\"og:title\" content=\"Conseil consultatif -\" \/>\n<meta property=\"og:description\" content=\"Notre Conseil consultatif se compose de leaders du gouvernement f\u00e9d\u00e9ral, des gouvernements provinciaux, de l\u2019industrie, d&#8217;organismes sans but lucratif, ainsi que du milieu universitaire. Ces leaders croient fermement en la mission de DPI de renforcer la main-d\u2019\u0153uvre du domaine num\u00e9rique du secteur public canadien. Les points de vue, les orientations et les conseils du Conseil [&hellip;]\" \/>\n<meta property=\"og:url\" content=\"https:\/\/dpi-canada.com\/fr\/a-propos-de-nous\/conseil-consultatif\/\" \/>\n<meta property=\"og:site_name\" content=\"DPI\" \/>\n<meta property=\"article:modified_time\" content=\"2023-09-19T14:36:54+00:00\" \/>\n<meta name=\"twitter:card\" content=\"summary_large_image\" \/>\n<meta name=\"twitter:site\" content=\"@dpi_canada\" \/>\n<meta name=\"twitter:label1\" content=\"Est. reading time\" \/>\n\t<meta name=\"twitter:data1\" content=\"1 minute\" \/>\n<script type=\"application\/ld+json\" class=\"yoast-schema-graph\">{\"@context\":\"https:\/\/schema.org\",\"@graph\":[{\"@type\":\"WebPage\",\"@id\":\"https:\/\/dpi-canada.com\/fr\/a-propos-de-nous\/conseil-consultatif\/\",\"url\":\"https:\/\/dpi-canada.com\/fr\/a-propos-de-nous\/conseil-consultatif\/\",\"name\":\"Conseil consultatif -\",\"isPartOf\":{\"@id\":\"https:\/\/dpi-canada.com\/fr\/#website\"},\"datePublished\":\"2019-10-15T19:20:35+00:00\",\"dateModified\":\"2023-09-19T14:36:54+00:00\",\"breadcrumb\":{\"@id\":\"https:\/\/dpi-canada.com\/fr\/a-propos-de-nous\/conseil-consultatif\/#breadcrumb\"},\"inLanguage\":\"fr-CA\",\"potentialAction\":[{\"@type\":\"ReadAction\",\"target\":[\"https:\/\/dpi-canada.com\/fr\/a-propos-de-nous\/conseil-consultatif\/\"]}]},{\"@type\":\"BreadcrumbList\",\"@id\":\"https:\/\/dpi-canada.com\/fr\/a-propos-de-nous\/conseil-consultatif\/#breadcrumb\",\"itemListElement\":[{\"@type\":\"ListItem\",\"position\":1,\"name\":\"Home\",\"item\":\"https:\/\/dpi-canada.com\/fr\/\"},{\"@type\":\"ListItem\",\"position\":2,\"name\":\"Qui sommes-nous\",\"item\":\"https:\/\/dpi-canada.com\/fr\/a-propos-de-nous\/\"},{\"@type\":\"ListItem\",\"position\":3,\"name\":\"Conseil consultatif\"}]},{\"@type\":\"WebSite\",\"@id\":\"https:\/\/dpi-canada.com\/fr\/#website\",\"url\":\"https:\/\/dpi-canada.com\/fr\/\",\"name\":\"Association of Public Sector Information Professionals (DPI)\",\"description\":\"D\u00e9velopper le professionnalisme en informatique\",\"publisher\":{\"@id\":\"https:\/\/dpi-canada.com\/fr\/#organization\"},\"potentialAction\":[{\"@type\":\"SearchAction\",\"target\":{\"@type\":\"EntryPoint\",\"urlTemplate\":\"https:\/\/dpi-canada.com\/fr\/?s={search_term_string}\"},\"query-input\":{\"@type\":\"PropertyValueSpecification\",\"valueRequired\":true,\"valueName\":\"search_term_string\"}}],\"inLanguage\":\"fr-CA\"},{\"@type\":\"Organization\",\"@id\":\"https:\/\/dpi-canada.com\/fr\/#organization\",\"name\":\"Association of Public Sector Information Professionals (DPI)\",\"url\":\"https:\/\/dpi-canada.com\/fr\/\",\"logo\":{\"@type\":\"ImageObject\",\"inLanguage\":\"fr-CA\",\"@id\":\"https:\/\/dpi-canada.com\/fr\/#\/schema\/logo\/image\/\",\"url\":\"https:\/\/dpi-canada.com\/sites\/dpi-canada.com\/wp-content\/uploads\/DPI_Social.jpg\",\"contentUrl\":\"https:\/\/dpi-canada.com\/sites\/dpi-canada.com\/wp-content\/uploads\/DPI_Social.jpg\",\"width\":1100,\"height\":1100,\"caption\":\"Association of Public Sector Information Professionals (DPI)\"},\"image\":{\"@id\":\"https:\/\/dpi-canada.com\/fr\/#\/schema\/logo\/image\/\"},\"sameAs\":[\"https:\/\/x.com\/dpi_canada\",\"http:\/\/www.linkedin.com\/company\/dpi--association-of-public-sector-information-professionals\"]}]}<\/script>\n<!-- \/ Yoast SEO plugin. -->","yoast_head_json":{"title":"Conseil consultatif -","robots":{"index":"index","follow":"follow","max-snippet":"max-snippet:-1","max-image-preview":"max-image-preview:large","max-video-preview":"max-video-preview:-1"},"canonical":"https:\/\/dpi-canada.com\/fr\/a-propos-de-nous\/conseil-consultatif\/","og_locale":"fr_CA","og_type":"article","og_title":"Conseil consultatif -","og_description":"Notre Conseil consultatif se compose de leaders du gouvernement f\u00e9d\u00e9ral, des gouvernements provinciaux, de l\u2019industrie, d&#8217;organismes sans but lucratif, ainsi que du milieu universitaire. Ces leaders croient fermement en la mission de DPI de renforcer la main-d\u2019\u0153uvre du domaine num\u00e9rique du secteur public canadien. Les points de vue, les orientations et les conseils du Conseil [&hellip;]","og_url":"https:\/\/dpi-canada.com\/fr\/a-propos-de-nous\/conseil-consultatif\/","og_site_name":"DPI","article_modified_time":"2023-09-19T14:36:54+00:00","twitter_card":"summary_large_image","twitter_site":"@dpi_canada","twitter_misc":{"Est. reading time":"1 minute"},"schema":{"@context":"https:\/\/schema.org","@graph":[{"@type":"WebPage","@id":"https:\/\/dpi-canada.com\/fr\/a-propos-de-nous\/conseil-consultatif\/","url":"https:\/\/dpi-canada.com\/fr\/a-propos-de-nous\/conseil-consultatif\/","name":"Conseil consultatif -","isPartOf":{"@id":"https:\/\/dpi-canada.com\/fr\/#website"},"datePublished":"2019-10-15T19:20:35+00:00","dateModified":"2023-09-19T14:36:54+00:00","breadcrumb":{"@id":"https:\/\/dpi-canada.com\/fr\/a-propos-de-nous\/conseil-consultatif\/#breadcrumb"},"inLanguage":"fr-CA","potentialAction":[{"@type":"ReadAction","target":["https:\/\/dpi-canada.com\/fr\/a-propos-de-nous\/conseil-consultatif\/"]}]},{"@type":"BreadcrumbList","@id":"https:\/\/dpi-canada.com\/fr\/a-propos-de-nous\/conseil-consultatif\/#breadcrumb","itemListElement":[{"@type":"ListItem","position":1,"name":"Home","item":"https:\/\/dpi-canada.com\/fr\/"},{"@type":"ListItem","position":2,"name":"Qui sommes-nous","item":"https:\/\/dpi-canada.com\/fr\/a-propos-de-nous\/"},{"@type":"ListItem","position":3,"name":"Conseil consultatif"}]},{"@type":"WebSite","@id":"https:\/\/dpi-canada.com\/fr\/#website","url":"https:\/\/dpi-canada.com\/fr\/","name":"Association of Public Sector Information Professionals (DPI)","description":"D\u00e9velopper le professionnalisme en informatique","publisher":{"@id":"https:\/\/dpi-canada.com\/fr\/#organization"},"potentialAction":[{"@type":"SearchAction","target":{"@type":"EntryPoint","urlTemplate":"https:\/\/dpi-canada.com\/fr\/?s={search_term_string}"},"query-input":{"@type":"PropertyValueSpecification","valueRequired":true,"valueName":"search_term_string"}}],"inLanguage":"fr-CA"},{"@type":"Organization","@id":"https:\/\/dpi-canada.com\/fr\/#organization","name":"Association of Public Sector Information Professionals (DPI)","url":"https:\/\/dpi-canada.com\/fr\/","logo":{"@type":"ImageObject","inLanguage":"fr-CA","@id":"https:\/\/dpi-canada.com\/fr\/#\/schema\/logo\/image\/","url":"https:\/\/dpi-canada.com\/sites\/dpi-canada.com\/wp-content\/uploads\/DPI_Social.jpg","contentUrl":"https:\/\/dpi-canada.com\/sites\/dpi-canada.com\/wp-content\/uploads\/DPI_Social.jpg","width":1100,"height":1100,"caption":"Association of Public Sector Information Professionals (DPI)"},"image":{"@id":"https:\/\/dpi-canada.com\/fr\/#\/schema\/logo\/image\/"},"sameAs":["https:\/\/x.com\/dpi_canada","http:\/\/www.linkedin.com\/company\/dpi--association-of-public-sector-information-professionals"]}]}},"_links":{"self":[{"href":"https:\/\/dpi-canada.com\/fr\/wp-json\/wp\/v2\/pages\/4778","targetHints":{"allow":["GET"]}}],"collection":[{"href":"https:\/\/dpi-canada.com\/fr\/wp-json\/wp\/v2\/pages"}],"about":[{"href":"https:\/\/dpi-canada.com\/fr\/wp-json\/wp\/v2\/types\/page"}],"author":[{"embeddable":true,"href":"https:\/\/dpi-canada.com\/fr\/wp-json\/wp\/v2\/users\/6"}],"replies":[{"embeddable":true,"href":"https:\/\/dpi-canada.com\/fr\/wp-json\/wp\/v2\/comments?post=4778"}],"version-history":[{"count":3,"href":"https:\/\/dpi-canada.com\/fr\/wp-json\/wp\/v2\/pages\/4778\/revisions"}],"predecessor-version":[{"id":8130,"href":"https:\/\/dpi-canada.com\/fr\/wp-json\/wp\/v2\/pages\/4778\/revisions\/8130"}],"up":[{"embeddable":true,"href":"https:\/\/dpi-canada.com\/fr\/wp-json\/wp\/v2\/pages\/583"}],"wp:attachment":[{"href":"https:\/\/dpi-canada.com\/fr\/wp-json\/wp\/v2\/media?parent=4778"}],"curies":[{"name":"wp","href":"https:\/\/api.w.org\/{rel}","templated":true}]}}