{"id":583,"date":"2018-03-06T13:22:50","date_gmt":"2018-03-06T18:22:50","guid":{"rendered":"http:\/\/dpi-canada.com\/?page_id=583"},"modified":"2024-09-17T09:53:04","modified_gmt":"2024-09-17T13:53:04","slug":"a-propos-de-nous","status":"publish","type":"page","link":"https:\/\/dpi-canada.com\/fr\/a-propos-de-nous\/","title":{"rendered":"Qui sommes-nous"},"content":{"rendered":"<p>DPI est un organisme national sans but lucratif dirig\u00e9 par des b\u00e9n\u00e9voles qui se consacre \u00e0 l&#8217;avancement de la carri\u00e8re des professionnels du secteur public \u00e0 l\u2019\u00e9chelle du Canada. Nous mettons l&#8217;accent sur l&#8217;application efficace de la technologie num\u00e9rique dans le secteur public, \u00e0 tous les paliers de gouvernement, afin de contribuer \u00e0 fa\u00e7onner une fonction publique plus novatrice et plus efficiente.<\/p>\n<p>Depuis plus de 60 ans, nos services s&#8217;\u00e9tendent \u00e0 un large \u00e9ventail d&#8217;occasions de perfectionnement professionnel, ce qui comprend des colloques gratuits, des programmes de mentorat, des \u00e9v\u00e9nements de r\u00e9seautage, ainsi que notre \u00e9v\u00e9nement d\u2019apprentissage phare, annuel et \u00e0 faible co\u00fbt, la Semaine de perfectionnement professionnel (SPP). Ces \u00e9v\u00e9nements sont con\u00e7us pour offrir \u00e0 nos affili\u00e9s l\u2019occasion d\u2019\u00e9couter et de rencontrer des conf\u00e9renciers-experts de l\u2019industrie, de d\u00e9couvrir des sujets d&#8217;avant-garde, et d\u2019avoir acc\u00e8s \u00e0 une plate-forme pour partager les meilleures pratiques qui influencent la vaste communaut\u00e9 num\u00e9rique.<\/p>\n<p>Notre succ\u00e8s repose sur le d\u00e9vouement de nos b\u00e9n\u00e9voles, qui s\u2019activent sans rel\u00e2che dans les coulisses pour donner vie \u00e0 ces occasions. Ensemble, nous sommes d\u00e9termin\u00e9s \u00e0 donner les moyens au secteur public d\u2019acqu\u00e9rir les connaissances et les comp\u00e9tences dont il a besoin pour mieux servir les Canadiens.<\/p>\n<p><b><span data-contrast=\"none\">Notre mission<\/span><\/b><span data-ccp-props=\"{&quot;134233117&quot;:false,&quot;134233118&quot;:false,&quot;201341983&quot;:0,&quot;335551550&quot;:1,&quot;335551620&quot;:1,&quot;335559685&quot;:720,&quot;335559737&quot;:0,&quot;335559738&quot;:120,&quot;335559739&quot;:0,&quot;335559740&quot;:279,&quot;335559991&quot;:547}\">\u00a0<\/span><\/p>\n<p><span data-contrast=\"none\">Soutenir la communaut\u00e9 num\u00e9rique du secteur public canadien et d\u2019ailleurs en\u00a0:<\/span><span data-ccp-props=\"{&quot;134233117&quot;:false,&quot;134233118&quot;:false,&quot;201341983&quot;:0,&quot;335551550&quot;:1,&quot;335551620&quot;:1,&quot;335559685&quot;:720,&quot;335559737&quot;:0,&quot;335559738&quot;:120,&quot;335559739&quot;:0,&quot;335559740&quot;:279,&quot;335559991&quot;:547}\">\u00a0<\/span><\/p>\n<ul>\n<li><span data-contrast=\"none\">encourageant le d\u00e9veloppement de carri\u00e8re par l&#8217;apprentissage, le mentorat et le r\u00e9seautage;<\/span><span data-ccp-props=\"{&quot;134233117&quot;:false,&quot;134233118&quot;:false,&quot;201341983&quot;:0,&quot;335551550&quot;:1,&quot;335551620&quot;:1,&quot;335559737&quot;:0,&quot;335559738&quot;:0,&quot;335559739&quot;:0,&quot;335559740&quot;:279}\">\u00a0<\/span><\/li>\n<li><span data-contrast=\"none\">facilitant l&#8217;\u00e9change de renseignements et de pratiques exemplaires;\u00a0<\/span><span data-ccp-props=\"{&quot;134233117&quot;:false,&quot;134233118&quot;:false,&quot;201341983&quot;:0,&quot;335551550&quot;:1,&quot;335551620&quot;:1,&quot;335559737&quot;:0,&quot;335559738&quot;:0,&quot;335559739&quot;:0,&quot;335559740&quot;:279}\">\u00a0<\/span><\/li>\n<li><span data-contrast=\"none\">formant une communaut\u00e9 num\u00e9rique;<\/span><span data-ccp-props=\"{&quot;134233117&quot;:false,&quot;134233118&quot;:false,&quot;201341983&quot;:0,&quot;335551550&quot;:1,&quot;335551620&quot;:1,&quot;335559737&quot;:0,&quot;335559738&quot;:0,&quot;335559739&quot;:0,&quot;335559740&quot;:279}\">\u00a0<\/span><\/li>\n<li><span data-contrast=\"none\">favorisant des partenariats entre les organisations du secteur public, les leaders du num\u00e9rique, le milieu universitaire et le secteur priv\u00e9.<\/span><span data-ccp-props=\"{&quot;134233117&quot;:false,&quot;134233118&quot;:false,&quot;201341983&quot;:0,&quot;335551550&quot;:1,&quot;335551620&quot;:1,&quot;335559737&quot;:0,&quot;335559738&quot;:0,&quot;335559739&quot;:0,&quot;335559740&quot;:279}\">\u00a0<\/span><\/li>\n<\/ul>\n<p><span data-contrast=\"auto\">DPI est pour la communaut\u00e9, par la communaut\u00e9.<\/span><span data-ccp-props=\"{&quot;201341983&quot;:0,&quot;335559739&quot;:160,&quot;335559740&quot;:279}\">\u00a0<\/span><\/p>\n","protected":false},"excerpt":{"rendered":"<p>DPI est un organisme national sans but lucratif dirig\u00e9 par des b\u00e9n\u00e9voles qui se consacre \u00e0 l&#8217;avancement de la carri\u00e8re des professionnels du secteur public \u00e0 l\u2019\u00e9chelle du Canada. Nous mettons l&#8217;accent sur l&#8217;application efficace de la technologie num\u00e9rique dans le secteur public, \u00e0 tous les paliers de gouvernement, afin de contribuer \u00e0 fa\u00e7onner une [&hellip;]<\/p>\n","protected":false},"author":6,"featured_media":0,"parent":0,"menu_order":0,"comment_status":"closed","ping_status":"closed","template":"subpage.php","meta":{"_acf_changed":false,"footnotes":""},"class_list":["post-583","page","type-page","status-publish","hentry"],"acf":[],"yoast_head":"<!-- This site is optimized with the Yoast SEO plugin v27.2 - https:\/\/yoast.com\/product\/yoast-seo-wordpress\/ -->\n<title>Qui sommes-nous -<\/title>\n<meta name=\"robots\" content=\"index, follow, max-snippet:-1, max-image-preview:large, max-video-preview:-1\" \/>\n<link rel=\"canonical\" href=\"https:\/\/dpi-canada.com\/fr\/a-propos-de-nous\/\" \/>\n<meta property=\"og:locale\" content=\"fr_CA\" \/>\n<meta property=\"og:type\" content=\"article\" \/>\n<meta property=\"og:title\" content=\"Qui sommes-nous -\" \/>\n<meta property=\"og:description\" content=\"DPI est un organisme national sans but lucratif dirig\u00e9 par des b\u00e9n\u00e9voles qui se consacre \u00e0 l&#8217;avancement de la carri\u00e8re des professionnels du secteur public \u00e0 l\u2019\u00e9chelle du Canada. Nous mettons l&#8217;accent sur l&#8217;application efficace de la technologie num\u00e9rique dans le secteur public, \u00e0 tous les paliers de gouvernement, afin de contribuer \u00e0 fa\u00e7onner une [&hellip;]\" \/>\n<meta property=\"og:url\" content=\"https:\/\/dpi-canada.com\/fr\/a-propos-de-nous\/\" \/>\n<meta property=\"og:site_name\" content=\"DPI\" \/>\n<meta property=\"article:modified_time\" content=\"2024-09-17T13:53:04+00:00\" \/>\n<meta name=\"twitter:card\" content=\"summary_large_image\" \/>\n<meta name=\"twitter:site\" content=\"@dpi_canada\" \/>\n<meta name=\"twitter:label1\" content=\"Est. reading time\" \/>\n\t<meta name=\"twitter:data1\" content=\"2 minutes\" \/>\n<script type=\"application\/ld+json\" class=\"yoast-schema-graph\">{\"@context\":\"https:\/\/schema.org\",\"@graph\":[{\"@type\":\"WebPage\",\"@id\":\"https:\/\/dpi-canada.com\/fr\/a-propos-de-nous\/\",\"url\":\"https:\/\/dpi-canada.com\/fr\/a-propos-de-nous\/\",\"name\":\"Qui sommes-nous -\",\"isPartOf\":{\"@id\":\"https:\/\/dpi-canada.com\/fr\/#website\"},\"datePublished\":\"2018-03-06T18:22:50+00:00\",\"dateModified\":\"2024-09-17T13:53:04+00:00\",\"breadcrumb\":{\"@id\":\"https:\/\/dpi-canada.com\/fr\/a-propos-de-nous\/#breadcrumb\"},\"inLanguage\":\"fr-CA\",\"potentialAction\":[{\"@type\":\"ReadAction\",\"target\":[\"https:\/\/dpi-canada.com\/fr\/a-propos-de-nous\/\"]}]},{\"@type\":\"BreadcrumbList\",\"@id\":\"https:\/\/dpi-canada.com\/fr\/a-propos-de-nous\/#breadcrumb\",\"itemListElement\":[{\"@type\":\"ListItem\",\"position\":1,\"name\":\"Home\",\"item\":\"https:\/\/dpi-canada.com\/fr\/\"},{\"@type\":\"ListItem\",\"position\":2,\"name\":\"Qui sommes-nous\"}]},{\"@type\":\"WebSite\",\"@id\":\"https:\/\/dpi-canada.com\/fr\/#website\",\"url\":\"https:\/\/dpi-canada.com\/fr\/\",\"name\":\"Association of Public Sector Information Professionals (DPI)\",\"description\":\"D\u00e9velopper le professionnalisme en informatique\",\"publisher\":{\"@id\":\"https:\/\/dpi-canada.com\/fr\/#organization\"},\"potentialAction\":[{\"@type\":\"SearchAction\",\"target\":{\"@type\":\"EntryPoint\",\"urlTemplate\":\"https:\/\/dpi-canada.com\/fr\/?s={search_term_string}\"},\"query-input\":{\"@type\":\"PropertyValueSpecification\",\"valueRequired\":true,\"valueName\":\"search_term_string\"}}],\"inLanguage\":\"fr-CA\"},{\"@type\":\"Organization\",\"@id\":\"https:\/\/dpi-canada.com\/fr\/#organization\",\"name\":\"Association of Public Sector Information Professionals (DPI)\",\"url\":\"https:\/\/dpi-canada.com\/fr\/\",\"logo\":{\"@type\":\"ImageObject\",\"inLanguage\":\"fr-CA\",\"@id\":\"https:\/\/dpi-canada.com\/fr\/#\/schema\/logo\/image\/\",\"url\":\"https:\/\/dpi-canada.com\/sites\/dpi-canada.com\/wp-content\/uploads\/DPI_Social.jpg\",\"contentUrl\":\"https:\/\/dpi-canada.com\/sites\/dpi-canada.com\/wp-content\/uploads\/DPI_Social.jpg\",\"width\":1100,\"height\":1100,\"caption\":\"Association of Public Sector Information Professionals (DPI)\"},\"image\":{\"@id\":\"https:\/\/dpi-canada.com\/fr\/#\/schema\/logo\/image\/\"},\"sameAs\":[\"https:\/\/x.com\/dpi_canada\",\"http:\/\/www.linkedin.com\/company\/dpi--association-of-public-sector-information-professionals\"]}]}<\/script>\n<!-- \/ Yoast SEO plugin. -->","yoast_head_json":{"title":"Qui sommes-nous -","robots":{"index":"index","follow":"follow","max-snippet":"max-snippet:-1","max-image-preview":"max-image-preview:large","max-video-preview":"max-video-preview:-1"},"canonical":"https:\/\/dpi-canada.com\/fr\/a-propos-de-nous\/","og_locale":"fr_CA","og_type":"article","og_title":"Qui sommes-nous -","og_description":"DPI est un organisme national sans but lucratif dirig\u00e9 par des b\u00e9n\u00e9voles qui se consacre \u00e0 l&#8217;avancement de la carri\u00e8re des professionnels du secteur public \u00e0 l\u2019\u00e9chelle du Canada. Nous mettons l&#8217;accent sur l&#8217;application efficace de la technologie num\u00e9rique dans le secteur public, \u00e0 tous les paliers de gouvernement, afin de contribuer \u00e0 fa\u00e7onner une [&hellip;]","og_url":"https:\/\/dpi-canada.com\/fr\/a-propos-de-nous\/","og_site_name":"DPI","article_modified_time":"2024-09-17T13:53:04+00:00","twitter_card":"summary_large_image","twitter_site":"@dpi_canada","twitter_misc":{"Est. reading time":"2 minutes"},"schema":{"@context":"https:\/\/schema.org","@graph":[{"@type":"WebPage","@id":"https:\/\/dpi-canada.com\/fr\/a-propos-de-nous\/","url":"https:\/\/dpi-canada.com\/fr\/a-propos-de-nous\/","name":"Qui sommes-nous -","isPartOf":{"@id":"https:\/\/dpi-canada.com\/fr\/#website"},"datePublished":"2018-03-06T18:22:50+00:00","dateModified":"2024-09-17T13:53:04+00:00","breadcrumb":{"@id":"https:\/\/dpi-canada.com\/fr\/a-propos-de-nous\/#breadcrumb"},"inLanguage":"fr-CA","potentialAction":[{"@type":"ReadAction","target":["https:\/\/dpi-canada.com\/fr\/a-propos-de-nous\/"]}]},{"@type":"BreadcrumbList","@id":"https:\/\/dpi-canada.com\/fr\/a-propos-de-nous\/#breadcrumb","itemListElement":[{"@type":"ListItem","position":1,"name":"Home","item":"https:\/\/dpi-canada.com\/fr\/"},{"@type":"ListItem","position":2,"name":"Qui sommes-nous"}]},{"@type":"WebSite","@id":"https:\/\/dpi-canada.com\/fr\/#website","url":"https:\/\/dpi-canada.com\/fr\/","name":"Association of Public Sector Information Professionals (DPI)","description":"D\u00e9velopper le professionnalisme en informatique","publisher":{"@id":"https:\/\/dpi-canada.com\/fr\/#organization"},"potentialAction":[{"@type":"SearchAction","target":{"@type":"EntryPoint","urlTemplate":"https:\/\/dpi-canada.com\/fr\/?s={search_term_string}"},"query-input":{"@type":"PropertyValueSpecification","valueRequired":true,"valueName":"search_term_string"}}],"inLanguage":"fr-CA"},{"@type":"Organization","@id":"https:\/\/dpi-canada.com\/fr\/#organization","name":"Association of Public Sector Information Professionals (DPI)","url":"https:\/\/dpi-canada.com\/fr\/","logo":{"@type":"ImageObject","inLanguage":"fr-CA","@id":"https:\/\/dpi-canada.com\/fr\/#\/schema\/logo\/image\/","url":"https:\/\/dpi-canada.com\/sites\/dpi-canada.com\/wp-content\/uploads\/DPI_Social.jpg","contentUrl":"https:\/\/dpi-canada.com\/sites\/dpi-canada.com\/wp-content\/uploads\/DPI_Social.jpg","width":1100,"height":1100,"caption":"Association of Public Sector Information Professionals (DPI)"},"image":{"@id":"https:\/\/dpi-canada.com\/fr\/#\/schema\/logo\/image\/"},"sameAs":["https:\/\/x.com\/dpi_canada","http:\/\/www.linkedin.com\/company\/dpi--association-of-public-sector-information-professionals"]}]}},"_links":{"self":[{"href":"https:\/\/dpi-canada.com\/fr\/wp-json\/wp\/v2\/pages\/583","targetHints":{"allow":["GET"]}}],"collection":[{"href":"https:\/\/dpi-canada.com\/fr\/wp-json\/wp\/v2\/pages"}],"about":[{"href":"https:\/\/dpi-canada.com\/fr\/wp-json\/wp\/v2\/types\/page"}],"author":[{"embeddable":true,"href":"https:\/\/dpi-canada.com\/fr\/wp-json\/wp\/v2\/users\/6"}],"replies":[{"embeddable":true,"href":"https:\/\/dpi-canada.com\/fr\/wp-json\/wp\/v2\/comments?post=583"}],"version-history":[{"count":3,"href":"https:\/\/dpi-canada.com\/fr\/wp-json\/wp\/v2\/pages\/583\/revisions"}],"predecessor-version":[{"id":9034,"href":"https:\/\/dpi-canada.com\/fr\/wp-json\/wp\/v2\/pages\/583\/revisions\/9034"}],"wp:attachment":[{"href":"https:\/\/dpi-canada.com\/fr\/wp-json\/wp\/v2\/media?parent=583"}],"curies":[{"name":"wp","href":"https:\/\/api.w.org\/{rel}","templated":true}]}}