{"id":585,"date":"2018-03-06T14:01:20","date_gmt":"2018-03-06T19:01:20","guid":{"rendered":"http:\/\/dpi-canada.com\/?page_id=585"},"modified":"2024-07-09T10:01:41","modified_gmt":"2024-07-09T14:01:41","slug":"histoire","status":"publish","type":"page","link":"https:\/\/dpi-canada.com\/fr\/a-propos-de-nous\/histoire\/","title":{"rendered":"Histoire"},"content":{"rendered":"<p>Lorsque le DPI a \u00e9t\u00e9 mise sur pied en 1963, il \u00e9tait connu sous le nom d\u2019Institut de l\u2019informatique et comptait parmi les cinq instituts distincts mis sur pied par l\u2019Institut f\u00e9d\u00e9ral de gestion. Il avait pour but de promouvoir la mise en oeuvre efficace de la technologie de l\u2019information afin de desservir l\u2019ensemble des Canadiens. Le r\u00f4le des professionnels de l\u2019information a continu\u00e9 d\u2019\u00e9voluer au rythme de la technologie, de sorte que nous ne nous limitons plus \u00e0 un seul secteur de la fonction publique et intervenons \u00e0 l\u2019\u00e9chelle de l\u2019administration publique dans tous les aspects relatifs \u00e0 la gestion de l\u2019information et de la technologie de l\u2019information. En 1996, le DPI s\u2019est dot\u00e9e d\u2019un nouveau nom : l\u2019Association des professionnels de l\u2019information du secteur public, tout en conservant l\u2019acronyme DPI. Cette nouvelle \u00e9tape de son \u00e9volution \u00e9tait annonciatrice d\u2019une pl\u00e9thore d\u2019activit\u00e9s g\u00e9n\u00e9rales et de perfectionnement \u00e0 l\u2019intention des professionnels de l\u2019information \u0153uvrant dans le secteur public. Elle faisait aussi \u00e9cho \u00e0 l\u2019influence croissante de la technologie et ouvrait les portes de l\u2019organisation \u00e0 l\u2019adh\u00e9sion d\u2019un nombre beaucoup plus grand de fonctionnaires. Le DPI demeure une association sans but lucratif qui se consacre au perfectionnement du professionnalisme dans les communaut\u00e9s de la GI et de la TI du secteur public.<\/p>\n","protected":false},"excerpt":{"rendered":"<p>Lorsque le DPI a \u00e9t\u00e9 mise sur pied en 1963, il \u00e9tait connu sous le nom d\u2019Institut de l\u2019informatique et comptait parmi les cinq instituts distincts mis sur pied par l\u2019Institut f\u00e9d\u00e9ral de gestion. Il avait pour but de promouvoir la mise en oeuvre efficace de la technologie de l\u2019information afin de desservir l\u2019ensemble des [&hellip;]<\/p>\n","protected":false},"author":6,"featured_media":0,"parent":583,"menu_order":1,"comment_status":"closed","ping_status":"closed","template":"subpage.php","meta":{"_acf_changed":false,"footnotes":""},"class_list":["post-585","page","type-page","status-publish","hentry"],"acf":[],"yoast_head":"<!-- This site is optimized with the Yoast SEO plugin v27.3 - https:\/\/yoast.com\/product\/yoast-seo-wordpress\/ -->\n<title>Histoire -<\/title>\n<meta name=\"robots\" content=\"index, follow, max-snippet:-1, max-image-preview:large, max-video-preview:-1\" \/>\n<link rel=\"canonical\" href=\"https:\/\/dpi-canada.com\/fr\/a-propos-de-nous\/histoire\/\" \/>\n<meta property=\"og:locale\" content=\"fr_CA\" \/>\n<meta property=\"og:type\" content=\"article\" \/>\n<meta property=\"og:title\" content=\"Histoire -\" \/>\n<meta property=\"og:description\" content=\"Lorsque le DPI a \u00e9t\u00e9 mise sur pied en 1963, il \u00e9tait connu sous le nom d\u2019Institut de l\u2019informatique et comptait parmi les cinq instituts distincts mis sur pied par l\u2019Institut f\u00e9d\u00e9ral de gestion. Il avait pour but de promouvoir la mise en oeuvre efficace de la technologie de l\u2019information afin de desservir l\u2019ensemble des [&hellip;]\" \/>\n<meta property=\"og:url\" content=\"https:\/\/dpi-canada.com\/fr\/a-propos-de-nous\/histoire\/\" \/>\n<meta property=\"og:site_name\" content=\"DPI\" \/>\n<meta property=\"article:modified_time\" content=\"2024-07-09T14:01:41+00:00\" \/>\n<meta name=\"twitter:card\" content=\"summary_large_image\" \/>\n<meta name=\"twitter:site\" content=\"@dpi_canada\" \/>\n<meta name=\"twitter:label1\" content=\"Est. reading time\" \/>\n\t<meta name=\"twitter:data1\" content=\"2 minutes\" \/>\n<script type=\"application\/ld+json\" class=\"yoast-schema-graph\">{\"@context\":\"https:\\\/\\\/schema.org\",\"@graph\":[{\"@type\":\"WebPage\",\"@id\":\"https:\\\/\\\/dpi-canada.com\\\/fr\\\/a-propos-de-nous\\\/histoire\\\/\",\"url\":\"https:\\\/\\\/dpi-canada.com\\\/fr\\\/a-propos-de-nous\\\/histoire\\\/\",\"name\":\"Histoire -\",\"isPartOf\":{\"@id\":\"https:\\\/\\\/dpi-canada.com\\\/fr\\\/#website\"},\"datePublished\":\"2018-03-06T19:01:20+00:00\",\"dateModified\":\"2024-07-09T14:01:41+00:00\",\"breadcrumb\":{\"@id\":\"https:\\\/\\\/dpi-canada.com\\\/fr\\\/a-propos-de-nous\\\/histoire\\\/#breadcrumb\"},\"inLanguage\":\"fr-CA\",\"potentialAction\":[{\"@type\":\"ReadAction\",\"target\":[\"https:\\\/\\\/dpi-canada.com\\\/fr\\\/a-propos-de-nous\\\/histoire\\\/\"]}]},{\"@type\":\"BreadcrumbList\",\"@id\":\"https:\\\/\\\/dpi-canada.com\\\/fr\\\/a-propos-de-nous\\\/histoire\\\/#breadcrumb\",\"itemListElement\":[{\"@type\":\"ListItem\",\"position\":1,\"name\":\"Home\",\"item\":\"https:\\\/\\\/dpi-canada.com\\\/fr\\\/\"},{\"@type\":\"ListItem\",\"position\":2,\"name\":\"Qui sommes-nous\",\"item\":\"https:\\\/\\\/dpi-canada.com\\\/fr\\\/a-propos-de-nous\\\/\"},{\"@type\":\"ListItem\",\"position\":3,\"name\":\"Histoire\"}]},{\"@type\":\"WebSite\",\"@id\":\"https:\\\/\\\/dpi-canada.com\\\/fr\\\/#website\",\"url\":\"https:\\\/\\\/dpi-canada.com\\\/fr\\\/\",\"name\":\"Association of Public Sector Information Professionals (DPI)\",\"description\":\"D\u00e9velopper le professionnalisme en informatique\",\"publisher\":{\"@id\":\"https:\\\/\\\/dpi-canada.com\\\/fr\\\/#organization\"},\"potentialAction\":[{\"@type\":\"SearchAction\",\"target\":{\"@type\":\"EntryPoint\",\"urlTemplate\":\"https:\\\/\\\/dpi-canada.com\\\/fr\\\/?s={search_term_string}\"},\"query-input\":{\"@type\":\"PropertyValueSpecification\",\"valueRequired\":true,\"valueName\":\"search_term_string\"}}],\"inLanguage\":\"fr-CA\"},{\"@type\":\"Organization\",\"@id\":\"https:\\\/\\\/dpi-canada.com\\\/fr\\\/#organization\",\"name\":\"Association of Public Sector Information Professionals (DPI)\",\"url\":\"https:\\\/\\\/dpi-canada.com\\\/fr\\\/\",\"logo\":{\"@type\":\"ImageObject\",\"inLanguage\":\"fr-CA\",\"@id\":\"https:\\\/\\\/dpi-canada.com\\\/fr\\\/#\\\/schema\\\/logo\\\/image\\\/\",\"url\":\"https:\\\/\\\/dpi-canada.com\\\/sites\\\/dpi-canada.com\\\/wp-content\\\/uploads\\\/DPI_Social.jpg\",\"contentUrl\":\"https:\\\/\\\/dpi-canada.com\\\/sites\\\/dpi-canada.com\\\/wp-content\\\/uploads\\\/DPI_Social.jpg\",\"width\":1100,\"height\":1100,\"caption\":\"Association of Public Sector Information Professionals (DPI)\"},\"image\":{\"@id\":\"https:\\\/\\\/dpi-canada.com\\\/fr\\\/#\\\/schema\\\/logo\\\/image\\\/\"},\"sameAs\":[\"https:\\\/\\\/x.com\\\/dpi_canada\",\"http:\\\/\\\/www.linkedin.com\\\/company\\\/dpi--association-of-public-sector-information-professionals\"]}]}<\/script>\n<!-- \/ Yoast SEO plugin. -->","yoast_head_json":{"title":"Histoire -","robots":{"index":"index","follow":"follow","max-snippet":"max-snippet:-1","max-image-preview":"max-image-preview:large","max-video-preview":"max-video-preview:-1"},"canonical":"https:\/\/dpi-canada.com\/fr\/a-propos-de-nous\/histoire\/","og_locale":"fr_CA","og_type":"article","og_title":"Histoire -","og_description":"Lorsque le DPI a \u00e9t\u00e9 mise sur pied en 1963, il \u00e9tait connu sous le nom d\u2019Institut de l\u2019informatique et comptait parmi les cinq instituts distincts mis sur pied par l\u2019Institut f\u00e9d\u00e9ral de gestion. Il avait pour but de promouvoir la mise en oeuvre efficace de la technologie de l\u2019information afin de desservir l\u2019ensemble des [&hellip;]","og_url":"https:\/\/dpi-canada.com\/fr\/a-propos-de-nous\/histoire\/","og_site_name":"DPI","article_modified_time":"2024-07-09T14:01:41+00:00","twitter_card":"summary_large_image","twitter_site":"@dpi_canada","twitter_misc":{"Est. reading time":"2 minutes"},"schema":{"@context":"https:\/\/schema.org","@graph":[{"@type":"WebPage","@id":"https:\/\/dpi-canada.com\/fr\/a-propos-de-nous\/histoire\/","url":"https:\/\/dpi-canada.com\/fr\/a-propos-de-nous\/histoire\/","name":"Histoire -","isPartOf":{"@id":"https:\/\/dpi-canada.com\/fr\/#website"},"datePublished":"2018-03-06T19:01:20+00:00","dateModified":"2024-07-09T14:01:41+00:00","breadcrumb":{"@id":"https:\/\/dpi-canada.com\/fr\/a-propos-de-nous\/histoire\/#breadcrumb"},"inLanguage":"fr-CA","potentialAction":[{"@type":"ReadAction","target":["https:\/\/dpi-canada.com\/fr\/a-propos-de-nous\/histoire\/"]}]},{"@type":"BreadcrumbList","@id":"https:\/\/dpi-canada.com\/fr\/a-propos-de-nous\/histoire\/#breadcrumb","itemListElement":[{"@type":"ListItem","position":1,"name":"Home","item":"https:\/\/dpi-canada.com\/fr\/"},{"@type":"ListItem","position":2,"name":"Qui sommes-nous","item":"https:\/\/dpi-canada.com\/fr\/a-propos-de-nous\/"},{"@type":"ListItem","position":3,"name":"Histoire"}]},{"@type":"WebSite","@id":"https:\/\/dpi-canada.com\/fr\/#website","url":"https:\/\/dpi-canada.com\/fr\/","name":"Association of Public Sector Information Professionals (DPI)","description":"D\u00e9velopper le professionnalisme en informatique","publisher":{"@id":"https:\/\/dpi-canada.com\/fr\/#organization"},"potentialAction":[{"@type":"SearchAction","target":{"@type":"EntryPoint","urlTemplate":"https:\/\/dpi-canada.com\/fr\/?s={search_term_string}"},"query-input":{"@type":"PropertyValueSpecification","valueRequired":true,"valueName":"search_term_string"}}],"inLanguage":"fr-CA"},{"@type":"Organization","@id":"https:\/\/dpi-canada.com\/fr\/#organization","name":"Association of Public Sector Information Professionals (DPI)","url":"https:\/\/dpi-canada.com\/fr\/","logo":{"@type":"ImageObject","inLanguage":"fr-CA","@id":"https:\/\/dpi-canada.com\/fr\/#\/schema\/logo\/image\/","url":"https:\/\/dpi-canada.com\/sites\/dpi-canada.com\/wp-content\/uploads\/DPI_Social.jpg","contentUrl":"https:\/\/dpi-canada.com\/sites\/dpi-canada.com\/wp-content\/uploads\/DPI_Social.jpg","width":1100,"height":1100,"caption":"Association of Public Sector Information Professionals (DPI)"},"image":{"@id":"https:\/\/dpi-canada.com\/fr\/#\/schema\/logo\/image\/"},"sameAs":["https:\/\/x.com\/dpi_canada","http:\/\/www.linkedin.com\/company\/dpi--association-of-public-sector-information-professionals"]}]}},"_links":{"self":[{"href":"https:\/\/dpi-canada.com\/fr\/wp-json\/wp\/v2\/pages\/585","targetHints":{"allow":["GET"]}}],"collection":[{"href":"https:\/\/dpi-canada.com\/fr\/wp-json\/wp\/v2\/pages"}],"about":[{"href":"https:\/\/dpi-canada.com\/fr\/wp-json\/wp\/v2\/types\/page"}],"author":[{"embeddable":true,"href":"https:\/\/dpi-canada.com\/fr\/wp-json\/wp\/v2\/users\/6"}],"replies":[{"embeddable":true,"href":"https:\/\/dpi-canada.com\/fr\/wp-json\/wp\/v2\/comments?post=585"}],"version-history":[{"count":1,"href":"https:\/\/dpi-canada.com\/fr\/wp-json\/wp\/v2\/pages\/585\/revisions"}],"predecessor-version":[{"id":8077,"href":"https:\/\/dpi-canada.com\/fr\/wp-json\/wp\/v2\/pages\/585\/revisions\/8077"}],"up":[{"embeddable":true,"href":"https:\/\/dpi-canada.com\/fr\/wp-json\/wp\/v2\/pages\/583"}],"wp:attachment":[{"href":"https:\/\/dpi-canada.com\/fr\/wp-json\/wp\/v2\/media?parent=585"}],"curies":[{"name":"wp","href":"https:\/\/api.w.org\/{rel}","templated":true}]}}