{"id":587,"date":"2018-03-06T14:11:02","date_gmt":"2018-03-06T19:11:02","guid":{"rendered":"http:\/\/dpi-canada.com\/?page_id=587"},"modified":"2024-07-09T09:59:26","modified_gmt":"2024-07-09T13:59:26","slug":"ce-que-nous-faisons","status":"publish","type":"page","link":"https:\/\/dpi-canada.com\/fr\/a-propos-de-nous\/ce-que-nous-faisons\/","title":{"rendered":"Ce que nous faisons"},"content":{"rendered":"<h2 id=\"page-title\" class=\"title\">Professionnels de l\u2019information<\/h2>\n<p>Les professionnels de l\u2019information repr\u00e9sentent l\u2019un des segments de l\u2019\u00e9conomie qui conna\u00eet la croissance la plus rapide. Bien souvent, dans un domaine qui conna\u00eet une expansion aussi rapide, le point de mire est tourn\u00e9 vers l\u2019ext\u00e9rieur : Comment r\u00e9pondre \u00e0 la demande pour des travailleurs? O\u00f9 se trouvent les meilleurs emplois? Quels ant\u00e9c\u00e9dents offrent les meilleures perspectives professionnelles? Le temps manque pour se concentrer sur les intervenants \u00e0 l\u2019int\u00e9rieur de l\u2019industrie \u2013 leurs besoins en mati\u00e8re de formation, leur image dans le milieu de travail et leurs possibilit\u00e9s de perfectionnement.<\/p>\n<p>Le DPI s\u2019est employ\u00e9 \u00e0 r\u00e9pondre \u00e0 ces besoins par le truchement d\u2019expos\u00e9s, de colloques et d\u2019activit\u00e9s d\u2019apprentissage. Cependant, il faut faire plus. L\u2019approche de DPI pr\u00e9conise la concertation des efforts pour offrir un appui direct aux professionnels de l\u2019information du secteur public afin de faire valoir leurs comp\u00e9tences et leur contribution professionnelle. Tout commence par l\u2019image : les professionnels de l\u2019information ne sont plus confin\u00e9s \u00e0 un seul domaine de la technologie de l\u2019information dans la fonction publique. Ils interviennent dans tous les \u00e9chelons du gouvernement et touchent \u00e0 tous les aspects de la gestion de l\u2019information et de la technologie de l\u2019information.<\/p>\n<p>L\u2019objectif plus g\u00e9n\u00e9ral de DPI est de vous appuyer, vous, les professionnels de l\u2019information.<\/p>\n<h2>Forger son avenir<\/h2>\n<p>L\u2019Association des professionnels de l\u2019information du secteur public continue de r\u00e9pondre \u00e0 vos besoins en tant que professionnel de l\u2019information en :<\/p>\n<ul>\n<li>offrant une tribune de r\u00e9seautage dans votre domaine avec d\u2019autres intervenants du secteur public;<\/li>\n<li>vous aidant \u00e0 demeurer \u00e0 l\u2019aff\u00fbt des derni\u00e8res initiatives, tendances et enjeux dans le domaine de la GI\/TI;<\/li>\n<li>vous offrant des occasions de perfectionnement professionnel;<\/li>\n<li>facilitant l\u2019\u00e9change d\u2019information sur les questions d\u2019int\u00e9r\u00eat du domaine;<\/li>\n<li>offrant une tribune pour que les organisations et les individus puissent \u00e9changer des pratiques exemplaires et des solutions en mati\u00e8re de GI\/TI.<\/li>\n<\/ul>\n<h2>Activit\u00e9s<\/h2>\n<p>Un r\u00e9seau de b\u00e9n\u00e9voles d\u00e9di\u00e9s pour appuyer les activit\u00e9s de DPI, notamment :<\/p>\n<ul>\n<li>des colloques tout au long de l\u2019ann\u00e9e;<\/li>\n<li>la Semaine du perfectionnement professionnel qui se tient sur une base annuelle;<\/li>\n<li>des activit\u00e9s sociales (gala, etc.);<\/li>\n<li>des partenariats avec d\u2019autres organisations;<\/li>\n<li>des prix pour \u00e9tudiants<\/li>\n<li>divers avantages pour les membres;<\/li>\n<li>des possibilit\u00e9s de r\u00e9seautage;<\/li>\n<li>la promotion de DPI;<\/li>\n<li>la participation \u00e0 d\u2019autres activit\u00e9s;<\/li>\n<\/ul>\n","protected":false},"excerpt":{"rendered":"<p>Professionnels de l\u2019information Les professionnels de l\u2019information repr\u00e9sentent l\u2019un des segments de l\u2019\u00e9conomie qui conna\u00eet la croissance la plus rapide. Bien souvent, dans un domaine qui conna\u00eet une expansion aussi rapide, le point de mire est tourn\u00e9 vers l\u2019ext\u00e9rieur : Comment r\u00e9pondre \u00e0 la demande pour des travailleurs? O\u00f9 se trouvent les meilleurs emplois? Quels [&hellip;]<\/p>\n","protected":false},"author":6,"featured_media":0,"parent":583,"menu_order":6,"comment_status":"closed","ping_status":"closed","template":"subpage.php","meta":{"_acf_changed":false,"footnotes":""},"class_list":["post-587","page","type-page","status-publish","hentry"],"acf":[],"yoast_head":"<!-- This site is optimized with the Yoast SEO plugin v27.3 - https:\/\/yoast.com\/product\/yoast-seo-wordpress\/ -->\n<title>Ce que nous faisons -<\/title>\n<meta name=\"robots\" content=\"index, follow, max-snippet:-1, max-image-preview:large, max-video-preview:-1\" \/>\n<link rel=\"canonical\" href=\"https:\/\/dpi-canada.com\/fr\/a-propos-de-nous\/ce-que-nous-faisons\/\" \/>\n<meta property=\"og:locale\" content=\"fr_CA\" \/>\n<meta property=\"og:type\" content=\"article\" \/>\n<meta property=\"og:title\" content=\"Ce que nous faisons -\" \/>\n<meta property=\"og:description\" content=\"Professionnels de l\u2019information Les professionnels de l\u2019information repr\u00e9sentent l\u2019un des segments de l\u2019\u00e9conomie qui conna\u00eet la croissance la plus rapide. Bien souvent, dans un domaine qui conna\u00eet une expansion aussi rapide, le point de mire est tourn\u00e9 vers l\u2019ext\u00e9rieur : Comment r\u00e9pondre \u00e0 la demande pour des travailleurs? O\u00f9 se trouvent les meilleurs emplois? Quels [&hellip;]\" \/>\n<meta property=\"og:url\" content=\"https:\/\/dpi-canada.com\/fr\/a-propos-de-nous\/ce-que-nous-faisons\/\" \/>\n<meta property=\"og:site_name\" content=\"DPI\" \/>\n<meta property=\"article:modified_time\" content=\"2024-07-09T13:59:26+00:00\" \/>\n<meta name=\"twitter:card\" content=\"summary_large_image\" \/>\n<meta name=\"twitter:site\" content=\"@dpi_canada\" \/>\n<meta name=\"twitter:label1\" content=\"Est. reading time\" \/>\n\t<meta name=\"twitter:data1\" content=\"2 minutes\" \/>\n<script type=\"application\/ld+json\" class=\"yoast-schema-graph\">{\"@context\":\"https:\\\/\\\/schema.org\",\"@graph\":[{\"@type\":\"WebPage\",\"@id\":\"https:\\\/\\\/dpi-canada.com\\\/fr\\\/a-propos-de-nous\\\/ce-que-nous-faisons\\\/\",\"url\":\"https:\\\/\\\/dpi-canada.com\\\/fr\\\/a-propos-de-nous\\\/ce-que-nous-faisons\\\/\",\"name\":\"Ce que nous faisons -\",\"isPartOf\":{\"@id\":\"https:\\\/\\\/dpi-canada.com\\\/fr\\\/#website\"},\"datePublished\":\"2018-03-06T19:11:02+00:00\",\"dateModified\":\"2024-07-09T13:59:26+00:00\",\"breadcrumb\":{\"@id\":\"https:\\\/\\\/dpi-canada.com\\\/fr\\\/a-propos-de-nous\\\/ce-que-nous-faisons\\\/#breadcrumb\"},\"inLanguage\":\"fr-CA\",\"potentialAction\":[{\"@type\":\"ReadAction\",\"target\":[\"https:\\\/\\\/dpi-canada.com\\\/fr\\\/a-propos-de-nous\\\/ce-que-nous-faisons\\\/\"]}]},{\"@type\":\"BreadcrumbList\",\"@id\":\"https:\\\/\\\/dpi-canada.com\\\/fr\\\/a-propos-de-nous\\\/ce-que-nous-faisons\\\/#breadcrumb\",\"itemListElement\":[{\"@type\":\"ListItem\",\"position\":1,\"name\":\"Home\",\"item\":\"https:\\\/\\\/dpi-canada.com\\\/fr\\\/\"},{\"@type\":\"ListItem\",\"position\":2,\"name\":\"Qui sommes-nous\",\"item\":\"https:\\\/\\\/dpi-canada.com\\\/fr\\\/a-propos-de-nous\\\/\"},{\"@type\":\"ListItem\",\"position\":3,\"name\":\"Ce que nous faisons\"}]},{\"@type\":\"WebSite\",\"@id\":\"https:\\\/\\\/dpi-canada.com\\\/fr\\\/#website\",\"url\":\"https:\\\/\\\/dpi-canada.com\\\/fr\\\/\",\"name\":\"Association of Public Sector Information Professionals (DPI)\",\"description\":\"D\u00e9velopper le professionnalisme en informatique\",\"publisher\":{\"@id\":\"https:\\\/\\\/dpi-canada.com\\\/fr\\\/#organization\"},\"potentialAction\":[{\"@type\":\"SearchAction\",\"target\":{\"@type\":\"EntryPoint\",\"urlTemplate\":\"https:\\\/\\\/dpi-canada.com\\\/fr\\\/?s={search_term_string}\"},\"query-input\":{\"@type\":\"PropertyValueSpecification\",\"valueRequired\":true,\"valueName\":\"search_term_string\"}}],\"inLanguage\":\"fr-CA\"},{\"@type\":\"Organization\",\"@id\":\"https:\\\/\\\/dpi-canada.com\\\/fr\\\/#organization\",\"name\":\"Association of Public Sector Information Professionals (DPI)\",\"url\":\"https:\\\/\\\/dpi-canada.com\\\/fr\\\/\",\"logo\":{\"@type\":\"ImageObject\",\"inLanguage\":\"fr-CA\",\"@id\":\"https:\\\/\\\/dpi-canada.com\\\/fr\\\/#\\\/schema\\\/logo\\\/image\\\/\",\"url\":\"https:\\\/\\\/dpi-canada.com\\\/sites\\\/dpi-canada.com\\\/wp-content\\\/uploads\\\/DPI_Social.jpg\",\"contentUrl\":\"https:\\\/\\\/dpi-canada.com\\\/sites\\\/dpi-canada.com\\\/wp-content\\\/uploads\\\/DPI_Social.jpg\",\"width\":1100,\"height\":1100,\"caption\":\"Association of Public Sector Information Professionals (DPI)\"},\"image\":{\"@id\":\"https:\\\/\\\/dpi-canada.com\\\/fr\\\/#\\\/schema\\\/logo\\\/image\\\/\"},\"sameAs\":[\"https:\\\/\\\/x.com\\\/dpi_canada\",\"http:\\\/\\\/www.linkedin.com\\\/company\\\/dpi--association-of-public-sector-information-professionals\"]}]}<\/script>\n<!-- \/ Yoast SEO plugin. -->","yoast_head_json":{"title":"Ce que nous faisons -","robots":{"index":"index","follow":"follow","max-snippet":"max-snippet:-1","max-image-preview":"max-image-preview:large","max-video-preview":"max-video-preview:-1"},"canonical":"https:\/\/dpi-canada.com\/fr\/a-propos-de-nous\/ce-que-nous-faisons\/","og_locale":"fr_CA","og_type":"article","og_title":"Ce que nous faisons -","og_description":"Professionnels de l\u2019information Les professionnels de l\u2019information repr\u00e9sentent l\u2019un des segments de l\u2019\u00e9conomie qui conna\u00eet la croissance la plus rapide. Bien souvent, dans un domaine qui conna\u00eet une expansion aussi rapide, le point de mire est tourn\u00e9 vers l\u2019ext\u00e9rieur : Comment r\u00e9pondre \u00e0 la demande pour des travailleurs? O\u00f9 se trouvent les meilleurs emplois? Quels [&hellip;]","og_url":"https:\/\/dpi-canada.com\/fr\/a-propos-de-nous\/ce-que-nous-faisons\/","og_site_name":"DPI","article_modified_time":"2024-07-09T13:59:26+00:00","twitter_card":"summary_large_image","twitter_site":"@dpi_canada","twitter_misc":{"Est. reading time":"2 minutes"},"schema":{"@context":"https:\/\/schema.org","@graph":[{"@type":"WebPage","@id":"https:\/\/dpi-canada.com\/fr\/a-propos-de-nous\/ce-que-nous-faisons\/","url":"https:\/\/dpi-canada.com\/fr\/a-propos-de-nous\/ce-que-nous-faisons\/","name":"Ce que nous faisons -","isPartOf":{"@id":"https:\/\/dpi-canada.com\/fr\/#website"},"datePublished":"2018-03-06T19:11:02+00:00","dateModified":"2024-07-09T13:59:26+00:00","breadcrumb":{"@id":"https:\/\/dpi-canada.com\/fr\/a-propos-de-nous\/ce-que-nous-faisons\/#breadcrumb"},"inLanguage":"fr-CA","potentialAction":[{"@type":"ReadAction","target":["https:\/\/dpi-canada.com\/fr\/a-propos-de-nous\/ce-que-nous-faisons\/"]}]},{"@type":"BreadcrumbList","@id":"https:\/\/dpi-canada.com\/fr\/a-propos-de-nous\/ce-que-nous-faisons\/#breadcrumb","itemListElement":[{"@type":"ListItem","position":1,"name":"Home","item":"https:\/\/dpi-canada.com\/fr\/"},{"@type":"ListItem","position":2,"name":"Qui sommes-nous","item":"https:\/\/dpi-canada.com\/fr\/a-propos-de-nous\/"},{"@type":"ListItem","position":3,"name":"Ce que nous faisons"}]},{"@type":"WebSite","@id":"https:\/\/dpi-canada.com\/fr\/#website","url":"https:\/\/dpi-canada.com\/fr\/","name":"Association of Public Sector Information Professionals (DPI)","description":"D\u00e9velopper le professionnalisme en informatique","publisher":{"@id":"https:\/\/dpi-canada.com\/fr\/#organization"},"potentialAction":[{"@type":"SearchAction","target":{"@type":"EntryPoint","urlTemplate":"https:\/\/dpi-canada.com\/fr\/?s={search_term_string}"},"query-input":{"@type":"PropertyValueSpecification","valueRequired":true,"valueName":"search_term_string"}}],"inLanguage":"fr-CA"},{"@type":"Organization","@id":"https:\/\/dpi-canada.com\/fr\/#organization","name":"Association of Public Sector Information Professionals (DPI)","url":"https:\/\/dpi-canada.com\/fr\/","logo":{"@type":"ImageObject","inLanguage":"fr-CA","@id":"https:\/\/dpi-canada.com\/fr\/#\/schema\/logo\/image\/","url":"https:\/\/dpi-canada.com\/sites\/dpi-canada.com\/wp-content\/uploads\/DPI_Social.jpg","contentUrl":"https:\/\/dpi-canada.com\/sites\/dpi-canada.com\/wp-content\/uploads\/DPI_Social.jpg","width":1100,"height":1100,"caption":"Association of Public Sector Information Professionals (DPI)"},"image":{"@id":"https:\/\/dpi-canada.com\/fr\/#\/schema\/logo\/image\/"},"sameAs":["https:\/\/x.com\/dpi_canada","http:\/\/www.linkedin.com\/company\/dpi--association-of-public-sector-information-professionals"]}]}},"_links":{"self":[{"href":"https:\/\/dpi-canada.com\/fr\/wp-json\/wp\/v2\/pages\/587","targetHints":{"allow":["GET"]}}],"collection":[{"href":"https:\/\/dpi-canada.com\/fr\/wp-json\/wp\/v2\/pages"}],"about":[{"href":"https:\/\/dpi-canada.com\/fr\/wp-json\/wp\/v2\/types\/page"}],"author":[{"embeddable":true,"href":"https:\/\/dpi-canada.com\/fr\/wp-json\/wp\/v2\/users\/6"}],"replies":[{"embeddable":true,"href":"https:\/\/dpi-canada.com\/fr\/wp-json\/wp\/v2\/comments?post=587"}],"version-history":[{"count":3,"href":"https:\/\/dpi-canada.com\/fr\/wp-json\/wp\/v2\/pages\/587\/revisions"}],"predecessor-version":[{"id":5507,"href":"https:\/\/dpi-canada.com\/fr\/wp-json\/wp\/v2\/pages\/587\/revisions\/5507"}],"up":[{"embeddable":true,"href":"https:\/\/dpi-canada.com\/fr\/wp-json\/wp\/v2\/pages\/583"}],"wp:attachment":[{"href":"https:\/\/dpi-canada.com\/fr\/wp-json\/wp\/v2\/media?parent=587"}],"curies":[{"name":"wp","href":"https:\/\/api.w.org\/{rel}","templated":true}]}}