{"id":642,"date":"2018-03-20T23:08:21","date_gmt":"2018-03-21T03:08:21","guid":{"rendered":"http:\/\/dpi-canada.com\/?page_id=642"},"modified":"2026-02-19T11:41:49","modified_gmt":"2026-02-19T16:41:49","slug":"comite-de-direction","status":"publish","type":"page","link":"https:\/\/dpi-canada.com\/fr\/a-propos-de-nous\/comite-de-direction\/","title":{"rendered":"Conseil d&#8217;administration"},"content":{"rendered":"<p id=\"tw-target-text\" class=\"tw-data-text tw-ta tw-text-small\" dir=\"ltr\" data-placeholder=\"Translation\"><span lang=\"fr\">DPI d\u00e9pend du temps, de l&#8217;\u00e9nergie et du travail acharn\u00e9 de nos b\u00e9n\u00e9voles pour planifier, organiser et offrir nos programmes et services. Merci \u00e0 tous nos membres du conseil d&#8217;administration de la DPI.<\/span><\/p>\n","protected":false},"excerpt":{"rendered":"<p>DPI d\u00e9pend du temps, de l&#8217;\u00e9nergie et du travail acharn\u00e9 de nos b\u00e9n\u00e9voles pour planifier, organiser et offrir nos programmes et services. Merci \u00e0 tous nos membres du conseil d&#8217;administration de la DPI.<\/p>\n","protected":false},"author":6,"featured_media":0,"parent":583,"menu_order":2,"comment_status":"closed","ping_status":"closed","template":"people-page.php","meta":{"_acf_changed":false,"footnotes":""},"class_list":["post-642","page","type-page","status-publish","hentry"],"acf":[],"yoast_head":"<!-- This site is optimized with the Yoast SEO plugin v27.3 - https:\/\/yoast.com\/product\/yoast-seo-wordpress\/ -->\n<title>Conseil d&#039;administration -<\/title>\n<meta name=\"robots\" content=\"index, follow, max-snippet:-1, max-image-preview:large, max-video-preview:-1\" \/>\n<link rel=\"canonical\" href=\"https:\/\/dpi-canada.com\/fr\/a-propos-de-nous\/comite-de-direction\/\" \/>\n<meta property=\"og:locale\" content=\"fr_CA\" \/>\n<meta property=\"og:type\" content=\"article\" \/>\n<meta property=\"og:title\" content=\"Conseil d&#039;administration -\" \/>\n<meta property=\"og:description\" content=\"DPI d\u00e9pend du temps, de l&#8217;\u00e9nergie et du travail acharn\u00e9 de nos b\u00e9n\u00e9voles pour planifier, organiser et offrir nos programmes et services. Merci \u00e0 tous nos membres du conseil d&#8217;administration de la DPI.\" \/>\n<meta property=\"og:url\" content=\"https:\/\/dpi-canada.com\/fr\/a-propos-de-nous\/comite-de-direction\/\" \/>\n<meta property=\"og:site_name\" content=\"DPI\" \/>\n<meta property=\"article:modified_time\" content=\"2026-02-19T16:41:49+00:00\" \/>\n<meta name=\"twitter:card\" content=\"summary_large_image\" \/>\n<meta name=\"twitter:site\" content=\"@dpi_canada\" \/>\n<meta name=\"twitter:label1\" content=\"Est. reading time\" \/>\n\t<meta name=\"twitter:data1\" content=\"1 minute\" \/>\n<script type=\"application\/ld+json\" class=\"yoast-schema-graph\">{\"@context\":\"https:\\\/\\\/schema.org\",\"@graph\":[{\"@type\":\"WebPage\",\"@id\":\"https:\\\/\\\/dpi-canada.com\\\/fr\\\/a-propos-de-nous\\\/comite-de-direction\\\/\",\"url\":\"https:\\\/\\\/dpi-canada.com\\\/fr\\\/a-propos-de-nous\\\/comite-de-direction\\\/\",\"name\":\"Conseil d'administration -\",\"isPartOf\":{\"@id\":\"https:\\\/\\\/dpi-canada.com\\\/fr\\\/#website\"},\"datePublished\":\"2018-03-21T03:08:21+00:00\",\"dateModified\":\"2026-02-19T16:41:49+00:00\",\"breadcrumb\":{\"@id\":\"https:\\\/\\\/dpi-canada.com\\\/fr\\\/a-propos-de-nous\\\/comite-de-direction\\\/#breadcrumb\"},\"inLanguage\":\"fr-CA\",\"potentialAction\":[{\"@type\":\"ReadAction\",\"target\":[\"https:\\\/\\\/dpi-canada.com\\\/fr\\\/a-propos-de-nous\\\/comite-de-direction\\\/\"]}]},{\"@type\":\"BreadcrumbList\",\"@id\":\"https:\\\/\\\/dpi-canada.com\\\/fr\\\/a-propos-de-nous\\\/comite-de-direction\\\/#breadcrumb\",\"itemListElement\":[{\"@type\":\"ListItem\",\"position\":1,\"name\":\"Home\",\"item\":\"https:\\\/\\\/dpi-canada.com\\\/fr\\\/\"},{\"@type\":\"ListItem\",\"position\":2,\"name\":\"Qui sommes-nous\",\"item\":\"https:\\\/\\\/dpi-canada.com\\\/fr\\\/a-propos-de-nous\\\/\"},{\"@type\":\"ListItem\",\"position\":3,\"name\":\"Conseil d&#8217;administration\"}]},{\"@type\":\"WebSite\",\"@id\":\"https:\\\/\\\/dpi-canada.com\\\/fr\\\/#website\",\"url\":\"https:\\\/\\\/dpi-canada.com\\\/fr\\\/\",\"name\":\"Association of Public Sector Information Professionals (DPI)\",\"description\":\"D\u00e9velopper le professionnalisme en informatique\",\"publisher\":{\"@id\":\"https:\\\/\\\/dpi-canada.com\\\/fr\\\/#organization\"},\"potentialAction\":[{\"@type\":\"SearchAction\",\"target\":{\"@type\":\"EntryPoint\",\"urlTemplate\":\"https:\\\/\\\/dpi-canada.com\\\/fr\\\/?s={search_term_string}\"},\"query-input\":{\"@type\":\"PropertyValueSpecification\",\"valueRequired\":true,\"valueName\":\"search_term_string\"}}],\"inLanguage\":\"fr-CA\"},{\"@type\":\"Organization\",\"@id\":\"https:\\\/\\\/dpi-canada.com\\\/fr\\\/#organization\",\"name\":\"Association of Public Sector Information Professionals (DPI)\",\"url\":\"https:\\\/\\\/dpi-canada.com\\\/fr\\\/\",\"logo\":{\"@type\":\"ImageObject\",\"inLanguage\":\"fr-CA\",\"@id\":\"https:\\\/\\\/dpi-canada.com\\\/fr\\\/#\\\/schema\\\/logo\\\/image\\\/\",\"url\":\"https:\\\/\\\/dpi-canada.com\\\/sites\\\/dpi-canada.com\\\/wp-content\\\/uploads\\\/DPI_Social.jpg\",\"contentUrl\":\"https:\\\/\\\/dpi-canada.com\\\/sites\\\/dpi-canada.com\\\/wp-content\\\/uploads\\\/DPI_Social.jpg\",\"width\":1100,\"height\":1100,\"caption\":\"Association of Public Sector Information Professionals (DPI)\"},\"image\":{\"@id\":\"https:\\\/\\\/dpi-canada.com\\\/fr\\\/#\\\/schema\\\/logo\\\/image\\\/\"},\"sameAs\":[\"https:\\\/\\\/x.com\\\/dpi_canada\",\"http:\\\/\\\/www.linkedin.com\\\/company\\\/dpi--association-of-public-sector-information-professionals\"]}]}<\/script>\n<!-- \/ Yoast SEO plugin. -->","yoast_head_json":{"title":"Conseil d'administration -","robots":{"index":"index","follow":"follow","max-snippet":"max-snippet:-1","max-image-preview":"max-image-preview:large","max-video-preview":"max-video-preview:-1"},"canonical":"https:\/\/dpi-canada.com\/fr\/a-propos-de-nous\/comite-de-direction\/","og_locale":"fr_CA","og_type":"article","og_title":"Conseil d'administration -","og_description":"DPI d\u00e9pend du temps, de l&#8217;\u00e9nergie et du travail acharn\u00e9 de nos b\u00e9n\u00e9voles pour planifier, organiser et offrir nos programmes et services. Merci \u00e0 tous nos membres du conseil d&#8217;administration de la DPI.","og_url":"https:\/\/dpi-canada.com\/fr\/a-propos-de-nous\/comite-de-direction\/","og_site_name":"DPI","article_modified_time":"2026-02-19T16:41:49+00:00","twitter_card":"summary_large_image","twitter_site":"@dpi_canada","twitter_misc":{"Est. reading time":"1 minute"},"schema":{"@context":"https:\/\/schema.org","@graph":[{"@type":"WebPage","@id":"https:\/\/dpi-canada.com\/fr\/a-propos-de-nous\/comite-de-direction\/","url":"https:\/\/dpi-canada.com\/fr\/a-propos-de-nous\/comite-de-direction\/","name":"Conseil d'administration -","isPartOf":{"@id":"https:\/\/dpi-canada.com\/fr\/#website"},"datePublished":"2018-03-21T03:08:21+00:00","dateModified":"2026-02-19T16:41:49+00:00","breadcrumb":{"@id":"https:\/\/dpi-canada.com\/fr\/a-propos-de-nous\/comite-de-direction\/#breadcrumb"},"inLanguage":"fr-CA","potentialAction":[{"@type":"ReadAction","target":["https:\/\/dpi-canada.com\/fr\/a-propos-de-nous\/comite-de-direction\/"]}]},{"@type":"BreadcrumbList","@id":"https:\/\/dpi-canada.com\/fr\/a-propos-de-nous\/comite-de-direction\/#breadcrumb","itemListElement":[{"@type":"ListItem","position":1,"name":"Home","item":"https:\/\/dpi-canada.com\/fr\/"},{"@type":"ListItem","position":2,"name":"Qui sommes-nous","item":"https:\/\/dpi-canada.com\/fr\/a-propos-de-nous\/"},{"@type":"ListItem","position":3,"name":"Conseil d&#8217;administration"}]},{"@type":"WebSite","@id":"https:\/\/dpi-canada.com\/fr\/#website","url":"https:\/\/dpi-canada.com\/fr\/","name":"Association of Public Sector Information Professionals (DPI)","description":"D\u00e9velopper le professionnalisme en informatique","publisher":{"@id":"https:\/\/dpi-canada.com\/fr\/#organization"},"potentialAction":[{"@type":"SearchAction","target":{"@type":"EntryPoint","urlTemplate":"https:\/\/dpi-canada.com\/fr\/?s={search_term_string}"},"query-input":{"@type":"PropertyValueSpecification","valueRequired":true,"valueName":"search_term_string"}}],"inLanguage":"fr-CA"},{"@type":"Organization","@id":"https:\/\/dpi-canada.com\/fr\/#organization","name":"Association of Public Sector Information Professionals (DPI)","url":"https:\/\/dpi-canada.com\/fr\/","logo":{"@type":"ImageObject","inLanguage":"fr-CA","@id":"https:\/\/dpi-canada.com\/fr\/#\/schema\/logo\/image\/","url":"https:\/\/dpi-canada.com\/sites\/dpi-canada.com\/wp-content\/uploads\/DPI_Social.jpg","contentUrl":"https:\/\/dpi-canada.com\/sites\/dpi-canada.com\/wp-content\/uploads\/DPI_Social.jpg","width":1100,"height":1100,"caption":"Association of Public Sector Information Professionals (DPI)"},"image":{"@id":"https:\/\/dpi-canada.com\/fr\/#\/schema\/logo\/image\/"},"sameAs":["https:\/\/x.com\/dpi_canada","http:\/\/www.linkedin.com\/company\/dpi--association-of-public-sector-information-professionals"]}]}},"_links":{"self":[{"href":"https:\/\/dpi-canada.com\/fr\/wp-json\/wp\/v2\/pages\/642","targetHints":{"allow":["GET"]}}],"collection":[{"href":"https:\/\/dpi-canada.com\/fr\/wp-json\/wp\/v2\/pages"}],"about":[{"href":"https:\/\/dpi-canada.com\/fr\/wp-json\/wp\/v2\/types\/page"}],"author":[{"embeddable":true,"href":"https:\/\/dpi-canada.com\/fr\/wp-json\/wp\/v2\/users\/6"}],"replies":[{"embeddable":true,"href":"https:\/\/dpi-canada.com\/fr\/wp-json\/wp\/v2\/comments?post=642"}],"version-history":[{"count":3,"href":"https:\/\/dpi-canada.com\/fr\/wp-json\/wp\/v2\/pages\/642\/revisions"}],"predecessor-version":[{"id":9813,"href":"https:\/\/dpi-canada.com\/fr\/wp-json\/wp\/v2\/pages\/642\/revisions\/9813"}],"up":[{"embeddable":true,"href":"https:\/\/dpi-canada.com\/fr\/wp-json\/wp\/v2\/pages\/583"}],"wp:attachment":[{"href":"https:\/\/dpi-canada.com\/fr\/wp-json\/wp\/v2\/media?parent=642"}],"curies":[{"name":"wp","href":"https:\/\/api.w.org\/{rel}","templated":true}]}}