{"id":662,"date":"2018-03-20T23:25:19","date_gmt":"2018-03-21T03:25:19","guid":{"rendered":"http:\/\/dpi-canada.com\/?page_id=662"},"modified":"2024-07-10T10:41:52","modified_gmt":"2024-07-10T14:41:52","slug":"presidents-anterieurs","status":"publish","type":"page","link":"https:\/\/dpi-canada.com\/fr\/a-propos-de-nous\/presidents-anterieurs\/","title":{"rendered":"Pr\u00e9sidents ant\u00e9rieurs"},"content":{"rendered":"<div id=\"block-system-main\" class=\"block block-system block-main block-system-main odd block-without-title\">\n<div class=\"block-inner clearfix\">\n<div class=\"content clearfix\">\n<article id=\"node-page-182\" class=\"node node-page en node-published node-not-promoted node-not-sticky author-u7admin odd clearfix\">\n<div class=\"content clearfix\">\n<div class=\"field field-name-body field-type-text-with-summary field-label-hidden\">\n<div class=\"field-items\">\n<div class=\"field-item even\">\n<p>Voici une liste des pr\u00e9sidents ant\u00e9rieurs, tous qui ont contribu\u00e9s beaucoup au succ\u00e8s du DPI et du fonction publique:<\/p>\n<div id=\"block-system-main\" class=\"block block-system block-main block-system-main odd block-without-title\">\n<div class=\"block-inner clearfix\">\n<div class=\"content clearfix\">\n<article id=\"node-page-182\" class=\"node node-page en node-published node-not-promoted node-not-sticky author-u7admin odd clearfix\">\n<div class=\"content clearfix\">\n<div class=\"field field-name-body field-type-text-with-summary field-label-hidden\">\n<div class=\"field-items\">\n<div class=\"field-item even\">\n<p>\u00a0 \u00a0 \u00a0 \u00a0 \u00a0 2023\u00a0 \u2013 2024\u00a0 \u2013 Sylvain Belanger<\/p>\n<p style=\"padding-left: 40px;\">2022 \u00a0\u2013 2023 \u00a0\u2013 Dugald Topshee<\/p>\n<p style=\"padding-left: 40px;\">2021 \u00a0\u2013 2022 \u00a0\u2013 Jennifer Conlin<\/p>\n<p style=\"padding-left: 40px;\">2020 \u00a0\u2013 2021 \u00a0\u2013 Stacey Ross<\/p>\n<p style=\"padding-left: 40px;\">2019 \u2013 2020 \u00a0\u2013 \u00a0Denis Skinner<\/p>\n<p style=\"padding-left: 40px;\">2018 \u2013 2019 \u00a0\u2013 \u00a0Liz McKeown<\/p>\n<p style=\"padding-left: 40px;\">2017 \u2013 2018 \u00a0\u2013 \u00a0Stephane Cousineau<\/p>\n<p style=\"padding-left: 40px;\">2016 \u2013 2017 \u00a0\u2013 \u00a0Laura Simpson<\/p>\n<p style=\"padding-left: 40px;\">2015 \u2013 2016 \u00a0\u2013 \u00a0Stephane Levesque<\/p>\n<p style=\"padding-left: 40px;\">2014 \u2013 2015 \u00a0\u2013 \u00a0Rachel Porteous<\/p>\n<p style=\"padding-left: 40px;\">2013 \u2013 2014 \u00a0\u2013 \u00a0Neil Monkman<\/p>\n<p style=\"padding-left: 40px;\">2012 \u2013 2013 \u00a0\u2013 \u00a0Chantal Hup\u00e9<\/p>\n<p style=\"padding-left: 40px;\">2011 \u2013 2012 \u00a0\u2013 \u00a0Spartacus Penev<\/p>\n<p style=\"padding-left: 40px;\">2010 \u2013 2011 \u00a0\u2013 \u00a0Jay Amdur<\/p>\n<p style=\"padding-left: 40px;\">2009 \u2013 2010 \u00a0\u2013 \u00a0Sue Kemp<\/p>\n<p style=\"padding-left: 40px;\">2008 \u2013 2009 \u00a0\u2013 \u00a0Sue Kemp<\/p>\n<p style=\"padding-left: 40px;\">2007 \u2013 2008 \u00a0\u2013 \u00a0Andy Ladouceur<\/p>\n<p style=\"padding-left: 40px;\">2006 \u2013 2007 \u00a0\u2013 \u00a0John Rath Wilson I.S.P.<\/p>\n<p style=\"padding-left: 40px;\">2005 \u2013 2006 \u00a0\u2013 \u00a0Rocky Kreis<\/p>\n<p style=\"padding-left: 40px;\">2004 \u2013 2005 \u00a0\u2013 \u00a0Guy Belleperche, I.S.P.<\/p>\n<p style=\"padding-left: 40px;\">2003 \u2013 2004 \u00a0\u2013 \u00a0Bob Charleau<\/p>\n<p style=\"padding-left: 40px;\">2002 \u2013 2003 \u00a0\u2013 \u00a0Dave Holdham<\/p>\n<p style=\"padding-left: 40px;\">2001 \u2013 2002 \u00a0\u2013 \u00a0Major Donna Wood (Retrait\u00e9e)<\/p>\n<p style=\"padding-left: 40px;\">2000 \u2013 2001 \u00a0\u2013 \u00a0Carol Sabourin<\/p>\n<p style=\"padding-left: 40px;\">1999 \u2013 2000 \u00a0\u2013 \u00a0Maurice Chenier<\/p>\n<p style=\"padding-left: 40px;\">1998 \u2013 1999 \u00a0\u2013 Peter Bruce<\/p>\n<p style=\"padding-left: 40px;\">1997 \u2013 1998 \u00a0\u2013 Pierrette R\u00e9gimbald<\/p>\n<p style=\"padding-left: 40px;\">1996 \u2013 1997 \u00a0\u2013 Doug Redden<\/p>\n<p style=\"padding-left: 40px;\">1995 \u2013 1996 \u00a0\u2013 Lynn Ogilvie<\/p>\n<p style=\"padding-left: 40px;\">1994 \u2013 1995 \u00a0\u2013 Jill Velenosi<\/p>\n<p style=\"padding-left: 40px;\">1993 \u2013 1994 \u00a0\u2013 Francois Audet<\/p>\n<p style=\"padding-left: 40px;\">1992 \u2013 1993 \u00a0\u2013 Bob Burwash<\/p>\n<p style=\"padding-left: 40px;\">1991 \u2013 1992 \u00a0\u2013 Gail Eagan<\/p>\n<p style=\"padding-left: 40px;\">1990 \u2013 1991 \u00a0\u2013 Grant Wescott<\/p>\n<p style=\"padding-left: 40px;\">1989 \u2013 1990 \u00a0\u2013 Doug Barkley<\/p>\n<p style=\"padding-left: 40px;\">1988 \u2013 1989 \u00a0\u2013 David Stitt<\/p>\n<p style=\"padding-left: 40px;\">1987 \u2013 1988 \u00a0\u2013 Al Hurd<\/p>\n<p style=\"padding-left: 40px;\">1986 \u2013 1987 \u00a0\u2013 Paul Hession<\/p>\n<p style=\"padding-left: 40px;\">1985 \u2013 1986 \u00a0\u2013 Terry Sing<\/p>\n<p style=\"padding-left: 40px;\">1984 \u2013 1985 \u00a0\u2013 Bonnie MacKenzie<\/p>\n<p style=\"padding-left: 40px;\">1983 \u2013 1984 \u00a0\u2013 Linda Mayville<\/p>\n<p style=\"padding-left: 40px;\">1982 \u2013 1983 \u00a0\u2013 Peter Homulos<\/p>\n<p style=\"padding-left: 40px;\">1981 \u2013 1982 \u00a0\u2013 Chris Eyers<\/p>\n<p style=\"padding-left: 40px;\">1980 \u2013 1981 \u00a0\u2013 Bob Skitmore<\/p>\n<p style=\"padding-left: 40px;\">1979 \u2013 1980 \u00a0\u2013 Ross W. Rutherford<\/p>\n<p style=\"padding-left: 40px;\">1978 \u2013 1979 \u00a0\u2013\u00a0 D.A. (Dave) Bowman<\/p>\n<p style=\"padding-left: 40px;\">1977 \u2013 1978 \u00a0\u2013\u00a0 T.J. (Jim) Bimson<\/p>\n<p style=\"padding-left: 40px;\">1976 \u2013 1977 \u00a0\u2013\u00a0 E.G. Sabourin<\/p>\n<p style=\"padding-left: 40px;\">1975 \u2013 1976 \u00a0\u2013 B.A. McKinnon<\/p>\n<p style=\"padding-left: 40px;\">1974 \u2013 1975 \u00a0\u2013 H.J. Lagasse<\/p>\n<p style=\"padding-left: 40px;\">1973 \u2013 1974 \u00a0 \u2013 \u00a0George Kirkpatrick<\/p>\n<p style=\"padding-left: 40px;\">1972 \u2013 1973 \u00a0\u2013 \u00a0Col. F.C. Woodruff<\/p>\n<p style=\"padding-left: 40px;\">1971 \u2013 1972 \u00a0\u2013 \u00a0Mr. J.M. Eades<\/p>\n<\/div>\n<\/div>\n<\/div>\n<\/div>\n<\/article>\n<\/div>\n<\/div>\n<\/div>\n<\/div>\n<\/div>\n<\/div>\n<\/div>\n<\/article>\n<\/div>\n<\/div>\n<\/div>\n","protected":false},"excerpt":{"rendered":"<p>Voici une liste des pr\u00e9sidents ant\u00e9rieurs, tous qui ont contribu\u00e9s beaucoup au succ\u00e8s du DPI et du fonction publique: \u00a0 \u00a0 \u00a0 \u00a0 \u00a0 2023\u00a0 \u2013 2024\u00a0 \u2013 Sylvain Belanger 2022 \u00a0\u2013 2023 \u00a0\u2013 Dugald Topshee 2021 \u00a0\u2013 2022 \u00a0\u2013 Jennifer Conlin 2020 \u00a0\u2013 2021 \u00a0\u2013 Stacey Ross 2019 \u2013 2020 \u00a0\u2013 \u00a0Denis Skinner 2018 [&hellip;]<\/p>\n","protected":false},"author":6,"featured_media":0,"parent":583,"menu_order":4,"comment_status":"closed","ping_status":"closed","template":"subpage.php","meta":{"_acf_changed":false,"footnotes":""},"class_list":["post-662","page","type-page","status-publish","hentry"],"acf":[],"yoast_head":"<!-- This site is optimized with the Yoast SEO plugin v27.2 - https:\/\/yoast.com\/product\/yoast-seo-wordpress\/ -->\n<title>Pr\u00e9sidents ant\u00e9rieurs -<\/title>\n<meta name=\"robots\" content=\"index, follow, max-snippet:-1, max-image-preview:large, max-video-preview:-1\" \/>\n<link rel=\"canonical\" href=\"https:\/\/dpi-canada.com\/fr\/a-propos-de-nous\/presidents-anterieurs\/\" \/>\n<meta property=\"og:locale\" content=\"fr_CA\" \/>\n<meta property=\"og:type\" content=\"article\" \/>\n<meta property=\"og:title\" content=\"Pr\u00e9sidents ant\u00e9rieurs -\" \/>\n<meta property=\"og:description\" content=\"Voici une liste des pr\u00e9sidents ant\u00e9rieurs, tous qui ont contribu\u00e9s beaucoup au succ\u00e8s du DPI et du fonction publique: \u00a0 \u00a0 \u00a0 \u00a0 \u00a0 2023\u00a0 \u2013 2024\u00a0 \u2013 Sylvain Belanger 2022 \u00a0\u2013 2023 \u00a0\u2013 Dugald Topshee 2021 \u00a0\u2013 2022 \u00a0\u2013 Jennifer Conlin 2020 \u00a0\u2013 2021 \u00a0\u2013 Stacey Ross 2019 \u2013 2020 \u00a0\u2013 \u00a0Denis Skinner 2018 [&hellip;]\" \/>\n<meta property=\"og:url\" content=\"https:\/\/dpi-canada.com\/fr\/a-propos-de-nous\/presidents-anterieurs\/\" \/>\n<meta property=\"og:site_name\" content=\"DPI\" \/>\n<meta property=\"article:modified_time\" content=\"2024-07-10T14:41:52+00:00\" \/>\n<meta name=\"twitter:card\" content=\"summary_large_image\" \/>\n<meta name=\"twitter:site\" content=\"@dpi_canada\" \/>\n<meta name=\"twitter:label1\" content=\"Est. reading time\" \/>\n\t<meta name=\"twitter:data1\" content=\"1 minute\" \/>\n<script type=\"application\/ld+json\" class=\"yoast-schema-graph\">{\"@context\":\"https:\/\/schema.org\",\"@graph\":[{\"@type\":\"WebPage\",\"@id\":\"https:\/\/dpi-canada.com\/fr\/a-propos-de-nous\/presidents-anterieurs\/\",\"url\":\"https:\/\/dpi-canada.com\/fr\/a-propos-de-nous\/presidents-anterieurs\/\",\"name\":\"Pr\u00e9sidents ant\u00e9rieurs -\",\"isPartOf\":{\"@id\":\"https:\/\/dpi-canada.com\/fr\/#website\"},\"datePublished\":\"2018-03-21T03:25:19+00:00\",\"dateModified\":\"2024-07-10T14:41:52+00:00\",\"breadcrumb\":{\"@id\":\"https:\/\/dpi-canada.com\/fr\/a-propos-de-nous\/presidents-anterieurs\/#breadcrumb\"},\"inLanguage\":\"fr-CA\",\"potentialAction\":[{\"@type\":\"ReadAction\",\"target\":[\"https:\/\/dpi-canada.com\/fr\/a-propos-de-nous\/presidents-anterieurs\/\"]}]},{\"@type\":\"BreadcrumbList\",\"@id\":\"https:\/\/dpi-canada.com\/fr\/a-propos-de-nous\/presidents-anterieurs\/#breadcrumb\",\"itemListElement\":[{\"@type\":\"ListItem\",\"position\":1,\"name\":\"Home\",\"item\":\"https:\/\/dpi-canada.com\/fr\/\"},{\"@type\":\"ListItem\",\"position\":2,\"name\":\"Qui sommes-nous\",\"item\":\"https:\/\/dpi-canada.com\/fr\/a-propos-de-nous\/\"},{\"@type\":\"ListItem\",\"position\":3,\"name\":\"Prix et reconnaissance\",\"item\":\"https:\/\/dpi-canada.com\/fr\/a-propos-de-nous\/prix-et-reconnaissance\/\"},{\"@type\":\"ListItem\",\"position\":4,\"name\":\"Pr\u00e9sidents ant\u00e9rieurs\"}]},{\"@type\":\"WebSite\",\"@id\":\"https:\/\/dpi-canada.com\/fr\/#website\",\"url\":\"https:\/\/dpi-canada.com\/fr\/\",\"name\":\"Association of Public Sector Information Professionals (DPI)\",\"description\":\"D\u00e9velopper le professionnalisme en informatique\",\"publisher\":{\"@id\":\"https:\/\/dpi-canada.com\/fr\/#organization\"},\"potentialAction\":[{\"@type\":\"SearchAction\",\"target\":{\"@type\":\"EntryPoint\",\"urlTemplate\":\"https:\/\/dpi-canada.com\/fr\/?s={search_term_string}\"},\"query-input\":{\"@type\":\"PropertyValueSpecification\",\"valueRequired\":true,\"valueName\":\"search_term_string\"}}],\"inLanguage\":\"fr-CA\"},{\"@type\":\"Organization\",\"@id\":\"https:\/\/dpi-canada.com\/fr\/#organization\",\"name\":\"Association of Public Sector Information Professionals (DPI)\",\"url\":\"https:\/\/dpi-canada.com\/fr\/\",\"logo\":{\"@type\":\"ImageObject\",\"inLanguage\":\"fr-CA\",\"@id\":\"https:\/\/dpi-canada.com\/fr\/#\/schema\/logo\/image\/\",\"url\":\"https:\/\/dpi-canada.com\/sites\/dpi-canada.com\/wp-content\/uploads\/DPI_Social.jpg\",\"contentUrl\":\"https:\/\/dpi-canada.com\/sites\/dpi-canada.com\/wp-content\/uploads\/DPI_Social.jpg\",\"width\":1100,\"height\":1100,\"caption\":\"Association of Public Sector Information Professionals (DPI)\"},\"image\":{\"@id\":\"https:\/\/dpi-canada.com\/fr\/#\/schema\/logo\/image\/\"},\"sameAs\":[\"https:\/\/x.com\/dpi_canada\",\"http:\/\/www.linkedin.com\/company\/dpi--association-of-public-sector-information-professionals\"]}]}<\/script>\n<!-- \/ Yoast SEO plugin. -->","yoast_head_json":{"title":"Pr\u00e9sidents ant\u00e9rieurs -","robots":{"index":"index","follow":"follow","max-snippet":"max-snippet:-1","max-image-preview":"max-image-preview:large","max-video-preview":"max-video-preview:-1"},"canonical":"https:\/\/dpi-canada.com\/fr\/a-propos-de-nous\/presidents-anterieurs\/","og_locale":"fr_CA","og_type":"article","og_title":"Pr\u00e9sidents ant\u00e9rieurs -","og_description":"Voici une liste des pr\u00e9sidents ant\u00e9rieurs, tous qui ont contribu\u00e9s beaucoup au succ\u00e8s du DPI et du fonction publique: \u00a0 \u00a0 \u00a0 \u00a0 \u00a0 2023\u00a0 \u2013 2024\u00a0 \u2013 Sylvain Belanger 2022 \u00a0\u2013 2023 \u00a0\u2013 Dugald Topshee 2021 \u00a0\u2013 2022 \u00a0\u2013 Jennifer Conlin 2020 \u00a0\u2013 2021 \u00a0\u2013 Stacey Ross 2019 \u2013 2020 \u00a0\u2013 \u00a0Denis Skinner 2018 [&hellip;]","og_url":"https:\/\/dpi-canada.com\/fr\/a-propos-de-nous\/presidents-anterieurs\/","og_site_name":"DPI","article_modified_time":"2024-07-10T14:41:52+00:00","twitter_card":"summary_large_image","twitter_site":"@dpi_canada","twitter_misc":{"Est. reading time":"1 minute"},"schema":{"@context":"https:\/\/schema.org","@graph":[{"@type":"WebPage","@id":"https:\/\/dpi-canada.com\/fr\/a-propos-de-nous\/presidents-anterieurs\/","url":"https:\/\/dpi-canada.com\/fr\/a-propos-de-nous\/presidents-anterieurs\/","name":"Pr\u00e9sidents ant\u00e9rieurs -","isPartOf":{"@id":"https:\/\/dpi-canada.com\/fr\/#website"},"datePublished":"2018-03-21T03:25:19+00:00","dateModified":"2024-07-10T14:41:52+00:00","breadcrumb":{"@id":"https:\/\/dpi-canada.com\/fr\/a-propos-de-nous\/presidents-anterieurs\/#breadcrumb"},"inLanguage":"fr-CA","potentialAction":[{"@type":"ReadAction","target":["https:\/\/dpi-canada.com\/fr\/a-propos-de-nous\/presidents-anterieurs\/"]}]},{"@type":"BreadcrumbList","@id":"https:\/\/dpi-canada.com\/fr\/a-propos-de-nous\/presidents-anterieurs\/#breadcrumb","itemListElement":[{"@type":"ListItem","position":1,"name":"Home","item":"https:\/\/dpi-canada.com\/fr\/"},{"@type":"ListItem","position":2,"name":"Qui sommes-nous","item":"https:\/\/dpi-canada.com\/fr\/a-propos-de-nous\/"},{"@type":"ListItem","position":3,"name":"Prix et reconnaissance","item":"https:\/\/dpi-canada.com\/fr\/a-propos-de-nous\/prix-et-reconnaissance\/"},{"@type":"ListItem","position":4,"name":"Pr\u00e9sidents ant\u00e9rieurs"}]},{"@type":"WebSite","@id":"https:\/\/dpi-canada.com\/fr\/#website","url":"https:\/\/dpi-canada.com\/fr\/","name":"Association of Public Sector Information Professionals (DPI)","description":"D\u00e9velopper le professionnalisme en informatique","publisher":{"@id":"https:\/\/dpi-canada.com\/fr\/#organization"},"potentialAction":[{"@type":"SearchAction","target":{"@type":"EntryPoint","urlTemplate":"https:\/\/dpi-canada.com\/fr\/?s={search_term_string}"},"query-input":{"@type":"PropertyValueSpecification","valueRequired":true,"valueName":"search_term_string"}}],"inLanguage":"fr-CA"},{"@type":"Organization","@id":"https:\/\/dpi-canada.com\/fr\/#organization","name":"Association of Public Sector Information Professionals (DPI)","url":"https:\/\/dpi-canada.com\/fr\/","logo":{"@type":"ImageObject","inLanguage":"fr-CA","@id":"https:\/\/dpi-canada.com\/fr\/#\/schema\/logo\/image\/","url":"https:\/\/dpi-canada.com\/sites\/dpi-canada.com\/wp-content\/uploads\/DPI_Social.jpg","contentUrl":"https:\/\/dpi-canada.com\/sites\/dpi-canada.com\/wp-content\/uploads\/DPI_Social.jpg","width":1100,"height":1100,"caption":"Association of Public Sector Information Professionals (DPI)"},"image":{"@id":"https:\/\/dpi-canada.com\/fr\/#\/schema\/logo\/image\/"},"sameAs":["https:\/\/x.com\/dpi_canada","http:\/\/www.linkedin.com\/company\/dpi--association-of-public-sector-information-professionals"]}]}},"_links":{"self":[{"href":"https:\/\/dpi-canada.com\/fr\/wp-json\/wp\/v2\/pages\/662","targetHints":{"allow":["GET"]}}],"collection":[{"href":"https:\/\/dpi-canada.com\/fr\/wp-json\/wp\/v2\/pages"}],"about":[{"href":"https:\/\/dpi-canada.com\/fr\/wp-json\/wp\/v2\/types\/page"}],"author":[{"embeddable":true,"href":"https:\/\/dpi-canada.com\/fr\/wp-json\/wp\/v2\/users\/6"}],"replies":[{"embeddable":true,"href":"https:\/\/dpi-canada.com\/fr\/wp-json\/wp\/v2\/comments?post=662"}],"version-history":[{"count":2,"href":"https:\/\/dpi-canada.com\/fr\/wp-json\/wp\/v2\/pages\/662\/revisions"}],"predecessor-version":[{"id":8362,"href":"https:\/\/dpi-canada.com\/fr\/wp-json\/wp\/v2\/pages\/662\/revisions\/8362"}],"up":[{"embeddable":true,"href":"https:\/\/dpi-canada.com\/fr\/wp-json\/wp\/v2\/pages\/583"}],"wp:attachment":[{"href":"https:\/\/dpi-canada.com\/fr\/wp-json\/wp\/v2\/media?parent=662"}],"curies":[{"name":"wp","href":"https:\/\/api.w.org\/{rel}","templated":true}]}}