{"id":668,"date":"2018-03-20T23:28:30","date_gmt":"2018-03-21T03:28:30","guid":{"rendered":"http:\/\/dpi-canada.com\/?page_id=668"},"modified":"2025-05-20T12:12:34","modified_gmt":"2025-05-20T16:12:34","slug":"associes","status":"publish","type":"page","link":"https:\/\/dpi-canada.com\/fr\/a-propos-de-nous\/associes\/","title":{"rendered":"Associ\u00e9s"},"content":{"rendered":"<p>Le prix de l\u2019Associ\u00e9 de l\u2019Association des professionnels de l\u2019information du secteur public accorde une reconnaissance publique \u00e0 ceux et celles qui contribuent grandement \u00e0 l\u2019avancement de la GI-TI au sein du secteur public au moyen de services rendus \u00e0 l\u2019Association. Par services rendus, on entend toute aide apport\u00e9e \u00e0 l\u2019Association; notamment la d\u00e9fense des int\u00e9r\u00eats de l\u2019Association, les activit\u00e9s importantes de commandite, la participation sur un comit\u00e9, et autres.<\/p>\n<p><strong>\u00c9ligibilit\u00e9<\/strong><br \/>\nOuvert \u00e0 tous.<\/p>\n<p><strong>Fr\u00e9quence<\/strong><br \/>\nCe prix est d\u00e9cern\u00e9 une fois par ann\u00e9e lors du d\u00eener de gala de la Semaine de perfectionnement professionnel. Si aucun candidat n\u2019est trouv\u00e9, il est possible de ne pas attribuer de prix pour une ann\u00e9e donn\u00e9e.<\/p>\n<p>Normalement, un seul prix par ann\u00e9e sera d\u00e9cern\u00e9. En circonstances exceptionnelles, plus d\u2019un prix pourrait \u00eatre accord\u00e9.<\/p>\n<p><strong>Nominations<\/strong><br \/>\nLes nominations pour les prix doivent \u00eatre soumises au <a href=\"mailto:info@dpi-canda.com\">info@dpi-canda.com<\/a> entre le 1er janvier et le 1 mars de chaque ann\u00e9e.<\/p>\n<p><strong>Jury<\/strong><br \/>\nLe pr\u00e9sident de l\u2019Association est responsable de d\u00e9signer le laur\u00e9at chaque ann\u00e9e. La d\u00e9cision est prise par l\u2019entremise d\u2019un petit panel de juges, g\u00e9n\u00e9ralement le comit\u00e9 de direction, qui examine les candidatures. Le jury s\u00e9lectionne la meilleure nomination et le pr\u00e9sident remet le prix lors du d\u00eener de gala de la Semaine de perfectionnement professionnel.<\/p>\n<p>Crit\u00e8res de s\u00e9lection<br \/>\nLe jury prendra en consid\u00e9ration les crit\u00e8res suivants pour la s\u00e9lection du laur\u00e9at :<\/p>\n<ul>\n<li>Une reconnaissance g\u00e9n\u00e9rale de l\u2018atteinte d\u2019un summum de carri\u00e8re.<\/li>\n<li>Les retomb\u00e9es par suite de sa promotion de l\u2019Association.<\/li>\n<li>Sa participation active aux comit\u00e9s, aux colloques des petits d\u00e9jeuners et lors de la Semaine de perfectionnement professionnel, notamment.<\/li>\n<li>Sa d\u00e9monstration d\u2019int\u00e9grit\u00e9 professionnelle et de respect.<\/li>\n<li>Sa d\u00e9monstration sur une longue p\u00e9riode d\u2019une contribution importante \u00e0 la communaut\u00e9 de la GI-TI.<\/li>\n<\/ul>\n<p>&nbsp;<\/p>\n<hr \/>\n<p class=\"field-item even\">Les personnes suivantes ont \u00e9t\u00e9 honor\u00e9es \u00e0 titre d\u2019Associ\u00e9s de l\u2019Association des professionnels de l\u2019information du secteur public :<\/p>\n<div id=\"block-views-fellows-listing-block\" class=\"block block-views block-fellows-listing-block block-views-fellows-listing-block even block-without-title\">\n<div class=\"block-inner clearfix\">\n<div class=\"content clearfix\">\n<div class=\"view view-fellows-listing view-id-fellows_listing view-display-id-block view-dom-id-8c29ef812ed60096cbc98407a3d5d9f8\">\n<div class=\"view-content\">\n<div class=\"item-list\">\n<ul>\n<li><span class=\"field-content\">2025 &#8211; Christopher Clissold<\/span><\/li>\n<li>2024 &#8211; <span class=\"TextRun  BCX8 SCXP257829044\" lang=\"EN-US\" xml:lang=\"EN-US\" data-scheme-color=\"@258DC1,,\" data-usefontface=\"true\" data-contrast=\"none\"><span class=\"NormalTextRun  BCX8 SCXP257829044\">Jean-Fran\u00e7ois Lalonde<\/span><\/span><\/li>\n<li>2023 &#8211; Paul Wagner<\/li>\n<li>2022 &#8211; Michel Brazeau<\/li>\n<li><span class=\"field-content\">2022 &#8211; Donna Karlin<\/span><\/li>\n<li><span class=\"field-content\">2021 &#8211; Marc Brouillard<\/span><\/li>\n<li><span class=\"field-content\">2021 &#8211; Pauline Martin<\/span><\/li>\n<li class=\"views-field views-field-nothing\"><span class=\"field-content\">2020 &#8211; Kim Devooght<\/span><\/li>\n<li class=\"views-field views-field-nothing\"><span class=\"field-content\">2019 &#8211; Barry Doucettte<\/span><\/li>\n<li class=\"views-field views-field-nothing\"><span class=\"field-content\">2019 &#8211; Lyne Sincennes<\/span><\/li>\n<li class=\"views-field views-field-nothing\"><span class=\"field-content\">2018 &#8211; Peter Green<\/span><\/li>\n<li class=\"views-field views-field-nothing\">2018 &#8211; Marj Akerley<\/li>\n<li class=\"views-field views-field-nothing\">2017 &#8211; John Rath-Wilson<\/li>\n<li class=\"views-field views-field-nothing\">2016 &#8211; Terry Ansari<\/li>\n<li class=\"views-field views-field-nothing\">2015 &#8211; Mostafa Zommo<\/li>\n<li class=\"views-field views-field-nothing\">2014 &#8211; Dave Perley<\/li>\n<li class=\"views-field views-field-nothing\">2014 &#8211; Greg Lane<\/li>\n<li class=\"views-field views-field-nothing\">2013 &#8211; Robert Charleau<\/li>\n<li class=\"views-field views-field-nothing\">2013 &#8211; Filippo Gagliardi<\/li>\n<li class=\"views-field views-field-nothing\">2012 &#8211; Corinne Charette<\/li>\n<li class=\"views-field views-field-nothing\">2011 &#8211; Marj Akerley<\/li>\n<li class=\"views-field views-field-nothing\">2010 &#8211; Nikolas Florakas<\/li>\n<li class=\"views-field views-field-nothing\">2009 &#8211; Rita Moritz<\/li>\n<li class=\"views-field views-field-nothing\">2008 &#8211; Nancy Desormeau<\/li>\n<li class=\"views-field views-field-nothing\">2007 &#8211; Dave Holdham<\/li>\n<li class=\"views-field views-field-nothing\">2006 &#8211; Maurice Ch\u00e9nier<\/li>\n<li class=\"views-field views-field-nothing\">2005 &#8211; Ed Fine<\/li>\n<li class=\"views-field views-field-nothing\">2004 &#8211; Peter Bruce<\/li>\n<li class=\"views-field views-field-nothing\">2003 &#8211; Paul Hession<\/li>\n<li class=\"views-field views-field-nothing\">2002 &#8211; Michael Turner<\/li>\n<li class=\"views-field views-field-nothing\">2001 &#8211; John Riddle<\/li>\n<li class=\"views-field views-field-nothing\">2000 &#8211; Linda Lizotte-McPherson<\/li>\n<li class=\"views-field views-field-nothing\">1999 &#8211; Jill Velenosi<\/li>\n<li class=\"views-field views-field-nothing\">1998 &#8211; Nancy Dorigo<\/li>\n<li class=\"views-field views-field-nothing\">1998 &#8211; Doug Redden<\/li>\n<li class=\"views-field views-field-nothing\">1997 &#8211; Brenda Karachun<\/li>\n<li class=\"views-field views-field-nothing\">1996 &#8211; Grant Westcott<\/li>\n<li class=\"views-field views-field-nothing\">1994 &#8211; Peter Homulos<\/li>\n<li class=\"views-field views-field-nothing\">1990 &#8211; C. Buckley<\/li>\n<li class=\"views-field views-field-nothing\">1988 &#8211; C. Eyres<\/li>\n<li class=\"views-field views-field-nothing\">1986 &#8211; Bonnie MacKenzie<\/li>\n<li class=\"views-field views-field-nothing\">1984 &#8211; J. Lochnan<\/li>\n<li class=\"views-field views-field-nothing\">1983 &#8211; T.J. (Jim) Bimson<\/li>\n<li class=\"views-field views-field-nothing\">1983 &#8211; O. Mackay<\/li>\n<li class=\"views-field views-field-nothing\">1981 &#8211; A.E. Winsor<\/li>\n<li class=\"views-field views-field-nothing\">1979 &#8211; T. Sabourin<\/li>\n<li class=\"views-field views-field-nothing\">1978 &#8211; B.A. McKinnon<\/li>\n<li class=\"views-field views-field-nothing\">1978 &#8211; Vladimir Pajor<\/li>\n<li class=\"views-field views-field-nothing\">1977 &#8211; R.J. Rathwell<\/li>\n<li class=\"views-field views-field-nothing\">1977 &#8211; H.J. Lagasse<\/li>\n<li class=\"views-field views-field-nothing\">1975 &#8211; George Kirkpatrick<\/li>\n<\/ul>\n<p>&nbsp;<\/p>\n<\/div>\n<\/div>\n<\/div>\n<\/div>\n<\/div>\n<\/div>\n","protected":false},"excerpt":{"rendered":"<p>Le prix de l\u2019Associ\u00e9 de l\u2019Association des professionnels de l\u2019information du secteur public accorde une reconnaissance publique \u00e0 ceux et celles qui contribuent grandement \u00e0 l\u2019avancement de la GI-TI au sein du secteur public au moyen de services rendus \u00e0 l\u2019Association. Par services rendus, on entend toute aide apport\u00e9e \u00e0 l\u2019Association; notamment la d\u00e9fense des [&hellip;]<\/p>\n","protected":false},"author":6,"featured_media":0,"parent":583,"menu_order":2,"comment_status":"closed","ping_status":"closed","template":"subpage.php","meta":{"_acf_changed":false,"footnotes":""},"class_list":["post-668","page","type-page","status-publish","hentry"],"acf":[],"yoast_head":"<!-- This site is optimized with the Yoast SEO plugin v27.2 - https:\/\/yoast.com\/product\/yoast-seo-wordpress\/ -->\n<title>Associ\u00e9s -<\/title>\n<meta name=\"robots\" content=\"index, follow, max-snippet:-1, max-image-preview:large, max-video-preview:-1\" \/>\n<link rel=\"canonical\" href=\"https:\/\/dpi-canada.com\/fr\/a-propos-de-nous\/associes\/\" \/>\n<meta property=\"og:locale\" content=\"fr_CA\" \/>\n<meta property=\"og:type\" content=\"article\" \/>\n<meta property=\"og:title\" content=\"Associ\u00e9s -\" \/>\n<meta property=\"og:description\" content=\"Le prix de l\u2019Associ\u00e9 de l\u2019Association des professionnels de l\u2019information du secteur public accorde une reconnaissance publique \u00e0 ceux et celles qui contribuent grandement \u00e0 l\u2019avancement de la GI-TI au sein du secteur public au moyen de services rendus \u00e0 l\u2019Association. Par services rendus, on entend toute aide apport\u00e9e \u00e0 l\u2019Association; notamment la d\u00e9fense des [&hellip;]\" \/>\n<meta property=\"og:url\" content=\"https:\/\/dpi-canada.com\/fr\/a-propos-de-nous\/associes\/\" \/>\n<meta property=\"og:site_name\" content=\"DPI\" \/>\n<meta property=\"article:modified_time\" content=\"2025-05-20T16:12:34+00:00\" \/>\n<meta name=\"twitter:card\" content=\"summary_large_image\" \/>\n<meta name=\"twitter:site\" content=\"@dpi_canada\" \/>\n<meta name=\"twitter:label1\" content=\"Est. reading time\" \/>\n\t<meta name=\"twitter:data1\" content=\"3 minutes\" \/>\n<script type=\"application\/ld+json\" class=\"yoast-schema-graph\">{\"@context\":\"https:\/\/schema.org\",\"@graph\":[{\"@type\":\"WebPage\",\"@id\":\"https:\/\/dpi-canada.com\/fr\/a-propos-de-nous\/associes\/\",\"url\":\"https:\/\/dpi-canada.com\/fr\/a-propos-de-nous\/associes\/\",\"name\":\"Associ\u00e9s -\",\"isPartOf\":{\"@id\":\"https:\/\/dpi-canada.com\/fr\/#website\"},\"datePublished\":\"2018-03-21T03:28:30+00:00\",\"dateModified\":\"2025-05-20T16:12:34+00:00\",\"breadcrumb\":{\"@id\":\"https:\/\/dpi-canada.com\/fr\/a-propos-de-nous\/associes\/#breadcrumb\"},\"inLanguage\":\"fr-CA\",\"potentialAction\":[{\"@type\":\"ReadAction\",\"target\":[\"https:\/\/dpi-canada.com\/fr\/a-propos-de-nous\/associes\/\"]}]},{\"@type\":\"BreadcrumbList\",\"@id\":\"https:\/\/dpi-canada.com\/fr\/a-propos-de-nous\/associes\/#breadcrumb\",\"itemListElement\":[{\"@type\":\"ListItem\",\"position\":1,\"name\":\"Home\",\"item\":\"https:\/\/dpi-canada.com\/fr\/\"},{\"@type\":\"ListItem\",\"position\":2,\"name\":\"Qui sommes-nous\",\"item\":\"https:\/\/dpi-canada.com\/fr\/a-propos-de-nous\/\"},{\"@type\":\"ListItem\",\"position\":3,\"name\":\"Prix et reconnaissance\",\"item\":\"https:\/\/dpi-canada.com\/fr\/a-propos-de-nous\/prix-et-reconnaissance\/\"},{\"@type\":\"ListItem\",\"position\":4,\"name\":\"Associ\u00e9s\"}]},{\"@type\":\"WebSite\",\"@id\":\"https:\/\/dpi-canada.com\/fr\/#website\",\"url\":\"https:\/\/dpi-canada.com\/fr\/\",\"name\":\"Association of Public Sector Information Professionals (DPI)\",\"description\":\"D\u00e9velopper le professionnalisme en informatique\",\"publisher\":{\"@id\":\"https:\/\/dpi-canada.com\/fr\/#organization\"},\"potentialAction\":[{\"@type\":\"SearchAction\",\"target\":{\"@type\":\"EntryPoint\",\"urlTemplate\":\"https:\/\/dpi-canada.com\/fr\/?s={search_term_string}\"},\"query-input\":{\"@type\":\"PropertyValueSpecification\",\"valueRequired\":true,\"valueName\":\"search_term_string\"}}],\"inLanguage\":\"fr-CA\"},{\"@type\":\"Organization\",\"@id\":\"https:\/\/dpi-canada.com\/fr\/#organization\",\"name\":\"Association of Public Sector Information Professionals (DPI)\",\"url\":\"https:\/\/dpi-canada.com\/fr\/\",\"logo\":{\"@type\":\"ImageObject\",\"inLanguage\":\"fr-CA\",\"@id\":\"https:\/\/dpi-canada.com\/fr\/#\/schema\/logo\/image\/\",\"url\":\"https:\/\/dpi-canada.com\/sites\/dpi-canada.com\/wp-content\/uploads\/DPI_Social.jpg\",\"contentUrl\":\"https:\/\/dpi-canada.com\/sites\/dpi-canada.com\/wp-content\/uploads\/DPI_Social.jpg\",\"width\":1100,\"height\":1100,\"caption\":\"Association of Public Sector Information Professionals (DPI)\"},\"image\":{\"@id\":\"https:\/\/dpi-canada.com\/fr\/#\/schema\/logo\/image\/\"},\"sameAs\":[\"https:\/\/x.com\/dpi_canada\",\"http:\/\/www.linkedin.com\/company\/dpi--association-of-public-sector-information-professionals\"]}]}<\/script>\n<!-- \/ Yoast SEO plugin. -->","yoast_head_json":{"title":"Associ\u00e9s -","robots":{"index":"index","follow":"follow","max-snippet":"max-snippet:-1","max-image-preview":"max-image-preview:large","max-video-preview":"max-video-preview:-1"},"canonical":"https:\/\/dpi-canada.com\/fr\/a-propos-de-nous\/associes\/","og_locale":"fr_CA","og_type":"article","og_title":"Associ\u00e9s -","og_description":"Le prix de l\u2019Associ\u00e9 de l\u2019Association des professionnels de l\u2019information du secteur public accorde une reconnaissance publique \u00e0 ceux et celles qui contribuent grandement \u00e0 l\u2019avancement de la GI-TI au sein du secteur public au moyen de services rendus \u00e0 l\u2019Association. Par services rendus, on entend toute aide apport\u00e9e \u00e0 l\u2019Association; notamment la d\u00e9fense des [&hellip;]","og_url":"https:\/\/dpi-canada.com\/fr\/a-propos-de-nous\/associes\/","og_site_name":"DPI","article_modified_time":"2025-05-20T16:12:34+00:00","twitter_card":"summary_large_image","twitter_site":"@dpi_canada","twitter_misc":{"Est. reading time":"3 minutes"},"schema":{"@context":"https:\/\/schema.org","@graph":[{"@type":"WebPage","@id":"https:\/\/dpi-canada.com\/fr\/a-propos-de-nous\/associes\/","url":"https:\/\/dpi-canada.com\/fr\/a-propos-de-nous\/associes\/","name":"Associ\u00e9s -","isPartOf":{"@id":"https:\/\/dpi-canada.com\/fr\/#website"},"datePublished":"2018-03-21T03:28:30+00:00","dateModified":"2025-05-20T16:12:34+00:00","breadcrumb":{"@id":"https:\/\/dpi-canada.com\/fr\/a-propos-de-nous\/associes\/#breadcrumb"},"inLanguage":"fr-CA","potentialAction":[{"@type":"ReadAction","target":["https:\/\/dpi-canada.com\/fr\/a-propos-de-nous\/associes\/"]}]},{"@type":"BreadcrumbList","@id":"https:\/\/dpi-canada.com\/fr\/a-propos-de-nous\/associes\/#breadcrumb","itemListElement":[{"@type":"ListItem","position":1,"name":"Home","item":"https:\/\/dpi-canada.com\/fr\/"},{"@type":"ListItem","position":2,"name":"Qui sommes-nous","item":"https:\/\/dpi-canada.com\/fr\/a-propos-de-nous\/"},{"@type":"ListItem","position":3,"name":"Prix et reconnaissance","item":"https:\/\/dpi-canada.com\/fr\/a-propos-de-nous\/prix-et-reconnaissance\/"},{"@type":"ListItem","position":4,"name":"Associ\u00e9s"}]},{"@type":"WebSite","@id":"https:\/\/dpi-canada.com\/fr\/#website","url":"https:\/\/dpi-canada.com\/fr\/","name":"Association of Public Sector Information Professionals (DPI)","description":"D\u00e9velopper le professionnalisme en informatique","publisher":{"@id":"https:\/\/dpi-canada.com\/fr\/#organization"},"potentialAction":[{"@type":"SearchAction","target":{"@type":"EntryPoint","urlTemplate":"https:\/\/dpi-canada.com\/fr\/?s={search_term_string}"},"query-input":{"@type":"PropertyValueSpecification","valueRequired":true,"valueName":"search_term_string"}}],"inLanguage":"fr-CA"},{"@type":"Organization","@id":"https:\/\/dpi-canada.com\/fr\/#organization","name":"Association of Public Sector Information Professionals (DPI)","url":"https:\/\/dpi-canada.com\/fr\/","logo":{"@type":"ImageObject","inLanguage":"fr-CA","@id":"https:\/\/dpi-canada.com\/fr\/#\/schema\/logo\/image\/","url":"https:\/\/dpi-canada.com\/sites\/dpi-canada.com\/wp-content\/uploads\/DPI_Social.jpg","contentUrl":"https:\/\/dpi-canada.com\/sites\/dpi-canada.com\/wp-content\/uploads\/DPI_Social.jpg","width":1100,"height":1100,"caption":"Association of Public Sector Information Professionals (DPI)"},"image":{"@id":"https:\/\/dpi-canada.com\/fr\/#\/schema\/logo\/image\/"},"sameAs":["https:\/\/x.com\/dpi_canada","http:\/\/www.linkedin.com\/company\/dpi--association-of-public-sector-information-professionals"]}]}},"_links":{"self":[{"href":"https:\/\/dpi-canada.com\/fr\/wp-json\/wp\/v2\/pages\/668","targetHints":{"allow":["GET"]}}],"collection":[{"href":"https:\/\/dpi-canada.com\/fr\/wp-json\/wp\/v2\/pages"}],"about":[{"href":"https:\/\/dpi-canada.com\/fr\/wp-json\/wp\/v2\/types\/page"}],"author":[{"embeddable":true,"href":"https:\/\/dpi-canada.com\/fr\/wp-json\/wp\/v2\/users\/6"}],"replies":[{"embeddable":true,"href":"https:\/\/dpi-canada.com\/fr\/wp-json\/wp\/v2\/comments?post=668"}],"version-history":[{"count":2,"href":"https:\/\/dpi-canada.com\/fr\/wp-json\/wp\/v2\/pages\/668\/revisions"}],"predecessor-version":[{"id":9514,"href":"https:\/\/dpi-canada.com\/fr\/wp-json\/wp\/v2\/pages\/668\/revisions\/9514"}],"up":[{"embeddable":true,"href":"https:\/\/dpi-canada.com\/fr\/wp-json\/wp\/v2\/pages\/583"}],"wp:attachment":[{"href":"https:\/\/dpi-canada.com\/fr\/wp-json\/wp\/v2\/media?parent=668"}],"curies":[{"name":"wp","href":"https:\/\/api.w.org\/{rel}","templated":true}]}}