{"id":6708,"date":"2022-01-19T13:26:15","date_gmt":"2022-01-19T18:26:15","guid":{"rendered":"https:\/\/dpi-canada.com\/a-propos-de-nous\/prix-et-reconnaissance\/volunteer-of-year-award\/"},"modified":"2025-12-04T12:28:31","modified_gmt":"2025-12-04T17:28:31","slug":"volunteer-of-year-award","status":"publish","type":"page","link":"https:\/\/dpi-canada.com\/fr\/a-propos-de-nous\/volunteer-of-year-award\/","title":{"rendered":"Prix du b\u00e9n\u00e9vole de l\u2019ann\u00e9e Bob Charleau"},"content":{"rendered":"<p>Depuis sa cr\u00e9ation en 2021, le prix du b\u00e9n\u00e9vole de l&#8217;ann\u00e9e Bob\u00a0Charleau rend hommage \u00e0 une personne qui apporte une contribution exceptionnelle \u00e0 l&#8217;Association des professionnels de l&#8217;information du secteur public (DPI) en offrant un nombre impressionnant d&#8217;heures de b\u00e9n\u00e9volat et en d\u00e9montrant un engagement, une coop\u00e9ration, de la cr\u00e9ativit\u00e9 et un leadership exceptionnels hors de l&#8217;ordinaire.<\/p>\n<p style=\"padding-left: 40px;\"><strong>Quelques mots au sujet de Bob\u2026<\/strong><\/p>\n<p style=\"padding-left: 40px;\">Bob\u00a0Charleau est un b\u00e9n\u00e9vole de DPI de longue date. Il a tenu un poste au sein du Comit\u00e9 de direction pendant plus de vingt ans et il a consacr\u00e9 des heures en trop grand nombre pour \u00eatre compt\u00e9es au succ\u00e8s de DPI. R\u00e9cipiendaire du prix de l&#8217;affili\u00e9 \u00e0 vie de DPI en 2008 et du prix de l\u2019Associ\u00e9 de l\u2019Association des professionnels de l\u2019information du secteur public en 2013, Bob est l&#8217;incarnation par excellence du b\u00e9n\u00e9vole de l&#8217;ann\u00e9e. C\u2019est pourquoi ce prix porte son nom et lui a \u00e9t\u00e9 offert en 2021, lors de la toute premi\u00e8re remise du prix.<\/p>\n<p style=\"padding-left: 40px;\">Malgr\u00e9 son d\u00e9part \u00e0 la retraite de la fonction publique en 2010, Bob n&#8217;a pas cess\u00e9 de redonner \u00e0 la communaut\u00e9 et d&#8217;offrir son soutien. Aucune t\u00e2che ne se r\u00e9v\u00e8le trop ridicule ou ardue pour lui lorsque vient le temps de donner un coup de main \u00e0 un membre du Comit\u00e9 de direction. Il fait la promotion de DPI aux gens qu&#8217;il rencontre, il encourage les nouveaux venus et le personnel subalterne \u00e0 devenir des affili\u00e9s de DPI ou \u00e0 s&#8217;engager comme b\u00e9n\u00e9vole. Il se surpasse et va bien au-del\u00e0 en d\u00e9vouant un grand nombre d&#8217;heures au soutien des nombreuses activit\u00e9s et du succ\u00e8s des nouvelles initiatives de DPI, comme les s\u00e9ances de mentorat et de r\u00e9seautage. DPI est immens\u00e9ment reconnaissant de sa contribution, avec sa multitude de connaissances des affaires entrepreneuriales et minist\u00e9rielles, ses bonnes id\u00e9es, ainsi que ses nombreux points de vue enrichissants.<\/p>\n<p><strong>Admissibilit\u00e9<\/strong><br \/>\nOuvert \u00e0 tous les b\u00e9n\u00e9voles de DPI.<\/p>\n<p><strong>Fr\u00e9quence<\/strong><br \/>\nLe prix est remis une fois par ann\u00e9e lors du Gala de la Semaine de perfectionnement professionnel. Le prix peut ne pas \u00eatre accord\u00e9 pour une ann\u00e9e donn\u00e9e advenant qu&#8217;aucun candidat appropri\u00e9 ne soit trouv\u00e9.\u00a0 Normalement, un prix sera octroy\u00e9 chaque ann\u00e9e. Dans des circonstances exceptionnelles, plus d&#8217;un prix pourrait \u00eatre octroy\u00e9.<\/p>\n<p><strong>Nominations<\/strong><br \/>\nEn tenant compte de l&#8217;avis et des commentaires des membres du Comit\u00e9 de direction, c&#8217;est le pr\u00e9sident ou la pr\u00e9sidente qui d\u00e9termine les nominations pour ce prix.<\/p>\n<p><strong>Jury<\/strong><br \/>\nLe pr\u00e9sident ou la pr\u00e9sidente de l&#8217;Association est responsable de nommer le laur\u00e9at ou la laur\u00e9ate chaque ann\u00e9e et de lui pr\u00e9senter le prix lors du Gala de la Semaine de perfectionnement professionnel.<\/p>\n<p><strong>Crit\u00e8res de s\u00e9lection<\/strong><br \/>\nLes crit\u00e8res suivants seront pris en consid\u00e9ration pour la s\u00e9lection du r\u00e9cipiendaire :<\/p>\n<ul>\n<li>\u00catre actuellement un b\u00e9n\u00e9vole actif.<\/li>\n<li>S&#8217;offrir fr\u00e9quemment pour un grand nombre d&#8217;heures de b\u00e9n\u00e9volat.<\/li>\n<li>D\u00e9montrer un engagement, une coop\u00e9ration, une cr\u00e9ativit\u00e9 et un leadership exceptionnels.<\/li>\n<li>Poss\u00e9der de fortes caract\u00e9ristiques propres au b\u00e9n\u00e9volat, notamment: la fiabilit\u00e9, de la souplesse, de l&#8217;initiative, de la coop\u00e9ration et de l&#8217;interaction positive avec les autres.<\/li>\n<li>Se d\u00e9passer pour exercer un impact positif sur l&#8217;association ou la communaut\u00e9 dans son ensemble.<\/li>\n<li>D\u00e9montrer de l&#8217;int\u00e9grit\u00e9 professionnelle et du respect.<\/li>\n<li>Inspirer les nouveaux venus et le personnel subalterne et motiver les gens \u00e0 faire du b\u00e9n\u00e9volat.<\/li>\n<\/ul>\n<hr \/>\n<p>Les individus suivants ont \u00e9t\u00e9 honor\u00e9s en tant que <em>b\u00e9n\u00e9voles de l&#8217;ann\u00e9e<\/em> par le biais du Prix du b\u00e9n\u00e9vole de l&#8217;ann\u00e9e Bob\u00a0Charleau de DPI\u00a0:<\/p>\n<ul>\n<li>2023 \u2013 Stacey Ross<\/li>\n<li>2021 \u2013 Bob Charleau<\/li>\n<\/ul>\n","protected":false},"excerpt":{"rendered":"<p>Depuis sa cr\u00e9ation en 2021, le prix du b\u00e9n\u00e9vole de l&#8217;ann\u00e9e Bob\u00a0Charleau rend hommage \u00e0 une personne qui apporte une contribution exceptionnelle \u00e0 l&#8217;Association des professionnels de l&#8217;information du secteur public (DPI) en offrant un nombre impressionnant d&#8217;heures de b\u00e9n\u00e9volat et en d\u00e9montrant un engagement, une coop\u00e9ration, de la cr\u00e9ativit\u00e9 et un leadership exceptionnels hors [&hellip;]<\/p>\n","protected":false},"author":6,"featured_media":0,"parent":583,"menu_order":0,"comment_status":"closed","ping_status":"closed","template":"subpage.php","meta":{"_acf_changed":false,"footnotes":""},"class_list":["post-6708","page","type-page","status-publish","hentry"],"acf":[],"yoast_head":"<!-- This site is optimized with the Yoast SEO plugin v27.2 - https:\/\/yoast.com\/product\/yoast-seo-wordpress\/ -->\n<title>Prix du b\u00e9n\u00e9vole de l\u2019ann\u00e9e Bob Charleau -<\/title>\n<meta name=\"robots\" content=\"index, follow, max-snippet:-1, max-image-preview:large, max-video-preview:-1\" \/>\n<link rel=\"canonical\" href=\"https:\/\/dpi-canada.com\/fr\/a-propos-de-nous\/volunteer-of-year-award\/\" \/>\n<meta property=\"og:locale\" content=\"fr_CA\" \/>\n<meta property=\"og:type\" content=\"article\" \/>\n<meta property=\"og:title\" content=\"Prix du b\u00e9n\u00e9vole de l\u2019ann\u00e9e Bob Charleau -\" \/>\n<meta property=\"og:description\" content=\"Depuis sa cr\u00e9ation en 2021, le prix du b\u00e9n\u00e9vole de l&#8217;ann\u00e9e Bob\u00a0Charleau rend hommage \u00e0 une personne qui apporte une contribution exceptionnelle \u00e0 l&#8217;Association des professionnels de l&#8217;information du secteur public (DPI) en offrant un nombre impressionnant d&#8217;heures de b\u00e9n\u00e9volat et en d\u00e9montrant un engagement, une coop\u00e9ration, de la cr\u00e9ativit\u00e9 et un leadership exceptionnels hors [&hellip;]\" \/>\n<meta property=\"og:url\" content=\"https:\/\/dpi-canada.com\/fr\/a-propos-de-nous\/volunteer-of-year-award\/\" \/>\n<meta property=\"og:site_name\" content=\"DPI\" \/>\n<meta property=\"article:modified_time\" content=\"2025-12-04T17:28:31+00:00\" \/>\n<meta name=\"twitter:card\" content=\"summary_large_image\" \/>\n<meta name=\"twitter:site\" content=\"@dpi_canada\" \/>\n<meta name=\"twitter:label1\" content=\"Est. reading time\" \/>\n\t<meta name=\"twitter:data1\" content=\"3 minutes\" \/>\n<script type=\"application\/ld+json\" class=\"yoast-schema-graph\">{\"@context\":\"https:\/\/schema.org\",\"@graph\":[{\"@type\":\"WebPage\",\"@id\":\"https:\/\/dpi-canada.com\/fr\/a-propos-de-nous\/volunteer-of-year-award\/\",\"url\":\"https:\/\/dpi-canada.com\/fr\/a-propos-de-nous\/volunteer-of-year-award\/\",\"name\":\"Prix du b\u00e9n\u00e9vole de l\u2019ann\u00e9e Bob Charleau -\",\"isPartOf\":{\"@id\":\"https:\/\/dpi-canada.com\/fr\/#website\"},\"datePublished\":\"2022-01-19T18:26:15+00:00\",\"dateModified\":\"2025-12-04T17:28:31+00:00\",\"breadcrumb\":{\"@id\":\"https:\/\/dpi-canada.com\/fr\/a-propos-de-nous\/volunteer-of-year-award\/#breadcrumb\"},\"inLanguage\":\"fr-CA\",\"potentialAction\":[{\"@type\":\"ReadAction\",\"target\":[\"https:\/\/dpi-canada.com\/fr\/a-propos-de-nous\/volunteer-of-year-award\/\"]}]},{\"@type\":\"BreadcrumbList\",\"@id\":\"https:\/\/dpi-canada.com\/fr\/a-propos-de-nous\/volunteer-of-year-award\/#breadcrumb\",\"itemListElement\":[{\"@type\":\"ListItem\",\"position\":1,\"name\":\"Home\",\"item\":\"https:\/\/dpi-canada.com\/fr\/\"},{\"@type\":\"ListItem\",\"position\":2,\"name\":\"Qui sommes-nous\",\"item\":\"https:\/\/dpi-canada.com\/fr\/a-propos-de-nous\/\"},{\"@type\":\"ListItem\",\"position\":3,\"name\":\"Prix et reconnaissance\",\"item\":\"https:\/\/dpi-canada.com\/fr\/a-propos-de-nous\/prix-et-reconnaissance\/\"},{\"@type\":\"ListItem\",\"position\":4,\"name\":\"Prix du b\u00e9n\u00e9vole de l\u2019ann\u00e9e Bob Charleau\"}]},{\"@type\":\"WebSite\",\"@id\":\"https:\/\/dpi-canada.com\/fr\/#website\",\"url\":\"https:\/\/dpi-canada.com\/fr\/\",\"name\":\"Association of Public Sector Information Professionals (DPI)\",\"description\":\"D\u00e9velopper le professionnalisme en informatique\",\"publisher\":{\"@id\":\"https:\/\/dpi-canada.com\/fr\/#organization\"},\"potentialAction\":[{\"@type\":\"SearchAction\",\"target\":{\"@type\":\"EntryPoint\",\"urlTemplate\":\"https:\/\/dpi-canada.com\/fr\/?s={search_term_string}\"},\"query-input\":{\"@type\":\"PropertyValueSpecification\",\"valueRequired\":true,\"valueName\":\"search_term_string\"}}],\"inLanguage\":\"fr-CA\"},{\"@type\":\"Organization\",\"@id\":\"https:\/\/dpi-canada.com\/fr\/#organization\",\"name\":\"Association of Public Sector Information Professionals (DPI)\",\"url\":\"https:\/\/dpi-canada.com\/fr\/\",\"logo\":{\"@type\":\"ImageObject\",\"inLanguage\":\"fr-CA\",\"@id\":\"https:\/\/dpi-canada.com\/fr\/#\/schema\/logo\/image\/\",\"url\":\"https:\/\/dpi-canada.com\/sites\/dpi-canada.com\/wp-content\/uploads\/DPI_Social.jpg\",\"contentUrl\":\"https:\/\/dpi-canada.com\/sites\/dpi-canada.com\/wp-content\/uploads\/DPI_Social.jpg\",\"width\":1100,\"height\":1100,\"caption\":\"Association of Public Sector Information Professionals (DPI)\"},\"image\":{\"@id\":\"https:\/\/dpi-canada.com\/fr\/#\/schema\/logo\/image\/\"},\"sameAs\":[\"https:\/\/x.com\/dpi_canada\",\"http:\/\/www.linkedin.com\/company\/dpi--association-of-public-sector-information-professionals\"]}]}<\/script>\n<!-- \/ Yoast SEO plugin. -->","yoast_head_json":{"title":"Prix du b\u00e9n\u00e9vole de l\u2019ann\u00e9e Bob Charleau -","robots":{"index":"index","follow":"follow","max-snippet":"max-snippet:-1","max-image-preview":"max-image-preview:large","max-video-preview":"max-video-preview:-1"},"canonical":"https:\/\/dpi-canada.com\/fr\/a-propos-de-nous\/volunteer-of-year-award\/","og_locale":"fr_CA","og_type":"article","og_title":"Prix du b\u00e9n\u00e9vole de l\u2019ann\u00e9e Bob Charleau -","og_description":"Depuis sa cr\u00e9ation en 2021, le prix du b\u00e9n\u00e9vole de l&#8217;ann\u00e9e Bob\u00a0Charleau rend hommage \u00e0 une personne qui apporte une contribution exceptionnelle \u00e0 l&#8217;Association des professionnels de l&#8217;information du secteur public (DPI) en offrant un nombre impressionnant d&#8217;heures de b\u00e9n\u00e9volat et en d\u00e9montrant un engagement, une coop\u00e9ration, de la cr\u00e9ativit\u00e9 et un leadership exceptionnels hors [&hellip;]","og_url":"https:\/\/dpi-canada.com\/fr\/a-propos-de-nous\/volunteer-of-year-award\/","og_site_name":"DPI","article_modified_time":"2025-12-04T17:28:31+00:00","twitter_card":"summary_large_image","twitter_site":"@dpi_canada","twitter_misc":{"Est. reading time":"3 minutes"},"schema":{"@context":"https:\/\/schema.org","@graph":[{"@type":"WebPage","@id":"https:\/\/dpi-canada.com\/fr\/a-propos-de-nous\/volunteer-of-year-award\/","url":"https:\/\/dpi-canada.com\/fr\/a-propos-de-nous\/volunteer-of-year-award\/","name":"Prix du b\u00e9n\u00e9vole de l\u2019ann\u00e9e Bob Charleau -","isPartOf":{"@id":"https:\/\/dpi-canada.com\/fr\/#website"},"datePublished":"2022-01-19T18:26:15+00:00","dateModified":"2025-12-04T17:28:31+00:00","breadcrumb":{"@id":"https:\/\/dpi-canada.com\/fr\/a-propos-de-nous\/volunteer-of-year-award\/#breadcrumb"},"inLanguage":"fr-CA","potentialAction":[{"@type":"ReadAction","target":["https:\/\/dpi-canada.com\/fr\/a-propos-de-nous\/volunteer-of-year-award\/"]}]},{"@type":"BreadcrumbList","@id":"https:\/\/dpi-canada.com\/fr\/a-propos-de-nous\/volunteer-of-year-award\/#breadcrumb","itemListElement":[{"@type":"ListItem","position":1,"name":"Home","item":"https:\/\/dpi-canada.com\/fr\/"},{"@type":"ListItem","position":2,"name":"Qui sommes-nous","item":"https:\/\/dpi-canada.com\/fr\/a-propos-de-nous\/"},{"@type":"ListItem","position":3,"name":"Prix et reconnaissance","item":"https:\/\/dpi-canada.com\/fr\/a-propos-de-nous\/prix-et-reconnaissance\/"},{"@type":"ListItem","position":4,"name":"Prix du b\u00e9n\u00e9vole de l\u2019ann\u00e9e Bob Charleau"}]},{"@type":"WebSite","@id":"https:\/\/dpi-canada.com\/fr\/#website","url":"https:\/\/dpi-canada.com\/fr\/","name":"Association of Public Sector Information Professionals (DPI)","description":"D\u00e9velopper le professionnalisme en informatique","publisher":{"@id":"https:\/\/dpi-canada.com\/fr\/#organization"},"potentialAction":[{"@type":"SearchAction","target":{"@type":"EntryPoint","urlTemplate":"https:\/\/dpi-canada.com\/fr\/?s={search_term_string}"},"query-input":{"@type":"PropertyValueSpecification","valueRequired":true,"valueName":"search_term_string"}}],"inLanguage":"fr-CA"},{"@type":"Organization","@id":"https:\/\/dpi-canada.com\/fr\/#organization","name":"Association of Public Sector Information Professionals (DPI)","url":"https:\/\/dpi-canada.com\/fr\/","logo":{"@type":"ImageObject","inLanguage":"fr-CA","@id":"https:\/\/dpi-canada.com\/fr\/#\/schema\/logo\/image\/","url":"https:\/\/dpi-canada.com\/sites\/dpi-canada.com\/wp-content\/uploads\/DPI_Social.jpg","contentUrl":"https:\/\/dpi-canada.com\/sites\/dpi-canada.com\/wp-content\/uploads\/DPI_Social.jpg","width":1100,"height":1100,"caption":"Association of Public Sector Information Professionals (DPI)"},"image":{"@id":"https:\/\/dpi-canada.com\/fr\/#\/schema\/logo\/image\/"},"sameAs":["https:\/\/x.com\/dpi_canada","http:\/\/www.linkedin.com\/company\/dpi--association-of-public-sector-information-professionals"]}]}},"_links":{"self":[{"href":"https:\/\/dpi-canada.com\/fr\/wp-json\/wp\/v2\/pages\/6708","targetHints":{"allow":["GET"]}}],"collection":[{"href":"https:\/\/dpi-canada.com\/fr\/wp-json\/wp\/v2\/pages"}],"about":[{"href":"https:\/\/dpi-canada.com\/fr\/wp-json\/wp\/v2\/types\/page"}],"author":[{"embeddable":true,"href":"https:\/\/dpi-canada.com\/fr\/wp-json\/wp\/v2\/users\/6"}],"replies":[{"embeddable":true,"href":"https:\/\/dpi-canada.com\/fr\/wp-json\/wp\/v2\/comments?post=6708"}],"version-history":[{"count":3,"href":"https:\/\/dpi-canada.com\/fr\/wp-json\/wp\/v2\/pages\/6708\/revisions"}],"predecessor-version":[{"id":9732,"href":"https:\/\/dpi-canada.com\/fr\/wp-json\/wp\/v2\/pages\/6708\/revisions\/9732"}],"up":[{"embeddable":true,"href":"https:\/\/dpi-canada.com\/fr\/wp-json\/wp\/v2\/pages\/583"}],"wp:attachment":[{"href":"https:\/\/dpi-canada.com\/fr\/wp-json\/wp\/v2\/media?parent=6708"}],"curies":[{"name":"wp","href":"https:\/\/api.w.org\/{rel}","templated":true}]}}