{"id":6824,"date":"2022-02-10T14:54:24","date_gmt":"2022-02-10T19:54:24","guid":{"rendered":"https:\/\/dpi-canada.com\/?page_id=6824"},"modified":"2025-11-05T10:57:22","modified_gmt":"2025-11-05T15:57:22","slug":"digital-government-community-awards","status":"publish","type":"page","link":"https:\/\/dpi-canada.com\/fr\/a-propos-de-nous\/prix-et-reconnaissance\/digital-government-community-awards\/","title":{"rendered":"Prix de la collectivit\u00e9 du num\u00e9rique du gouvernement"},"content":{"rendered":"<p>Ces prix r\u00e9compensent l\u2019excellence dans l\u2019obtention de r\u00e9sultats pour les Canadiens et les Canadiennes. Ils c\u00e9l\u00e8brent les r\u00e9alisations, les initiatives importantes et les contributions exceptionnelles de la collectivit\u00e9 du num\u00e9rique. Ils mettent en \u00e9vidence l\u2019utilisation d\u2019outils num\u00e9riques et de pratiques exemplaires dans la r\u00e9alisation de\u00a0<a href=\"https:\/\/www.canada.ca\/fr\/gouvernement\/systeme\/gouvernement-numerique\/collectivite-gcnumerique\/reseautage-evenements\/prix-collectivite-numerique-gouvernement.html\" target=\"_blank\" rel=\"noopener\">l\u2019Ambition num\u00e9rique du gouvernement du Canada<\/a>.<\/p>\n<p><strong>Les candidatures aux Prix pour 2026 peuvent \u00eatre soumises jusqu\u2019au 16 f\u00e9vrier \u00e0 23 h 59, heure normale de l\u2019Est.<\/strong><\/p>\n<p>Pour obtenir de plus amples renseignements sur les Prix de la collectivit\u00e9 du num\u00e9rique du gouvernement,\u00a0 veuillez consulter le <a href=\"https:\/\/www.canada.ca\/fr\/gouvernement\/systeme\/gouvernement-numerique\/collectivite-gcnumerique\/reseautage-evenements\/prix-collectivite-numerique-gouvernement.html\" target=\"_blank\" rel=\"noopener\">site web<\/a> ou communiquer par courriel avec l\u2019\u00e9quipe des prix num\u00e9riques \u00e0\u00a0l\u2019adresse suivante\u00a0:\u00a0 <a href=\"mailto:digitalawardsprixnumeriques@tbs-sct.gc.ca\">digitalawardsprixnumeriques@tbs-sct.gc.ca<\/a>.<\/p>\n","protected":false},"excerpt":{"rendered":"<p>Ces prix r\u00e9compensent l\u2019excellence dans l\u2019obtention de r\u00e9sultats pour les Canadiens et les Canadiennes. Ils c\u00e9l\u00e8brent les r\u00e9alisations, les initiatives importantes et les contributions exceptionnelles de la collectivit\u00e9 du num\u00e9rique. Ils mettent en \u00e9vidence l\u2019utilisation d\u2019outils num\u00e9riques et de pratiques exemplaires dans la r\u00e9alisation de\u00a0l\u2019Ambition num\u00e9rique du gouvernement du Canada. Les candidatures aux Prix pour [&hellip;]<\/p>\n","protected":false},"author":6,"featured_media":0,"parent":660,"menu_order":0,"comment_status":"closed","ping_status":"closed","template":"subpage.php","meta":{"_acf_changed":false,"footnotes":""},"class_list":["post-6824","page","type-page","status-publish","hentry"],"acf":[],"yoast_head":"<!-- This site is optimized with the Yoast SEO plugin v27.3 - https:\/\/yoast.com\/product\/yoast-seo-wordpress\/ -->\n<title>Prix de la collectivit\u00e9 du num\u00e9rique du gouvernement -<\/title>\n<meta name=\"robots\" content=\"index, follow, max-snippet:-1, max-image-preview:large, max-video-preview:-1\" \/>\n<link rel=\"canonical\" href=\"https:\/\/dpi-canada.com\/fr\/a-propos-de-nous\/prix-et-reconnaissance\/digital-government-community-awards\/\" \/>\n<meta property=\"og:locale\" content=\"fr_CA\" \/>\n<meta property=\"og:type\" content=\"article\" \/>\n<meta property=\"og:title\" content=\"Prix de la collectivit\u00e9 du num\u00e9rique du gouvernement -\" \/>\n<meta property=\"og:description\" content=\"Ces prix r\u00e9compensent l\u2019excellence dans l\u2019obtention de r\u00e9sultats pour les Canadiens et les Canadiennes. Ils c\u00e9l\u00e8brent les r\u00e9alisations, les initiatives importantes et les contributions exceptionnelles de la collectivit\u00e9 du num\u00e9rique. Ils mettent en \u00e9vidence l\u2019utilisation d\u2019outils num\u00e9riques et de pratiques exemplaires dans la r\u00e9alisation de\u00a0l\u2019Ambition num\u00e9rique du gouvernement du Canada. Les candidatures aux Prix pour [&hellip;]\" \/>\n<meta property=\"og:url\" content=\"https:\/\/dpi-canada.com\/fr\/a-propos-de-nous\/prix-et-reconnaissance\/digital-government-community-awards\/\" \/>\n<meta property=\"og:site_name\" content=\"DPI\" \/>\n<meta property=\"article:modified_time\" content=\"2025-11-05T15:57:22+00:00\" \/>\n<meta name=\"twitter:card\" content=\"summary_large_image\" \/>\n<meta name=\"twitter:site\" content=\"@dpi_canada\" \/>\n<meta name=\"twitter:label1\" content=\"Est. reading time\" \/>\n\t<meta name=\"twitter:data1\" content=\"1 minute\" \/>\n<script type=\"application\/ld+json\" class=\"yoast-schema-graph\">{\"@context\":\"https:\\\/\\\/schema.org\",\"@graph\":[{\"@type\":\"WebPage\",\"@id\":\"https:\\\/\\\/dpi-canada.com\\\/fr\\\/a-propos-de-nous\\\/prix-et-reconnaissance\\\/digital-government-community-awards\\\/\",\"url\":\"https:\\\/\\\/dpi-canada.com\\\/fr\\\/a-propos-de-nous\\\/prix-et-reconnaissance\\\/digital-government-community-awards\\\/\",\"name\":\"Prix de la collectivit\u00e9 du num\u00e9rique du gouvernement -\",\"isPartOf\":{\"@id\":\"https:\\\/\\\/dpi-canada.com\\\/fr\\\/#website\"},\"datePublished\":\"2022-02-10T19:54:24+00:00\",\"dateModified\":\"2025-11-05T15:57:22+00:00\",\"breadcrumb\":{\"@id\":\"https:\\\/\\\/dpi-canada.com\\\/fr\\\/a-propos-de-nous\\\/prix-et-reconnaissance\\\/digital-government-community-awards\\\/#breadcrumb\"},\"inLanguage\":\"fr-CA\",\"potentialAction\":[{\"@type\":\"ReadAction\",\"target\":[\"https:\\\/\\\/dpi-canada.com\\\/fr\\\/a-propos-de-nous\\\/prix-et-reconnaissance\\\/digital-government-community-awards\\\/\"]}]},{\"@type\":\"BreadcrumbList\",\"@id\":\"https:\\\/\\\/dpi-canada.com\\\/fr\\\/a-propos-de-nous\\\/prix-et-reconnaissance\\\/digital-government-community-awards\\\/#breadcrumb\",\"itemListElement\":[{\"@type\":\"ListItem\",\"position\":1,\"name\":\"Home\",\"item\":\"https:\\\/\\\/dpi-canada.com\\\/fr\\\/\"},{\"@type\":\"ListItem\",\"position\":2,\"name\":\"Qui sommes-nous\",\"item\":\"https:\\\/\\\/dpi-canada.com\\\/fr\\\/a-propos-de-nous\\\/\"},{\"@type\":\"ListItem\",\"position\":3,\"name\":\"Prix et reconnaissance\",\"item\":\"https:\\\/\\\/dpi-canada.com\\\/fr\\\/a-propos-de-nous\\\/prix-et-reconnaissance\\\/\"},{\"@type\":\"ListItem\",\"position\":4,\"name\":\"Prix de la collectivit\u00e9 du num\u00e9rique du gouvernement\"}]},{\"@type\":\"WebSite\",\"@id\":\"https:\\\/\\\/dpi-canada.com\\\/fr\\\/#website\",\"url\":\"https:\\\/\\\/dpi-canada.com\\\/fr\\\/\",\"name\":\"Association of Public Sector Information Professionals (DPI)\",\"description\":\"D\u00e9velopper le professionnalisme en informatique\",\"publisher\":{\"@id\":\"https:\\\/\\\/dpi-canada.com\\\/fr\\\/#organization\"},\"potentialAction\":[{\"@type\":\"SearchAction\",\"target\":{\"@type\":\"EntryPoint\",\"urlTemplate\":\"https:\\\/\\\/dpi-canada.com\\\/fr\\\/?s={search_term_string}\"},\"query-input\":{\"@type\":\"PropertyValueSpecification\",\"valueRequired\":true,\"valueName\":\"search_term_string\"}}],\"inLanguage\":\"fr-CA\"},{\"@type\":\"Organization\",\"@id\":\"https:\\\/\\\/dpi-canada.com\\\/fr\\\/#organization\",\"name\":\"Association of Public Sector Information Professionals (DPI)\",\"url\":\"https:\\\/\\\/dpi-canada.com\\\/fr\\\/\",\"logo\":{\"@type\":\"ImageObject\",\"inLanguage\":\"fr-CA\",\"@id\":\"https:\\\/\\\/dpi-canada.com\\\/fr\\\/#\\\/schema\\\/logo\\\/image\\\/\",\"url\":\"https:\\\/\\\/dpi-canada.com\\\/sites\\\/dpi-canada.com\\\/wp-content\\\/uploads\\\/DPI_Social.jpg\",\"contentUrl\":\"https:\\\/\\\/dpi-canada.com\\\/sites\\\/dpi-canada.com\\\/wp-content\\\/uploads\\\/DPI_Social.jpg\",\"width\":1100,\"height\":1100,\"caption\":\"Association of Public Sector Information Professionals (DPI)\"},\"image\":{\"@id\":\"https:\\\/\\\/dpi-canada.com\\\/fr\\\/#\\\/schema\\\/logo\\\/image\\\/\"},\"sameAs\":[\"https:\\\/\\\/x.com\\\/dpi_canada\",\"http:\\\/\\\/www.linkedin.com\\\/company\\\/dpi--association-of-public-sector-information-professionals\"]}]}<\/script>\n<!-- \/ Yoast SEO plugin. -->","yoast_head_json":{"title":"Prix de la collectivit\u00e9 du num\u00e9rique du gouvernement -","robots":{"index":"index","follow":"follow","max-snippet":"max-snippet:-1","max-image-preview":"max-image-preview:large","max-video-preview":"max-video-preview:-1"},"canonical":"https:\/\/dpi-canada.com\/fr\/a-propos-de-nous\/prix-et-reconnaissance\/digital-government-community-awards\/","og_locale":"fr_CA","og_type":"article","og_title":"Prix de la collectivit\u00e9 du num\u00e9rique du gouvernement -","og_description":"Ces prix r\u00e9compensent l\u2019excellence dans l\u2019obtention de r\u00e9sultats pour les Canadiens et les Canadiennes. Ils c\u00e9l\u00e8brent les r\u00e9alisations, les initiatives importantes et les contributions exceptionnelles de la collectivit\u00e9 du num\u00e9rique. Ils mettent en \u00e9vidence l\u2019utilisation d\u2019outils num\u00e9riques et de pratiques exemplaires dans la r\u00e9alisation de\u00a0l\u2019Ambition num\u00e9rique du gouvernement du Canada. Les candidatures aux Prix pour [&hellip;]","og_url":"https:\/\/dpi-canada.com\/fr\/a-propos-de-nous\/prix-et-reconnaissance\/digital-government-community-awards\/","og_site_name":"DPI","article_modified_time":"2025-11-05T15:57:22+00:00","twitter_card":"summary_large_image","twitter_site":"@dpi_canada","twitter_misc":{"Est. reading time":"1 minute"},"schema":{"@context":"https:\/\/schema.org","@graph":[{"@type":"WebPage","@id":"https:\/\/dpi-canada.com\/fr\/a-propos-de-nous\/prix-et-reconnaissance\/digital-government-community-awards\/","url":"https:\/\/dpi-canada.com\/fr\/a-propos-de-nous\/prix-et-reconnaissance\/digital-government-community-awards\/","name":"Prix de la collectivit\u00e9 du num\u00e9rique du gouvernement -","isPartOf":{"@id":"https:\/\/dpi-canada.com\/fr\/#website"},"datePublished":"2022-02-10T19:54:24+00:00","dateModified":"2025-11-05T15:57:22+00:00","breadcrumb":{"@id":"https:\/\/dpi-canada.com\/fr\/a-propos-de-nous\/prix-et-reconnaissance\/digital-government-community-awards\/#breadcrumb"},"inLanguage":"fr-CA","potentialAction":[{"@type":"ReadAction","target":["https:\/\/dpi-canada.com\/fr\/a-propos-de-nous\/prix-et-reconnaissance\/digital-government-community-awards\/"]}]},{"@type":"BreadcrumbList","@id":"https:\/\/dpi-canada.com\/fr\/a-propos-de-nous\/prix-et-reconnaissance\/digital-government-community-awards\/#breadcrumb","itemListElement":[{"@type":"ListItem","position":1,"name":"Home","item":"https:\/\/dpi-canada.com\/fr\/"},{"@type":"ListItem","position":2,"name":"Qui sommes-nous","item":"https:\/\/dpi-canada.com\/fr\/a-propos-de-nous\/"},{"@type":"ListItem","position":3,"name":"Prix et reconnaissance","item":"https:\/\/dpi-canada.com\/fr\/a-propos-de-nous\/prix-et-reconnaissance\/"},{"@type":"ListItem","position":4,"name":"Prix de la collectivit\u00e9 du num\u00e9rique du gouvernement"}]},{"@type":"WebSite","@id":"https:\/\/dpi-canada.com\/fr\/#website","url":"https:\/\/dpi-canada.com\/fr\/","name":"Association of Public Sector Information Professionals (DPI)","description":"D\u00e9velopper le professionnalisme en informatique","publisher":{"@id":"https:\/\/dpi-canada.com\/fr\/#organization"},"potentialAction":[{"@type":"SearchAction","target":{"@type":"EntryPoint","urlTemplate":"https:\/\/dpi-canada.com\/fr\/?s={search_term_string}"},"query-input":{"@type":"PropertyValueSpecification","valueRequired":true,"valueName":"search_term_string"}}],"inLanguage":"fr-CA"},{"@type":"Organization","@id":"https:\/\/dpi-canada.com\/fr\/#organization","name":"Association of Public Sector Information Professionals (DPI)","url":"https:\/\/dpi-canada.com\/fr\/","logo":{"@type":"ImageObject","inLanguage":"fr-CA","@id":"https:\/\/dpi-canada.com\/fr\/#\/schema\/logo\/image\/","url":"https:\/\/dpi-canada.com\/sites\/dpi-canada.com\/wp-content\/uploads\/DPI_Social.jpg","contentUrl":"https:\/\/dpi-canada.com\/sites\/dpi-canada.com\/wp-content\/uploads\/DPI_Social.jpg","width":1100,"height":1100,"caption":"Association of Public Sector Information Professionals (DPI)"},"image":{"@id":"https:\/\/dpi-canada.com\/fr\/#\/schema\/logo\/image\/"},"sameAs":["https:\/\/x.com\/dpi_canada","http:\/\/www.linkedin.com\/company\/dpi--association-of-public-sector-information-professionals"]}]}},"_links":{"self":[{"href":"https:\/\/dpi-canada.com\/fr\/wp-json\/wp\/v2\/pages\/6824","targetHints":{"allow":["GET"]}}],"collection":[{"href":"https:\/\/dpi-canada.com\/fr\/wp-json\/wp\/v2\/pages"}],"about":[{"href":"https:\/\/dpi-canada.com\/fr\/wp-json\/wp\/v2\/types\/page"}],"author":[{"embeddable":true,"href":"https:\/\/dpi-canada.com\/fr\/wp-json\/wp\/v2\/users\/6"}],"replies":[{"embeddable":true,"href":"https:\/\/dpi-canada.com\/fr\/wp-json\/wp\/v2\/comments?post=6824"}],"version-history":[{"count":3,"href":"https:\/\/dpi-canada.com\/fr\/wp-json\/wp\/v2\/pages\/6824\/revisions"}],"predecessor-version":[{"id":9703,"href":"https:\/\/dpi-canada.com\/fr\/wp-json\/wp\/v2\/pages\/6824\/revisions\/9703"}],"up":[{"embeddable":true,"href":"https:\/\/dpi-canada.com\/fr\/wp-json\/wp\/v2\/pages\/660"}],"wp:attachment":[{"href":"https:\/\/dpi-canada.com\/fr\/wp-json\/wp\/v2\/media?parent=6824"}],"curies":[{"name":"wp","href":"https:\/\/api.w.org\/{rel}","templated":true}]}}