{"id":707,"date":"2018-03-20T23:56:08","date_gmt":"2018-03-21T03:56:08","guid":{"rendered":"http:\/\/dpi-canada.com\/?page_id=707"},"modified":"2018-10-04T15:42:13","modified_gmt":"2018-10-04T19:42:13","slug":"occasions-dallocution","status":"publish","type":"page","link":"https:\/\/dpi-canada.com\/fr\/evenements\/occasions-dallocution\/","title":{"rendered":"Occasions d\u2019allocution"},"content":{"rendered":"<p>Si vous\u00a0souhaitez participer \u00e0 l\u2019une de nos activit\u00e9s en tant que conf\u00e9rencier ou si vous d\u00e9sirez proposer un sujet ou un conf\u00e9rencier, vous pouvez communiquer avec l\u2019\u00e9quipe des programmes par courriel \u00e0\u00a0<a href=\"mailto:program@dpi-canada.com\">program@dpi-canada.com<\/a>.\u00a0Veuillez indiquer votre d\u00e9sir d&#8217;offrir\u00a0une\u00a0pr\u00e9sentation, de m\u00eame que des renseignements\u00a0g\u00e9n\u00e9raux\u00a0qui d\u00e9crivent le sujet et la mati\u00e8re que vous d\u00e9sirez traiter.<\/p>\n<p>&nbsp;<\/p>\n","protected":false},"excerpt":{"rendered":"<p>Si vous\u00a0souhaitez participer \u00e0 l\u2019une de nos activit\u00e9s en tant que conf\u00e9rencier ou si vous d\u00e9sirez proposer un sujet ou un conf\u00e9rencier, vous pouvez communiquer avec l\u2019\u00e9quipe des programmes par courriel \u00e0\u00a0program@dpi-canada.com.\u00a0Veuillez indiquer votre d\u00e9sir d&#8217;offrir\u00a0une\u00a0pr\u00e9sentation, de m\u00eame que des renseignements\u00a0g\u00e9n\u00e9raux\u00a0qui d\u00e9crivent le sujet et la mati\u00e8re que vous d\u00e9sirez traiter. &nbsp;<\/p>\n","protected":false},"author":6,"featured_media":0,"parent":697,"menu_order":4,"comment_status":"closed","ping_status":"closed","template":"subpage.php","meta":{"_acf_changed":false,"footnotes":""},"class_list":["post-707","page","type-page","status-publish","hentry"],"acf":[],"yoast_head":"<!-- This site is optimized with the Yoast SEO plugin v27.3 - https:\/\/yoast.com\/product\/yoast-seo-wordpress\/ -->\n<title>Occasions d\u2019allocution -<\/title>\n<meta name=\"robots\" content=\"index, follow, max-snippet:-1, max-image-preview:large, max-video-preview:-1\" \/>\n<link rel=\"canonical\" href=\"https:\/\/dpi-canada.com\/fr\/evenements\/occasions-dallocution\/\" \/>\n<meta property=\"og:locale\" content=\"fr_CA\" \/>\n<meta property=\"og:type\" content=\"article\" \/>\n<meta property=\"og:title\" content=\"Occasions d\u2019allocution -\" \/>\n<meta property=\"og:description\" content=\"Si vous\u00a0souhaitez participer \u00e0 l\u2019une de nos activit\u00e9s en tant que conf\u00e9rencier ou si vous d\u00e9sirez proposer un sujet ou un conf\u00e9rencier, vous pouvez communiquer avec l\u2019\u00e9quipe des programmes par courriel \u00e0\u00a0program@dpi-canada.com.\u00a0Veuillez indiquer votre d\u00e9sir d&#8217;offrir\u00a0une\u00a0pr\u00e9sentation, de m\u00eame que des renseignements\u00a0g\u00e9n\u00e9raux\u00a0qui d\u00e9crivent le sujet et la mati\u00e8re que vous d\u00e9sirez traiter. &nbsp;\" \/>\n<meta property=\"og:url\" content=\"https:\/\/dpi-canada.com\/fr\/evenements\/occasions-dallocution\/\" \/>\n<meta property=\"og:site_name\" content=\"DPI\" \/>\n<meta property=\"article:modified_time\" content=\"2018-10-04T19:42:13+00:00\" \/>\n<meta name=\"twitter:card\" content=\"summary_large_image\" \/>\n<meta name=\"twitter:site\" content=\"@dpi_canada\" \/>\n<script type=\"application\/ld+json\" class=\"yoast-schema-graph\">{\"@context\":\"https:\\\/\\\/schema.org\",\"@graph\":[{\"@type\":\"WebPage\",\"@id\":\"https:\\\/\\\/dpi-canada.com\\\/fr\\\/evenements\\\/occasions-dallocution\\\/\",\"url\":\"https:\\\/\\\/dpi-canada.com\\\/fr\\\/evenements\\\/occasions-dallocution\\\/\",\"name\":\"Occasions d\u2019allocution -\",\"isPartOf\":{\"@id\":\"https:\\\/\\\/dpi-canada.com\\\/fr\\\/#website\"},\"datePublished\":\"2018-03-21T03:56:08+00:00\",\"dateModified\":\"2018-10-04T19:42:13+00:00\",\"breadcrumb\":{\"@id\":\"https:\\\/\\\/dpi-canada.com\\\/fr\\\/evenements\\\/occasions-dallocution\\\/#breadcrumb\"},\"inLanguage\":\"fr-CA\",\"potentialAction\":[{\"@type\":\"ReadAction\",\"target\":[\"https:\\\/\\\/dpi-canada.com\\\/fr\\\/evenements\\\/occasions-dallocution\\\/\"]}]},{\"@type\":\"BreadcrumbList\",\"@id\":\"https:\\\/\\\/dpi-canada.com\\\/fr\\\/evenements\\\/occasions-dallocution\\\/#breadcrumb\",\"itemListElement\":[{\"@type\":\"ListItem\",\"position\":1,\"name\":\"Home\",\"item\":\"https:\\\/\\\/dpi-canada.com\\\/fr\\\/\"},{\"@type\":\"ListItem\",\"position\":2,\"name\":\"\u00c9v\u00e9nements\",\"item\":\"https:\\\/\\\/dpi-canada.com\\\/fr\\\/evenements\\\/\"},{\"@type\":\"ListItem\",\"position\":3,\"name\":\"Occasions d\u2019allocution\"}]},{\"@type\":\"WebSite\",\"@id\":\"https:\\\/\\\/dpi-canada.com\\\/fr\\\/#website\",\"url\":\"https:\\\/\\\/dpi-canada.com\\\/fr\\\/\",\"name\":\"Association of Public Sector Information Professionals (DPI)\",\"description\":\"D\u00e9velopper le professionnalisme en informatique\",\"publisher\":{\"@id\":\"https:\\\/\\\/dpi-canada.com\\\/fr\\\/#organization\"},\"potentialAction\":[{\"@type\":\"SearchAction\",\"target\":{\"@type\":\"EntryPoint\",\"urlTemplate\":\"https:\\\/\\\/dpi-canada.com\\\/fr\\\/?s={search_term_string}\"},\"query-input\":{\"@type\":\"PropertyValueSpecification\",\"valueRequired\":true,\"valueName\":\"search_term_string\"}}],\"inLanguage\":\"fr-CA\"},{\"@type\":\"Organization\",\"@id\":\"https:\\\/\\\/dpi-canada.com\\\/fr\\\/#organization\",\"name\":\"Association of Public Sector Information Professionals (DPI)\",\"url\":\"https:\\\/\\\/dpi-canada.com\\\/fr\\\/\",\"logo\":{\"@type\":\"ImageObject\",\"inLanguage\":\"fr-CA\",\"@id\":\"https:\\\/\\\/dpi-canada.com\\\/fr\\\/#\\\/schema\\\/logo\\\/image\\\/\",\"url\":\"https:\\\/\\\/dpi-canada.com\\\/sites\\\/dpi-canada.com\\\/wp-content\\\/uploads\\\/DPI_Social.jpg\",\"contentUrl\":\"https:\\\/\\\/dpi-canada.com\\\/sites\\\/dpi-canada.com\\\/wp-content\\\/uploads\\\/DPI_Social.jpg\",\"width\":1100,\"height\":1100,\"caption\":\"Association of Public Sector Information Professionals (DPI)\"},\"image\":{\"@id\":\"https:\\\/\\\/dpi-canada.com\\\/fr\\\/#\\\/schema\\\/logo\\\/image\\\/\"},\"sameAs\":[\"https:\\\/\\\/x.com\\\/dpi_canada\",\"http:\\\/\\\/www.linkedin.com\\\/company\\\/dpi--association-of-public-sector-information-professionals\"]}]}<\/script>\n<!-- \/ Yoast SEO plugin. -->","yoast_head_json":{"title":"Occasions d\u2019allocution -","robots":{"index":"index","follow":"follow","max-snippet":"max-snippet:-1","max-image-preview":"max-image-preview:large","max-video-preview":"max-video-preview:-1"},"canonical":"https:\/\/dpi-canada.com\/fr\/evenements\/occasions-dallocution\/","og_locale":"fr_CA","og_type":"article","og_title":"Occasions d\u2019allocution -","og_description":"Si vous\u00a0souhaitez participer \u00e0 l\u2019une de nos activit\u00e9s en tant que conf\u00e9rencier ou si vous d\u00e9sirez proposer un sujet ou un conf\u00e9rencier, vous pouvez communiquer avec l\u2019\u00e9quipe des programmes par courriel \u00e0\u00a0program@dpi-canada.com.\u00a0Veuillez indiquer votre d\u00e9sir d&#8217;offrir\u00a0une\u00a0pr\u00e9sentation, de m\u00eame que des renseignements\u00a0g\u00e9n\u00e9raux\u00a0qui d\u00e9crivent le sujet et la mati\u00e8re que vous d\u00e9sirez traiter. &nbsp;","og_url":"https:\/\/dpi-canada.com\/fr\/evenements\/occasions-dallocution\/","og_site_name":"DPI","article_modified_time":"2018-10-04T19:42:13+00:00","twitter_card":"summary_large_image","twitter_site":"@dpi_canada","schema":{"@context":"https:\/\/schema.org","@graph":[{"@type":"WebPage","@id":"https:\/\/dpi-canada.com\/fr\/evenements\/occasions-dallocution\/","url":"https:\/\/dpi-canada.com\/fr\/evenements\/occasions-dallocution\/","name":"Occasions d\u2019allocution -","isPartOf":{"@id":"https:\/\/dpi-canada.com\/fr\/#website"},"datePublished":"2018-03-21T03:56:08+00:00","dateModified":"2018-10-04T19:42:13+00:00","breadcrumb":{"@id":"https:\/\/dpi-canada.com\/fr\/evenements\/occasions-dallocution\/#breadcrumb"},"inLanguage":"fr-CA","potentialAction":[{"@type":"ReadAction","target":["https:\/\/dpi-canada.com\/fr\/evenements\/occasions-dallocution\/"]}]},{"@type":"BreadcrumbList","@id":"https:\/\/dpi-canada.com\/fr\/evenements\/occasions-dallocution\/#breadcrumb","itemListElement":[{"@type":"ListItem","position":1,"name":"Home","item":"https:\/\/dpi-canada.com\/fr\/"},{"@type":"ListItem","position":2,"name":"\u00c9v\u00e9nements","item":"https:\/\/dpi-canada.com\/fr\/evenements\/"},{"@type":"ListItem","position":3,"name":"Occasions d\u2019allocution"}]},{"@type":"WebSite","@id":"https:\/\/dpi-canada.com\/fr\/#website","url":"https:\/\/dpi-canada.com\/fr\/","name":"Association of Public Sector Information Professionals (DPI)","description":"D\u00e9velopper le professionnalisme en informatique","publisher":{"@id":"https:\/\/dpi-canada.com\/fr\/#organization"},"potentialAction":[{"@type":"SearchAction","target":{"@type":"EntryPoint","urlTemplate":"https:\/\/dpi-canada.com\/fr\/?s={search_term_string}"},"query-input":{"@type":"PropertyValueSpecification","valueRequired":true,"valueName":"search_term_string"}}],"inLanguage":"fr-CA"},{"@type":"Organization","@id":"https:\/\/dpi-canada.com\/fr\/#organization","name":"Association of Public Sector Information Professionals (DPI)","url":"https:\/\/dpi-canada.com\/fr\/","logo":{"@type":"ImageObject","inLanguage":"fr-CA","@id":"https:\/\/dpi-canada.com\/fr\/#\/schema\/logo\/image\/","url":"https:\/\/dpi-canada.com\/sites\/dpi-canada.com\/wp-content\/uploads\/DPI_Social.jpg","contentUrl":"https:\/\/dpi-canada.com\/sites\/dpi-canada.com\/wp-content\/uploads\/DPI_Social.jpg","width":1100,"height":1100,"caption":"Association of Public Sector Information Professionals (DPI)"},"image":{"@id":"https:\/\/dpi-canada.com\/fr\/#\/schema\/logo\/image\/"},"sameAs":["https:\/\/x.com\/dpi_canada","http:\/\/www.linkedin.com\/company\/dpi--association-of-public-sector-information-professionals"]}]}},"_links":{"self":[{"href":"https:\/\/dpi-canada.com\/fr\/wp-json\/wp\/v2\/pages\/707","targetHints":{"allow":["GET"]}}],"collection":[{"href":"https:\/\/dpi-canada.com\/fr\/wp-json\/wp\/v2\/pages"}],"about":[{"href":"https:\/\/dpi-canada.com\/fr\/wp-json\/wp\/v2\/types\/page"}],"author":[{"embeddable":true,"href":"https:\/\/dpi-canada.com\/fr\/wp-json\/wp\/v2\/users\/6"}],"replies":[{"embeddable":true,"href":"https:\/\/dpi-canada.com\/fr\/wp-json\/wp\/v2\/comments?post=707"}],"version-history":[{"count":1,"href":"https:\/\/dpi-canada.com\/fr\/wp-json\/wp\/v2\/pages\/707\/revisions"}],"predecessor-version":[{"id":708,"href":"https:\/\/dpi-canada.com\/fr\/wp-json\/wp\/v2\/pages\/707\/revisions\/708"}],"up":[{"embeddable":true,"href":"https:\/\/dpi-canada.com\/fr\/wp-json\/wp\/v2\/pages\/697"}],"wp:attachment":[{"href":"https:\/\/dpi-canada.com\/fr\/wp-json\/wp\/v2\/media?parent=707"}],"curies":[{"name":"wp","href":"https:\/\/api.w.org\/{rel}","templated":true}]}}