{"id":7088,"date":"2022-06-22T14:13:27","date_gmt":"2022-06-22T18:13:27","guid":{"rendered":"https:\/\/dpi-canada.com\/?page_id=7088"},"modified":"2024-10-29T12:52:29","modified_gmt":"2024-10-29T16:52:29","slug":"spp-2022","status":"publish","type":"page","link":"https:\/\/dpi-canada.com\/fr\/spp\/spp-2022\/","title":{"rendered":"SPP 2022"},"content":{"rendered":"<h2><strong>SPP 2022<\/strong><\/h2>\n<h4><strong>Du 11 au 13 mai 2022<\/strong><br \/>\n<strong><em>Centre Shaw (Ottawa, Ontario, Canada) avec option virtuelle<\/em><\/strong><\/h4>\n<p><strong><span style=\"color: #00b0aa;\">Th\u00e8me : \u00ab <em>Ax\u00e9 sur les personnes; soutenu par les donn\u00e9es; orient\u00e9 vers les services \u00bb<\/em><\/span><\/strong><\/p>\n<p><a href=\"https:\/\/dpi-canada.com\/wp-content\/uploads\/PDW2022.pdf\"><img loading=\"lazy\" decoding=\"async\" class=\"alignright wp-image-6723\" src=\"https:\/\/dpi-canada.com\/sites\/dpi-canada.com\/wp-content\/uploads\/New_PDW2022.jpg\" alt=\"\" width=\"300\" height=\"390\" \/><\/a><br \/>\nDepuis plus de 50 ans, DPI capte la voix de la communaut\u00e9 de la gestion de l&#8217;information, des technologies de l&#8217;information et du num\u00e9rique du secteur public. Cette ann\u00e9e n\u2019est pas diff\u00e9rente des autres. Au cours des deux derni\u00e8res ann\u00e9es, tous nos secteurs d&#8217;activit\u00e9s ont d\u00fb relever de grands d\u00e9fis tout au long de la pand\u00e9mie de la COVID-19 en se tournant vers les services virtuels pour les Canadiens, le travail virtuel pour les employ\u00e9s, et l&#8217;\u00e9laboration rapide de services pour contrer la pand\u00e9mie. Notre Semaine de perfectionnement professionnel (SPP) annuelle se tiendra du 11 au 13 mai 2022 par le biais d\u2019un mode hybride. Cela signifie que nous serons de retour au Centre Shaw d\u2019Ottawa avec un plus petit nombre de d\u00e9l\u00e9gu\u00e9s et que nous diffuserons \u00e9galement les \u00e9v\u00e9nements de la SPP via notre plateforme en ligne.<\/p>\n<p>Le congr\u00e8s de la SPP apportera d\u2019importantes occasions d\u2019apprendre, de r\u00e9seauter et d\u2018entrer en communication avec des coll\u00e8gues de l\u2019industrie. C\u2019est pourquoi nous sommes ravis de lancer notre th\u00e8me : \u00ab <em>Ax\u00e9 sur les personnes; soutenu par les donn\u00e9es; orient\u00e9 vers les services<\/em> \u00bb. Cette ann\u00e9e, nous sommes impatients de vous pr\u00e9senter une vari\u00e9t\u00e9 des pr\u00e9sentations cl\u00e9s et de colloques pour vous d\u00e9montrer comment notre communaut\u00e9 du secteur public autonomise les employ\u00e9s, les fa\u00e7ons novatrices dont elle se sert des donn\u00e9es et, surtout, la fa\u00e7on dont notre communaut\u00e9 place le service public \u00e0 l&#8217;intention des Canadiens au centre de tout ce qu\u2019elle accomplit.<\/p>\n<p>Nos colloques porteront sur des sujets qui tiennent \u00e0 c\u0153ur \u00e0 nos affili\u00e9s, comme les technologies, l&#8217;exploitation de ses talents et de ses comp\u00e9tences, la sant\u00e9 mentale, de m\u00eame que l\u2019importance de la diversit\u00e9 et de l\u2019inclusion.<\/p>\n<hr \/>\n<p><script src=\"https:\/\/static.pheedloop.com\/static\/embed\/embed.js\"><span style=\"display: inline-block; width: 0px; overflow: hidden; line-height: 0;\" data-mce-type=\"bookmark\" class=\"mce_SELRES_start\">\ufeff<\/span><\/script><br \/>\n<a class=\"pheedloop-popup-111880 popup-btn\">Speaker Cards<\/a><\/p>\n<div id=\"pheedloop-embed-111880\"><\/div>\n<p><script type=\"text\/javascript\">\n  createSection({\n    event: 'PDW2022',\n    section: '111880',\n    height: 2000,\n    resize: true,\n    popup: false,\n  });\n<\/script><\/p>\n<hr \/>\n<div id=\"pos_content\" class=\"cms_position\">\n<div id=\"mod_377\" class=\"cms_module\">\n<h3 id=\"pagetitle\">Au sujet de la SPP<\/h3>\n<p>Chaque ann\u00e9e, DPI tient son Semaine du perfectionnement professionnel (SPP), un \u00e9v\u00e9nement formatif de premier ordre pour les professionnels de la <span id=\"result_box\" class=\"short_text\" lang=\"fr\" xml:lang=\"fr\">GI \/ TI<\/span>. Pr\u00e8s de 1 000 d\u00e9l\u00e9gu\u00e9s participent \u00e0 la SPP, qu\u2019il s\u2019agisse d\u2019analystes techniques, de responsables de l\u2019\u00e9laboration des politiques ou de cadres de direction; ils partagent tous un but commun: l\u2019auto-perfectionnement.<\/p>\n<p>Les d\u00e9l\u00e9gu\u00e9s participent au congr\u00e8s pour son savant et fructueux cocktail de technologie et de gestion pour aboutir \u00e0 une connaissance approfondie des affaires, de la technologie et de l\u2019aspect humain de la <span id=\"result_box\" class=\"short_text\" lang=\"fr\" xml:lang=\"fr\">GI \/ TI<\/span>. La SPP inculque une vision de la technologie courante et des tendances en gestion, du secteur public de la <span id=\"result_box\" class=\"short_text\" lang=\"fr\" xml:lang=\"fr\">GI \/ TI<\/span>, ainsi que les outils et les m\u00e9thodes pour survivre, r\u00e9ussir et se d\u00e9marquer dans un milieu de plus en plus complexe. Tout cela jumel\u00e9 \u00e0 des occasions sociales et de r\u00e9seautage, ainsi qu\u2019\u00e0 une superbe activit\u00e9 sociale et un d\u00eener-conf\u00e9rence. Nous sommes persuad\u00e9s que la SPP est votre meilleur rapport qualit\u00e9-prix en \u00e9change de votre budget de formation et nous encourageons fortement les employ\u00e9s d\u2019inscrire la SPP \u00e0 leur plan de formation annuel et aux gestionnaires d\u2019endosser cette participation.<\/p>\n<\/div>\n<\/div>\n","protected":false},"excerpt":{"rendered":"<p>SPP 2022 Du 11 au 13 mai 2022 Centre Shaw (Ottawa, Ontario, Canada) avec option virtuelle Th\u00e8me : \u00ab Ax\u00e9 sur les personnes; soutenu par les donn\u00e9es; orient\u00e9 vers les services \u00bb Depuis plus de 50 ans, DPI capte la voix de la communaut\u00e9 de la gestion de l&#8217;information, des technologies de l&#8217;information et du [&hellip;]<\/p>\n","protected":false},"author":6,"featured_media":0,"parent":723,"menu_order":0,"comment_status":"closed","ping_status":"closed","template":"subpage.php","meta":{"_acf_changed":false,"footnotes":""},"class_list":["post-7088","page","type-page","status-publish","hentry"],"acf":[],"yoast_head":"<!-- This site is optimized with the Yoast SEO plugin v27.2 - https:\/\/yoast.com\/product\/yoast-seo-wordpress\/ -->\n<title>SPP 2022 -<\/title>\n<meta name=\"robots\" content=\"index, follow, max-snippet:-1, max-image-preview:large, max-video-preview:-1\" \/>\n<link rel=\"canonical\" href=\"https:\/\/dpi-canada.com\/fr\/spp\/spp-2022\/\" \/>\n<meta property=\"og:locale\" content=\"fr_CA\" \/>\n<meta property=\"og:type\" content=\"article\" \/>\n<meta property=\"og:title\" content=\"SPP 2022 -\" \/>\n<meta property=\"og:description\" content=\"SPP 2022 Du 11 au 13 mai 2022 Centre Shaw (Ottawa, Ontario, Canada) avec option virtuelle Th\u00e8me : \u00ab Ax\u00e9 sur les personnes; soutenu par les donn\u00e9es; orient\u00e9 vers les services \u00bb Depuis plus de 50 ans, DPI capte la voix de la communaut\u00e9 de la gestion de l&#8217;information, des technologies de l&#8217;information et du [&hellip;]\" \/>\n<meta property=\"og:url\" content=\"https:\/\/dpi-canada.com\/fr\/spp\/spp-2022\/\" \/>\n<meta property=\"og:site_name\" content=\"DPI\" \/>\n<meta property=\"article:modified_time\" content=\"2024-10-29T16:52:29+00:00\" \/>\n<meta property=\"og:image\" content=\"https:\/\/dpi-canada.com\/sites\/dpi-canada.com\/wp-content\/uploads\/New_PDW2022.jpg\" \/>\n<meta name=\"twitter:card\" content=\"summary_large_image\" \/>\n<meta name=\"twitter:site\" content=\"@dpi_canada\" \/>\n<meta name=\"twitter:label1\" content=\"Est. reading time\" \/>\n\t<meta name=\"twitter:data1\" content=\"3 minutes\" \/>\n<script type=\"application\/ld+json\" class=\"yoast-schema-graph\">{\"@context\":\"https:\/\/schema.org\",\"@graph\":[{\"@type\":\"WebPage\",\"@id\":\"https:\/\/dpi-canada.com\/fr\/spp\/spp-2022\/\",\"url\":\"https:\/\/dpi-canada.com\/fr\/spp\/spp-2022\/\",\"name\":\"SPP 2022 -\",\"isPartOf\":{\"@id\":\"https:\/\/dpi-canada.com\/fr\/#website\"},\"primaryImageOfPage\":{\"@id\":\"https:\/\/dpi-canada.com\/fr\/spp\/spp-2022\/#primaryimage\"},\"image\":{\"@id\":\"https:\/\/dpi-canada.com\/fr\/spp\/spp-2022\/#primaryimage\"},\"thumbnailUrl\":\"https:\/\/dpi-canada.com\/sites\/dpi-canada.com\/wp-content\/uploads\/New_PDW2022.jpg\",\"datePublished\":\"2022-06-22T18:13:27+00:00\",\"dateModified\":\"2024-10-29T16:52:29+00:00\",\"breadcrumb\":{\"@id\":\"https:\/\/dpi-canada.com\/fr\/spp\/spp-2022\/#breadcrumb\"},\"inLanguage\":\"fr-CA\",\"potentialAction\":[{\"@type\":\"ReadAction\",\"target\":[\"https:\/\/dpi-canada.com\/fr\/spp\/spp-2022\/\"]}]},{\"@type\":\"ImageObject\",\"inLanguage\":\"fr-CA\",\"@id\":\"https:\/\/dpi-canada.com\/fr\/spp\/spp-2022\/#primaryimage\",\"url\":\"https:\/\/dpi-canada.com\/sites\/dpi-canada.com\/wp-content\/uploads\/New_PDW2022.jpg\",\"contentUrl\":\"https:\/\/dpi-canada.com\/sites\/dpi-canada.com\/wp-content\/uploads\/New_PDW2022.jpg\"},{\"@type\":\"BreadcrumbList\",\"@id\":\"https:\/\/dpi-canada.com\/fr\/spp\/spp-2022\/#breadcrumb\",\"itemListElement\":[{\"@type\":\"ListItem\",\"position\":1,\"name\":\"Home\",\"item\":\"https:\/\/dpi-canada.com\/fr\/\"},{\"@type\":\"ListItem\",\"position\":2,\"name\":\"Semaine de perfectionnement professionnel (SPP)\",\"item\":\"https:\/\/dpi-canada.com\/fr\/spp\/\"},{\"@type\":\"ListItem\",\"position\":3,\"name\":\"SPP 2022\"}]},{\"@type\":\"WebSite\",\"@id\":\"https:\/\/dpi-canada.com\/fr\/#website\",\"url\":\"https:\/\/dpi-canada.com\/fr\/\",\"name\":\"Association of Public Sector Information Professionals (DPI)\",\"description\":\"D\u00e9velopper le professionnalisme en informatique\",\"publisher\":{\"@id\":\"https:\/\/dpi-canada.com\/fr\/#organization\"},\"potentialAction\":[{\"@type\":\"SearchAction\",\"target\":{\"@type\":\"EntryPoint\",\"urlTemplate\":\"https:\/\/dpi-canada.com\/fr\/?s={search_term_string}\"},\"query-input\":{\"@type\":\"PropertyValueSpecification\",\"valueRequired\":true,\"valueName\":\"search_term_string\"}}],\"inLanguage\":\"fr-CA\"},{\"@type\":\"Organization\",\"@id\":\"https:\/\/dpi-canada.com\/fr\/#organization\",\"name\":\"Association of Public Sector Information Professionals (DPI)\",\"url\":\"https:\/\/dpi-canada.com\/fr\/\",\"logo\":{\"@type\":\"ImageObject\",\"inLanguage\":\"fr-CA\",\"@id\":\"https:\/\/dpi-canada.com\/fr\/#\/schema\/logo\/image\/\",\"url\":\"https:\/\/dpi-canada.com\/sites\/dpi-canada.com\/wp-content\/uploads\/DPI_Social.jpg\",\"contentUrl\":\"https:\/\/dpi-canada.com\/sites\/dpi-canada.com\/wp-content\/uploads\/DPI_Social.jpg\",\"width\":1100,\"height\":1100,\"caption\":\"Association of Public Sector Information Professionals (DPI)\"},\"image\":{\"@id\":\"https:\/\/dpi-canada.com\/fr\/#\/schema\/logo\/image\/\"},\"sameAs\":[\"https:\/\/x.com\/dpi_canada\",\"http:\/\/www.linkedin.com\/company\/dpi--association-of-public-sector-information-professionals\"]}]}<\/script>\n<!-- \/ Yoast SEO plugin. -->","yoast_head_json":{"title":"SPP 2022 -","robots":{"index":"index","follow":"follow","max-snippet":"max-snippet:-1","max-image-preview":"max-image-preview:large","max-video-preview":"max-video-preview:-1"},"canonical":"https:\/\/dpi-canada.com\/fr\/spp\/spp-2022\/","og_locale":"fr_CA","og_type":"article","og_title":"SPP 2022 -","og_description":"SPP 2022 Du 11 au 13 mai 2022 Centre Shaw (Ottawa, Ontario, Canada) avec option virtuelle Th\u00e8me : \u00ab Ax\u00e9 sur les personnes; soutenu par les donn\u00e9es; orient\u00e9 vers les services \u00bb Depuis plus de 50 ans, DPI capte la voix de la communaut\u00e9 de la gestion de l&#8217;information, des technologies de l&#8217;information et du [&hellip;]","og_url":"https:\/\/dpi-canada.com\/fr\/spp\/spp-2022\/","og_site_name":"DPI","article_modified_time":"2024-10-29T16:52:29+00:00","og_image":[{"url":"https:\/\/dpi-canada.com\/sites\/dpi-canada.com\/wp-content\/uploads\/New_PDW2022.jpg","type":"","width":"","height":""}],"twitter_card":"summary_large_image","twitter_site":"@dpi_canada","twitter_misc":{"Est. reading time":"3 minutes"},"schema":{"@context":"https:\/\/schema.org","@graph":[{"@type":"WebPage","@id":"https:\/\/dpi-canada.com\/fr\/spp\/spp-2022\/","url":"https:\/\/dpi-canada.com\/fr\/spp\/spp-2022\/","name":"SPP 2022 -","isPartOf":{"@id":"https:\/\/dpi-canada.com\/fr\/#website"},"primaryImageOfPage":{"@id":"https:\/\/dpi-canada.com\/fr\/spp\/spp-2022\/#primaryimage"},"image":{"@id":"https:\/\/dpi-canada.com\/fr\/spp\/spp-2022\/#primaryimage"},"thumbnailUrl":"https:\/\/dpi-canada.com\/sites\/dpi-canada.com\/wp-content\/uploads\/New_PDW2022.jpg","datePublished":"2022-06-22T18:13:27+00:00","dateModified":"2024-10-29T16:52:29+00:00","breadcrumb":{"@id":"https:\/\/dpi-canada.com\/fr\/spp\/spp-2022\/#breadcrumb"},"inLanguage":"fr-CA","potentialAction":[{"@type":"ReadAction","target":["https:\/\/dpi-canada.com\/fr\/spp\/spp-2022\/"]}]},{"@type":"ImageObject","inLanguage":"fr-CA","@id":"https:\/\/dpi-canada.com\/fr\/spp\/spp-2022\/#primaryimage","url":"https:\/\/dpi-canada.com\/sites\/dpi-canada.com\/wp-content\/uploads\/New_PDW2022.jpg","contentUrl":"https:\/\/dpi-canada.com\/sites\/dpi-canada.com\/wp-content\/uploads\/New_PDW2022.jpg"},{"@type":"BreadcrumbList","@id":"https:\/\/dpi-canada.com\/fr\/spp\/spp-2022\/#breadcrumb","itemListElement":[{"@type":"ListItem","position":1,"name":"Home","item":"https:\/\/dpi-canada.com\/fr\/"},{"@type":"ListItem","position":2,"name":"Semaine de perfectionnement professionnel (SPP)","item":"https:\/\/dpi-canada.com\/fr\/spp\/"},{"@type":"ListItem","position":3,"name":"SPP 2022"}]},{"@type":"WebSite","@id":"https:\/\/dpi-canada.com\/fr\/#website","url":"https:\/\/dpi-canada.com\/fr\/","name":"Association of Public Sector Information Professionals (DPI)","description":"D\u00e9velopper le professionnalisme en informatique","publisher":{"@id":"https:\/\/dpi-canada.com\/fr\/#organization"},"potentialAction":[{"@type":"SearchAction","target":{"@type":"EntryPoint","urlTemplate":"https:\/\/dpi-canada.com\/fr\/?s={search_term_string}"},"query-input":{"@type":"PropertyValueSpecification","valueRequired":true,"valueName":"search_term_string"}}],"inLanguage":"fr-CA"},{"@type":"Organization","@id":"https:\/\/dpi-canada.com\/fr\/#organization","name":"Association of Public Sector Information Professionals (DPI)","url":"https:\/\/dpi-canada.com\/fr\/","logo":{"@type":"ImageObject","inLanguage":"fr-CA","@id":"https:\/\/dpi-canada.com\/fr\/#\/schema\/logo\/image\/","url":"https:\/\/dpi-canada.com\/sites\/dpi-canada.com\/wp-content\/uploads\/DPI_Social.jpg","contentUrl":"https:\/\/dpi-canada.com\/sites\/dpi-canada.com\/wp-content\/uploads\/DPI_Social.jpg","width":1100,"height":1100,"caption":"Association of Public Sector Information Professionals (DPI)"},"image":{"@id":"https:\/\/dpi-canada.com\/fr\/#\/schema\/logo\/image\/"},"sameAs":["https:\/\/x.com\/dpi_canada","http:\/\/www.linkedin.com\/company\/dpi--association-of-public-sector-information-professionals"]}]}},"_links":{"self":[{"href":"https:\/\/dpi-canada.com\/fr\/wp-json\/wp\/v2\/pages\/7088","targetHints":{"allow":["GET"]}}],"collection":[{"href":"https:\/\/dpi-canada.com\/fr\/wp-json\/wp\/v2\/pages"}],"about":[{"href":"https:\/\/dpi-canada.com\/fr\/wp-json\/wp\/v2\/types\/page"}],"author":[{"embeddable":true,"href":"https:\/\/dpi-canada.com\/fr\/wp-json\/wp\/v2\/users\/6"}],"replies":[{"embeddable":true,"href":"https:\/\/dpi-canada.com\/fr\/wp-json\/wp\/v2\/comments?post=7088"}],"version-history":[{"count":2,"href":"https:\/\/dpi-canada.com\/fr\/wp-json\/wp\/v2\/pages\/7088\/revisions"}],"predecessor-version":[{"id":9089,"href":"https:\/\/dpi-canada.com\/fr\/wp-json\/wp\/v2\/pages\/7088\/revisions\/9089"}],"up":[{"embeddable":true,"href":"https:\/\/dpi-canada.com\/fr\/wp-json\/wp\/v2\/pages\/723"}],"wp:attachment":[{"href":"https:\/\/dpi-canada.com\/fr\/wp-json\/wp\/v2\/media?parent=7088"}],"curies":[{"name":"wp","href":"https:\/\/api.w.org\/{rel}","templated":true}]}}