{"id":7092,"date":"2022-06-22T14:17:12","date_gmt":"2022-06-22T18:17:12","guid":{"rendered":"https:\/\/dpi-canada.com\/?page_id=7092"},"modified":"2022-06-22T14:17:12","modified_gmt":"2022-06-22T18:17:12","slug":"horaire-2022","status":"publish","type":"page","link":"https:\/\/dpi-canada.com\/fr\/spp-2022\/horaire-2022\/","title":{"rendered":"Horaire (2022)"},"content":{"rendered":"<p style=\"text-align: center;\"><span style=\"color: #00b0aa;\">Dans le cadre de notre engagement envers l\u2019inclusion et l\u2019accessibilit\u00e9, DPI a le plaisir d\u2019annoncer que <span class=\"Y2IQFc\" lang=\"fr\">la traduction simultan\u00e9e<\/span> et les sous-titres cod\u00e9s en anglais et en fran\u00e7ais seront disponibles pour toutes les s\u00e9ances de la SPP 2022.<\/span><\/p>\n<p style=\"padding-left: 40px;\">R\u00e9sum\u00e9 des \u00e9v\u00e9nements complet (PDF) &#8211; <a href=\"https:\/\/dpi-canada.com\/wp-content\/uploads\/PDW2022_Schedule.pdf\" target=\"_blank\" rel=\"noopener noreferrer\">Bilingue<\/a><\/p>\n<p style=\"padding-left: 40px;\">Descriptions des pr\u00e9sentations cl\u00e9s (PDF) &#8211; <a href=\"https:\/\/dpi-canada.com\/wp-content\/uploads\/PDW2022_Keynotes_EN.pdf\" target=\"_blank\" rel=\"noopener noreferrer\">Anglais<\/a> | <a href=\"https:\/\/dpi-canada.com\/wp-content\/uploads\/PDW2022_Keynotes_FR.pdf\" target=\"_blank\" rel=\"noopener noreferrer\">Fran\u00e7ais<\/a><\/p>\n<p style=\"padding-left: 40px;\">Descriptions des colloques (PDF) &#8211; <a href=\"https:\/\/dpi-canada.com\/wp-content\/uploads\/PDW2022_Seminar_EN.pdf\" target=\"_blank\" rel=\"noopener noreferrer\">English<\/a> | <a href=\"https:\/\/dpi-canada.com\/wp-content\/uploads\/PDW2022_Seminar_FR.pdf\" target=\"_blank\" rel=\"noopener noreferrer\">French<\/a><\/p>\n<p style=\"text-align: center;\"><span style=\"color: #00b0aa;\"><span style=\"color: #ff0000;\">L&#8217;horaire ne s&#8217;affiche actuellement pas correctement en fran\u00e7ais mais vous pouvez le consulter au lien suivant :<\/span> <a href=\"https:\/\/pheedloop.com\/PDW2022\/site\/schedule\/#\">https:\/\/pheedloop.com\/PDW2022\/site\/schedule\/#<\/a><\/span><\/p>\n<p><script src=\"https:\/\/static.pheedloop.com\/static\/embed\/embed.js\"><\/script><\/p>\n<p><a class=\"pheedloop-popup-111883 popup-btn\">Horaire<\/a><\/p>\n<div id=\"pheedloop-embed-111883\"><\/div>\n<p><script type=\"text\/javascript\">\n  createSection({\n    event: 'PDW2022',\n    section: '111883',\n    height: 2000,\n    resize: true,\n    popup: false,\n  });\n<\/script><\/p>\n","protected":false},"excerpt":{"rendered":"<p>Dans le cadre de notre engagement envers l\u2019inclusion et l\u2019accessibilit\u00e9, DPI a le plaisir d\u2019annoncer que la traduction simultan\u00e9e et les sous-titres cod\u00e9s en anglais et en fran\u00e7ais seront disponibles pour toutes les s\u00e9ances de la SPP 2022. R\u00e9sum\u00e9 des \u00e9v\u00e9nements complet (PDF) &#8211; Bilingue Descriptions des pr\u00e9sentations cl\u00e9s (PDF) &#8211; Anglais | Fran\u00e7ais Descriptions [&hellip;]<\/p>\n","protected":false},"author":6,"featured_media":0,"parent":6252,"menu_order":0,"comment_status":"closed","ping_status":"closed","template":"subpage.php","meta":{"_acf_changed":false,"footnotes":""},"class_list":["post-7092","page","type-page","status-publish","hentry"],"acf":[],"yoast_head":"<!-- This site is optimized with the Yoast SEO plugin v27.3 - https:\/\/yoast.com\/product\/yoast-seo-wordpress\/ -->\n<title>Horaire (2022) -<\/title>\n<meta name=\"robots\" content=\"index, follow, max-snippet:-1, max-image-preview:large, max-video-preview:-1\" \/>\n<link rel=\"canonical\" href=\"https:\/\/dpi-canada.com\/fr\/spp-2022\/horaire-2022\/\" \/>\n<meta property=\"og:locale\" content=\"fr_CA\" \/>\n<meta property=\"og:type\" content=\"article\" \/>\n<meta property=\"og:title\" content=\"Horaire (2022) -\" \/>\n<meta property=\"og:description\" content=\"Dans le cadre de notre engagement envers l\u2019inclusion et l\u2019accessibilit\u00e9, DPI a le plaisir d\u2019annoncer que la traduction simultan\u00e9e et les sous-titres cod\u00e9s en anglais et en fran\u00e7ais seront disponibles pour toutes les s\u00e9ances de la SPP 2022. R\u00e9sum\u00e9 des \u00e9v\u00e9nements complet (PDF) &#8211; Bilingue Descriptions des pr\u00e9sentations cl\u00e9s (PDF) &#8211; Anglais | Fran\u00e7ais Descriptions [&hellip;]\" \/>\n<meta property=\"og:url\" content=\"https:\/\/dpi-canada.com\/fr\/spp-2022\/horaire-2022\/\" \/>\n<meta property=\"og:site_name\" content=\"DPI\" \/>\n<meta name=\"twitter:card\" content=\"summary_large_image\" \/>\n<meta name=\"twitter:site\" content=\"@dpi_canada\" \/>\n<script type=\"application\/ld+json\" class=\"yoast-schema-graph\">{\"@context\":\"https:\\\/\\\/schema.org\",\"@graph\":[{\"@type\":\"WebPage\",\"@id\":\"https:\\\/\\\/dpi-canada.com\\\/fr\\\/spp-2022\\\/horaire-2022\\\/\",\"url\":\"https:\\\/\\\/dpi-canada.com\\\/fr\\\/spp-2022\\\/horaire-2022\\\/\",\"name\":\"Horaire (2022) -\",\"isPartOf\":{\"@id\":\"https:\\\/\\\/dpi-canada.com\\\/fr\\\/#website\"},\"datePublished\":\"2022-06-22T18:17:12+00:00\",\"breadcrumb\":{\"@id\":\"https:\\\/\\\/dpi-canada.com\\\/fr\\\/spp-2022\\\/horaire-2022\\\/#breadcrumb\"},\"inLanguage\":\"fr-CA\",\"potentialAction\":[{\"@type\":\"ReadAction\",\"target\":[\"https:\\\/\\\/dpi-canada.com\\\/fr\\\/spp-2022\\\/horaire-2022\\\/\"]}]},{\"@type\":\"BreadcrumbList\",\"@id\":\"https:\\\/\\\/dpi-canada.com\\\/fr\\\/spp-2022\\\/horaire-2022\\\/#breadcrumb\",\"itemListElement\":[{\"@type\":\"ListItem\",\"position\":1,\"name\":\"Home\",\"item\":\"https:\\\/\\\/dpi-canada.com\\\/fr\\\/\"},{\"@type\":\"ListItem\",\"position\":2,\"name\":\"SPP 2022\",\"item\":\"https:\\\/\\\/dpi-canada.com\\\/fr\\\/spp-2022\\\/\"},{\"@type\":\"ListItem\",\"position\":3,\"name\":\"Horaire (2022)\"}]},{\"@type\":\"WebSite\",\"@id\":\"https:\\\/\\\/dpi-canada.com\\\/fr\\\/#website\",\"url\":\"https:\\\/\\\/dpi-canada.com\\\/fr\\\/\",\"name\":\"Association of Public Sector Information Professionals (DPI)\",\"description\":\"D\u00e9velopper le professionnalisme en informatique\",\"publisher\":{\"@id\":\"https:\\\/\\\/dpi-canada.com\\\/fr\\\/#organization\"},\"potentialAction\":[{\"@type\":\"SearchAction\",\"target\":{\"@type\":\"EntryPoint\",\"urlTemplate\":\"https:\\\/\\\/dpi-canada.com\\\/fr\\\/?s={search_term_string}\"},\"query-input\":{\"@type\":\"PropertyValueSpecification\",\"valueRequired\":true,\"valueName\":\"search_term_string\"}}],\"inLanguage\":\"fr-CA\"},{\"@type\":\"Organization\",\"@id\":\"https:\\\/\\\/dpi-canada.com\\\/fr\\\/#organization\",\"name\":\"Association of Public Sector Information Professionals (DPI)\",\"url\":\"https:\\\/\\\/dpi-canada.com\\\/fr\\\/\",\"logo\":{\"@type\":\"ImageObject\",\"inLanguage\":\"fr-CA\",\"@id\":\"https:\\\/\\\/dpi-canada.com\\\/fr\\\/#\\\/schema\\\/logo\\\/image\\\/\",\"url\":\"https:\\\/\\\/dpi-canada.com\\\/sites\\\/dpi-canada.com\\\/wp-content\\\/uploads\\\/DPI_Social.jpg\",\"contentUrl\":\"https:\\\/\\\/dpi-canada.com\\\/sites\\\/dpi-canada.com\\\/wp-content\\\/uploads\\\/DPI_Social.jpg\",\"width\":1100,\"height\":1100,\"caption\":\"Association of Public Sector Information Professionals (DPI)\"},\"image\":{\"@id\":\"https:\\\/\\\/dpi-canada.com\\\/fr\\\/#\\\/schema\\\/logo\\\/image\\\/\"},\"sameAs\":[\"https:\\\/\\\/x.com\\\/dpi_canada\",\"http:\\\/\\\/www.linkedin.com\\\/company\\\/dpi--association-of-public-sector-information-professionals\"]}]}<\/script>\n<!-- \/ Yoast SEO plugin. -->","yoast_head_json":{"title":"Horaire (2022) -","robots":{"index":"index","follow":"follow","max-snippet":"max-snippet:-1","max-image-preview":"max-image-preview:large","max-video-preview":"max-video-preview:-1"},"canonical":"https:\/\/dpi-canada.com\/fr\/spp-2022\/horaire-2022\/","og_locale":"fr_CA","og_type":"article","og_title":"Horaire (2022) -","og_description":"Dans le cadre de notre engagement envers l\u2019inclusion et l\u2019accessibilit\u00e9, DPI a le plaisir d\u2019annoncer que la traduction simultan\u00e9e et les sous-titres cod\u00e9s en anglais et en fran\u00e7ais seront disponibles pour toutes les s\u00e9ances de la SPP 2022. R\u00e9sum\u00e9 des \u00e9v\u00e9nements complet (PDF) &#8211; Bilingue Descriptions des pr\u00e9sentations cl\u00e9s (PDF) &#8211; Anglais | Fran\u00e7ais Descriptions [&hellip;]","og_url":"https:\/\/dpi-canada.com\/fr\/spp-2022\/horaire-2022\/","og_site_name":"DPI","twitter_card":"summary_large_image","twitter_site":"@dpi_canada","schema":{"@context":"https:\/\/schema.org","@graph":[{"@type":"WebPage","@id":"https:\/\/dpi-canada.com\/fr\/spp-2022\/horaire-2022\/","url":"https:\/\/dpi-canada.com\/fr\/spp-2022\/horaire-2022\/","name":"Horaire (2022) -","isPartOf":{"@id":"https:\/\/dpi-canada.com\/fr\/#website"},"datePublished":"2022-06-22T18:17:12+00:00","breadcrumb":{"@id":"https:\/\/dpi-canada.com\/fr\/spp-2022\/horaire-2022\/#breadcrumb"},"inLanguage":"fr-CA","potentialAction":[{"@type":"ReadAction","target":["https:\/\/dpi-canada.com\/fr\/spp-2022\/horaire-2022\/"]}]},{"@type":"BreadcrumbList","@id":"https:\/\/dpi-canada.com\/fr\/spp-2022\/horaire-2022\/#breadcrumb","itemListElement":[{"@type":"ListItem","position":1,"name":"Home","item":"https:\/\/dpi-canada.com\/fr\/"},{"@type":"ListItem","position":2,"name":"SPP 2022","item":"https:\/\/dpi-canada.com\/fr\/spp-2022\/"},{"@type":"ListItem","position":3,"name":"Horaire (2022)"}]},{"@type":"WebSite","@id":"https:\/\/dpi-canada.com\/fr\/#website","url":"https:\/\/dpi-canada.com\/fr\/","name":"Association of Public Sector Information Professionals (DPI)","description":"D\u00e9velopper le professionnalisme en informatique","publisher":{"@id":"https:\/\/dpi-canada.com\/fr\/#organization"},"potentialAction":[{"@type":"SearchAction","target":{"@type":"EntryPoint","urlTemplate":"https:\/\/dpi-canada.com\/fr\/?s={search_term_string}"},"query-input":{"@type":"PropertyValueSpecification","valueRequired":true,"valueName":"search_term_string"}}],"inLanguage":"fr-CA"},{"@type":"Organization","@id":"https:\/\/dpi-canada.com\/fr\/#organization","name":"Association of Public Sector Information Professionals (DPI)","url":"https:\/\/dpi-canada.com\/fr\/","logo":{"@type":"ImageObject","inLanguage":"fr-CA","@id":"https:\/\/dpi-canada.com\/fr\/#\/schema\/logo\/image\/","url":"https:\/\/dpi-canada.com\/sites\/dpi-canada.com\/wp-content\/uploads\/DPI_Social.jpg","contentUrl":"https:\/\/dpi-canada.com\/sites\/dpi-canada.com\/wp-content\/uploads\/DPI_Social.jpg","width":1100,"height":1100,"caption":"Association of Public Sector Information Professionals (DPI)"},"image":{"@id":"https:\/\/dpi-canada.com\/fr\/#\/schema\/logo\/image\/"},"sameAs":["https:\/\/x.com\/dpi_canada","http:\/\/www.linkedin.com\/company\/dpi--association-of-public-sector-information-professionals"]}]}},"_links":{"self":[{"href":"https:\/\/dpi-canada.com\/fr\/wp-json\/wp\/v2\/pages\/7092","targetHints":{"allow":["GET"]}}],"collection":[{"href":"https:\/\/dpi-canada.com\/fr\/wp-json\/wp\/v2\/pages"}],"about":[{"href":"https:\/\/dpi-canada.com\/fr\/wp-json\/wp\/v2\/types\/page"}],"author":[{"embeddable":true,"href":"https:\/\/dpi-canada.com\/fr\/wp-json\/wp\/v2\/users\/6"}],"replies":[{"embeddable":true,"href":"https:\/\/dpi-canada.com\/fr\/wp-json\/wp\/v2\/comments?post=7092"}],"version-history":[{"count":1,"href":"https:\/\/dpi-canada.com\/fr\/wp-json\/wp\/v2\/pages\/7092\/revisions"}],"predecessor-version":[{"id":7093,"href":"https:\/\/dpi-canada.com\/fr\/wp-json\/wp\/v2\/pages\/7092\/revisions\/7093"}],"up":[{"embeddable":true,"href":"https:\/\/dpi-canada.com\/fr\/wp-json\/wp\/v2\/pages\/6252"}],"wp:attachment":[{"href":"https:\/\/dpi-canada.com\/fr\/wp-json\/wp\/v2\/media?parent=7092"}],"curies":[{"name":"wp","href":"https:\/\/api.w.org\/{rel}","templated":true}]}}