{"id":713,"date":"2018-03-20T23:58:29","date_gmt":"2018-03-21T03:58:29","guid":{"rendered":"http:\/\/dpi-canada.com\/?page_id=713"},"modified":"2025-10-30T12:55:58","modified_gmt":"2025-10-30T16:55:58","slug":"devenir-affilie","status":"publish","type":"page","link":"https:\/\/dpi-canada.com\/fr\/devenir-affilie\/","title":{"rendered":"Devenir Affili\u00e9"},"content":{"rendered":"<h3 style=\"text-align: center;\"><a href=\"https:\/\/dpi-canada.com\/fr\/civicrm\/contribute\/transact\/?reset=1&amp;id=1\">Inscrivez-vous maintenant &#8211; Remplissez le formulaire d\u2019affiliation en ligne<\/a><\/h3>\n<p>L\u2019affiliation \u00e0 DPI est gratuite et limit\u00e9 au secteur public (pour une p\u00e9riode d\u00e9termin\u00e9e ou ind\u00e9termin\u00e9e) au sein du gouvernement f\u00e9d\u00e9ral ou provincial, d\u2019une administration municipale, d\u2019un organisme du secteur public, d\u2019une soci\u00e9t\u00e9 d\u2019\u00c9tat, d\u2019un \u00e9tablissement d\u2019enseignement ou de toute autre administration publique. Le terme \u00ab employ\u00e9 \u00bb ne comprend pas les contractants, les employ\u00e9s occasionnels ni les personnes dont les services sont retenus par un bureau de placement.<\/p>\n<p>\u00c0 titre\u00a0d\u2019affili\u00e9\u00a0de DPI, vous avez droit \u00e0 ce qui suit:<\/p>\n<ul>\n<li>Acc\u00e8s \u00e0 des s\u00e9minaires gratuits (l\u2019inscription est requise, car le nombre de places est limit\u00e9);<\/li>\n<li>R\u00e9duction des frais d\u2019inscription au congr\u00e8s annuel de DPI dans le cadre de sa Semaine de perfectionnement professionnel (SPP);<\/li>\n<li>Mises \u00e0 jour r\u00e9guli\u00e8res d\u2019information;<\/li>\n<li>D\u00eener de gala annuel (l\u2019inscription est requise, car le nombre de places est limit\u00e9);<\/li>\n<\/ul>\n<h2>Types d\u2019affiliation<\/h2>\n<p>Le DPI offre deux types d\u2019affiliation : r\u00e9gulier et vie.<\/p>\n<ul>\n<li><strong>Affili\u00e9s r\u00e9guliers<\/strong>\u00a0\u2013 Une personne peut adh\u00e9rer en tant que membre r\u00e9gulier si elle est une professionnelle de l\u2019information du secteur public \u00e2g\u00e9e de 18 ans ou plus, employ\u00e9e (ind\u00e9termin\u00e9e ou d\u00e9termin\u00e9e) pour une administration f\u00e9d\u00e9rale, provinciale ou municipale, un organisme du secteur public, une soci\u00e9t\u00e9 d\u2019\u00c9tat, un \u00e9tablissement d\u2019enseignement ou une autre administration publique.<\/li>\n<li><strong>Affili\u00e9s \u00e0 vie<\/strong>\u00a0\u2013 Un affili\u00e9 r\u00e9gulier peut \u00eatre d\u00e9sign\u00e9 comme membre \u00e0 vie par le conseil d\u2019administration. Cette d\u00e9signation d&#8217;affili\u00e9 \u00e0 vie est une reconnaissance publique de l\u2019engagement remarquable des personnes qui ont contribu\u00e9 au progr\u00e8s de l\u2019Association des professionnels de l\u2019information du secteur public par leurs services, des initiatives promotionnelles ou la prestation de programmes.<\/li>\n<\/ul>\n<h2>Qui sont nos affili\u00e9s?<\/h2>\n<p>DPI regroupe plus de 6 000 affili\u00e9 partout au Canada. Les affili\u00e9s sont des professionnels de la GI\/TI provenant de diff\u00e9rents ordres de gouvernement (f\u00e9d\u00e9ral, provincial, municipal), d\u2019organismes du secteur public, de soci\u00e9t\u00e9s d\u2019\u00c9tat, d\u2019\u00e9tablissements d\u2019enseignements et d\u2019autres administrations publiques.<\/p>\n<h2>Comment puis-je devenir affili\u00e9<\/h2>\n<p>Il est facile de devenir affili\u00e9 de DPI, il suffit de remplir et de soumettre un\u00a0<a href=\"https:\/\/dpi-canada.com\/fr\/civicrm\/contribute\/transact\/?reset=1&amp;id=1\"><strong>formulaire d\u2019affiliation en ligne<\/strong><\/a>.<\/p>\n<p>Une fois que votre admissibilit\u00e9 aura \u00e9t\u00e9 confirm\u00e9e, vous recevrez un courriel de bienvenue. Nous sommes impatients de vous accueillir en tant que affili\u00e9 de DPI.<\/p>\n","protected":false},"excerpt":{"rendered":"<p>Inscrivez-vous maintenant &#8211; Remplissez le formulaire d\u2019affiliation en ligne L\u2019affiliation \u00e0 DPI est gratuite et limit\u00e9 au secteur public (pour une p\u00e9riode d\u00e9termin\u00e9e ou ind\u00e9termin\u00e9e) au sein du gouvernement f\u00e9d\u00e9ral ou provincial, d\u2019une administration municipale, d\u2019un organisme du secteur public, d\u2019une soci\u00e9t\u00e9 d\u2019\u00c9tat, d\u2019un \u00e9tablissement d\u2019enseignement ou de toute autre administration publique. Le terme \u00ab [&hellip;]<\/p>\n","protected":false},"author":6,"featured_media":0,"parent":0,"menu_order":0,"comment_status":"closed","ping_status":"closed","template":"subpage.php","meta":{"_acf_changed":false,"footnotes":""},"class_list":["post-713","page","type-page","status-publish","hentry"],"acf":[],"yoast_head":"<!-- This site is optimized with the Yoast SEO plugin v27.3 - https:\/\/yoast.com\/product\/yoast-seo-wordpress\/ -->\n<title>Devenir Affili\u00e9 -<\/title>\n<meta name=\"robots\" content=\"index, follow, max-snippet:-1, max-image-preview:large, max-video-preview:-1\" \/>\n<link rel=\"canonical\" href=\"https:\/\/dpi-canada.com\/fr\/devenir-affilie\/\" \/>\n<meta property=\"og:locale\" content=\"fr_CA\" \/>\n<meta property=\"og:type\" content=\"article\" \/>\n<meta property=\"og:title\" content=\"Devenir Affili\u00e9 -\" \/>\n<meta property=\"og:description\" content=\"Inscrivez-vous maintenant &#8211; Remplissez le formulaire d\u2019affiliation en ligne L\u2019affiliation \u00e0 DPI est gratuite et limit\u00e9 au secteur public (pour une p\u00e9riode d\u00e9termin\u00e9e ou ind\u00e9termin\u00e9e) au sein du gouvernement f\u00e9d\u00e9ral ou provincial, d\u2019une administration municipale, d\u2019un organisme du secteur public, d\u2019une soci\u00e9t\u00e9 d\u2019\u00c9tat, d\u2019un \u00e9tablissement d\u2019enseignement ou de toute autre administration publique. Le terme \u00ab [&hellip;]\" \/>\n<meta property=\"og:url\" content=\"https:\/\/dpi-canada.com\/fr\/devenir-affilie\/\" \/>\n<meta property=\"og:site_name\" content=\"DPI\" \/>\n<meta property=\"article:modified_time\" content=\"2025-10-30T16:55:58+00:00\" \/>\n<meta name=\"twitter:card\" content=\"summary_large_image\" \/>\n<meta name=\"twitter:site\" content=\"@dpi_canada\" \/>\n<meta name=\"twitter:label1\" content=\"Est. reading time\" \/>\n\t<meta name=\"twitter:data1\" content=\"2 minutes\" \/>\n<script type=\"application\/ld+json\" class=\"yoast-schema-graph\">{\"@context\":\"https:\\\/\\\/schema.org\",\"@graph\":[{\"@type\":\"WebPage\",\"@id\":\"https:\\\/\\\/dpi-canada.com\\\/fr\\\/devenir-affilie\\\/\",\"url\":\"https:\\\/\\\/dpi-canada.com\\\/fr\\\/devenir-affilie\\\/\",\"name\":\"Devenir Affili\u00e9 -\",\"isPartOf\":{\"@id\":\"https:\\\/\\\/dpi-canada.com\\\/fr\\\/#website\"},\"datePublished\":\"2018-03-21T03:58:29+00:00\",\"dateModified\":\"2025-10-30T16:55:58+00:00\",\"breadcrumb\":{\"@id\":\"https:\\\/\\\/dpi-canada.com\\\/fr\\\/devenir-affilie\\\/#breadcrumb\"},\"inLanguage\":\"fr-CA\",\"potentialAction\":[{\"@type\":\"ReadAction\",\"target\":[\"https:\\\/\\\/dpi-canada.com\\\/fr\\\/devenir-affilie\\\/\"]}]},{\"@type\":\"BreadcrumbList\",\"@id\":\"https:\\\/\\\/dpi-canada.com\\\/fr\\\/devenir-affilie\\\/#breadcrumb\",\"itemListElement\":[{\"@type\":\"ListItem\",\"position\":1,\"name\":\"Home\",\"item\":\"https:\\\/\\\/dpi-canada.com\\\/fr\\\/\"},{\"@type\":\"ListItem\",\"position\":2,\"name\":\"Devenir Affili\u00e9\"}]},{\"@type\":\"WebSite\",\"@id\":\"https:\\\/\\\/dpi-canada.com\\\/fr\\\/#website\",\"url\":\"https:\\\/\\\/dpi-canada.com\\\/fr\\\/\",\"name\":\"Association of Public Sector Information Professionals (DPI)\",\"description\":\"D\u00e9velopper le professionnalisme en informatique\",\"publisher\":{\"@id\":\"https:\\\/\\\/dpi-canada.com\\\/fr\\\/#organization\"},\"potentialAction\":[{\"@type\":\"SearchAction\",\"target\":{\"@type\":\"EntryPoint\",\"urlTemplate\":\"https:\\\/\\\/dpi-canada.com\\\/fr\\\/?s={search_term_string}\"},\"query-input\":{\"@type\":\"PropertyValueSpecification\",\"valueRequired\":true,\"valueName\":\"search_term_string\"}}],\"inLanguage\":\"fr-CA\"},{\"@type\":\"Organization\",\"@id\":\"https:\\\/\\\/dpi-canada.com\\\/fr\\\/#organization\",\"name\":\"Association of Public Sector Information Professionals (DPI)\",\"url\":\"https:\\\/\\\/dpi-canada.com\\\/fr\\\/\",\"logo\":{\"@type\":\"ImageObject\",\"inLanguage\":\"fr-CA\",\"@id\":\"https:\\\/\\\/dpi-canada.com\\\/fr\\\/#\\\/schema\\\/logo\\\/image\\\/\",\"url\":\"https:\\\/\\\/dpi-canada.com\\\/sites\\\/dpi-canada.com\\\/wp-content\\\/uploads\\\/DPI_Social.jpg\",\"contentUrl\":\"https:\\\/\\\/dpi-canada.com\\\/sites\\\/dpi-canada.com\\\/wp-content\\\/uploads\\\/DPI_Social.jpg\",\"width\":1100,\"height\":1100,\"caption\":\"Association of Public Sector Information Professionals (DPI)\"},\"image\":{\"@id\":\"https:\\\/\\\/dpi-canada.com\\\/fr\\\/#\\\/schema\\\/logo\\\/image\\\/\"},\"sameAs\":[\"https:\\\/\\\/x.com\\\/dpi_canada\",\"http:\\\/\\\/www.linkedin.com\\\/company\\\/dpi--association-of-public-sector-information-professionals\"]}]}<\/script>\n<!-- \/ Yoast SEO plugin. -->","yoast_head_json":{"title":"Devenir Affili\u00e9 -","robots":{"index":"index","follow":"follow","max-snippet":"max-snippet:-1","max-image-preview":"max-image-preview:large","max-video-preview":"max-video-preview:-1"},"canonical":"https:\/\/dpi-canada.com\/fr\/devenir-affilie\/","og_locale":"fr_CA","og_type":"article","og_title":"Devenir Affili\u00e9 -","og_description":"Inscrivez-vous maintenant &#8211; Remplissez le formulaire d\u2019affiliation en ligne L\u2019affiliation \u00e0 DPI est gratuite et limit\u00e9 au secteur public (pour une p\u00e9riode d\u00e9termin\u00e9e ou ind\u00e9termin\u00e9e) au sein du gouvernement f\u00e9d\u00e9ral ou provincial, d\u2019une administration municipale, d\u2019un organisme du secteur public, d\u2019une soci\u00e9t\u00e9 d\u2019\u00c9tat, d\u2019un \u00e9tablissement d\u2019enseignement ou de toute autre administration publique. Le terme \u00ab [&hellip;]","og_url":"https:\/\/dpi-canada.com\/fr\/devenir-affilie\/","og_site_name":"DPI","article_modified_time":"2025-10-30T16:55:58+00:00","twitter_card":"summary_large_image","twitter_site":"@dpi_canada","twitter_misc":{"Est. reading time":"2 minutes"},"schema":{"@context":"https:\/\/schema.org","@graph":[{"@type":"WebPage","@id":"https:\/\/dpi-canada.com\/fr\/devenir-affilie\/","url":"https:\/\/dpi-canada.com\/fr\/devenir-affilie\/","name":"Devenir Affili\u00e9 -","isPartOf":{"@id":"https:\/\/dpi-canada.com\/fr\/#website"},"datePublished":"2018-03-21T03:58:29+00:00","dateModified":"2025-10-30T16:55:58+00:00","breadcrumb":{"@id":"https:\/\/dpi-canada.com\/fr\/devenir-affilie\/#breadcrumb"},"inLanguage":"fr-CA","potentialAction":[{"@type":"ReadAction","target":["https:\/\/dpi-canada.com\/fr\/devenir-affilie\/"]}]},{"@type":"BreadcrumbList","@id":"https:\/\/dpi-canada.com\/fr\/devenir-affilie\/#breadcrumb","itemListElement":[{"@type":"ListItem","position":1,"name":"Home","item":"https:\/\/dpi-canada.com\/fr\/"},{"@type":"ListItem","position":2,"name":"Devenir Affili\u00e9"}]},{"@type":"WebSite","@id":"https:\/\/dpi-canada.com\/fr\/#website","url":"https:\/\/dpi-canada.com\/fr\/","name":"Association of Public Sector Information Professionals (DPI)","description":"D\u00e9velopper le professionnalisme en informatique","publisher":{"@id":"https:\/\/dpi-canada.com\/fr\/#organization"},"potentialAction":[{"@type":"SearchAction","target":{"@type":"EntryPoint","urlTemplate":"https:\/\/dpi-canada.com\/fr\/?s={search_term_string}"},"query-input":{"@type":"PropertyValueSpecification","valueRequired":true,"valueName":"search_term_string"}}],"inLanguage":"fr-CA"},{"@type":"Organization","@id":"https:\/\/dpi-canada.com\/fr\/#organization","name":"Association of Public Sector Information Professionals (DPI)","url":"https:\/\/dpi-canada.com\/fr\/","logo":{"@type":"ImageObject","inLanguage":"fr-CA","@id":"https:\/\/dpi-canada.com\/fr\/#\/schema\/logo\/image\/","url":"https:\/\/dpi-canada.com\/sites\/dpi-canada.com\/wp-content\/uploads\/DPI_Social.jpg","contentUrl":"https:\/\/dpi-canada.com\/sites\/dpi-canada.com\/wp-content\/uploads\/DPI_Social.jpg","width":1100,"height":1100,"caption":"Association of Public Sector Information Professionals (DPI)"},"image":{"@id":"https:\/\/dpi-canada.com\/fr\/#\/schema\/logo\/image\/"},"sameAs":["https:\/\/x.com\/dpi_canada","http:\/\/www.linkedin.com\/company\/dpi--association-of-public-sector-information-professionals"]}]}},"_links":{"self":[{"href":"https:\/\/dpi-canada.com\/fr\/wp-json\/wp\/v2\/pages\/713","targetHints":{"allow":["GET"]}}],"collection":[{"href":"https:\/\/dpi-canada.com\/fr\/wp-json\/wp\/v2\/pages"}],"about":[{"href":"https:\/\/dpi-canada.com\/fr\/wp-json\/wp\/v2\/types\/page"}],"author":[{"embeddable":true,"href":"https:\/\/dpi-canada.com\/fr\/wp-json\/wp\/v2\/users\/6"}],"replies":[{"embeddable":true,"href":"https:\/\/dpi-canada.com\/fr\/wp-json\/wp\/v2\/comments?post=713"}],"version-history":[{"count":3,"href":"https:\/\/dpi-canada.com\/fr\/wp-json\/wp\/v2\/pages\/713\/revisions"}],"predecessor-version":[{"id":9701,"href":"https:\/\/dpi-canada.com\/fr\/wp-json\/wp\/v2\/pages\/713\/revisions\/9701"}],"wp:attachment":[{"href":"https:\/\/dpi-canada.com\/fr\/wp-json\/wp\/v2\/media?parent=713"}],"curies":[{"name":"wp","href":"https:\/\/api.w.org\/{rel}","templated":true}]}}