{"id":717,"date":"2018-03-20T23:59:48","date_gmt":"2018-03-21T03:59:48","guid":{"rendered":"http:\/\/dpi-canada.com\/?page_id=717"},"modified":"2026-01-22T10:15:56","modified_gmt":"2026-01-22T15:15:56","slug":"devenir-benevole","status":"publish","type":"page","link":"https:\/\/dpi-canada.com\/fr\/devenir-benevole\/","title":{"rendered":"Devenir b\u00e9n\u00e9vole"},"content":{"rendered":"<h2><strong>Impliquez-vous aupr\u00e8s du DPI : Possibilit\u00e9s de b\u00e9n\u00e9volat<\/strong><\/h2>\n<p>Les b\u00e9n\u00e9voles sont au c\u0153ur du DPI. Les b\u00e9n\u00e9voles du DPI donnent du temps, de l\u2019\u00e9nergie et partagent des connaissances pour nous aider \u00e0 remplir notre mission. Notre image positive est cr\u00e9\u00e9e au sein de la communaut\u00e9 gr\u00e2ce \u00e0 l\u2019enthousiasme et de l\u2019int\u00e9r\u00eat de nos b\u00e9n\u00e9voles, encourageant les autres \u00e0 s\u2019impliquer. Que vous cherchiez \u00e0 soutenir un seul \u00e9v\u00e9nement, \u00e0 d\u00e9velopper des comp\u00e9tences en leadership ou \u00e0 fa\u00e7onner l\u2019un des \u00e9v\u00e9nements de perfectionnement professionnel les plus attendus, il y a une place pour vous ici.<\/p>\n<h2><strong>Pourquoi faire du b\u00e9n\u00e9volat <\/strong><strong>?<\/strong><\/h2>\n<ul>\n<li>Acqu\u00e9rir de l\u2019exp\u00e9rience pratique et d\u00e9velopper de nouvelles comp\u00e9tences<\/li>\n<li>D\u00e9velopper votre r\u00e9seau professionnel<\/li>\n<li>Contribuer et redonner \u00e0 la communaut\u00e9 num\u00e9rique<\/li>\n<li>Partager vos comp\u00e9tences, vos talents et votre temps<\/li>\n<li>Acqu\u00e9rir de l\u2019exp\u00e9rience en leadership et en communication<\/li>\n<li>S\u2019amuser et faire la diff\u00e9rence !<\/li>\n<\/ul>\n<hr \/>\n<h3><strong>1.\u00a0 Opportunit\u00e9s g\u00e9n\u00e9rales de ben\u00e9volat<\/strong><\/h3>\n<p>Id\u00e9ales pour ceux qui cherchent \u00e0 s\u2019impliquer occasionnellement ou veulent \u00eatre dans les coulisses.<\/p>\n<p><strong>Les types de r\u00f4les peuvent inclure<\/strong><strong>:<\/strong><\/p>\n<ul>\n<li>Assister lors d\u2019un \u00e9v\u00e9nement ponctuel (p. ex. bureau d\u2019inscription, contr\u00f4le des foules)<\/li>\n<li>Offrir le service de traduction des contenu (anglais \u2194 fran\u00e7ais)<\/li>\n<li>Fournir des services de photographie lors d\u2019\u00e9v\u00e9nements du DPI<\/li>\n<li>Aider \u00e0 effectuer des t\u00e2ches, courtes ou ponctuelles telles que la saisie de donn\u00e9es ou la refonte des processus<\/li>\n<li>Influencer \u00e0 travers les r\u00e9seaux sociaux en faisant la promotion des publications DPI<\/li>\n<li>Organiser des \u00e9v\u00e8nements de visibilit\u00e9 dans vos \u00e9difices et parlez-nous. Lisez <a href=\"https:\/\/dpi-canada.com\/sites\/dpi-canada.com\/wp-content\/uploads\/PDW-2025-Viewing-Party-Playbook-_EN-1-3.pdf\" target=\"_blank\" rel=\"noopener\">ici<\/a> \u00e0 ce sujet<\/li>\n<li>Ambassadeur du DPI &#8211; promouvoir le DPI aupr\u00e8s de coll\u00e8gues, mobiliser des affili\u00e9s, faire une pr\u00e9sentation DPI lors d\u2019un \u00e9v\u00e9nement ou d\u2019une conf\u00e9rence.<\/li>\n<li>Assister \u00e0 la gestion de notre compte SharePoint<\/li>\n<li>Devenez conf\u00e9rencier et\/ou mentor pour une prochaine s\u00e9ance.<\/li>\n<li>Parlez de votre int\u00e9r\u00eat \u00e0 devenir mentor <a href=\"https:\/\/forms.office.com\/r\/Zdu2jABKEt\" target=\"_blank\" rel=\"noopener\">ici<\/a>.<\/li>\n<li>L\u2019appel \u00e0 conf\u00e9renciers pour SPP est ouvert de juillet \u00e0 ao\u00fb<\/li>\n<\/ul>\n<p><strong>Dur\u00e9e de l\u2019engagement : <\/strong>Flexible et \u00e9v\u00e9nementiel<br \/>\n<strong>A qui s\u2019adresse le benevolat?<\/strong> Aux affili\u00e9s du DPI (inscrivez-vous gratuitement <a href=\"https:\/\/dpi-canada.com\/fr\/civicrm\/contribute\/transact\/?reset=1&amp;id=1\" target=\"_blank\" rel=\"noopener\">ici<\/a>)<br \/>\n<strong>Comment s\u2019inscrire :<\/strong> Envoyez-nous un courriel \u00e0 info@dpi-canada.com pour exprimer votre int\u00e9r\u00eat.<\/p>\n<hr \/>\n<h3><strong>2. <\/strong><strong>Conseil d\u2019administration <\/strong><\/h3>\n<p>Si vous cherchez \u00e0 assumer un r\u00f4le de leadership et \u00e0 avoir un impact strat\u00e9gique sur l\u2019avenir de DPI, envisagez de vous joindre \u00e0 notre conseil d\u2019administration. Les membres du conseil d\u2019administration sont charg\u00e9s de guider les activit\u00e9s du DPI et de superviser les portefeuilles cl\u00e9s.<\/p>\n<p><strong>Ce que \u00e7a implique :<\/strong><\/p>\n<ul>\n<li>Un mandat de 2 ans<\/li>\n<li>~ 6 \u00e0 8 heures de temps par mois, y compris du temps pour une r\u00e9union du conseil d\u2019administration (2 heures) et pour des t\u00e2ches li\u00e9es au portefeuille<\/li>\n<li>Une participation suppl\u00e9mentaire aux s\u00e9minaires, aux r\u00e9unions du Conseil consultatif et \u00e0 la SPP<\/li>\n<li>Les membres du conseil d\u2019administration sont encourag\u00e9s \u00e0 obtenir un soutien de leurs hauts cadres pour tenir compte des engagements souhait\u00e9s. Le b\u00e9n\u00e9volat avec le DPI est un excellent ajout aux plans d\u2019apprentissage et de perfectionnement.<\/li>\n<\/ul>\n<p><strong>Les portefeuilles du conseil d\u2019administration comprennent :<\/strong><\/p>\n<ul>\n<li><strong>L\u2019Administration <\/strong>\u2013 Soutien aux op\u00e9rations et \u00e0 l\u2019enregistrement de l\u2019IAP<\/li>\n<li><strong>Les communications<\/strong> \u2013 Superviser la marque, les m\u00e9dias sociaux et les communications internes et externes<\/li>\n<li><strong>La sensibilisation communautaire <\/strong>\u2013 Strat\u00e9gies pour accro\u00eetre l\u2019affiliation, sondage aupr\u00e8s des affili\u00e9s, communication avec les organismes pour tenir des s\u00e9ances de DPI 101 et promouvoir des \u00e9v\u00e9nements<\/li>\n<li><strong>Les Finances <\/strong>\u2013 Budg\u00e9tisation, v\u00e9rifications, rapports financiers en coordination avec les comptables et les v\u00e9rificateurs<\/li>\n<li><strong>La logistique <\/strong>\u2013 G\u00e9rer les lieux, la nourriture et les op\u00e9rations d\u2019\u00e9v\u00e9nements sur place<\/li>\n<li><strong>Les programmes<\/strong> \u2013 \u00c9laborer des activit\u00e9s d\u2019apprentissage tout au long de l\u2019ann\u00e9e et un programme de SPP<\/li>\n<li><strong>Les commandites <\/strong>\u2013 Cultiver et g\u00e9rer les relations avec les commanditaires<\/li>\n<li><strong>Les services de soutien<\/strong> \u2013 Coordonner les b\u00e9n\u00e9voles de l\u2019\u00e9v\u00e9nement et les activit\u00e9s sur place<\/li>\n<li><strong>Les services technologiques<\/strong> \u2013 Fournir un soutien technique et audiovisuel<\/li>\n<li><strong>Le Web<\/strong> \u2013 G\u00e9rer le site Web et l\u2019application mobile du DPI<\/li>\n<\/ul>\n<p><strong>Pr\u00eat \u00e0 diriger ?<\/strong> Postulez pour vous joindre au conseil d\u2019administration <a href=\"https:\/\/forms.office.com\/Pages\/ResponsePage.aspx?id=O-1UVGl0cEiVWKOyUPD3azpa4jVBIQJFsuu2IyImdLpUQ1VCVjRXTjMyWlRGSlZGQ1lFVFgzRUc4RyQlQCN0PWcu\" target=\"_blank\" rel=\"noopener\">ici<\/a>.<\/p>\n<hr \/>\n<h3><strong>3. B\u00e9n\u00e9voles de la SPP\u00a0 <\/strong><\/h3>\n<p>Soyez des n\u00f4tres \u00e0 l\u2019\u00e9v\u00e9nement phare du DPI, la Semaine de perfectionnement professionnel (SPP) !<\/p>\n<p>Vous pouvez vous impliquer de deux fa\u00e7ons:<\/p>\n<h4><strong>A &#8211;\u00a0 Comit\u00e9 d\u2019\u00e9valuation des programmes (ao\u00fbt-septembre)\u00a0 <\/strong><\/h4>\n<p>Assistez \u00e0 la cr\u00e9ation du programme SPP en examinant et en \u00e9valuant les propositions de conf\u00e9renciers pendant votre temps libre pour une p\u00e9riode d\u2019examen de 2 \u00e0 3 semaines en ao\u00fbt et septembre.<strong>Dur\u00e9e de l&#8217;engagent :<\/strong> Flexible, environ 5\u201310 heures sur 2 \u00e0 3 semaines<\/p>\n<p><strong>Qui peut faire du b\u00e9n\u00e9volat ?<\/strong> Affili\u00e9s de DPI (inscrivez-vous gratuitement <a href=\"https:\/\/dpi-canada.com\/fr\/devenir-affilie\/\" target=\"_blank\" rel=\"noopener\">ici)<\/a><\/p>\n<p>Que vous ayez d\u00e9j\u00e0 particip\u00e9 \u00e0 la SPP ou que vous soyez novice, c\u2019est une excellente fa\u00e7on de contribuer \u00e0 la communaut\u00e9 num\u00e9rique, de d\u00e9velopper votre r\u00e9seau et de d\u00e9couvrir les coulisses de l&#8217;\u00e9laboration d&#8217;un programme de conf\u00e9rence.<\/p>\n<p>Si vous \u00eates int\u00e9ress\u00e9, veuillez envoyer un courriel a: <a href=\"https:\/\/dpi-canada.com\/civicrm\/mailing\/url\/?u=5896&amp;qid=1494424\">program@dpi-canada.com<\/a><\/p>\n<h4><strong>B &#8211; <\/strong><strong>Soutien sur place pendant la SPP en mai\u00a0 <\/strong><\/h4>\n<p>Afin de faire de cet \u00e9v\u00e9nement un grand succ\u00e8s, nous recherchons des b\u00e9n\u00e9voles pour nous aider pour les activit\u00e9s en personne! Une vari\u00e9t\u00e9 de r\u00f4les s\u2019offre \u00e0 vous :<\/p>\n<ul>\n<li>Bureau d\u2019inscription<\/li>\n<li>Technicien audiovisuel<\/li>\n<li>Moniteurs des s\u00e9ances, Moniteurs aux portes<\/li>\n<li>Compagnon du conf\u00e9rencier, Mod\u00e9rateur pour les Q&amp;R, Moniteurs de discussion<\/li>\n<li>Et plus&#8230;.<\/li>\n<\/ul>\n<p><strong>Plus de d\u00e9tails peuvent \u00eatre trouv\u00e9s sur le <a href=\"https:\/\/dpi-canada.com\/fr\/spp\/appel-de-benevoles\/\" target=\"_blank\" rel=\"noopener\">web<\/a>.<\/strong><\/p>\n<p><em>Notez que l\u2019appel de b\u00e9n\u00e9voles de la SPP est actuellement\u00a0<span class=\"Y2IQFc\" lang=\"fr\">OUVERT jusqu&#8217;au 20 f\u00e9vrier 2026.<\/span><\/em><\/p>\n<hr \/>\n<p><strong>Vous avez encore des questions ? <\/strong>Nous sommes heureux de vous aider \u00e0 trouver la merveille place. Communiquez avec nous \u00e0 <a href=\"mailto:info@dpi-canada.com\">info@dpi-canada.com<\/a>. B\u00e2tissons ensemble l\u2019avenir de la fonction publique num\u00e9rique.<\/p>\n","protected":false},"excerpt":{"rendered":"<p>Impliquez-vous aupr\u00e8s du DPI : Possibilit\u00e9s de b\u00e9n\u00e9volat Les b\u00e9n\u00e9voles sont au c\u0153ur du DPI. Les b\u00e9n\u00e9voles du DPI donnent du temps, de l\u2019\u00e9nergie et partagent des connaissances pour nous aider \u00e0 remplir notre mission. Notre image positive est cr\u00e9\u00e9e au sein de la communaut\u00e9 gr\u00e2ce \u00e0 l\u2019enthousiasme et de l\u2019int\u00e9r\u00eat de nos b\u00e9n\u00e9voles, encourageant [&hellip;]<\/p>\n","protected":false},"author":6,"featured_media":0,"parent":0,"menu_order":2,"comment_status":"closed","ping_status":"closed","template":"subpage.php","meta":{"_acf_changed":false,"footnotes":""},"class_list":["post-717","page","type-page","status-publish","hentry"],"acf":[],"yoast_head":"<!-- This site is optimized with the Yoast SEO plugin v27.2 - https:\/\/yoast.com\/product\/yoast-seo-wordpress\/ -->\n<title>Devenir b\u00e9n\u00e9vole -<\/title>\n<meta name=\"robots\" content=\"index, follow, max-snippet:-1, max-image-preview:large, max-video-preview:-1\" \/>\n<link rel=\"canonical\" href=\"https:\/\/dpi-canada.com\/fr\/devenir-benevole\/\" \/>\n<meta property=\"og:locale\" content=\"fr_CA\" \/>\n<meta property=\"og:type\" content=\"article\" \/>\n<meta property=\"og:title\" content=\"Devenir b\u00e9n\u00e9vole -\" \/>\n<meta property=\"og:description\" content=\"Impliquez-vous aupr\u00e8s du DPI : Possibilit\u00e9s de b\u00e9n\u00e9volat Les b\u00e9n\u00e9voles sont au c\u0153ur du DPI. Les b\u00e9n\u00e9voles du DPI donnent du temps, de l\u2019\u00e9nergie et partagent des connaissances pour nous aider \u00e0 remplir notre mission. Notre image positive est cr\u00e9\u00e9e au sein de la communaut\u00e9 gr\u00e2ce \u00e0 l\u2019enthousiasme et de l\u2019int\u00e9r\u00eat de nos b\u00e9n\u00e9voles, encourageant [&hellip;]\" \/>\n<meta property=\"og:url\" content=\"https:\/\/dpi-canada.com\/fr\/devenir-benevole\/\" \/>\n<meta property=\"og:site_name\" content=\"DPI\" \/>\n<meta property=\"article:modified_time\" content=\"2026-01-22T15:15:56+00:00\" \/>\n<meta name=\"twitter:card\" content=\"summary_large_image\" \/>\n<meta name=\"twitter:site\" content=\"@dpi_canada\" \/>\n<meta name=\"twitter:label1\" content=\"Est. reading time\" \/>\n\t<meta name=\"twitter:data1\" content=\"5 minutes\" \/>\n<script type=\"application\/ld+json\" class=\"yoast-schema-graph\">{\"@context\":\"https:\/\/schema.org\",\"@graph\":[{\"@type\":\"WebPage\",\"@id\":\"https:\/\/dpi-canada.com\/fr\/devenir-benevole\/\",\"url\":\"https:\/\/dpi-canada.com\/fr\/devenir-benevole\/\",\"name\":\"Devenir b\u00e9n\u00e9vole -\",\"isPartOf\":{\"@id\":\"https:\/\/dpi-canada.com\/fr\/#website\"},\"datePublished\":\"2018-03-21T03:59:48+00:00\",\"dateModified\":\"2026-01-22T15:15:56+00:00\",\"breadcrumb\":{\"@id\":\"https:\/\/dpi-canada.com\/fr\/devenir-benevole\/#breadcrumb\"},\"inLanguage\":\"fr-CA\",\"potentialAction\":[{\"@type\":\"ReadAction\",\"target\":[\"https:\/\/dpi-canada.com\/fr\/devenir-benevole\/\"]}]},{\"@type\":\"BreadcrumbList\",\"@id\":\"https:\/\/dpi-canada.com\/fr\/devenir-benevole\/#breadcrumb\",\"itemListElement\":[{\"@type\":\"ListItem\",\"position\":1,\"name\":\"Home\",\"item\":\"https:\/\/dpi-canada.com\/fr\/\"},{\"@type\":\"ListItem\",\"position\":2,\"name\":\"Devenir b\u00e9n\u00e9vole\"}]},{\"@type\":\"WebSite\",\"@id\":\"https:\/\/dpi-canada.com\/fr\/#website\",\"url\":\"https:\/\/dpi-canada.com\/fr\/\",\"name\":\"Association of Public Sector Information Professionals (DPI)\",\"description\":\"D\u00e9velopper le professionnalisme en informatique\",\"publisher\":{\"@id\":\"https:\/\/dpi-canada.com\/fr\/#organization\"},\"potentialAction\":[{\"@type\":\"SearchAction\",\"target\":{\"@type\":\"EntryPoint\",\"urlTemplate\":\"https:\/\/dpi-canada.com\/fr\/?s={search_term_string}\"},\"query-input\":{\"@type\":\"PropertyValueSpecification\",\"valueRequired\":true,\"valueName\":\"search_term_string\"}}],\"inLanguage\":\"fr-CA\"},{\"@type\":\"Organization\",\"@id\":\"https:\/\/dpi-canada.com\/fr\/#organization\",\"name\":\"Association of Public Sector Information Professionals (DPI)\",\"url\":\"https:\/\/dpi-canada.com\/fr\/\",\"logo\":{\"@type\":\"ImageObject\",\"inLanguage\":\"fr-CA\",\"@id\":\"https:\/\/dpi-canada.com\/fr\/#\/schema\/logo\/image\/\",\"url\":\"https:\/\/dpi-canada.com\/sites\/dpi-canada.com\/wp-content\/uploads\/DPI_Social.jpg\",\"contentUrl\":\"https:\/\/dpi-canada.com\/sites\/dpi-canada.com\/wp-content\/uploads\/DPI_Social.jpg\",\"width\":1100,\"height\":1100,\"caption\":\"Association of Public Sector Information Professionals (DPI)\"},\"image\":{\"@id\":\"https:\/\/dpi-canada.com\/fr\/#\/schema\/logo\/image\/\"},\"sameAs\":[\"https:\/\/x.com\/dpi_canada\",\"http:\/\/www.linkedin.com\/company\/dpi--association-of-public-sector-information-professionals\"]}]}<\/script>\n<!-- \/ Yoast SEO plugin. -->","yoast_head_json":{"title":"Devenir b\u00e9n\u00e9vole -","robots":{"index":"index","follow":"follow","max-snippet":"max-snippet:-1","max-image-preview":"max-image-preview:large","max-video-preview":"max-video-preview:-1"},"canonical":"https:\/\/dpi-canada.com\/fr\/devenir-benevole\/","og_locale":"fr_CA","og_type":"article","og_title":"Devenir b\u00e9n\u00e9vole -","og_description":"Impliquez-vous aupr\u00e8s du DPI : Possibilit\u00e9s de b\u00e9n\u00e9volat Les b\u00e9n\u00e9voles sont au c\u0153ur du DPI. Les b\u00e9n\u00e9voles du DPI donnent du temps, de l\u2019\u00e9nergie et partagent des connaissances pour nous aider \u00e0 remplir notre mission. Notre image positive est cr\u00e9\u00e9e au sein de la communaut\u00e9 gr\u00e2ce \u00e0 l\u2019enthousiasme et de l\u2019int\u00e9r\u00eat de nos b\u00e9n\u00e9voles, encourageant [&hellip;]","og_url":"https:\/\/dpi-canada.com\/fr\/devenir-benevole\/","og_site_name":"DPI","article_modified_time":"2026-01-22T15:15:56+00:00","twitter_card":"summary_large_image","twitter_site":"@dpi_canada","twitter_misc":{"Est. reading time":"5 minutes"},"schema":{"@context":"https:\/\/schema.org","@graph":[{"@type":"WebPage","@id":"https:\/\/dpi-canada.com\/fr\/devenir-benevole\/","url":"https:\/\/dpi-canada.com\/fr\/devenir-benevole\/","name":"Devenir b\u00e9n\u00e9vole -","isPartOf":{"@id":"https:\/\/dpi-canada.com\/fr\/#website"},"datePublished":"2018-03-21T03:59:48+00:00","dateModified":"2026-01-22T15:15:56+00:00","breadcrumb":{"@id":"https:\/\/dpi-canada.com\/fr\/devenir-benevole\/#breadcrumb"},"inLanguage":"fr-CA","potentialAction":[{"@type":"ReadAction","target":["https:\/\/dpi-canada.com\/fr\/devenir-benevole\/"]}]},{"@type":"BreadcrumbList","@id":"https:\/\/dpi-canada.com\/fr\/devenir-benevole\/#breadcrumb","itemListElement":[{"@type":"ListItem","position":1,"name":"Home","item":"https:\/\/dpi-canada.com\/fr\/"},{"@type":"ListItem","position":2,"name":"Devenir b\u00e9n\u00e9vole"}]},{"@type":"WebSite","@id":"https:\/\/dpi-canada.com\/fr\/#website","url":"https:\/\/dpi-canada.com\/fr\/","name":"Association of Public Sector Information Professionals (DPI)","description":"D\u00e9velopper le professionnalisme en informatique","publisher":{"@id":"https:\/\/dpi-canada.com\/fr\/#organization"},"potentialAction":[{"@type":"SearchAction","target":{"@type":"EntryPoint","urlTemplate":"https:\/\/dpi-canada.com\/fr\/?s={search_term_string}"},"query-input":{"@type":"PropertyValueSpecification","valueRequired":true,"valueName":"search_term_string"}}],"inLanguage":"fr-CA"},{"@type":"Organization","@id":"https:\/\/dpi-canada.com\/fr\/#organization","name":"Association of Public Sector Information Professionals (DPI)","url":"https:\/\/dpi-canada.com\/fr\/","logo":{"@type":"ImageObject","inLanguage":"fr-CA","@id":"https:\/\/dpi-canada.com\/fr\/#\/schema\/logo\/image\/","url":"https:\/\/dpi-canada.com\/sites\/dpi-canada.com\/wp-content\/uploads\/DPI_Social.jpg","contentUrl":"https:\/\/dpi-canada.com\/sites\/dpi-canada.com\/wp-content\/uploads\/DPI_Social.jpg","width":1100,"height":1100,"caption":"Association of Public Sector Information Professionals (DPI)"},"image":{"@id":"https:\/\/dpi-canada.com\/fr\/#\/schema\/logo\/image\/"},"sameAs":["https:\/\/x.com\/dpi_canada","http:\/\/www.linkedin.com\/company\/dpi--association-of-public-sector-information-professionals"]}]}},"_links":{"self":[{"href":"https:\/\/dpi-canada.com\/fr\/wp-json\/wp\/v2\/pages\/717","targetHints":{"allow":["GET"]}}],"collection":[{"href":"https:\/\/dpi-canada.com\/fr\/wp-json\/wp\/v2\/pages"}],"about":[{"href":"https:\/\/dpi-canada.com\/fr\/wp-json\/wp\/v2\/types\/page"}],"author":[{"embeddable":true,"href":"https:\/\/dpi-canada.com\/fr\/wp-json\/wp\/v2\/users\/6"}],"replies":[{"embeddable":true,"href":"https:\/\/dpi-canada.com\/fr\/wp-json\/wp\/v2\/comments?post=717"}],"version-history":[{"count":4,"href":"https:\/\/dpi-canada.com\/fr\/wp-json\/wp\/v2\/pages\/717\/revisions"}],"predecessor-version":[{"id":9779,"href":"https:\/\/dpi-canada.com\/fr\/wp-json\/wp\/v2\/pages\/717\/revisions\/9779"}],"wp:attachment":[{"href":"https:\/\/dpi-canada.com\/fr\/wp-json\/wp\/v2\/media?parent=717"}],"curies":[{"name":"wp","href":"https:\/\/api.w.org\/{rel}","templated":true}]}}