{"id":723,"date":"2018-03-21T00:04:10","date_gmt":"2018-03-21T04:04:10","guid":{"rendered":"http:\/\/dpi-canada.com\/?page_id=723"},"modified":"2025-06-12T14:07:48","modified_gmt":"2025-06-12T18:07:48","slug":"spp","status":"publish","type":"page","link":"https:\/\/dpi-canada.com\/fr\/spp\/","title":{"rendered":"Semaine de perfectionnement professionnel (SPP)"},"content":{"rendered":"<h4><img loading=\"lazy\" decoding=\"async\" class=\"aligncenter size-full wp-image-9581\" src=\"https:\/\/dpi-canada.com\/sites\/dpi-canada.com\/wp-content\/uploads\/PDW2026-Poster-1-scaled.png\" alt=\"\" width=\"2560\" height=\"924\" srcset=\"https:\/\/dpi-canada.com\/sites\/dpi-canada.com\/wp-content\/uploads\/PDW2026-Poster-1-scaled.png 2560w, https:\/\/dpi-canada.com\/sites\/dpi-canada.com\/wp-content\/uploads\/PDW2026-Poster-1-300x108.png 300w, https:\/\/dpi-canada.com\/sites\/dpi-canada.com\/wp-content\/uploads\/PDW2026-Poster-1-1024x370.png 1024w, https:\/\/dpi-canada.com\/sites\/dpi-canada.com\/wp-content\/uploads\/PDW2026-Poster-1-768x277.png 768w, https:\/\/dpi-canada.com\/sites\/dpi-canada.com\/wp-content\/uploads\/PDW2026-Poster-1-1536x555.png 1536w, https:\/\/dpi-canada.com\/sites\/dpi-canada.com\/wp-content\/uploads\/PDW2026-Poster-1-2048x740.png 2048w, https:\/\/dpi-canada.com\/sites\/dpi-canada.com\/wp-content\/uploads\/PDW2026-Poster-1-1920x693.png 1920w, https:\/\/dpi-canada.com\/sites\/dpi-canada.com\/wp-content\/uploads\/PDW2026-Poster-1-1662x600.png 1662w\" sizes=\"auto, (max-width: 2560px) 100vw, 2560px\" \/><\/h4>\n<p style=\"text-align: center;\"><em><strong>La SPP est le plus important rendez-vous hybride de trois jours pour la communaut\u00e9 num\u00e9rique du secteur public canadien pour apprendre, communiquer et grandir en tant que leaders et professionnels!<\/strong><\/em><\/p>\n<p>Depuis plus de 60 ans, DPI capte la voix de la communaut\u00e9 de la gestion de l\u2019information, des technologies de l\u2019information et du num\u00e9rique du secteur public. Cette ann\u00e9e n\u2019est pas diff\u00e9rente des autres. Notre \u00e9v\u00e9nement d&#8217;apprentissage annuel le plus attendu, la Semaine de perfectionnement professionnel, aura lieu du\u00a0<strong>5 au 7 mai\u00a02026<\/strong>, \u00e0 la fois virtuellement ainsi qu\u2019au Centre\u00a0Rogers Ottawa.<\/p>\n<h2 style=\"text-align: center;\"><strong>Le Grand Nord, num\u00e9rique et libre <\/strong><\/h2>\n<p>Le paysage num\u00e9rique et technologique du Canada \u00e9volue, tout comme les professionnels qui stimulent l&#8217;innovation et la transformation dans le secteur public. La Semaine de perfectionnement professionnel (SPP) 2026 a pour th\u00e8me \u00ab Le grand nord, num\u00e9rique et libre \u00bb, c\u00e9l\u00e9brant la r\u00e9silience, l&#8217;ing\u00e9niosit\u00e9 et les progr\u00e8s technologiques qui fa\u00e7onnent l&#8217;avenir num\u00e9rique du Canada. <\/p>\n<p>Rejoignez-nous du <strong>5 au 7 mai 2026<\/strong> alors que nous rassemblons des leaders d&#8217;opinion, des experts de l&#8217;industrie et des professionnels du num\u00e9rique des secteurs public et priv\u00e9 pour trois jours de conf\u00e9renciers, de colloques et d\u2019opportunit\u00e9s de r\u00e9seautage. Alors que le secteur public adopte l&#8217;IA, la cybers\u00e9curit\u00e9, l&#8217;informatique infonuagique et la prise de d\u00e9cision fond\u00e9e sur les donn\u00e9es, les professionnels canadiens sont \u00e0 l&#8217;avant-garde, tirant parti de la confiance, de l&#8217;inclusivit\u00e9 et de l&#8217;innovation \u00e9thique afin de diriger des changements d\u2019ampleurs et de r\u00e9tablir la position du Canada en tant que leader en mati\u00e8re de gouvernement num\u00e9rique.  <\/p>\n<p>Attendez-vous \u00e0 des discussions reli\u00e9es aux <strong>technologies \u00e9mergentes, la cybers\u00e9curit\u00e9, l&#8217;IA, la prestation de services num\u00e9riques et au leadership<\/strong>, con\u00e7ues pour fournir aux fonctionnaires les outils et connaissances n\u00e9cessaires afin de diriger des changements de grande importance.  <\/p>\n<p>Que vous participiez en personne ou virtuellement, la SPP 2026 est votre occasion d&#8217;apprendre, de vous connecter et de contribuer \u00e0 <strong>un Canada plus fort et num\u00e9rique<\/strong>. <\/p>\n<p>Demeurez \u00e0 l&#8217;\u00e9coute pour l\u2019annonces des conf\u00e9renciers, d\u00e9tails concernant les sessions et les informations relatives \u00e0 l&#8217;inscription. <strong>Rejoignez-nous afin de sculpter l&#8217;avenir du num\u00e9rique au Canada !<\/strong> <\/p>\n<\/ul>\n<p>Soyez des n\u00f4tres en mai prochain alors que nous donnons \u00e0 chaque participant l&#8217;occasion d&#8217;apprendre, de se connecter aux autres et de grandir en tant que leaders et professionnels!<\/p>\n<p style=\"text-align: center;\"><iframe loading=\"lazy\" title=\"YouTube video player\" src=\"https:\/\/www.youtube-nocookie.com\/embed\/te3rherFzkc?controls=0\" width=\"560\" height=\"315\" frameborder=\"0\" allowfullscreen=\"allowfullscreen\"><\/iframe><\/p>\n<p style=\"text-align: center;\"><iframe loading=\"lazy\" title=\"YouTube video player\" src=\"https:\/\/www.youtube.com\/embed\/jtQS3CBoW-I?si=nWHA191wimZ-Hdpx\" width=\"560\" height=\"315\" frameborder=\"0\" allowfullscreen=\"allowfullscreen\"><\/iframe><\/p>\n<p style=\"text-align: center;\"><iframe loading=\"lazy\" title=\"YouTube video player\" src=\"https:\/\/www.youtube.com\/embed\/R6bl1vSnfz0?si=RWvj2PJqSWQHPHA0\" width=\"560\" height=\"315\" frameborder=\"0\" allowfullscreen=\"allowfullscreen\"><\/iframe><\/p>\n","protected":false},"excerpt":{"rendered":"<p>La SPP est le plus important rendez-vous hybride de trois jours pour la communaut\u00e9 num\u00e9rique du secteur public canadien pour apprendre, communiquer et grandir en tant que leaders et professionnels! Depuis plus de 60 ans, DPI capte la voix de la communaut\u00e9 de la gestion de l\u2019information, des technologies de l\u2019information et du num\u00e9rique du [&hellip;]<\/p>\n","protected":false},"author":6,"featured_media":0,"parent":0,"menu_order":0,"comment_status":"closed","ping_status":"closed","template":"subpage.php","meta":{"_acf_changed":false,"footnotes":""},"class_list":["post-723","page","type-page","status-publish","hentry"],"acf":[],"yoast_head":"<!-- This site is optimized with the Yoast SEO plugin v27.2 - https:\/\/yoast.com\/product\/yoast-seo-wordpress\/ -->\n<title>Semaine de perfectionnement professionnel (SPP) -<\/title>\n<meta name=\"robots\" content=\"index, follow, max-snippet:-1, max-image-preview:large, max-video-preview:-1\" \/>\n<link rel=\"canonical\" href=\"https:\/\/dpi-canada.com\/fr\/spp\/\" \/>\n<meta property=\"og:locale\" content=\"fr_CA\" \/>\n<meta property=\"og:type\" content=\"article\" \/>\n<meta property=\"og:title\" content=\"Semaine de perfectionnement professionnel (SPP) -\" \/>\n<meta property=\"og:description\" content=\"La SPP est le plus important rendez-vous hybride de trois jours pour la communaut\u00e9 num\u00e9rique du secteur public canadien pour apprendre, communiquer et grandir en tant que leaders et professionnels! Depuis plus de 60 ans, DPI capte la voix de la communaut\u00e9 de la gestion de l\u2019information, des technologies de l\u2019information et du num\u00e9rique du [&hellip;]\" \/>\n<meta property=\"og:url\" content=\"https:\/\/dpi-canada.com\/fr\/spp\/\" \/>\n<meta property=\"og:site_name\" content=\"DPI\" \/>\n<meta property=\"article:modified_time\" content=\"2025-06-12T18:07:48+00:00\" \/>\n<meta property=\"og:image\" content=\"https:\/\/dpi-canada.com\/sites\/dpi-canada.com\/wp-content\/uploads\/PDW2026-Poster-1-scaled.png\" \/>\n\t<meta property=\"og:image:width\" content=\"2560\" \/>\n\t<meta property=\"og:image:height\" content=\"924\" \/>\n\t<meta property=\"og:image:type\" content=\"image\/png\" \/>\n<meta name=\"twitter:card\" content=\"summary_large_image\" \/>\n<meta name=\"twitter:site\" content=\"@dpi_canada\" \/>\n<meta name=\"twitter:label1\" content=\"Est. reading time\" \/>\n\t<meta name=\"twitter:data1\" content=\"4 minutes\" \/>\n<script type=\"application\/ld+json\" class=\"yoast-schema-graph\">{\"@context\":\"https:\/\/schema.org\",\"@graph\":[{\"@type\":\"WebPage\",\"@id\":\"https:\/\/dpi-canada.com\/fr\/spp\/\",\"url\":\"https:\/\/dpi-canada.com\/fr\/spp\/\",\"name\":\"Semaine de perfectionnement professionnel (SPP) -\",\"isPartOf\":{\"@id\":\"https:\/\/dpi-canada.com\/fr\/#website\"},\"primaryImageOfPage\":{\"@id\":\"https:\/\/dpi-canada.com\/fr\/spp\/#primaryimage\"},\"image\":{\"@id\":\"https:\/\/dpi-canada.com\/fr\/spp\/#primaryimage\"},\"thumbnailUrl\":\"https:\/\/dpi-canada.com\/sites\/dpi-canada.com\/wp-content\/uploads\/PDW2026-Poster-1-scaled.png\",\"datePublished\":\"2018-03-21T04:04:10+00:00\",\"dateModified\":\"2025-06-12T18:07:48+00:00\",\"breadcrumb\":{\"@id\":\"https:\/\/dpi-canada.com\/fr\/spp\/#breadcrumb\"},\"inLanguage\":\"fr-CA\",\"potentialAction\":[{\"@type\":\"ReadAction\",\"target\":[\"https:\/\/dpi-canada.com\/fr\/spp\/\"]}]},{\"@type\":\"ImageObject\",\"inLanguage\":\"fr-CA\",\"@id\":\"https:\/\/dpi-canada.com\/fr\/spp\/#primaryimage\",\"url\":\"https:\/\/dpi-canada.com\/sites\/dpi-canada.com\/wp-content\/uploads\/PDW2026-Poster-1-scaled.png\",\"contentUrl\":\"https:\/\/dpi-canada.com\/sites\/dpi-canada.com\/wp-content\/uploads\/PDW2026-Poster-1-scaled.png\"},{\"@type\":\"BreadcrumbList\",\"@id\":\"https:\/\/dpi-canada.com\/fr\/spp\/#breadcrumb\",\"itemListElement\":[{\"@type\":\"ListItem\",\"position\":1,\"name\":\"Home\",\"item\":\"https:\/\/dpi-canada.com\/fr\/\"},{\"@type\":\"ListItem\",\"position\":2,\"name\":\"Semaine de perfectionnement professionnel (SPP)\"}]},{\"@type\":\"WebSite\",\"@id\":\"https:\/\/dpi-canada.com\/fr\/#website\",\"url\":\"https:\/\/dpi-canada.com\/fr\/\",\"name\":\"Association of Public Sector Information Professionals (DPI)\",\"description\":\"D\u00e9velopper le professionnalisme en informatique\",\"publisher\":{\"@id\":\"https:\/\/dpi-canada.com\/fr\/#organization\"},\"potentialAction\":[{\"@type\":\"SearchAction\",\"target\":{\"@type\":\"EntryPoint\",\"urlTemplate\":\"https:\/\/dpi-canada.com\/fr\/?s={search_term_string}\"},\"query-input\":{\"@type\":\"PropertyValueSpecification\",\"valueRequired\":true,\"valueName\":\"search_term_string\"}}],\"inLanguage\":\"fr-CA\"},{\"@type\":\"Organization\",\"@id\":\"https:\/\/dpi-canada.com\/fr\/#organization\",\"name\":\"Association of Public Sector Information Professionals (DPI)\",\"url\":\"https:\/\/dpi-canada.com\/fr\/\",\"logo\":{\"@type\":\"ImageObject\",\"inLanguage\":\"fr-CA\",\"@id\":\"https:\/\/dpi-canada.com\/fr\/#\/schema\/logo\/image\/\",\"url\":\"https:\/\/dpi-canada.com\/sites\/dpi-canada.com\/wp-content\/uploads\/DPI_Social.jpg\",\"contentUrl\":\"https:\/\/dpi-canada.com\/sites\/dpi-canada.com\/wp-content\/uploads\/DPI_Social.jpg\",\"width\":1100,\"height\":1100,\"caption\":\"Association of Public Sector Information Professionals (DPI)\"},\"image\":{\"@id\":\"https:\/\/dpi-canada.com\/fr\/#\/schema\/logo\/image\/\"},\"sameAs\":[\"https:\/\/x.com\/dpi_canada\",\"http:\/\/www.linkedin.com\/company\/dpi--association-of-public-sector-information-professionals\"]}]}<\/script>\n<!-- \/ Yoast SEO plugin. -->","yoast_head_json":{"title":"Semaine de perfectionnement professionnel (SPP) -","robots":{"index":"index","follow":"follow","max-snippet":"max-snippet:-1","max-image-preview":"max-image-preview:large","max-video-preview":"max-video-preview:-1"},"canonical":"https:\/\/dpi-canada.com\/fr\/spp\/","og_locale":"fr_CA","og_type":"article","og_title":"Semaine de perfectionnement professionnel (SPP) -","og_description":"La SPP est le plus important rendez-vous hybride de trois jours pour la communaut\u00e9 num\u00e9rique du secteur public canadien pour apprendre, communiquer et grandir en tant que leaders et professionnels! Depuis plus de 60 ans, DPI capte la voix de la communaut\u00e9 de la gestion de l\u2019information, des technologies de l\u2019information et du num\u00e9rique du [&hellip;]","og_url":"https:\/\/dpi-canada.com\/fr\/spp\/","og_site_name":"DPI","article_modified_time":"2025-06-12T18:07:48+00:00","og_image":[{"width":2560,"height":924,"url":"https:\/\/dpi-canada.com\/sites\/dpi-canada.com\/wp-content\/uploads\/PDW2026-Poster-1-scaled.png","type":"image\/png"}],"twitter_card":"summary_large_image","twitter_site":"@dpi_canada","twitter_misc":{"Est. reading time":"4 minutes"},"schema":{"@context":"https:\/\/schema.org","@graph":[{"@type":"WebPage","@id":"https:\/\/dpi-canada.com\/fr\/spp\/","url":"https:\/\/dpi-canada.com\/fr\/spp\/","name":"Semaine de perfectionnement professionnel (SPP) -","isPartOf":{"@id":"https:\/\/dpi-canada.com\/fr\/#website"},"primaryImageOfPage":{"@id":"https:\/\/dpi-canada.com\/fr\/spp\/#primaryimage"},"image":{"@id":"https:\/\/dpi-canada.com\/fr\/spp\/#primaryimage"},"thumbnailUrl":"https:\/\/dpi-canada.com\/sites\/dpi-canada.com\/wp-content\/uploads\/PDW2026-Poster-1-scaled.png","datePublished":"2018-03-21T04:04:10+00:00","dateModified":"2025-06-12T18:07:48+00:00","breadcrumb":{"@id":"https:\/\/dpi-canada.com\/fr\/spp\/#breadcrumb"},"inLanguage":"fr-CA","potentialAction":[{"@type":"ReadAction","target":["https:\/\/dpi-canada.com\/fr\/spp\/"]}]},{"@type":"ImageObject","inLanguage":"fr-CA","@id":"https:\/\/dpi-canada.com\/fr\/spp\/#primaryimage","url":"https:\/\/dpi-canada.com\/sites\/dpi-canada.com\/wp-content\/uploads\/PDW2026-Poster-1-scaled.png","contentUrl":"https:\/\/dpi-canada.com\/sites\/dpi-canada.com\/wp-content\/uploads\/PDW2026-Poster-1-scaled.png"},{"@type":"BreadcrumbList","@id":"https:\/\/dpi-canada.com\/fr\/spp\/#breadcrumb","itemListElement":[{"@type":"ListItem","position":1,"name":"Home","item":"https:\/\/dpi-canada.com\/fr\/"},{"@type":"ListItem","position":2,"name":"Semaine de perfectionnement professionnel (SPP)"}]},{"@type":"WebSite","@id":"https:\/\/dpi-canada.com\/fr\/#website","url":"https:\/\/dpi-canada.com\/fr\/","name":"Association of Public Sector Information Professionals (DPI)","description":"D\u00e9velopper le professionnalisme en informatique","publisher":{"@id":"https:\/\/dpi-canada.com\/fr\/#organization"},"potentialAction":[{"@type":"SearchAction","target":{"@type":"EntryPoint","urlTemplate":"https:\/\/dpi-canada.com\/fr\/?s={search_term_string}"},"query-input":{"@type":"PropertyValueSpecification","valueRequired":true,"valueName":"search_term_string"}}],"inLanguage":"fr-CA"},{"@type":"Organization","@id":"https:\/\/dpi-canada.com\/fr\/#organization","name":"Association of Public Sector Information Professionals (DPI)","url":"https:\/\/dpi-canada.com\/fr\/","logo":{"@type":"ImageObject","inLanguage":"fr-CA","@id":"https:\/\/dpi-canada.com\/fr\/#\/schema\/logo\/image\/","url":"https:\/\/dpi-canada.com\/sites\/dpi-canada.com\/wp-content\/uploads\/DPI_Social.jpg","contentUrl":"https:\/\/dpi-canada.com\/sites\/dpi-canada.com\/wp-content\/uploads\/DPI_Social.jpg","width":1100,"height":1100,"caption":"Association of Public Sector Information Professionals (DPI)"},"image":{"@id":"https:\/\/dpi-canada.com\/fr\/#\/schema\/logo\/image\/"},"sameAs":["https:\/\/x.com\/dpi_canada","http:\/\/www.linkedin.com\/company\/dpi--association-of-public-sector-information-professionals"]}]}},"_links":{"self":[{"href":"https:\/\/dpi-canada.com\/fr\/wp-json\/wp\/v2\/pages\/723","targetHints":{"allow":["GET"]}}],"collection":[{"href":"https:\/\/dpi-canada.com\/fr\/wp-json\/wp\/v2\/pages"}],"about":[{"href":"https:\/\/dpi-canada.com\/fr\/wp-json\/wp\/v2\/types\/page"}],"author":[{"embeddable":true,"href":"https:\/\/dpi-canada.com\/fr\/wp-json\/wp\/v2\/users\/6"}],"replies":[{"embeddable":true,"href":"https:\/\/dpi-canada.com\/fr\/wp-json\/wp\/v2\/comments?post=723"}],"version-history":[{"count":3,"href":"https:\/\/dpi-canada.com\/fr\/wp-json\/wp\/v2\/pages\/723\/revisions"}],"predecessor-version":[{"id":9604,"href":"https:\/\/dpi-canada.com\/fr\/wp-json\/wp\/v2\/pages\/723\/revisions\/9604"}],"wp:attachment":[{"href":"https:\/\/dpi-canada.com\/fr\/wp-json\/wp\/v2\/media?parent=723"}],"curies":[{"name":"wp","href":"https:\/\/api.w.org\/{rel}","templated":true}]}}