{"id":731,"date":"2018-03-21T00:10:22","date_gmt":"2018-03-21T04:10:22","guid":{"rendered":"http:\/\/dpi-canada.com\/?page_id=731"},"modified":"2025-01-20T14:24:58","modified_gmt":"2025-01-20T19:24:58","slug":"publicite","status":"publish","type":"page","link":"https:\/\/dpi-canada.com\/fr\/publicite\/","title":{"rendered":"Mat\u00e9riel promotionnel"},"content":{"rendered":"<p>Vous trouverez ci-dessous quelques mat\u00e9riel promotionnel \u00e0 utiliser dans la promotion de la SPP.<\/p>\n<ul>\n<li>Infographie &#8211; <a href=\"https:\/\/dpi-canada.com\/sites\/dpi-canada.com\/wp-content\/uploads\/PDW-Infographic_EN.png\" target=\"_blank\" rel=\"noopener noreferrer\">EN<\/a> | <a href=\"https:\/\/dpi-canada.com\/sites\/dpi-canada.com\/wp-content\/uploads\/PDW-Infographic_FR.png\" target=\"_blank\" rel=\"noopener noreferrer\">FR<\/a> (PDF)<\/li>\n<li>Affiche &#8211; <a href=\"https:\/\/dpi-canada.com\/sites\/dpi-canada.com\/wp-content\/uploads\/PDW-2024-Poster_EN-1.png\" target=\"_blank\" rel=\"noopener noreferrer\">EN<\/a> | <a href=\"https:\/\/dpi-canada.com\/sites\/dpi-canada.com\/wp-content\/uploads\/PDW-2024-Poster_FR-1.png\" target=\"_blank\" rel=\"noopener noreferrer\">FR<\/a> (PNG) <a href=\"https:\/\/dpi-canada.com\/sites\/dpi-canada.com\/wp-content\/uploads\/PDW-2024-Poster_EN.pdf\" target=\"_blank\" rel=\"noopener noreferrer\">EN<\/a> | <a href=\"https:\/\/dpi-canada.com\/sites\/dpi-canada.com\/wp-content\/uploads\/PDW-2024-Poster_FR.pdf\" target=\"_blank\" rel=\"noopener noreferrer\">FR<\/a> (PDF)<\/li>\n<li>Suggestion d&#8217;articles sur les m\u00e9dias sociaux &#8211; <a href=\"https:\/\/dpi-canada.com\/sites\/dpi-canada.com\/wp-content\/uploads\/PDW2025-Social-Media-Post_BIL-1.pdf\" target=\"_blank\" rel=\"noopener noreferrer\">BILINGUE<\/a> (PDF)<\/li>\n<li>\u00c9chantillon d&#8217;un article \u00e0 glisser dans un des bulletins d&#8217;information minist\u00e9rielle &#8211; <a href=\"https:\/\/dpi-canada.com\/sites\/dpi-canada.com\/wp-content\/uploads\/PDW2025-Sample-Newsletter-article-for-Departments_BIL-1.pdf\" target=\"_blank\" rel=\"noopener noreferrer\">BILINGUE<\/a> (PDF)<\/li>\n<li>S\u00e9ances de visionnement &#8211; <a href=\"https:\/\/dpi-canada.com\/sites\/dpi-canada.com\/wp-content\/uploads\/PDW-2025-Viewing-Party-Playbook-_EN-1-3.pdf\" target=\"_blank\" rel=\"noopener noreferrer\">EN<\/a>\u00a0| <a href=\"https:\/\/dpi-canada.com\/sites\/dpi-canada.com\/wp-content\/uploads\/PDW-2025-Viewing-Party-Playbook-_FR.pdf\" target=\"_blank\" rel=\"noopener noreferrer\">FR<\/a> (PDF)<\/li>\n<li>Banni\u00e8re de Twitter &#8211; <a href=\"https:\/\/dpi-canada.com\/sites\/dpi-canada.com\/wp-content\/uploads\/PDW-2025-Twitter.png\" target=\"_blank\" rel=\"noopener noreferrer\">BILINGUE<\/a> (PNG)<\/li>\n<li>En-t\u00eate de courriel &#8211; <a href=\"https:\/\/dpi-canada.com\/sites\/dpi-canada.com\/wp-content\/uploads\/PDW2025-Poster.png\" target=\"_blank\" rel=\"noopener noreferrer\">BILINGUE<\/a> (PNG<\/li>\n<li>Fond de MS Teams \/ Zoom promotionnel &#8211; <a href=\"https:\/\/dpi-canada.com\/sites\/dpi-canada.com\/wp-content\/uploads\/PDW-2025-MS-Team-Backgrounds.png\" target=\"_blank\" rel=\"noopener noreferrer\">BILINGUE<\/a> (PNG)<\/li>\n<\/ul>\n<p><b><span data-contrast=\"auto\">Id\u00e9es pour maximiser l\u2019utilisation de votre laissez-passer d\u2019entreprise de la SPP et pour augmenter la participation des membres de votre organisation.<\/span><\/b><span data-ccp-props=\"{&quot;201341983&quot;:0,&quot;335559739&quot;:160,&quot;335559740&quot;:259}\">\u00a0<\/span><\/p>\n<ul>\n<li><span data-contrast=\"auto\">Encouragez vos employ\u00e9s \u00e0 bloquer ces trois jours dans leur calendrier afin de les consacrer \u00e0 leur apprentissage et \u00e0 leur perfectionnement.<\/span><\/li>\n<li><span data-contrast=\"auto\">Distribuez tout le mat\u00e9riel de promotion, les d\u00e9tails concernant les trois jours de la SPP, ainsi que les renseignements au sujet du laissez-passer d\u2019entreprise, y compris le lien d&#8217;inscription de votre organisation, ainsi que tous les groupes de votre organisation.<\/span><\/li>\n<li><span data-contrast=\"auto\">Encouragez d\u2019autres dirigeants principaux et gestionnaires \u00e0 offrir cette occasion d\u2019apprentissage et de perfectionnement avec leur personnel, par le biais de courriels, lors de r\u00e9unions, d\u2019\u00e9v\u00e9nements, et de pr\u00e9sentations, notamment.<\/span><\/li>\n<li><span data-contrast=\"auto\">Annoncez la SPP dans des infolettres distribu\u00e9es \u00e0 l\u2019\u00e9chelle de votre organisation, dans les m\u00e9dias sociaux, sur l\u2019intranet, et sur des sites d\u2019\u00e9v\u00e9nement.<\/span><\/li>\n<li><span data-contrast=\"auto\">Sollicitez la collaboration de votre \u00e9quipe des ressources humaines, de m\u00eame que vos groupes de l\u2019apprentissage et de formation pour contribuer \u00e0 la promotion de la SPP.<\/span><\/li>\n<li><span data-contrast=\"auto\">Transmettez les d\u00e9tails de l\u2019\u00e9v\u00e9nement de la SPP et les renseignements sur le laissez-passer d\u2019entreprise lors de r\u00e9unions organisationnelles, d\u2019\u00e9v\u00e9nements et de pr\u00e9sentations.<\/span><\/li>\n<li><span data-contrast=\"auto\">Organisez une rencontre de visionnement \u2013 Planifiez des moments communs pour visionner ensemble des s\u00e9ances cl\u00e9s de la SPP qui correspondent aux priorit\u00e9s et aux domaines d\u2019apprentissage privil\u00e9gi\u00e9s de votre organisation. Voir le cahier des s\u00e9ances de visionnement de la SPP <\/span><a href=\"https:\/\/dpi-canada.com\/fr\/pdw-2025-viewing-party-playbook-_fr-2\/\"><span data-contrast=\"none\">ici<\/span><\/a><span data-contrast=\"auto\">.<\/span><\/li>\n<\/ul>\n","protected":false},"excerpt":{"rendered":"<p>Vous trouverez ci-dessous quelques mat\u00e9riel promotionnel \u00e0 utiliser dans la promotion de la SPP. Infographie &#8211; EN | FR (PDF) Affiche &#8211; EN | FR (PNG) EN | FR (PDF) Suggestion d&#8217;articles sur les m\u00e9dias sociaux &#8211; BILINGUE (PDF) \u00c9chantillon d&#8217;un article \u00e0 glisser dans un des bulletins d&#8217;information minist\u00e9rielle &#8211; BILINGUE (PDF) S\u00e9ances de [&hellip;]<\/p>\n","protected":false},"author":6,"featured_media":0,"parent":0,"menu_order":4,"comment_status":"closed","ping_status":"closed","template":"subpage.php","meta":{"_acf_changed":false,"footnotes":""},"class_list":["post-731","page","type-page","status-publish","hentry"],"acf":[],"yoast_head":"<!-- This site is optimized with the Yoast SEO plugin v27.3 - https:\/\/yoast.com\/product\/yoast-seo-wordpress\/ -->\n<title>Mat\u00e9riel promotionnel -<\/title>\n<meta name=\"robots\" content=\"index, follow, max-snippet:-1, max-image-preview:large, max-video-preview:-1\" \/>\n<link rel=\"canonical\" href=\"https:\/\/dpi-canada.com\/fr\/publicite\/\" \/>\n<meta property=\"og:locale\" content=\"fr_CA\" \/>\n<meta property=\"og:type\" content=\"article\" \/>\n<meta property=\"og:title\" content=\"Mat\u00e9riel promotionnel -\" \/>\n<meta property=\"og:description\" content=\"Vous trouverez ci-dessous quelques mat\u00e9riel promotionnel \u00e0 utiliser dans la promotion de la SPP. Infographie &#8211; EN | FR (PDF) Affiche &#8211; EN | FR (PNG) EN | FR (PDF) Suggestion d&#8217;articles sur les m\u00e9dias sociaux &#8211; BILINGUE (PDF) \u00c9chantillon d&#8217;un article \u00e0 glisser dans un des bulletins d&#8217;information minist\u00e9rielle &#8211; BILINGUE (PDF) S\u00e9ances de [&hellip;]\" \/>\n<meta property=\"og:url\" content=\"https:\/\/dpi-canada.com\/fr\/publicite\/\" \/>\n<meta property=\"og:site_name\" content=\"DPI\" \/>\n<meta property=\"article:modified_time\" content=\"2025-01-20T19:24:58+00:00\" \/>\n<meta name=\"twitter:card\" content=\"summary_large_image\" \/>\n<meta name=\"twitter:site\" content=\"@dpi_canada\" \/>\n<meta name=\"twitter:label1\" content=\"Est. reading time\" \/>\n\t<meta name=\"twitter:data1\" content=\"2 minutes\" \/>\n<script type=\"application\/ld+json\" class=\"yoast-schema-graph\">{\"@context\":\"https:\\\/\\\/schema.org\",\"@graph\":[{\"@type\":\"WebPage\",\"@id\":\"https:\\\/\\\/dpi-canada.com\\\/fr\\\/publicite\\\/\",\"url\":\"https:\\\/\\\/dpi-canada.com\\\/fr\\\/publicite\\\/\",\"name\":\"Mat\u00e9riel promotionnel -\",\"isPartOf\":{\"@id\":\"https:\\\/\\\/dpi-canada.com\\\/fr\\\/#website\"},\"datePublished\":\"2018-03-21T04:10:22+00:00\",\"dateModified\":\"2025-01-20T19:24:58+00:00\",\"breadcrumb\":{\"@id\":\"https:\\\/\\\/dpi-canada.com\\\/fr\\\/publicite\\\/#breadcrumb\"},\"inLanguage\":\"fr-CA\",\"potentialAction\":[{\"@type\":\"ReadAction\",\"target\":[\"https:\\\/\\\/dpi-canada.com\\\/fr\\\/publicite\\\/\"]}]},{\"@type\":\"BreadcrumbList\",\"@id\":\"https:\\\/\\\/dpi-canada.com\\\/fr\\\/publicite\\\/#breadcrumb\",\"itemListElement\":[{\"@type\":\"ListItem\",\"position\":1,\"name\":\"Home\",\"item\":\"https:\\\/\\\/dpi-canada.com\\\/fr\\\/\"},{\"@type\":\"ListItem\",\"position\":2,\"name\":\"Semaine de perfectionnement professionnel (SPP)\",\"item\":\"https:\\\/\\\/dpi-canada.com\\\/fr\\\/spp\\\/\"},{\"@type\":\"ListItem\",\"position\":3,\"name\":\"Mat\u00e9riel promotionnel\"}]},{\"@type\":\"WebSite\",\"@id\":\"https:\\\/\\\/dpi-canada.com\\\/fr\\\/#website\",\"url\":\"https:\\\/\\\/dpi-canada.com\\\/fr\\\/\",\"name\":\"Association of Public Sector Information Professionals (DPI)\",\"description\":\"D\u00e9velopper le professionnalisme en informatique\",\"publisher\":{\"@id\":\"https:\\\/\\\/dpi-canada.com\\\/fr\\\/#organization\"},\"potentialAction\":[{\"@type\":\"SearchAction\",\"target\":{\"@type\":\"EntryPoint\",\"urlTemplate\":\"https:\\\/\\\/dpi-canada.com\\\/fr\\\/?s={search_term_string}\"},\"query-input\":{\"@type\":\"PropertyValueSpecification\",\"valueRequired\":true,\"valueName\":\"search_term_string\"}}],\"inLanguage\":\"fr-CA\"},{\"@type\":\"Organization\",\"@id\":\"https:\\\/\\\/dpi-canada.com\\\/fr\\\/#organization\",\"name\":\"Association of Public Sector Information Professionals (DPI)\",\"url\":\"https:\\\/\\\/dpi-canada.com\\\/fr\\\/\",\"logo\":{\"@type\":\"ImageObject\",\"inLanguage\":\"fr-CA\",\"@id\":\"https:\\\/\\\/dpi-canada.com\\\/fr\\\/#\\\/schema\\\/logo\\\/image\\\/\",\"url\":\"https:\\\/\\\/dpi-canada.com\\\/sites\\\/dpi-canada.com\\\/wp-content\\\/uploads\\\/DPI_Social.jpg\",\"contentUrl\":\"https:\\\/\\\/dpi-canada.com\\\/sites\\\/dpi-canada.com\\\/wp-content\\\/uploads\\\/DPI_Social.jpg\",\"width\":1100,\"height\":1100,\"caption\":\"Association of Public Sector Information Professionals (DPI)\"},\"image\":{\"@id\":\"https:\\\/\\\/dpi-canada.com\\\/fr\\\/#\\\/schema\\\/logo\\\/image\\\/\"},\"sameAs\":[\"https:\\\/\\\/x.com\\\/dpi_canada\",\"http:\\\/\\\/www.linkedin.com\\\/company\\\/dpi--association-of-public-sector-information-professionals\"]}]}<\/script>\n<!-- \/ Yoast SEO plugin. -->","yoast_head_json":{"title":"Mat\u00e9riel promotionnel -","robots":{"index":"index","follow":"follow","max-snippet":"max-snippet:-1","max-image-preview":"max-image-preview:large","max-video-preview":"max-video-preview:-1"},"canonical":"https:\/\/dpi-canada.com\/fr\/publicite\/","og_locale":"fr_CA","og_type":"article","og_title":"Mat\u00e9riel promotionnel -","og_description":"Vous trouverez ci-dessous quelques mat\u00e9riel promotionnel \u00e0 utiliser dans la promotion de la SPP. Infographie &#8211; EN | FR (PDF) Affiche &#8211; EN | FR (PNG) EN | FR (PDF) Suggestion d&#8217;articles sur les m\u00e9dias sociaux &#8211; BILINGUE (PDF) \u00c9chantillon d&#8217;un article \u00e0 glisser dans un des bulletins d&#8217;information minist\u00e9rielle &#8211; BILINGUE (PDF) S\u00e9ances de [&hellip;]","og_url":"https:\/\/dpi-canada.com\/fr\/publicite\/","og_site_name":"DPI","article_modified_time":"2025-01-20T19:24:58+00:00","twitter_card":"summary_large_image","twitter_site":"@dpi_canada","twitter_misc":{"Est. reading time":"2 minutes"},"schema":{"@context":"https:\/\/schema.org","@graph":[{"@type":"WebPage","@id":"https:\/\/dpi-canada.com\/fr\/publicite\/","url":"https:\/\/dpi-canada.com\/fr\/publicite\/","name":"Mat\u00e9riel promotionnel -","isPartOf":{"@id":"https:\/\/dpi-canada.com\/fr\/#website"},"datePublished":"2018-03-21T04:10:22+00:00","dateModified":"2025-01-20T19:24:58+00:00","breadcrumb":{"@id":"https:\/\/dpi-canada.com\/fr\/publicite\/#breadcrumb"},"inLanguage":"fr-CA","potentialAction":[{"@type":"ReadAction","target":["https:\/\/dpi-canada.com\/fr\/publicite\/"]}]},{"@type":"BreadcrumbList","@id":"https:\/\/dpi-canada.com\/fr\/publicite\/#breadcrumb","itemListElement":[{"@type":"ListItem","position":1,"name":"Home","item":"https:\/\/dpi-canada.com\/fr\/"},{"@type":"ListItem","position":2,"name":"Semaine de perfectionnement professionnel (SPP)","item":"https:\/\/dpi-canada.com\/fr\/spp\/"},{"@type":"ListItem","position":3,"name":"Mat\u00e9riel promotionnel"}]},{"@type":"WebSite","@id":"https:\/\/dpi-canada.com\/fr\/#website","url":"https:\/\/dpi-canada.com\/fr\/","name":"Association of Public Sector Information Professionals (DPI)","description":"D\u00e9velopper le professionnalisme en informatique","publisher":{"@id":"https:\/\/dpi-canada.com\/fr\/#organization"},"potentialAction":[{"@type":"SearchAction","target":{"@type":"EntryPoint","urlTemplate":"https:\/\/dpi-canada.com\/fr\/?s={search_term_string}"},"query-input":{"@type":"PropertyValueSpecification","valueRequired":true,"valueName":"search_term_string"}}],"inLanguage":"fr-CA"},{"@type":"Organization","@id":"https:\/\/dpi-canada.com\/fr\/#organization","name":"Association of Public Sector Information Professionals (DPI)","url":"https:\/\/dpi-canada.com\/fr\/","logo":{"@type":"ImageObject","inLanguage":"fr-CA","@id":"https:\/\/dpi-canada.com\/fr\/#\/schema\/logo\/image\/","url":"https:\/\/dpi-canada.com\/sites\/dpi-canada.com\/wp-content\/uploads\/DPI_Social.jpg","contentUrl":"https:\/\/dpi-canada.com\/sites\/dpi-canada.com\/wp-content\/uploads\/DPI_Social.jpg","width":1100,"height":1100,"caption":"Association of Public Sector Information Professionals (DPI)"},"image":{"@id":"https:\/\/dpi-canada.com\/fr\/#\/schema\/logo\/image\/"},"sameAs":["https:\/\/x.com\/dpi_canada","http:\/\/www.linkedin.com\/company\/dpi--association-of-public-sector-information-professionals"]}]}},"_links":{"self":[{"href":"https:\/\/dpi-canada.com\/fr\/wp-json\/wp\/v2\/pages\/731","targetHints":{"allow":["GET"]}}],"collection":[{"href":"https:\/\/dpi-canada.com\/fr\/wp-json\/wp\/v2\/pages"}],"about":[{"href":"https:\/\/dpi-canada.com\/fr\/wp-json\/wp\/v2\/types\/page"}],"author":[{"embeddable":true,"href":"https:\/\/dpi-canada.com\/fr\/wp-json\/wp\/v2\/users\/6"}],"replies":[{"embeddable":true,"href":"https:\/\/dpi-canada.com\/fr\/wp-json\/wp\/v2\/comments?post=731"}],"version-history":[{"count":2,"href":"https:\/\/dpi-canada.com\/fr\/wp-json\/wp\/v2\/pages\/731\/revisions"}],"predecessor-version":[{"id":9239,"href":"https:\/\/dpi-canada.com\/fr\/wp-json\/wp\/v2\/pages\/731\/revisions\/9239"}],"wp:attachment":[{"href":"https:\/\/dpi-canada.com\/fr\/wp-json\/wp\/v2\/media?parent=731"}],"curies":[{"name":"wp","href":"https:\/\/api.w.org\/{rel}","templated":true}]}}