{"id":733,"date":"2018-03-21T00:11:18","date_gmt":"2018-03-21T04:11:18","guid":{"rendered":"http:\/\/dpi-canada.com\/?page_id=733"},"modified":"2025-07-23T10:32:20","modified_gmt":"2025-07-23T14:32:20","slug":"frais-dinscription","status":"publish","type":"page","link":"https:\/\/dpi-canada.com\/fr\/spp\/frais-dinscription\/","title":{"rendered":"Tarifs et achats de laissez-passer"},"content":{"rendered":"<p><span style=\"font-weight: 400;\">Nous offrons deux types de laissez-passer\u00a0:<\/span><\/p>\n<p><a href=\"#Enterprise-Passes\"><span style=\"font-weight: 400;\">Des laissez-passer d&#8217;entreprise<\/span><\/a> <span style=\"font-weight: 400;\">qui offrent aux organisations des laissez-passer virtuels illimit\u00e9s \u00e0 tous les membres de leur personnel et un nombre fixe de laissez-passer en personne qui peuvent \u00eatre partag\u00e9s au cours des trois jours de la Semaine de perfectionnement professionnel.<\/span><\/p>\n<p><a href=\"#Single-Passes\"><span style=\"font-weight: 400;\">Des laissez-passer individuels<\/span><\/a><span style=\"font-weight: 400;\"> permettant \u00e0 une personne de prendre part \u00e0 l\u2019\u00e9v\u00e9nement virtuellement ou en personne (cela comprend les acc\u00e8s virtuels). Il est possible de partager les laissez-passer individuels au cours des trois jours de la Semaine de perfectionnement professionnel.<\/span><br \/>\n<code id=\"Enterprise-Passes\"><\/code><\/p>\n<h3><b>Comment se procurer un laissez-passer d\u2019entreprise<\/b><\/h3>\n<ol>\n<li style=\"font-weight: 400;\" aria-level=\"1\"><span style=\"font-weight: 400;\">Confirmez le nombre total de personnes au sein de votre organisation qui font partie du groupe des syst\u00e8mes informatiques et des technologies de l&#8217;information, et consultez le tableau ci-dessous pour trouver la cat\u00e9gorie de votre organisation (par exemple, de taille moyenne, extra large). Bien que les tarifs soient fonction du nombre total de personnes de chaque organisation sous le groupe des syst\u00e8mes informatiques et des technologies de l\u2019information, les laissez-passer (en personne ou virtuels) peuvent \u00eatre utilis\u00e9s par tous les employ\u00e9s de l&#8217;organisation, quelle que soit leur classification. Pour toutes questions au sujet de la cat\u00e9gorie de votre organisation, communiquez avec nous en nous \u00e9crivant \u00e0\u00a0<\/span><a href=\"mailto:info@dpi-canada.com\"><span style=\"font-weight: 400;\">info@dpi-canada.com<\/span><\/a><span style=\"font-weight: 400;\">.<\/span><\/li>\n<li style=\"font-weight: 400;\" aria-level=\"1\"><span style=\"font-weight: 400;\">Remplissez puis soumettez le <\/span><a href=\"https:\/\/form.jotform.com\/252024186404247\" target=\"_blank\" rel=\"noopener\"><span style=\"font-weight: 400;\">formulaire<\/span><span style=\"font-weight: 400;\"> d\u2019inscription<\/span><span style=\"font-weight: 400;\"> pour l\u2019achat d\u2019un laissez-passer d\u2019entreprise<\/span><\/a> pour la Semaine de perfectionnement professionnel (SPP) de 2025.<\/li>\n<li style=\"font-weight: 400;\" aria-level=\"1\"><span style=\"font-weight: 400;\">DPI vous fournira une facture et une trousse d\u2019inscription qui comprendra un lien d\u2019inscription propre \u00e0 votre organisation, ainsi que du mat\u00e9riel promotionnel <\/span><b>que vous devrez partager au sein de votre organisation.<\/b><\/li>\n<li style=\"font-weight: 400;\" aria-level=\"1\"><span style=\"font-weight: 400;\">Chaque organisation re\u00e7oit un nombre pr\u00e9d\u00e9termin\u00e9 de laissez-passer en personne. <\/span><b>C\u2019est \u00e0 chacune des organisations que revient la t\u00e2che de d\u00e9terminer la distribution et la gestion des laissez-passer en personne qui peuvent \u00eatre partag\u00e9s <\/b><span style=\"font-weight: 400;\">(c\u2019est-\u00e0-dire qu\u2019une personne par jour peut se pr\u00e9valoir du laissez-passer. Cela signifie que trois personnes peuvent se partager le m\u00eame laissez-passer au cours des trois jours de la SPP).\u00a0<\/span><\/li>\n<li style=\"font-weight: 400;\" aria-level=\"1\"><span style=\"font-weight: 400;\"><strong>Il vous faut un plus grand nombre de laissez-passer en personne?<\/strong> Achetez-les au prix de 375 $ plus la TVH en remplissant le <\/span><a href=\"https:\/\/form.jotform.com\/252024191477253\" target=\"_blank\" rel=\"noopener\"><span style=\"font-weight: 400;\">formulaire pour des laissez-passer suppl\u00e9mentaires<\/span><\/a><span style=\"font-weight: 400;\">. (<\/span><i><span style=\"font-weight: 400;\">Note : Un laissez-passer d&#8217;entreprise est n\u00e9cessaire pour cet achat.<\/span><\/i><span style=\"font-weight: 400;\">)<\/span><\/li>\n<\/ol>\n<p><span style=\"font-weight: 400;\"><span style=\"color: #ff0000;\"><em>Les inscriptions se terminent le 24 avril 2026.<\/em><\/span><\/span><\/p>\n<p><code id=\"Single-Passes\"><\/code><\/p>\n<table width=\"650\">\n<tbody>\n<tr>\n<td style=\"text-align: center;\" width=\"180\"><b>Cat\u00e9gorie de l&#8217;organisation<\/b><\/td>\n<td><b>Nbre total d\u2019employ\u00e9s (technologies de l\u2019information) de l\u2019organisation<\/b><\/td>\n<td><b>Nombre de laissez-passer virtuels<\/b><\/td>\n<td><b>Nombre de laissez-passer en personne<\/b><\/td>\n<td><b>Co\u00fbt du laissez-passer d\u2019entreprise <\/b><i><span style=\"font-weight: 400;\">Prix des participants h\u00e2tifs jusqu\u2019au 12 f\u00e9vrier<\/span><\/i><\/td>\n<td><b>Co\u00fbt du laissez-passer d\u2019entreprise <\/b><i><span style=\"font-weight: 400;\">Prix r\u00e9gulier jusqu\u2019au 25 avril<\/span><\/i><\/td>\n<\/tr>\n<tr>\n<td><span style=\"font-weight: 400;\">Petite<\/span><\/td>\n<td><b>1-30<\/b><\/td>\n<td><span style=\"font-weight: 400;\">Illimit\u00e9<\/span><\/td>\n<td><span style=\"font-weight: 400;\">1<\/span><\/td>\n<td><span style=\"font-weight: 400;\">3 400 $<\/span><\/td>\n<td><span style=\"font-weight: 400;\">3 500 $<\/span><\/td>\n<\/tr>\n<tr>\n<td><span style=\"font-weight: 400;\">Moyenne<\/span><\/td>\n<td><span style=\"font-weight: 400;\">31-100<\/span><\/td>\n<td><span style=\"font-weight: 400;\">Illimit\u00e9<\/span><\/td>\n<td><span style=\"font-weight: 400;\">3<\/span><\/td>\n<td><span style=\"font-weight: 400;\">6 600 $<\/span><\/td>\n<td><span style=\"font-weight: 400;\">6 900 $<\/span><\/td>\n<\/tr>\n<tr>\n<td><span style=\"font-weight: 400;\">Large<\/span><\/td>\n<td><span style=\"font-weight: 400;\">101-240<\/span><\/td>\n<td><span style=\"font-weight: 400;\">Illimit\u00e9<\/span><\/td>\n<td><span style=\"font-weight: 400;\">6<\/span><\/td>\n<td><span style=\"font-weight: 400;\">11 000 $<\/span><\/td>\n<td><span style=\"font-weight: 400;\">12 000 $<\/span><\/td>\n<\/tr>\n<tr>\n<td><span style=\"font-weight: 400;\">X-Large<\/span><\/td>\n<td><span style=\"font-weight: 400;\">241-480<\/span><\/td>\n<td><span style=\"font-weight: 400;\">Illimit\u00e9<\/span><\/td>\n<td><span style=\"font-weight: 400;\">12<\/span><\/td>\n<td><span style=\"font-weight: 400;\">22 000 $<\/span><\/td>\n<td><span style=\"font-weight: 400;\">24 000 $<\/span><\/td>\n<\/tr>\n<tr>\n<td><span style=\"font-weight: 400;\">2X-Large<\/span><\/td>\n<td><span style=\"font-weight: 400;\">481-960<\/span><\/td>\n<td><span style=\"font-weight: 400;\">Illimit\u00e9<\/span><\/td>\n<td><span style=\"font-weight: 400;\">25<\/span><\/td>\n<td><span style=\"font-weight: 400;\">44 000<\/span><span style=\"font-weight: 400;\">\u00a0$<\/span><\/td>\n<td><span style=\"font-weight: 400;\">46 000 $<\/span><\/td>\n<\/tr>\n<tr>\n<td><span style=\"font-weight: 400;\">3X-Large<\/span><\/td>\n<td><span style=\"font-weight: 400;\">961-2500<\/span><\/td>\n<td><span style=\"font-weight: 400;\">Illimit\u00e9<\/span><\/td>\n<td><span style=\"font-weight: 400;\">50<\/span><\/td>\n<td><span style=\"font-weight: 400;\">88 000 $<\/span><\/td>\n<td><span style=\"font-weight: 400;\">92 000 $<\/span><\/td>\n<\/tr>\n<tr>\n<td><span style=\"font-weight: 400;\">4X-Large<\/span><\/td>\n<td><span style=\"font-weight: 400;\">Plus de 2501<\/span><\/td>\n<td><span style=\"font-weight: 400;\">Illimit\u00e9<\/span><\/td>\n<td><span style=\"font-weight: 400;\">100<\/span><\/td>\n<td><span style=\"font-weight: 400;\">175 000 $<\/span><\/td>\n<td><span style=\"font-weight: 400;\">183 000<\/span><span style=\"font-weight: 400;\">\u00a0$<\/span><\/td>\n<\/tr>\n<\/tbody>\n<\/table>\n<p>&nbsp;<\/p>\n<h3><b>Comment se procurer un laissez-passer individuel<\/b><\/h3>\n<p><span style=\"font-weight: 400;\">Remplissez puis soumettez le <\/span><a href=\"https:\/\/form.jotform.com\/252024186404247\" target=\"_blank\" rel=\"noopener\"><span style=\"font-weight: 400;\">formulaire <\/span><span style=\"font-weight: 400;\">d&#8217;achat<\/span><\/a><span style=\"font-weight: 400;\"> pour la Semaine de perfectionnement professionnel (SPP) de 2026 et indiquez-nous si vous souhaitez un laissez-passer virtuel ou en personne. Nous vous transmettrons une facture accompagn\u00e9e de plus amples d\u00e9tails d\u2019inscription, y compris un lien pour vous inscrire \u00e0 la plateforme de la SPP. <span style=\"color: #ff0000;\"><em>Les inscriptions se terminent le 24 avril 2026.<\/em><\/span><\/span><\/p>\n<table>\n<tbody>\n<tr>\n<td><b>Cat\u00e9gorie<\/b><\/td>\n<td><b>Co\u00fbt d\u2019un laissez-passer individuel<\/b><\/p>\n<p><i><span style=\"font-weight: 400;\">Prix des participants h\u00e2tifs jusqu\u2019au 13 f\u00e9vrier<\/span><\/i><\/td>\n<td><b>Co\u00fbt d\u2019un laissez-passer individuel<\/b><\/p>\n<p><i><span style=\"font-weight: 400;\">Prix r\u00e9gulier jusqu\u2019au 24 avril<\/span><\/i><\/td>\n<\/tr>\n<tr>\n<td><span style=\"font-weight: 400;\">Laissez-passer individuel virtuel<\/span><\/td>\n<td><span style=\"font-weight: 400;\">750 $<\/span><\/td>\n<td><span style=\"font-weight: 400;\">800 $<\/span><\/td>\n<\/tr>\n<tr>\n<td><span style=\"font-weight: 400;\">Laissez-passer individuel en personne (cela comprend tous les acc\u00e8s virtuels)<\/span><\/td>\n<td><span style=\"font-weight: 400;\">950 $<\/span><\/td>\n<td><span style=\"font-weight: 400;\">1000 $<\/span><\/td>\n<\/tr>\n<\/tbody>\n<\/table>\n<h3><b>Ce qui est compris\u00a0:<\/b><\/h3>\n<p><span style=\"font-weight: 400;\">Pour les laissez-passer virtuels ainsi que les laissez-passer en personne\u00a0:<\/span><\/p>\n<ul>\n<li style=\"font-weight: 400;\" aria-level=\"1\"><span style=\"font-weight: 400;\">Un acc\u00e8s virtuel illimit\u00e9 \u00e0 la Semaine de perfectionnement professionnel (SPP de 2026) du 5 au 7 mai 2026, comprenant l\u2019acc\u00e8s \u00e0 toutes les s\u00e9ances et conf\u00e9rences, de m\u00eame qu\u2019\u00e0 tous les colloques<\/span><\/li>\n<li style=\"font-weight: 400;\" aria-level=\"1\"><span style=\"font-weight: 400;\">L\u2019occasion de r\u00e9seauter et de cr\u00e9er des liens avec les d\u00e9l\u00e9gu\u00e9s<\/span><\/li>\n<li style=\"font-weight: 400;\" aria-level=\"1\"><span style=\"font-weight: 400;\">L\u2019activit\u00e9 sociale en personne au Centre Rogers le mardi 5 mai 2026<\/span><\/li>\n<li style=\"font-weight: 400;\" aria-level=\"1\"><span style=\"font-weight: 400;\">L\u2019acc\u00e8s \u00e0 la majorit\u00e9 des s\u00e9ances enregistr\u00e9es sur la plateforme de la SPP apr\u00e8s l\u2019\u00e9v\u00e9nement, vous garantissant de ne rien manquer!<\/span><\/li>\n<\/ul>\n<p><span style=\"font-weight: 400;\">Uniquement avec des laissez-passer en personne\u00a0:\u00a0<\/span><\/p>\n<ul>\n<li style=\"font-weight: 400;\" aria-level=\"1\"><span style=\"font-weight: 400;\">Des s\u00e9ances de mentorat<\/span><\/li>\n<li style=\"font-weight: 400;\" aria-level=\"1\"><span style=\"font-weight: 400;\">Des rafra\u00eechissements le matin et l&#8217;apr\u00e8s-midi, ainsi que le lunch fourni pendant les trois jours de la Semaine de perfectionnement professionnel<\/span><\/li>\n<\/ul>\n<p><span style=\"font-weight: 400;\">Ce qui n\u2019est pas compris\u00a0:<\/span><\/p>\n<ul>\n<li style=\"font-weight: 400;\" aria-level=\"1\"><span style=\"font-weight: 400;\"><a href=\"https:\/\/dpi-canada.com\/fr\/civicrm\/event\/info\/?reset=1&amp;id=223\" target=\"_blank\" rel=\"noopener\">Le gala de la remise des prix de la communaut\u00e9 num\u00e9rique de DPI et du SCT<\/a> (un \u00e9v\u00e9nement distinct le mercredi 6 mai) N\u2019EST PAS compris dans les laissez-passer de la SPP et n\u00e9cessite une autre inscription. Vous devez \u00eatre un affili\u00e9 de DPI pour vous inscrire ou avoir re\u00e7u une invitation sp\u00e9ciale. Restez \u00e0 l\u2019aff\u00fbt pour de plus amples d\u00e9tails!<\/span><\/li>\n<\/ul>\n<h3><b>Paiements et remboursements<\/b><\/h3>\n<p><span style=\"font-weight: 400;\">Tous les prix figurent en dollars canadiens et sont soumis \u00e0 la TVH de 13\u00a0%.<\/span><span style=\"font-weight: 400;\"><br \/>\n<\/span><span style=\"font-weight: 400;\">Aucun remboursement ne sera effectu\u00e9.<\/span><span style=\"font-weight: 400;\"><br \/>\n<\/span><span style=\"font-weight: 400;\">Nous acceptons les ch\u00e8ques, le d\u00e9p\u00f4t direct, les cartes Visa, Mastercard et American Express.<\/span><\/p>\n","protected":false},"excerpt":{"rendered":"<p>Nous offrons deux types de laissez-passer\u00a0: Des laissez-passer d&#8217;entreprise qui offrent aux organisations des laissez-passer virtuels illimit\u00e9s \u00e0 tous les membres de leur personnel et un nombre fixe de laissez-passer en personne qui peuvent \u00eatre partag\u00e9s au cours des trois jours de la Semaine de perfectionnement professionnel. Des laissez-passer individuels permettant \u00e0 une personne de [&hellip;]<\/p>\n","protected":false},"author":6,"featured_media":0,"parent":723,"menu_order":6,"comment_status":"closed","ping_status":"closed","template":"subpage.php","meta":{"_acf_changed":false,"footnotes":""},"class_list":["post-733","page","type-page","status-publish","hentry"],"acf":[],"yoast_head":"<!-- This site is optimized with the Yoast SEO plugin v27.3 - https:\/\/yoast.com\/product\/yoast-seo-wordpress\/ -->\n<title>Tarifs et achats de laissez-passer -<\/title>\n<meta name=\"robots\" content=\"index, follow, max-snippet:-1, max-image-preview:large, max-video-preview:-1\" \/>\n<link rel=\"canonical\" href=\"https:\/\/dpi-canada.com\/fr\/spp\/frais-dinscription\/\" \/>\n<meta property=\"og:locale\" content=\"fr_CA\" \/>\n<meta property=\"og:type\" content=\"article\" \/>\n<meta property=\"og:title\" content=\"Tarifs et achats de laissez-passer -\" \/>\n<meta property=\"og:description\" content=\"Nous offrons deux types de laissez-passer\u00a0: Des laissez-passer d&#8217;entreprise qui offrent aux organisations des laissez-passer virtuels illimit\u00e9s \u00e0 tous les membres de leur personnel et un nombre fixe de laissez-passer en personne qui peuvent \u00eatre partag\u00e9s au cours des trois jours de la Semaine de perfectionnement professionnel. Des laissez-passer individuels permettant \u00e0 une personne de [&hellip;]\" \/>\n<meta property=\"og:url\" content=\"https:\/\/dpi-canada.com\/fr\/spp\/frais-dinscription\/\" \/>\n<meta property=\"og:site_name\" content=\"DPI\" \/>\n<meta property=\"article:modified_time\" content=\"2025-07-23T14:32:20+00:00\" \/>\n<meta name=\"twitter:card\" content=\"summary_large_image\" \/>\n<meta name=\"twitter:site\" content=\"@dpi_canada\" \/>\n<meta name=\"twitter:label1\" content=\"Est. reading time\" \/>\n\t<meta name=\"twitter:data1\" content=\"4 minutes\" \/>\n<script type=\"application\/ld+json\" class=\"yoast-schema-graph\">{\"@context\":\"https:\\\/\\\/schema.org\",\"@graph\":[{\"@type\":\"WebPage\",\"@id\":\"https:\\\/\\\/dpi-canada.com\\\/fr\\\/spp\\\/frais-dinscription\\\/\",\"url\":\"https:\\\/\\\/dpi-canada.com\\\/fr\\\/spp\\\/frais-dinscription\\\/\",\"name\":\"Tarifs et achats de laissez-passer -\",\"isPartOf\":{\"@id\":\"https:\\\/\\\/dpi-canada.com\\\/fr\\\/#website\"},\"datePublished\":\"2018-03-21T04:11:18+00:00\",\"dateModified\":\"2025-07-23T14:32:20+00:00\",\"breadcrumb\":{\"@id\":\"https:\\\/\\\/dpi-canada.com\\\/fr\\\/spp\\\/frais-dinscription\\\/#breadcrumb\"},\"inLanguage\":\"fr-CA\",\"potentialAction\":[{\"@type\":\"ReadAction\",\"target\":[\"https:\\\/\\\/dpi-canada.com\\\/fr\\\/spp\\\/frais-dinscription\\\/\"]}]},{\"@type\":\"BreadcrumbList\",\"@id\":\"https:\\\/\\\/dpi-canada.com\\\/fr\\\/spp\\\/frais-dinscription\\\/#breadcrumb\",\"itemListElement\":[{\"@type\":\"ListItem\",\"position\":1,\"name\":\"Home\",\"item\":\"https:\\\/\\\/dpi-canada.com\\\/fr\\\/\"},{\"@type\":\"ListItem\",\"position\":2,\"name\":\"Semaine de perfectionnement professionnel (SPP)\",\"item\":\"https:\\\/\\\/dpi-canada.com\\\/fr\\\/spp\\\/\"},{\"@type\":\"ListItem\",\"position\":3,\"name\":\"Tarifs et achats de laissez-passer\"}]},{\"@type\":\"WebSite\",\"@id\":\"https:\\\/\\\/dpi-canada.com\\\/fr\\\/#website\",\"url\":\"https:\\\/\\\/dpi-canada.com\\\/fr\\\/\",\"name\":\"Association of Public Sector Information Professionals (DPI)\",\"description\":\"D\u00e9velopper le professionnalisme en informatique\",\"publisher\":{\"@id\":\"https:\\\/\\\/dpi-canada.com\\\/fr\\\/#organization\"},\"potentialAction\":[{\"@type\":\"SearchAction\",\"target\":{\"@type\":\"EntryPoint\",\"urlTemplate\":\"https:\\\/\\\/dpi-canada.com\\\/fr\\\/?s={search_term_string}\"},\"query-input\":{\"@type\":\"PropertyValueSpecification\",\"valueRequired\":true,\"valueName\":\"search_term_string\"}}],\"inLanguage\":\"fr-CA\"},{\"@type\":\"Organization\",\"@id\":\"https:\\\/\\\/dpi-canada.com\\\/fr\\\/#organization\",\"name\":\"Association of Public Sector Information Professionals (DPI)\",\"url\":\"https:\\\/\\\/dpi-canada.com\\\/fr\\\/\",\"logo\":{\"@type\":\"ImageObject\",\"inLanguage\":\"fr-CA\",\"@id\":\"https:\\\/\\\/dpi-canada.com\\\/fr\\\/#\\\/schema\\\/logo\\\/image\\\/\",\"url\":\"https:\\\/\\\/dpi-canada.com\\\/sites\\\/dpi-canada.com\\\/wp-content\\\/uploads\\\/DPI_Social.jpg\",\"contentUrl\":\"https:\\\/\\\/dpi-canada.com\\\/sites\\\/dpi-canada.com\\\/wp-content\\\/uploads\\\/DPI_Social.jpg\",\"width\":1100,\"height\":1100,\"caption\":\"Association of Public Sector Information Professionals (DPI)\"},\"image\":{\"@id\":\"https:\\\/\\\/dpi-canada.com\\\/fr\\\/#\\\/schema\\\/logo\\\/image\\\/\"},\"sameAs\":[\"https:\\\/\\\/x.com\\\/dpi_canada\",\"http:\\\/\\\/www.linkedin.com\\\/company\\\/dpi--association-of-public-sector-information-professionals\"]}]}<\/script>\n<!-- \/ Yoast SEO plugin. -->","yoast_head_json":{"title":"Tarifs et achats de laissez-passer -","robots":{"index":"index","follow":"follow","max-snippet":"max-snippet:-1","max-image-preview":"max-image-preview:large","max-video-preview":"max-video-preview:-1"},"canonical":"https:\/\/dpi-canada.com\/fr\/spp\/frais-dinscription\/","og_locale":"fr_CA","og_type":"article","og_title":"Tarifs et achats de laissez-passer -","og_description":"Nous offrons deux types de laissez-passer\u00a0: Des laissez-passer d&#8217;entreprise qui offrent aux organisations des laissez-passer virtuels illimit\u00e9s \u00e0 tous les membres de leur personnel et un nombre fixe de laissez-passer en personne qui peuvent \u00eatre partag\u00e9s au cours des trois jours de la Semaine de perfectionnement professionnel. Des laissez-passer individuels permettant \u00e0 une personne de [&hellip;]","og_url":"https:\/\/dpi-canada.com\/fr\/spp\/frais-dinscription\/","og_site_name":"DPI","article_modified_time":"2025-07-23T14:32:20+00:00","twitter_card":"summary_large_image","twitter_site":"@dpi_canada","twitter_misc":{"Est. reading time":"4 minutes"},"schema":{"@context":"https:\/\/schema.org","@graph":[{"@type":"WebPage","@id":"https:\/\/dpi-canada.com\/fr\/spp\/frais-dinscription\/","url":"https:\/\/dpi-canada.com\/fr\/spp\/frais-dinscription\/","name":"Tarifs et achats de laissez-passer -","isPartOf":{"@id":"https:\/\/dpi-canada.com\/fr\/#website"},"datePublished":"2018-03-21T04:11:18+00:00","dateModified":"2025-07-23T14:32:20+00:00","breadcrumb":{"@id":"https:\/\/dpi-canada.com\/fr\/spp\/frais-dinscription\/#breadcrumb"},"inLanguage":"fr-CA","potentialAction":[{"@type":"ReadAction","target":["https:\/\/dpi-canada.com\/fr\/spp\/frais-dinscription\/"]}]},{"@type":"BreadcrumbList","@id":"https:\/\/dpi-canada.com\/fr\/spp\/frais-dinscription\/#breadcrumb","itemListElement":[{"@type":"ListItem","position":1,"name":"Home","item":"https:\/\/dpi-canada.com\/fr\/"},{"@type":"ListItem","position":2,"name":"Semaine de perfectionnement professionnel (SPP)","item":"https:\/\/dpi-canada.com\/fr\/spp\/"},{"@type":"ListItem","position":3,"name":"Tarifs et achats de laissez-passer"}]},{"@type":"WebSite","@id":"https:\/\/dpi-canada.com\/fr\/#website","url":"https:\/\/dpi-canada.com\/fr\/","name":"Association of Public Sector Information Professionals (DPI)","description":"D\u00e9velopper le professionnalisme en informatique","publisher":{"@id":"https:\/\/dpi-canada.com\/fr\/#organization"},"potentialAction":[{"@type":"SearchAction","target":{"@type":"EntryPoint","urlTemplate":"https:\/\/dpi-canada.com\/fr\/?s={search_term_string}"},"query-input":{"@type":"PropertyValueSpecification","valueRequired":true,"valueName":"search_term_string"}}],"inLanguage":"fr-CA"},{"@type":"Organization","@id":"https:\/\/dpi-canada.com\/fr\/#organization","name":"Association of Public Sector Information Professionals (DPI)","url":"https:\/\/dpi-canada.com\/fr\/","logo":{"@type":"ImageObject","inLanguage":"fr-CA","@id":"https:\/\/dpi-canada.com\/fr\/#\/schema\/logo\/image\/","url":"https:\/\/dpi-canada.com\/sites\/dpi-canada.com\/wp-content\/uploads\/DPI_Social.jpg","contentUrl":"https:\/\/dpi-canada.com\/sites\/dpi-canada.com\/wp-content\/uploads\/DPI_Social.jpg","width":1100,"height":1100,"caption":"Association of Public Sector Information Professionals (DPI)"},"image":{"@id":"https:\/\/dpi-canada.com\/fr\/#\/schema\/logo\/image\/"},"sameAs":["https:\/\/x.com\/dpi_canada","http:\/\/www.linkedin.com\/company\/dpi--association-of-public-sector-information-professionals"]}]}},"_links":{"self":[{"href":"https:\/\/dpi-canada.com\/fr\/wp-json\/wp\/v2\/pages\/733","targetHints":{"allow":["GET"]}}],"collection":[{"href":"https:\/\/dpi-canada.com\/fr\/wp-json\/wp\/v2\/pages"}],"about":[{"href":"https:\/\/dpi-canada.com\/fr\/wp-json\/wp\/v2\/types\/page"}],"author":[{"embeddable":true,"href":"https:\/\/dpi-canada.com\/fr\/wp-json\/wp\/v2\/users\/6"}],"replies":[{"embeddable":true,"href":"https:\/\/dpi-canada.com\/fr\/wp-json\/wp\/v2\/comments?post=733"}],"version-history":[{"count":3,"href":"https:\/\/dpi-canada.com\/fr\/wp-json\/wp\/v2\/pages\/733\/revisions"}],"predecessor-version":[{"id":9636,"href":"https:\/\/dpi-canada.com\/fr\/wp-json\/wp\/v2\/pages\/733\/revisions\/9636"}],"up":[{"embeddable":true,"href":"https:\/\/dpi-canada.com\/fr\/wp-json\/wp\/v2\/pages\/723"}],"wp:attachment":[{"href":"https:\/\/dpi-canada.com\/fr\/wp-json\/wp\/v2\/media?parent=733"}],"curies":[{"name":"wp","href":"https:\/\/api.w.org\/{rel}","templated":true}]}}