{"id":7876,"date":"2023-05-30T15:52:10","date_gmt":"2023-05-30T19:52:10","guid":{"rendered":"https:\/\/dpi-canada.com\/?page_id=7876"},"modified":"2024-10-29T12:52:52","modified_gmt":"2024-10-29T16:52:52","slug":"spp-2023","status":"publish","type":"page","link":"https:\/\/dpi-canada.com\/fr\/spp\/spp-2023\/","title":{"rendered":"SPP 2023"},"content":{"rendered":"<h2><strong>SPP 2023<\/strong><\/h2>\n<h4><strong>Du 10 au 12 mai 2023<\/strong><br \/>\n<strong><em>Centre\u00a0Shaw (Ottawa, Ontario, Canada) et Virtuellement<\/em><\/strong><\/h4>\n<p><strong><span style=\"color: #00b0aa;\">Th\u00e8me : \u00ab Rendre l&#8217;impossible\u2026 possible! DPI : 60 ann\u00e9es de r\u00e9alisations<em> \u00bb<\/em><br \/>\n<\/span><\/strong><\/p>\n<p>Les humbles d\u00e9buts de DPI remontent \u00e0 1963. \u00c0 nos commencements, le t\u00e9l\u00e9phone \u00e0 bouton-poussoir est tout nouveau, la souris d&#8217;ordinateur vient tout juste d&#8217;\u00eatre invent\u00e9e, et le code am\u00e9ricain normalis\u00e9 pour l&#8217;\u00e9change d&#8217;information est aussi un tout nouveau code de transmission de donn\u00e9es. Lors de la fondation de DPI, l&#8217;association compte 25 membres et la cassette audio est une nouveaut\u00e9, ainsi que le tout premier jeu vid\u00e9o sur ordinateur. Quelques ann\u00e9es plus tard, lors de la tenue de notre toute premi\u00e8re conf\u00e9rence, en 1968, nous comptons 220 membres.<\/p>\n<p><a href=\"https:\/\/dpi-canada.com\/wp-content\/uploads\/PDW2023.pdf\"><img loading=\"lazy\" decoding=\"async\" class=\"alignright size-full wp-image-7306\" src=\"https:\/\/dpi-canada.com\/sites\/dpi-canada.com\/wp-content\/uploads\/PDW2023_Poster_NoFooter_SM.png\" alt=\"\" width=\"300\" height=\"475\" srcset=\"https:\/\/dpi-canada.com\/sites\/dpi-canada.com\/wp-content\/uploads\/PDW2023_Poster_NoFooter_SM.png 300w, https:\/\/dpi-canada.com\/sites\/dpi-canada.com\/wp-content\/uploads\/PDW2023_Poster_NoFooter_SM-189x300.png 189w\" sizes=\"auto, (max-width: 300px) 100vw, 300px\" \/><\/a>Aujourd&#8217;hui, DPI compte plus de 6 000 affili\u00e9s et nous venons tout juste d&#8217;accueillir la SPP virtuellement avec plus de 4 700 d\u00e9l\u00e9gu\u00e9s aux quatre coins du pays. De nos jours, on peut envoyer des textes ou faire un appel t\u00e9l\u00e9phonique avec l&#8217;aide de Siri, collaborer avec des concepteurs de partout dans le monde pour fa\u00e7onner l&#8217;avenir des logiciels; sans compter qu&#8217;on peut maintenant visionner les \u00e9v\u00e9nements de DPI et y prendre part par le biais d&#8217;un appareil tenu dans le creux de notre main.<\/p>\n<p>L&#8217;histoire de la technologie, c&#8217;est l&#8217;histoire de DPI. Depuis 60 ans, ce sont nos affili\u00e9s qui rendent l&#8217;impossible\u2026 possible! Nos affili\u00e9s d\u00e9vou\u00e9s s&#8217;activent sans rel\u00e2che, \u00e0 tous les niveaux du secteur public, s&#8217;attaquant \u00e0 des probl\u00e8mes complexes et aboutissant \u00e0 des solutions technologiques avanc\u00e9es pour soutenir leurs clients jour apr\u00e8s jour.<\/p>\n<p>Lors de la SPP 2023, nous effectuerons un retour en arri\u00e8re pour jeter un regard sur nos succ\u00e8s au cours des 60 derni\u00e8res ann\u00e9es, et nous nous tournerons vers l&#8217;avenir pour les d\u00e9fis \u00e0 venir pour nos organisations et nos affili\u00e9s. Venez c\u00e9l\u00e9brer avec nous cet anniversaire bien sp\u00e9cial de la SPP \u2013 une balade \u00e0 travers l&#8217;histoire et vers l&#8217;avenir.<\/p>\n<p>Notre Semaine de perfectionnement professionnel annuelle sera offerte par le biais d&#8217;un mod\u00e8le hybride les 10, 11 et 12 mai 2023 (virtuellement et en personne au Centre Shaw d&#8217;Ottawa). Cet \u00e9v\u00e9nement se veut de merveilleuses occasions vraiment incontournables pour apprendre, se cr\u00e9er un r\u00e9seau de connaissances, et se lier \u00e0 des coll\u00e8gues de l&#8217;industrie. C&#8217;est pourquoi nous sommes emball\u00e9s de lancer le th\u00e8me de la SPP de l&#8217;an prochain: \u00ab Rendre l&#8217;impossible\u2026 possible \u2013 DPI: 60 ann\u00e9es de r\u00e9alisations \u00bb. Nous sommes impatients de vous pr\u00e9senter une multiplicit\u00e9 de causeries, de conf\u00e9rences, et de colloques qui vous exposeront \u00e0 l&#8217;adaptabilit\u00e9 et la transformation de la communaut\u00e9 du secteur public ainsi qu&#8217;\u00e0 notre vie personnelle, de m\u00eame que l&#8217;\u00e9volution des technologies depuis les 60 derni\u00e8res ann\u00e9es.<\/p>\n<p>Nos colloques porteront sur des sujets que nos affili\u00e9s tiennent \u00e0 c\u0153ur : les technologies, le renforcement des comp\u00e9tences, la sant\u00e9 mentale et l&#8217;importance de la diversit\u00e9 et de l&#8217;inclusion dans nos vies professionnelles et personnelles.<\/p>\n<hr \/>\n<p><script src=\"https:\/\/static.pheedloop.com\/static\/embed\/embed.js\"><\/script><\/p>\n<p><a class=\"pheedloop-popup-162168 popup-btn\">Speaker Cards<\/a><\/p>\n<div id=\"pheedloop-embed-162168\"><\/div>\n<p><script type=\"text\/javascript\">\n  createSection({\n    event: 'PDW2023',\n    section: '162168',\n    height: 2000,\n    resize: true,\n    popup: false,\n  });\n<\/script><\/p>\n<hr \/>\n<div id=\"pos_content\" class=\"cms_position\">\n<div id=\"mod_377\" class=\"cms_module\">\n<h3 id=\"pagetitle\">Au sujet de la SPP<\/h3>\n<p>Chaque ann\u00e9e, DPI tient sa Semaine de perfectionnement professionnel (SPP) annuelle, un \u00e9v\u00e9nement formatif de premier ordre pour les professionnels de la GI, des TI et du num\u00e9rique. Plus de 4 700 d\u00e9l\u00e9gu\u00e9s participent \u00e0 la SPP, qu\u2019il s\u2019agisse d\u2019analystes techniques, de responsables de l\u2019\u00e9laboration des politiques ou de cadres de direction; ils partagent tous un but commun: le perfectionnement personnel.<\/p>\n<p>Les d\u00e9l\u00e9gu\u00e9s participent au congr\u00e8s pour son savant et fructueux cocktail de technologies et de gestion vers une connaissance approfondie des affaires, de la technologie et de l\u2019aspect humain de la\u00a0GI, des TI et du num\u00e9rique. La SPP offre une vision des technologies et des tendances en gestion les plus r\u00e9centes, de l\u2019orientation du secteur public de la\u00a0GI, des TI et du num\u00e9rique, ainsi que les outils et les m\u00e9thodes pour survivre, r\u00e9ussir et se d\u00e9marquer dans un milieu de plus en plus complexe. Tout cela jumel\u00e9 \u00e0 des occasions sociales et de r\u00e9seautage, ainsi qu\u2019\u00e0 une superbe activit\u00e9 sociale et un d\u00eener-conf\u00e9rence. Nous sommes persuad\u00e9s que la SPP est votre meilleur rapport qualit\u00e9-prix en \u00e9change de votre budget de formation et nous encourageons fortement les employ\u00e9s \u00e0 inscrire la SPP \u00e0 leur plan d&#8217;apprentissage annuel et aux gestionnaires d\u2019endosser cette participation.<\/p>\n<\/div>\n<\/div>\n","protected":false},"excerpt":{"rendered":"<p>SPP 2023 Du 10 au 12 mai 2023 Centre\u00a0Shaw (Ottawa, Ontario, Canada) et Virtuellement Th\u00e8me : \u00ab Rendre l&#8217;impossible\u2026 possible! DPI : 60 ann\u00e9es de r\u00e9alisations \u00bb Les humbles d\u00e9buts de DPI remontent \u00e0 1963. \u00c0 nos commencements, le t\u00e9l\u00e9phone \u00e0 bouton-poussoir est tout nouveau, la souris d&#8217;ordinateur vient tout juste d&#8217;\u00eatre invent\u00e9e, et le [&hellip;]<\/p>\n","protected":false},"author":6,"featured_media":0,"parent":723,"menu_order":0,"comment_status":"closed","ping_status":"closed","template":"subpage.php","meta":{"_acf_changed":false,"footnotes":""},"class_list":["post-7876","page","type-page","status-publish","hentry"],"acf":[],"yoast_head":"<!-- This site is optimized with the Yoast SEO plugin v27.2 - https:\/\/yoast.com\/product\/yoast-seo-wordpress\/ -->\n<title>SPP 2023 -<\/title>\n<meta name=\"robots\" content=\"index, follow, max-snippet:-1, max-image-preview:large, max-video-preview:-1\" \/>\n<link rel=\"canonical\" href=\"https:\/\/dpi-canada.com\/fr\/spp\/spp-2023\/\" \/>\n<meta property=\"og:locale\" content=\"fr_CA\" \/>\n<meta property=\"og:type\" content=\"article\" \/>\n<meta property=\"og:title\" content=\"SPP 2023 -\" \/>\n<meta property=\"og:description\" content=\"SPP 2023 Du 10 au 12 mai 2023 Centre\u00a0Shaw (Ottawa, Ontario, Canada) et Virtuellement Th\u00e8me : \u00ab Rendre l&#8217;impossible\u2026 possible! DPI : 60 ann\u00e9es de r\u00e9alisations \u00bb Les humbles d\u00e9buts de DPI remontent \u00e0 1963. \u00c0 nos commencements, le t\u00e9l\u00e9phone \u00e0 bouton-poussoir est tout nouveau, la souris d&#8217;ordinateur vient tout juste d&#8217;\u00eatre invent\u00e9e, et le [&hellip;]\" \/>\n<meta property=\"og:url\" content=\"https:\/\/dpi-canada.com\/fr\/spp\/spp-2023\/\" \/>\n<meta property=\"og:site_name\" content=\"DPI\" \/>\n<meta property=\"article:modified_time\" content=\"2024-10-29T16:52:52+00:00\" \/>\n<meta property=\"og:image\" content=\"https:\/\/dpi-canada.com\/sites\/dpi-canada.com\/wp-content\/uploads\/PDW2023_Poster_NoFooter_SM.png\" \/>\n<meta name=\"twitter:card\" content=\"summary_large_image\" \/>\n<meta name=\"twitter:site\" content=\"@dpi_canada\" \/>\n<meta name=\"twitter:label1\" content=\"Est. reading time\" \/>\n\t<meta name=\"twitter:data1\" content=\"4 minutes\" \/>\n<script type=\"application\/ld+json\" class=\"yoast-schema-graph\">{\"@context\":\"https:\/\/schema.org\",\"@graph\":[{\"@type\":\"WebPage\",\"@id\":\"https:\/\/dpi-canada.com\/fr\/spp\/spp-2023\/\",\"url\":\"https:\/\/dpi-canada.com\/fr\/spp\/spp-2023\/\",\"name\":\"SPP 2023 -\",\"isPartOf\":{\"@id\":\"https:\/\/dpi-canada.com\/fr\/#website\"},\"primaryImageOfPage\":{\"@id\":\"https:\/\/dpi-canada.com\/fr\/spp\/spp-2023\/#primaryimage\"},\"image\":{\"@id\":\"https:\/\/dpi-canada.com\/fr\/spp\/spp-2023\/#primaryimage\"},\"thumbnailUrl\":\"https:\/\/dpi-canada.com\/sites\/dpi-canada.com\/wp-content\/uploads\/PDW2023_Poster_NoFooter_SM.png\",\"datePublished\":\"2023-05-30T19:52:10+00:00\",\"dateModified\":\"2024-10-29T16:52:52+00:00\",\"breadcrumb\":{\"@id\":\"https:\/\/dpi-canada.com\/fr\/spp\/spp-2023\/#breadcrumb\"},\"inLanguage\":\"fr-CA\",\"potentialAction\":[{\"@type\":\"ReadAction\",\"target\":[\"https:\/\/dpi-canada.com\/fr\/spp\/spp-2023\/\"]}]},{\"@type\":\"ImageObject\",\"inLanguage\":\"fr-CA\",\"@id\":\"https:\/\/dpi-canada.com\/fr\/spp\/spp-2023\/#primaryimage\",\"url\":\"https:\/\/dpi-canada.com\/sites\/dpi-canada.com\/wp-content\/uploads\/PDW2023_Poster_NoFooter_SM.png\",\"contentUrl\":\"https:\/\/dpi-canada.com\/sites\/dpi-canada.com\/wp-content\/uploads\/PDW2023_Poster_NoFooter_SM.png\"},{\"@type\":\"BreadcrumbList\",\"@id\":\"https:\/\/dpi-canada.com\/fr\/spp\/spp-2023\/#breadcrumb\",\"itemListElement\":[{\"@type\":\"ListItem\",\"position\":1,\"name\":\"Home\",\"item\":\"https:\/\/dpi-canada.com\/fr\/\"},{\"@type\":\"ListItem\",\"position\":2,\"name\":\"Semaine de perfectionnement professionnel (SPP)\",\"item\":\"https:\/\/dpi-canada.com\/fr\/spp\/\"},{\"@type\":\"ListItem\",\"position\":3,\"name\":\"SPP 2023\"}]},{\"@type\":\"WebSite\",\"@id\":\"https:\/\/dpi-canada.com\/fr\/#website\",\"url\":\"https:\/\/dpi-canada.com\/fr\/\",\"name\":\"Association of Public Sector Information Professionals (DPI)\",\"description\":\"D\u00e9velopper le professionnalisme en informatique\",\"publisher\":{\"@id\":\"https:\/\/dpi-canada.com\/fr\/#organization\"},\"potentialAction\":[{\"@type\":\"SearchAction\",\"target\":{\"@type\":\"EntryPoint\",\"urlTemplate\":\"https:\/\/dpi-canada.com\/fr\/?s={search_term_string}\"},\"query-input\":{\"@type\":\"PropertyValueSpecification\",\"valueRequired\":true,\"valueName\":\"search_term_string\"}}],\"inLanguage\":\"fr-CA\"},{\"@type\":\"Organization\",\"@id\":\"https:\/\/dpi-canada.com\/fr\/#organization\",\"name\":\"Association of Public Sector Information Professionals (DPI)\",\"url\":\"https:\/\/dpi-canada.com\/fr\/\",\"logo\":{\"@type\":\"ImageObject\",\"inLanguage\":\"fr-CA\",\"@id\":\"https:\/\/dpi-canada.com\/fr\/#\/schema\/logo\/image\/\",\"url\":\"https:\/\/dpi-canada.com\/sites\/dpi-canada.com\/wp-content\/uploads\/DPI_Social.jpg\",\"contentUrl\":\"https:\/\/dpi-canada.com\/sites\/dpi-canada.com\/wp-content\/uploads\/DPI_Social.jpg\",\"width\":1100,\"height\":1100,\"caption\":\"Association of Public Sector Information Professionals (DPI)\"},\"image\":{\"@id\":\"https:\/\/dpi-canada.com\/fr\/#\/schema\/logo\/image\/\"},\"sameAs\":[\"https:\/\/x.com\/dpi_canada\",\"http:\/\/www.linkedin.com\/company\/dpi--association-of-public-sector-information-professionals\"]}]}<\/script>\n<!-- \/ Yoast SEO plugin. -->","yoast_head_json":{"title":"SPP 2023 -","robots":{"index":"index","follow":"follow","max-snippet":"max-snippet:-1","max-image-preview":"max-image-preview:large","max-video-preview":"max-video-preview:-1"},"canonical":"https:\/\/dpi-canada.com\/fr\/spp\/spp-2023\/","og_locale":"fr_CA","og_type":"article","og_title":"SPP 2023 -","og_description":"SPP 2023 Du 10 au 12 mai 2023 Centre\u00a0Shaw (Ottawa, Ontario, Canada) et Virtuellement Th\u00e8me : \u00ab Rendre l&#8217;impossible\u2026 possible! DPI : 60 ann\u00e9es de r\u00e9alisations \u00bb Les humbles d\u00e9buts de DPI remontent \u00e0 1963. \u00c0 nos commencements, le t\u00e9l\u00e9phone \u00e0 bouton-poussoir est tout nouveau, la souris d&#8217;ordinateur vient tout juste d&#8217;\u00eatre invent\u00e9e, et le [&hellip;]","og_url":"https:\/\/dpi-canada.com\/fr\/spp\/spp-2023\/","og_site_name":"DPI","article_modified_time":"2024-10-29T16:52:52+00:00","og_image":[{"url":"https:\/\/dpi-canada.com\/sites\/dpi-canada.com\/wp-content\/uploads\/PDW2023_Poster_NoFooter_SM.png","type":"","width":"","height":""}],"twitter_card":"summary_large_image","twitter_site":"@dpi_canada","twitter_misc":{"Est. reading time":"4 minutes"},"schema":{"@context":"https:\/\/schema.org","@graph":[{"@type":"WebPage","@id":"https:\/\/dpi-canada.com\/fr\/spp\/spp-2023\/","url":"https:\/\/dpi-canada.com\/fr\/spp\/spp-2023\/","name":"SPP 2023 -","isPartOf":{"@id":"https:\/\/dpi-canada.com\/fr\/#website"},"primaryImageOfPage":{"@id":"https:\/\/dpi-canada.com\/fr\/spp\/spp-2023\/#primaryimage"},"image":{"@id":"https:\/\/dpi-canada.com\/fr\/spp\/spp-2023\/#primaryimage"},"thumbnailUrl":"https:\/\/dpi-canada.com\/sites\/dpi-canada.com\/wp-content\/uploads\/PDW2023_Poster_NoFooter_SM.png","datePublished":"2023-05-30T19:52:10+00:00","dateModified":"2024-10-29T16:52:52+00:00","breadcrumb":{"@id":"https:\/\/dpi-canada.com\/fr\/spp\/spp-2023\/#breadcrumb"},"inLanguage":"fr-CA","potentialAction":[{"@type":"ReadAction","target":["https:\/\/dpi-canada.com\/fr\/spp\/spp-2023\/"]}]},{"@type":"ImageObject","inLanguage":"fr-CA","@id":"https:\/\/dpi-canada.com\/fr\/spp\/spp-2023\/#primaryimage","url":"https:\/\/dpi-canada.com\/sites\/dpi-canada.com\/wp-content\/uploads\/PDW2023_Poster_NoFooter_SM.png","contentUrl":"https:\/\/dpi-canada.com\/sites\/dpi-canada.com\/wp-content\/uploads\/PDW2023_Poster_NoFooter_SM.png"},{"@type":"BreadcrumbList","@id":"https:\/\/dpi-canada.com\/fr\/spp\/spp-2023\/#breadcrumb","itemListElement":[{"@type":"ListItem","position":1,"name":"Home","item":"https:\/\/dpi-canada.com\/fr\/"},{"@type":"ListItem","position":2,"name":"Semaine de perfectionnement professionnel (SPP)","item":"https:\/\/dpi-canada.com\/fr\/spp\/"},{"@type":"ListItem","position":3,"name":"SPP 2023"}]},{"@type":"WebSite","@id":"https:\/\/dpi-canada.com\/fr\/#website","url":"https:\/\/dpi-canada.com\/fr\/","name":"Association of Public Sector Information Professionals (DPI)","description":"D\u00e9velopper le professionnalisme en informatique","publisher":{"@id":"https:\/\/dpi-canada.com\/fr\/#organization"},"potentialAction":[{"@type":"SearchAction","target":{"@type":"EntryPoint","urlTemplate":"https:\/\/dpi-canada.com\/fr\/?s={search_term_string}"},"query-input":{"@type":"PropertyValueSpecification","valueRequired":true,"valueName":"search_term_string"}}],"inLanguage":"fr-CA"},{"@type":"Organization","@id":"https:\/\/dpi-canada.com\/fr\/#organization","name":"Association of Public Sector Information Professionals (DPI)","url":"https:\/\/dpi-canada.com\/fr\/","logo":{"@type":"ImageObject","inLanguage":"fr-CA","@id":"https:\/\/dpi-canada.com\/fr\/#\/schema\/logo\/image\/","url":"https:\/\/dpi-canada.com\/sites\/dpi-canada.com\/wp-content\/uploads\/DPI_Social.jpg","contentUrl":"https:\/\/dpi-canada.com\/sites\/dpi-canada.com\/wp-content\/uploads\/DPI_Social.jpg","width":1100,"height":1100,"caption":"Association of Public Sector Information Professionals (DPI)"},"image":{"@id":"https:\/\/dpi-canada.com\/fr\/#\/schema\/logo\/image\/"},"sameAs":["https:\/\/x.com\/dpi_canada","http:\/\/www.linkedin.com\/company\/dpi--association-of-public-sector-information-professionals"]}]}},"_links":{"self":[{"href":"https:\/\/dpi-canada.com\/fr\/wp-json\/wp\/v2\/pages\/7876","targetHints":{"allow":["GET"]}}],"collection":[{"href":"https:\/\/dpi-canada.com\/fr\/wp-json\/wp\/v2\/pages"}],"about":[{"href":"https:\/\/dpi-canada.com\/fr\/wp-json\/wp\/v2\/types\/page"}],"author":[{"embeddable":true,"href":"https:\/\/dpi-canada.com\/fr\/wp-json\/wp\/v2\/users\/6"}],"replies":[{"embeddable":true,"href":"https:\/\/dpi-canada.com\/fr\/wp-json\/wp\/v2\/comments?post=7876"}],"version-history":[{"count":3,"href":"https:\/\/dpi-canada.com\/fr\/wp-json\/wp\/v2\/pages\/7876\/revisions"}],"predecessor-version":[{"id":7914,"href":"https:\/\/dpi-canada.com\/fr\/wp-json\/wp\/v2\/pages\/7876\/revisions\/7914"}],"up":[{"embeddable":true,"href":"https:\/\/dpi-canada.com\/fr\/wp-json\/wp\/v2\/pages\/723"}],"wp:attachment":[{"href":"https:\/\/dpi-canada.com\/fr\/wp-json\/wp\/v2\/media?parent=7876"}],"curies":[{"name":"wp","href":"https:\/\/api.w.org\/{rel}","templated":true}]}}