{"id":8028,"date":"2023-07-27T13:19:58","date_gmt":"2023-07-27T17:19:58","guid":{"rendered":"https:\/\/dpi-canada.com\/spp\/spp-2023\/tapisserie-de-la-spp-2023\/"},"modified":"2023-07-27T13:23:54","modified_gmt":"2023-07-27T17:23:54","slug":"tapisserie-de-la-spp-2023","status":"publish","type":"page","link":"https:\/\/dpi-canada.com\/fr\/spp\/spp-2023\/tapisserie-de-la-spp-2023\/","title":{"rendered":"Tapisserie de la SPP 2023"},"content":{"rendered":"<p><img loading=\"lazy\" decoding=\"async\" class=\"aligncenter wp-image-8015 size-large\" src=\"https:\/\/dpi-canada.com\/sites\/dpi-canada.com\/wp-content\/uploads\/\/PDW-2023-Tapestry_FR-1024x485.jpg\" alt=\"\" width=\"1024\" height=\"485\" srcset=\"https:\/\/dpi-canada.com\/sites\/dpi-canada.com\/wp-content\/uploads\/PDW-2023-Tapestry_FR-1024x485.jpg 1024w, https:\/\/dpi-canada.com\/sites\/dpi-canada.com\/wp-content\/uploads\/PDW-2023-Tapestry_FR-300x142.jpg 300w, https:\/\/dpi-canada.com\/sites\/dpi-canada.com\/wp-content\/uploads\/PDW-2023-Tapestry_FR-768x364.jpg 768w, https:\/\/dpi-canada.com\/sites\/dpi-canada.com\/wp-content\/uploads\/PDW-2023-Tapestry_FR-1536x728.jpg 1536w, https:\/\/dpi-canada.com\/sites\/dpi-canada.com\/wp-content\/uploads\/PDW-2023-Tapestry_FR-2048x970.jpg 2048w, https:\/\/dpi-canada.com\/sites\/dpi-canada.com\/wp-content\/uploads\/PDW-2023-Tapestry_FR-1920x910.jpg 1920w, https:\/\/dpi-canada.com\/sites\/dpi-canada.com\/wp-content\/uploads\/PDW-2023-Tapestry_FR-1266x600.jpg 1266w\" sizes=\"auto, (max-width: 1024px) 100vw, 1024px\" \/><\/p>\n<p>Nous sommes ravis de d\u00e9voiler la magnifique tapisserie confectionn\u00e9e lors de la SPP 2023 et de la c\u00e9l\u00e9bration de notre 60 e anniversaire. Tandis que nous r\u00e9fl\u00e9chissons sur le pass\u00e9 et imaginons l\u2019avenir, notre tapisserie explore le th\u00e8me intrigant de \u00ab \u00c0 quoi ressemblera le gouvernement num\u00e9rique dans dix ans? \u00bb. Nos d\u00e9l\u00e9gu\u00e9s ont collabor\u00e9 \u00e0 cet embarquement vers un voyage artistique qui symbolise notre vision collective de l\u2019avenir du gouvernement num\u00e9rique.<\/p>\n<p>Le concept de la tapisserie :<\/p>\n<p>Con\u00e7ue pour stimuler l\u2019imagination et provoquer la r\u00e9flexion, la tapisserie \u00e9voque la fusion des avanc\u00e9es technologiques, des id\u00e9es novatrices et du potentiel de la transformation num\u00e9rique dans la sph\u00e8re de l\u2019administration publique. Elle propose une repr\u00e9sentation visuelle des diverses perspectives et possibilit\u00e9s qui s\u2019offrent \u00e0 nous, invitant les curieux \u00e0 explorer et \u00e0 contempler le panorama que nous r\u00e9serve l\u2019avenir.<\/p>\n<p>Entamez ce voyage transformateur avec nous en participant aux prochains \u00e9v\u00e9nements, alors que nous agissons collectivement \u00e0 l\u2019\u00e9dification d\u2019un gouvernement num\u00e9rique inclusif, transparent et r\u00e9ceptif aux besoins \u00e9volutifs de la soci\u00e9t\u00e9. Ensemble, embrassons l\u2019\u00e8re num\u00e9rique et maximisons son potentiel pour assurer un avenir o\u00f9 le gouvernement sert v\u00e9ritablement de catalyseur de changements positifs.<\/p>\n","protected":false},"excerpt":{"rendered":"<p>Nous sommes ravis de d\u00e9voiler la magnifique tapisserie confectionn\u00e9e lors de la SPP 2023 et de la c\u00e9l\u00e9bration de notre 60 e anniversaire. Tandis que nous r\u00e9fl\u00e9chissons sur le pass\u00e9 et imaginons l\u2019avenir, notre tapisserie explore le th\u00e8me intrigant de \u00ab \u00c0 quoi ressemblera le gouvernement num\u00e9rique dans dix ans? \u00bb. Nos d\u00e9l\u00e9gu\u00e9s ont collabor\u00e9 [&hellip;]<\/p>\n","protected":false},"author":6,"featured_media":0,"parent":7876,"menu_order":0,"comment_status":"closed","ping_status":"closed","template":"subpage.php","meta":{"_acf_changed":false,"footnotes":""},"class_list":["post-8028","page","type-page","status-publish","hentry"],"acf":[],"yoast_head":"<!-- This site is optimized with the Yoast SEO plugin v27.3 - https:\/\/yoast.com\/product\/yoast-seo-wordpress\/ -->\n<title>Tapisserie de la SPP 2023 -<\/title>\n<meta name=\"robots\" content=\"index, follow, max-snippet:-1, max-image-preview:large, max-video-preview:-1\" \/>\n<link rel=\"canonical\" href=\"https:\/\/dpi-canada.com\/fr\/spp\/spp-2023\/tapisserie-de-la-spp-2023\/\" \/>\n<meta property=\"og:locale\" content=\"fr_CA\" \/>\n<meta property=\"og:type\" content=\"article\" \/>\n<meta property=\"og:title\" content=\"Tapisserie de la SPP 2023 -\" \/>\n<meta property=\"og:description\" content=\"Nous sommes ravis de d\u00e9voiler la magnifique tapisserie confectionn\u00e9e lors de la SPP 2023 et de la c\u00e9l\u00e9bration de notre 60 e anniversaire. Tandis que nous r\u00e9fl\u00e9chissons sur le pass\u00e9 et imaginons l\u2019avenir, notre tapisserie explore le th\u00e8me intrigant de \u00ab \u00c0 quoi ressemblera le gouvernement num\u00e9rique dans dix ans? \u00bb. Nos d\u00e9l\u00e9gu\u00e9s ont collabor\u00e9 [&hellip;]\" \/>\n<meta property=\"og:url\" content=\"https:\/\/dpi-canada.com\/fr\/spp\/spp-2023\/tapisserie-de-la-spp-2023\/\" \/>\n<meta property=\"og:site_name\" content=\"DPI\" \/>\n<meta property=\"article:modified_time\" content=\"2023-07-27T17:23:54+00:00\" \/>\n<meta property=\"og:image\" content=\"https:\/\/dpi-canada.com\/sites\/dpi-canada.com\/wp-content\/uploads\/PDW-2023-Tapestry_FR-1024x485.jpg\" \/>\n<meta name=\"twitter:card\" content=\"summary_large_image\" \/>\n<meta name=\"twitter:site\" content=\"@dpi_canada\" \/>\n<meta name=\"twitter:label1\" content=\"Est. reading time\" \/>\n\t<meta name=\"twitter:data1\" content=\"1 minute\" \/>\n<script type=\"application\/ld+json\" class=\"yoast-schema-graph\">{\"@context\":\"https:\\\/\\\/schema.org\",\"@graph\":[{\"@type\":\"WebPage\",\"@id\":\"https:\\\/\\\/dpi-canada.com\\\/fr\\\/spp\\\/spp-2023\\\/tapisserie-de-la-spp-2023\\\/\",\"url\":\"https:\\\/\\\/dpi-canada.com\\\/fr\\\/spp\\\/spp-2023\\\/tapisserie-de-la-spp-2023\\\/\",\"name\":\"Tapisserie de la SPP 2023 -\",\"isPartOf\":{\"@id\":\"https:\\\/\\\/dpi-canada.com\\\/fr\\\/#website\"},\"primaryImageOfPage\":{\"@id\":\"https:\\\/\\\/dpi-canada.com\\\/fr\\\/spp\\\/spp-2023\\\/tapisserie-de-la-spp-2023\\\/#primaryimage\"},\"image\":{\"@id\":\"https:\\\/\\\/dpi-canada.com\\\/fr\\\/spp\\\/spp-2023\\\/tapisserie-de-la-spp-2023\\\/#primaryimage\"},\"thumbnailUrl\":\"https:\\\/\\\/dpi-canada.com\\\/sites\\\/dpi-canada.com\\\/wp-content\\\/uploads\\\/\\\/PDW-2023-Tapestry_FR-1024x485.jpg\",\"datePublished\":\"2023-07-27T17:19:58+00:00\",\"dateModified\":\"2023-07-27T17:23:54+00:00\",\"breadcrumb\":{\"@id\":\"https:\\\/\\\/dpi-canada.com\\\/fr\\\/spp\\\/spp-2023\\\/tapisserie-de-la-spp-2023\\\/#breadcrumb\"},\"inLanguage\":\"fr-CA\",\"potentialAction\":[{\"@type\":\"ReadAction\",\"target\":[\"https:\\\/\\\/dpi-canada.com\\\/fr\\\/spp\\\/spp-2023\\\/tapisserie-de-la-spp-2023\\\/\"]}]},{\"@type\":\"ImageObject\",\"inLanguage\":\"fr-CA\",\"@id\":\"https:\\\/\\\/dpi-canada.com\\\/fr\\\/spp\\\/spp-2023\\\/tapisserie-de-la-spp-2023\\\/#primaryimage\",\"url\":\"https:\\\/\\\/dpi-canada.com\\\/sites\\\/dpi-canada.com\\\/wp-content\\\/uploads\\\/\\\/PDW-2023-Tapestry_FR-1024x485.jpg\",\"contentUrl\":\"https:\\\/\\\/dpi-canada.com\\\/sites\\\/dpi-canada.com\\\/wp-content\\\/uploads\\\/\\\/PDW-2023-Tapestry_FR-1024x485.jpg\"},{\"@type\":\"BreadcrumbList\",\"@id\":\"https:\\\/\\\/dpi-canada.com\\\/fr\\\/spp\\\/spp-2023\\\/tapisserie-de-la-spp-2023\\\/#breadcrumb\",\"itemListElement\":[{\"@type\":\"ListItem\",\"position\":1,\"name\":\"Home\",\"item\":\"https:\\\/\\\/dpi-canada.com\\\/fr\\\/\"},{\"@type\":\"ListItem\",\"position\":2,\"name\":\"Semaine de perfectionnement professionnel (SPP)\",\"item\":\"https:\\\/\\\/dpi-canada.com\\\/fr\\\/spp\\\/\"},{\"@type\":\"ListItem\",\"position\":3,\"name\":\"SPP 2023\",\"item\":\"https:\\\/\\\/dpi-canada.com\\\/fr\\\/spp\\\/spp-2023\\\/\"},{\"@type\":\"ListItem\",\"position\":4,\"name\":\"Tapisserie de la SPP 2023\"}]},{\"@type\":\"WebSite\",\"@id\":\"https:\\\/\\\/dpi-canada.com\\\/fr\\\/#website\",\"url\":\"https:\\\/\\\/dpi-canada.com\\\/fr\\\/\",\"name\":\"Association of Public Sector Information Professionals (DPI)\",\"description\":\"D\u00e9velopper le professionnalisme en informatique\",\"publisher\":{\"@id\":\"https:\\\/\\\/dpi-canada.com\\\/fr\\\/#organization\"},\"potentialAction\":[{\"@type\":\"SearchAction\",\"target\":{\"@type\":\"EntryPoint\",\"urlTemplate\":\"https:\\\/\\\/dpi-canada.com\\\/fr\\\/?s={search_term_string}\"},\"query-input\":{\"@type\":\"PropertyValueSpecification\",\"valueRequired\":true,\"valueName\":\"search_term_string\"}}],\"inLanguage\":\"fr-CA\"},{\"@type\":\"Organization\",\"@id\":\"https:\\\/\\\/dpi-canada.com\\\/fr\\\/#organization\",\"name\":\"Association of Public Sector Information Professionals (DPI)\",\"url\":\"https:\\\/\\\/dpi-canada.com\\\/fr\\\/\",\"logo\":{\"@type\":\"ImageObject\",\"inLanguage\":\"fr-CA\",\"@id\":\"https:\\\/\\\/dpi-canada.com\\\/fr\\\/#\\\/schema\\\/logo\\\/image\\\/\",\"url\":\"https:\\\/\\\/dpi-canada.com\\\/sites\\\/dpi-canada.com\\\/wp-content\\\/uploads\\\/DPI_Social.jpg\",\"contentUrl\":\"https:\\\/\\\/dpi-canada.com\\\/sites\\\/dpi-canada.com\\\/wp-content\\\/uploads\\\/DPI_Social.jpg\",\"width\":1100,\"height\":1100,\"caption\":\"Association of Public Sector Information Professionals (DPI)\"},\"image\":{\"@id\":\"https:\\\/\\\/dpi-canada.com\\\/fr\\\/#\\\/schema\\\/logo\\\/image\\\/\"},\"sameAs\":[\"https:\\\/\\\/x.com\\\/dpi_canada\",\"http:\\\/\\\/www.linkedin.com\\\/company\\\/dpi--association-of-public-sector-information-professionals\"]}]}<\/script>\n<!-- \/ Yoast SEO plugin. -->","yoast_head_json":{"title":"Tapisserie de la SPP 2023 -","robots":{"index":"index","follow":"follow","max-snippet":"max-snippet:-1","max-image-preview":"max-image-preview:large","max-video-preview":"max-video-preview:-1"},"canonical":"https:\/\/dpi-canada.com\/fr\/spp\/spp-2023\/tapisserie-de-la-spp-2023\/","og_locale":"fr_CA","og_type":"article","og_title":"Tapisserie de la SPP 2023 -","og_description":"Nous sommes ravis de d\u00e9voiler la magnifique tapisserie confectionn\u00e9e lors de la SPP 2023 et de la c\u00e9l\u00e9bration de notre 60 e anniversaire. Tandis que nous r\u00e9fl\u00e9chissons sur le pass\u00e9 et imaginons l\u2019avenir, notre tapisserie explore le th\u00e8me intrigant de \u00ab \u00c0 quoi ressemblera le gouvernement num\u00e9rique dans dix ans? \u00bb. Nos d\u00e9l\u00e9gu\u00e9s ont collabor\u00e9 [&hellip;]","og_url":"https:\/\/dpi-canada.com\/fr\/spp\/spp-2023\/tapisserie-de-la-spp-2023\/","og_site_name":"DPI","article_modified_time":"2023-07-27T17:23:54+00:00","og_image":[{"url":"https:\/\/dpi-canada.com\/sites\/dpi-canada.com\/wp-content\/uploads\/PDW-2023-Tapestry_FR-1024x485.jpg","type":"","width":"","height":""}],"twitter_card":"summary_large_image","twitter_site":"@dpi_canada","twitter_misc":{"Est. reading time":"1 minute"},"schema":{"@context":"https:\/\/schema.org","@graph":[{"@type":"WebPage","@id":"https:\/\/dpi-canada.com\/fr\/spp\/spp-2023\/tapisserie-de-la-spp-2023\/","url":"https:\/\/dpi-canada.com\/fr\/spp\/spp-2023\/tapisserie-de-la-spp-2023\/","name":"Tapisserie de la SPP 2023 -","isPartOf":{"@id":"https:\/\/dpi-canada.com\/fr\/#website"},"primaryImageOfPage":{"@id":"https:\/\/dpi-canada.com\/fr\/spp\/spp-2023\/tapisserie-de-la-spp-2023\/#primaryimage"},"image":{"@id":"https:\/\/dpi-canada.com\/fr\/spp\/spp-2023\/tapisserie-de-la-spp-2023\/#primaryimage"},"thumbnailUrl":"https:\/\/dpi-canada.com\/sites\/dpi-canada.com\/wp-content\/uploads\/\/PDW-2023-Tapestry_FR-1024x485.jpg","datePublished":"2023-07-27T17:19:58+00:00","dateModified":"2023-07-27T17:23:54+00:00","breadcrumb":{"@id":"https:\/\/dpi-canada.com\/fr\/spp\/spp-2023\/tapisserie-de-la-spp-2023\/#breadcrumb"},"inLanguage":"fr-CA","potentialAction":[{"@type":"ReadAction","target":["https:\/\/dpi-canada.com\/fr\/spp\/spp-2023\/tapisserie-de-la-spp-2023\/"]}]},{"@type":"ImageObject","inLanguage":"fr-CA","@id":"https:\/\/dpi-canada.com\/fr\/spp\/spp-2023\/tapisserie-de-la-spp-2023\/#primaryimage","url":"https:\/\/dpi-canada.com\/sites\/dpi-canada.com\/wp-content\/uploads\/\/PDW-2023-Tapestry_FR-1024x485.jpg","contentUrl":"https:\/\/dpi-canada.com\/sites\/dpi-canada.com\/wp-content\/uploads\/\/PDW-2023-Tapestry_FR-1024x485.jpg"},{"@type":"BreadcrumbList","@id":"https:\/\/dpi-canada.com\/fr\/spp\/spp-2023\/tapisserie-de-la-spp-2023\/#breadcrumb","itemListElement":[{"@type":"ListItem","position":1,"name":"Home","item":"https:\/\/dpi-canada.com\/fr\/"},{"@type":"ListItem","position":2,"name":"Semaine de perfectionnement professionnel (SPP)","item":"https:\/\/dpi-canada.com\/fr\/spp\/"},{"@type":"ListItem","position":3,"name":"SPP 2023","item":"https:\/\/dpi-canada.com\/fr\/spp\/spp-2023\/"},{"@type":"ListItem","position":4,"name":"Tapisserie de la SPP 2023"}]},{"@type":"WebSite","@id":"https:\/\/dpi-canada.com\/fr\/#website","url":"https:\/\/dpi-canada.com\/fr\/","name":"Association of Public Sector Information Professionals (DPI)","description":"D\u00e9velopper le professionnalisme en informatique","publisher":{"@id":"https:\/\/dpi-canada.com\/fr\/#organization"},"potentialAction":[{"@type":"SearchAction","target":{"@type":"EntryPoint","urlTemplate":"https:\/\/dpi-canada.com\/fr\/?s={search_term_string}"},"query-input":{"@type":"PropertyValueSpecification","valueRequired":true,"valueName":"search_term_string"}}],"inLanguage":"fr-CA"},{"@type":"Organization","@id":"https:\/\/dpi-canada.com\/fr\/#organization","name":"Association of Public Sector Information Professionals (DPI)","url":"https:\/\/dpi-canada.com\/fr\/","logo":{"@type":"ImageObject","inLanguage":"fr-CA","@id":"https:\/\/dpi-canada.com\/fr\/#\/schema\/logo\/image\/","url":"https:\/\/dpi-canada.com\/sites\/dpi-canada.com\/wp-content\/uploads\/DPI_Social.jpg","contentUrl":"https:\/\/dpi-canada.com\/sites\/dpi-canada.com\/wp-content\/uploads\/DPI_Social.jpg","width":1100,"height":1100,"caption":"Association of Public Sector Information Professionals (DPI)"},"image":{"@id":"https:\/\/dpi-canada.com\/fr\/#\/schema\/logo\/image\/"},"sameAs":["https:\/\/x.com\/dpi_canada","http:\/\/www.linkedin.com\/company\/dpi--association-of-public-sector-information-professionals"]}]}},"_links":{"self":[{"href":"https:\/\/dpi-canada.com\/fr\/wp-json\/wp\/v2\/pages\/8028","targetHints":{"allow":["GET"]}}],"collection":[{"href":"https:\/\/dpi-canada.com\/fr\/wp-json\/wp\/v2\/pages"}],"about":[{"href":"https:\/\/dpi-canada.com\/fr\/wp-json\/wp\/v2\/types\/page"}],"author":[{"embeddable":true,"href":"https:\/\/dpi-canada.com\/fr\/wp-json\/wp\/v2\/users\/6"}],"replies":[{"embeddable":true,"href":"https:\/\/dpi-canada.com\/fr\/wp-json\/wp\/v2\/comments?post=8028"}],"version-history":[{"count":3,"href":"https:\/\/dpi-canada.com\/fr\/wp-json\/wp\/v2\/pages\/8028\/revisions"}],"predecessor-version":[{"id":8035,"href":"https:\/\/dpi-canada.com\/fr\/wp-json\/wp\/v2\/pages\/8028\/revisions\/8035"}],"up":[{"embeddable":true,"href":"https:\/\/dpi-canada.com\/fr\/wp-json\/wp\/v2\/pages\/7876"}],"wp:attachment":[{"href":"https:\/\/dpi-canada.com\/fr\/wp-json\/wp\/v2\/media?parent=8028"}],"curies":[{"name":"wp","href":"https:\/\/api.w.org\/{rel}","templated":true}]}}