{"id":8188,"date":"2023-10-02T13:41:16","date_gmt":"2023-10-02T17:41:16","guid":{"rendered":"https:\/\/dpi-canada.com\/spp\/comment-prendre-part-a-la-spp\/"},"modified":"2025-04-29T10:29:27","modified_gmt":"2025-04-29T14:29:27","slug":"inscription","status":"publish","type":"page","link":"https:\/\/dpi-canada.com\/fr\/inscription\/","title":{"rendered":"Comment prendre part \u00e0 la SPP"},"content":{"rendered":"<p>Votre participation \u00e0 la SPP est possible par le biais d\u2019un <a href=\"#Enterprise-Passes\">laissez-passer d&#8217;entreprise<\/a> de votre organisation ou de l\u2019achat d\u2019un <a href=\"#Single-Passes\">laissez-passer simple (individuel)<\/a>.<\/p>\n<h3 id=\"Enterprise-Passes\">Laissez-passer d\u2019entreprise<\/h3>\n<p>La grande majorit\u00e9 des organisations se procure un laissez-passer d\u2019entreprise, ce qui donne \u00e0 l\u2019ensemble de leurs employ\u00e9s l\u2019acc\u00e8s \u00e0 la SPP. D\u00e8s l\u2019achat d\u2019un laissez-passer d\u2019entreprise, l\u2019organisation est consign\u00e9e au tableau <a href=\"#Organisations\">ci-dessous<\/a>.<\/p>\n<p><strong>\u00c9tape\u00a01 \u2013 Confirmer l\u2019achat d\u2019un laissez-passer d\u2019entreprise par votre organisation<\/strong><\/p>\n<ul>\n<li>Si votre organisation s\u2019est procur\u00e9 un laissez-passer d\u2019entreprise, son nom appara\u00eetra dans la liste <a href=\"#Organisations\">ci-dessous<\/a>. Si elle n\u2019est pas sur la liste, il se peut que l\u2019achat soit en cours; nous vous recommandons donc de faire un suivi \u00e0 l\u2019interne en vous adressant \u00e0 votre gestionnaire, au bureau du dirigeant principal de l\u2019information, ou au coordonnateur de l\u2019apprentissage, notamment.<\/li>\n<li>Si un laissez-passer d\u2019entreprise a \u00e9t\u00e9 achet\u00e9, surveillez votre bo\u00eete de r\u00e9ception \u00e9lectronique pour des directives de la part de votre organisation sur la fa\u00e7on de vous inscrire, ou encore, communiquez avec le responsable de votre organisation qui saura vous fournir de plus amples pr\u00e9cisions sur l\u2019inscription \u00e0 la plateforme de la SPP, mais aussi sur la participation en personne.<\/li>\n<\/ul>\n<p><strong>\u00c9tape\u00a02 \u2013 S\u2019inscrire \u00e0 la plateforme de la SPP<\/strong><\/p>\n<ul>\n<li>Votre organisation transmettra \u00e0 son personnel un lien d\u2019inscription qui lui est propre. Vous devez ouvrir un compte sur notre plateforme de la SPP (Pheedloop), que vous participiez virtuellement ou en personne.<\/li>\n<li>D\u00e8s la cr\u00e9ation de votre compte, vous devriez actualiser votre profil et commencer sans tarder l\u2019exploration de la plateforme, la salle des exposants et le jeu de ludification par exemple, et vous pouvez m\u00eame mettre sur pied un groupe de r\u00e9seautage.<\/li>\n<\/ul>\n<p><strong>\u00c9tape\u00a03 \u2013 Si vous souhaitez participer en personne<\/strong><\/p>\n<ul>\n<li>Un nombre limit\u00e9 de laissez-passer en personne sera offert en fonction de la taille de l\u2019organisation. Communiquez avec le responsable de votre organisation si un laissez-passer en personne vous int\u00e9resse; ce laissez-passer peut \u00eatre partag\u00e9 avec d\u2019autres participants au cours des trois jours de la SPP.<\/li>\n<li>Votre organisation n\u2019offre aucun laissez-passer en personne? Il est possible d\u2019acheter des laissez-passer suppl\u00e9mentaires en remplissant le <a href=\"https:\/\/form.jotform.com\/242056026485253\">formulaire d\u2019achat pour un laissez-passer en personne suppl\u00e9mentaire<\/a>. (<em>Notez cependant que <\/em><em>pour que cet achat soit admissible, votre organisation doit s\u2019\u00eatre procur\u00e9 un laissez-passer d\u2019entreprise.<\/em>)<\/li>\n<\/ul>\n<p><strong>\u00c9tape\u00a04 \u2013 Se pr\u00e9parer pour la SPP<\/strong><\/p>\n<ul>\n<li>Connectez-vous \u00e0 la plateforme de l\u2019\u00e9v\u00e9nement et regardez le tutoriel vid\u00e9o d\u00e9taill\u00e9\u00a0: <a href=\"https:\/\/support.pheedloop.com\/article\/488-training-attendees-for-your-virtual-event\">https:\/\/support.pheedloop.com\/article\/488-training-attendees-for-your-virtual-event<\/a> (<em>en anglais seulement<\/em>)<\/li>\n<li>Montez votre profil, sous \u00ab\u00a0<em>Account<\/em>\u00bb, ajoutez une photo de profil, changez votre mot de passe, activez les notifications, et plus encore.<\/li>\n<li>Surveillez votre bo\u00eete de r\u00e9ception \u00e9lectronique pour de plus amples d\u00e9tails afin de profiter au maximum de votre exp\u00e9rience \u00e0 la SPP.<\/li>\n<li>Si vous souhaitez prendre part au gala de la <a href=\"https:\/\/dpi-canada.com\/fr\/civicrm\/event\/info\/?reset=1&amp;id=214\">remise des prix de la communaut\u00e9 num\u00e9rique de DPI et du SCT<\/a> (un \u00e9v\u00e9nement distinct le mercredi\u00a08\u00a0mai), assurez-vous de vous inscrire \u00e0 la loterie du tirage au sort pour la chance de gagner un billet de participation \u00e0 ce gala.<\/li>\n<li>Si vous avez un handicap ou si vous avez besoin d&#8217;une assistance particuli\u00e8re, veuillez communiquer avec Andrea\u00a0Morelli \u00e0 info@dpi-canada.com.<\/li>\n<\/ul>\n<h3 id=\"Organisations\">Les organisations qui ont fait l\u2019achat d\u2019un laissez-passer d\u2019entreprise<\/h3>\n<p>V\u00e9rifiez cette page r\u00e9guli\u00e8rement puisque certaines organisations sont \u00e0 finaliser leur achat et ne sont possiblement pas encore r\u00e9pertori\u00e9es dans la liste.<\/p>\n<table style=\"height: 1092px;\" width=\"601\" cellpadding=\"0\">\n<tbody>\n<tr>\n<td><b>Organisation<\/b><\/td>\n<td width=\"350\"><b>Coordonn\u00e9es et courriel du responsable<\/b><\/td>\n<\/tr>\n<tr>\n<td>Affaires mondiales Canada (AMC)<\/td>\n<td width=\"350\">Johanne Philion<br \/>\n<a href=\"mailto:johanne.philion@international.gc.ca\">johanne.philion@international.gc.ca<\/a><\/td>\n<\/tr>\n<tr>\n<td>Agence canadienne d\u2019inspection des aliments (ACIA)<\/td>\n<td width=\"350\">Trish MacMilan<br \/>\n<a href=\"mailto:trish.macmillan@inspection.gc.ca\">trish.macmillan@inspection.gc.ca<\/a><\/td>\n<\/tr>\n<tr>\n<td>Agence d&#8217;\u00e9valuation d&#8217;impact du Canada (AEIC)<\/td>\n<td width=\"350\">Anne Lamothe<br \/>\n<a href=\"mailto:anne.lamothe@iaac-aeic.gc.ca\">anne.lamothe@iaac-aeic.gc.ca<\/a><\/td>\n<\/tr>\n<tr>\n<td>Agence des services frontaliers du Canada (ASFC)<\/td>\n<td width=\"350\">M\u00e9lanie Faucher<br \/>\n<a href=\"mailto:Melanie.Faucher@cbsa-asfc.gc.ca\">Melanie.Faucher@cbsa-asfc.gc.ca<\/a><\/td>\n<\/tr>\n<tr>\n<td>Agence du revenu du Canada (ARC)<\/td>\n<td width=\"350\">Brenda Fazzino<br \/>\n<a href=\"mailto:brenda.fazzino@cra-arc.gc.ca\">brenda.fazzino@cra-arc.gc.ca<\/a><\/td>\n<\/tr>\n<tr>\n<td>Agriculture et agroalimentaire Canada (AAC)<\/td>\n<td width=\"350\">ISB Management Services<br \/>\n<a href=\"mailto:aafc.isbmanagementservices-servicesdegestiondeladgsi.aac@agr.gc.ca\">aafc.isbmanagementservices-servicesdegestiondeladgsi.aac@agr.gc.ca<\/a><\/td>\n<\/tr>\n<tr>\n<td>Anciens Combattants Canada (ACC)<\/td>\n<td width=\"350\">Gabrielle Cloutier<br \/>\n<a href=\"mailto:gabrielle.cloutier@veterans.gc.ca\">gabrielle.cloutier@veterans.gc.ca<\/a><\/td>\n<\/tr>\n<tr>\n<td>Biblioth\u00e8que et Archives Canada (BAC)<\/td>\n<td width=\"350\">Wanito Bernadin<br \/>\n<a href=\"mailto:wanito.bernadin@bac-lac.gc.ca\">wanito.bernadin@bac-lac.gc.ca<\/a><\/td>\n<\/tr>\n<tr>\n<td>Bureau du v\u00e9rificateur g\u00e9n\u00e9ral du Canada (BVG)<\/td>\n<td width=\"350\">Famida Rao<br \/>\n<a href=\"mailto:famida.rao@oag-bvg.gc.ca\">famida.rao@oag-bvg.gc.ca<\/a><\/td>\n<\/tr>\n<tr>\n<td>Centre d&#8217;analyse des op\u00e9rations et d\u00e9clarations financi\u00e8res du Canada (CANAFE)<\/td>\n<td width=\"350\">Mary Curtin-Nisbet<br \/>\n<a href=\"mailto:mary.curtin-nisbet@fintrac-canafe.gc.ca\">mary.curtin-nisbet@fintrac-canafe.gc.ca<\/a><\/td>\n<\/tr>\n<tr>\n<td>Commission canadienne des grains (CCG)<\/td>\n<td width=\"350\">Roselyn Nkhata-Okoye<br \/>\n<a href=\"mailto:roselyn.nkhata-okoye@grainscanada.gc.ca\">roselyn.nkhata-okoye@grainscanada.gc.ca<\/a><\/td>\n<\/tr>\n<tr>\n<td>Commission canadienne de s\u00fbret\u00e9 nucl\u00e9aire (CCSN)<\/td>\n<td width=\"350\">Joanne Purdie<br \/>\n<a href=\"mailto:joanne.purdie@cnsc-ccsn.gc.ca\">joanne.purdie@cnsc-ccsn.gc.ca<\/a><\/td>\n<\/tr>\n<tr>\n<td>Commission de la fonction publique (CFP)<\/td>\n<td width=\"350\">Danielle Hebert<br \/>\n<a href=\"mailto:danielle.hebert@cfp-psc.gc.ca\">danielle.hebert@cfp-psc.gc.ca<\/a><\/td>\n<\/tr>\n<tr>\n<td>Commission de l&#8217;immigration et du statut de r\u00e9fugi\u00e9 (CIR)<\/td>\n<td width=\"350\">iRB\/CISR Ottawa RB\/CISR Ottawa<br \/>\n<a href=\"mailto:irb.cito-bmu-sgo-dpit.cisr@irb-cisr.gc.ca\">irb.cito-bmu-sgo-dpit.cisr@irb-cisr.gc.ca<\/a><\/td>\n<\/tr>\n<tr>\n<td>Conseil de la radiodiffusion et des t\u00e9l\u00e9communications canadiennes (CRTC)<\/td>\n<td width=\"350\">Emmanuelle Charlebois<br \/>\n<a href=\"mailto:emmanuelle.charlebois@crtc.gc.ca\">emmanuelle.charlebois@crtc.gc.ca<\/a><\/td>\n<\/tr>\n<tr>\n<td>Conseil de recherches en sciences humaines (CRSH) Conseil de recherches en sciences naturelles et en g\u00e9nie du Canada (CRSNG)<\/td>\n<td width=\"350\">Samantha Rahim<br \/>\n<a href=\"mailto:Samantha.rahim@sshrc-crsh.gc.ca\">Samantha.rahim@sshrc-crsh.gc.ca<\/a><\/td>\n<\/tr>\n<tr>\n<td>Conseil national de recherches Canada (CNRC)<\/td>\n<td width=\"350\">KITS Administration KITS Administration<br \/>\n<a href=\"mailto:NRC.KITSAdministration-AdministrationSSIT.CNRC@nrc-cnrc.gc.ca\">NRC.KITSAdministration-AdministrationSSIT.CNRC@nrc-cnrc.gc.ca<\/a><\/td>\n<\/tr>\n<tr>\n<td>Centre de la s\u00e9curit\u00e9 des t\u00e9l\u00e9communications (CST)<\/td>\n<td width=\"350\">Sophie Gourgon<br \/>\n<a href=\"mailto:sophie.gourgon@cse-cst.gc.ca\">sophie.gourgon@cse-cst.gc.ca<\/a><\/td>\n<\/tr>\n<tr>\n<td>D\u00e9fense nationale (MDN)<\/td>\n<td width=\"350\">Angela Morena<br \/>\n<a href=\"mailto:dsg-itcommunitymanagement-gsn-gestioncommunautaireit@forces.gc.ca\">dsg-itcommunitymanagement-gsn-gestioncommunautaireit@forces.gc.ca<\/a><\/td>\n<\/tr>\n<tr>\n<td>\u00c9cole de la fonction publique du Canada (EFPC)<\/td>\n<td width=\"350\">Julie Auclair<br \/>\n<a href=\"mailto:julie.auclair@csps-efpc.gc.ca\">julie.auclair@csps-efpc.gc.ca<\/a><\/td>\n<\/tr>\n<tr>\n<td>\u00c9lections Canada<\/td>\n<td width=\"350\">Sylvie Labelle<br \/>\n<a href=\"mailto:sylvie.labelle@elections.ca\">sylvie.labelle@elections.ca<\/a><\/td>\n<\/tr>\n<tr>\n<td>Emploi et D\u00e9veloppement social Canada (EDSC)<\/td>\n<td width=\"350\">DGIIT \u00c9quipe de l&#8217;apprentissage<br \/>\n<a href=\"mailto:EDSC.DGIIT.EA-LT.IITB.ESDC@hrsdc-rhdcc.gc.ca\">EDSC.DGIIT.EA-LT.IITB.ESDC@hrsdc-rhdcc.gc.ca<\/a><\/td>\n<\/tr>\n<tr>\n<td>Environnement et Changement climatique Canada (ECCC)<\/td>\n<td width=\"350\">\n<a href=\"mailto:GestionEffectifsNumeriques-DigitalWorkforceManagement@ec.gc.ca\">GestionEffectifsNumeriques-DigitalWorkforceManagement@ec.gc.ca<\/a><\/td>\n<\/tr>\n<tr>\n<td>Femmes et \u00e9galit\u00e9 des genres Canada (FEGC)<\/td>\n<td width=\"350\">St\u00e9phane Blais<br \/>\n<a href=\"mailto:ugadgsi-bmucsb@fegc-wage.gc.ca\">ugadgsi-bmucsb@fegc-wage.gc.ca<\/a><\/td>\n<\/tr>\n<tr>\n<td>Finance Canada (Fin)<\/td>\n<td width=\"350\">\n<a href=\"mailto:cio-dpi@fin.gc.ca\">cio-dpi@fin.gc.ca<\/a><\/td>\n<\/tr>\n<tr>\n<td>Gendarmerie royale du Canada (GRC)<\/td>\n<td width=\"350\">Karine Veilleux<br \/>\n<a href=\"mailto:RCMP.IMITTraining-GITIFormation.GRC@rcmp-grc.gc.ca\">RCMP.IMITTraining-GITIFormation.GRC@rcmp-grc.gc.ca<\/a><\/td>\n<\/tr>\n<tr>\n<td>Immigration, R\u00e9fugi\u00e9s et Citoyennet\u00e9 Canada (IRCC)<\/td>\n<td width=\"350\"><a href=\"mailto:IRCC.DSSITrainings-SSINFormations.IRCC@cic.gc.ca\">IRCC.DSSITrainings-SSINFormations.IRCC@cic.gc.ca<\/a><\/td>\n<\/tr>\n<tr>\n<td>Infrastructure Canada<\/td>\n<td width=\"350\">Denis Theriault<br \/>\n<a href=\"mailto:dgoimit-bdggiti@infc.gc.ca\">dgoimit-bdggiti@infc.gc.ca<\/a><\/td>\n<\/tr>\n<tr>\n<td> Innovation, Sciences et D\u00e9veloppement \u00e9conomique Canada (ISDE)<\/td>\n<td width=\"350\">Noha Rahal<br \/>\n<a href=\"mailto:noha.raha@ised-isde.gc.ca\">noha.raha@ised-isde.gc.ca<\/a><\/td>\n<\/tr>\n<tr>\n<td>Instituts de recherche en sant\u00e9 du Canada (IRSC)<\/td>\n<td width=\"350\">Kara Lusignan<br \/>\n<a href=\"mailto:kara.lusignan@cihr-irsc.gc.ca\">kara.lusignan@cihr-irsc.gc.ca<\/a><\/td>\n<\/tr>\n<tr>\n<td>Justice Canada<\/td>\n<td width=\"350\">Genevi\u00e8ve Labine<br \/>\n<a href=\"mailto:admin.services-isb@justice.gc.ca\">admin.services-isb@justice.gc.ca<\/a><\/td>\n<\/tr>\n<tr>\n<td>R\u00e9gie de l\u2019\u00e9nergie du Canada <\/td>\n<td width=\"350\">Sean Stricker<br \/>\n<a href=\"mailto:sean.stricker@cer-rec.gc.ca\">sean.stricker@cer-rec.gc.ca<\/a><\/td>\n<\/tr>\n<tr>\n<td>Sant\u00e9 Canada (SC)<\/td>\n<td width=\"350\">Melanie Theoret<br \/>\n<a href=\"mailto:Melanie.Theoret@hc-sc.gc.ca\">Melanie.Theoret@hc-sc.gc.ca<\/a><\/td>\n<\/tr>\n<tr>\n<td>Secr\u00e9tariat Conseil du Tr\u00e9sor du Canada (SCT)<\/td>\n<td width=\"350\">Francis Larose<br \/>\n<a href=\"mailto:francis.larose@tbs-sct.gc.ca\">francis.larose@tbs-sct.gc.ca<\/a><\/td>\n<\/tr>\n<tr>\n<td>S\u00e9curit\u00e9 publique Canada<\/td>\n<td width=\"350\">Annie L\u00e9tourneau<br \/>\n<a href=\"mailto:annie.letourneau@ps-sp.gc.ca\">annie.letourneau@ps-sp.gc.ca<\/a><\/td>\n<\/tr>\n<tr>\n<td>Service correctionnel du Canada (SCC)<\/td>\n<td width=\"350\">Jonathan Dubord<br \/>\n<a href=\"mailto:SGI.GEN-NATIMSTalent@CSC-SCC.GC.CA \">SGI.GEN-NATIMSTalent@CSC-SCC.GC.CA <\/a><\/td>\n<\/tr>\n<tr>\n<td>Services aux Autochtones Canada (SAC)<\/td>\n<td width=\"350\">Yves Bernard \/ Annie B\u00e9rub\u00e9<br \/>\n<a href=\"mailto:sispstrategiesfinancieres-ispsfinancialstrategies@sac-isc.gc.ca\">sispstrategiesfinancieres-ispsfinancialstrategies@sac-isc.gc.ca<\/a><\/td>\n<\/tr>\n<tr>\n<td>Services partag\u00e9s Canada (SPC)<\/td>\n<td width=\"350\">HRW \/ RHMT (SSC\/SPC)<br \/>\n<a href=\"mailto:hrw-rhmt@ssc-spc.gc.ca\">hrw-rhmt@ssc-spc.gc.ca<\/a><\/td>\n<\/tr>\n<tr>\n<td>Services publics et Approvisionnement Canada (SPAC)<\/td>\n<td width=\"350\">Annabelle Clarke<br \/>\n<a href=\"mailto:annabelle.clarke@tpsgc-pwgsc.gc.ca\">annabelle.clarke@tpsgc-pwgsc.gc.ca<\/a><\/td>\n<\/tr>\n<tr>\n<td>Statistique Canada (StatCan)<\/td>\n<td width=\"350\">Naima Jabir<br \/>\n<a href=\"mailto:naima.jabir@statcan.gc.ca\">naima.jabir@statcan.gc.ca<\/a><\/td>\n<\/tr>\n<tr>\n<td>Transport Canada (TC)<\/td>\n<td width=\"350\">Kazuko Trinca<br \/>\n<a href=\"mailto:kazuko.trinca@tc.gc.ca\">kazuko.trinca@tc.gc.ca<\/a><\/td>\n<\/tr>\n<tr>\n<td>Universit\u00e9 d&#8217;Ottawa<\/td>\n<td width=\"350\">Cynthia Soto-Cancino<br \/>\n<a href=\"mailto:csoto@uottawa.ca\">csoto@uottawa.ca<\/a><\/td>\n<\/tr>\n<\/tbody>\n<\/table>\n<h3 id=\"Single-Passes\">Laissez-passer simple (individuel)<\/h3>\n<p>Si votre organisation n\u2019ach\u00e8te pas un laissez-passer d\u2019entreprise, il est possible de faire l\u2019achat d\u2019un laissez-passer simple (individuel) ou d\u2019un laissez-passer en personne. Les laissez-passer virtuels ne peuvent pas \u00eatre partag\u00e9s, mais il est possible de partager les laissez-passer en personne au cours des trois jours de la SPP. Les tarifs et les renseignements \u00e0 propos de l\u2019achat de laissez-passer se trouvent <a href=\"https:\/\/dpi-canada.com\/fr\/spp\/frais-dinscription\/\">ici<\/a>.<\/p>\n","protected":false},"excerpt":{"rendered":"<p>Votre participation \u00e0 la SPP est possible par le biais d\u2019un laissez-passer d&#8217;entreprise de votre organisation ou de l\u2019achat d\u2019un laissez-passer simple (individuel). Laissez-passer d\u2019entreprise La grande majorit\u00e9 des organisations se procure un laissez-passer d\u2019entreprise, ce qui donne \u00e0 l\u2019ensemble de leurs employ\u00e9s l\u2019acc\u00e8s \u00e0 la SPP. D\u00e8s l\u2019achat d\u2019un laissez-passer d\u2019entreprise, l\u2019organisation est consign\u00e9e [&hellip;]<\/p>\n","protected":false},"author":6,"featured_media":0,"parent":0,"menu_order":0,"comment_status":"closed","ping_status":"closed","template":"subpage.php","meta":{"_acf_changed":false,"footnotes":""},"class_list":["post-8188","page","type-page","status-publish","hentry"],"acf":[],"yoast_head":"<!-- This site is optimized with the Yoast SEO plugin v27.3 - https:\/\/yoast.com\/product\/yoast-seo-wordpress\/ -->\n<title>Comment prendre part \u00e0 la SPP -<\/title>\n<meta name=\"robots\" content=\"index, follow, max-snippet:-1, max-image-preview:large, max-video-preview:-1\" \/>\n<link rel=\"canonical\" href=\"https:\/\/dpi-canada.com\/fr\/inscription\/\" \/>\n<meta property=\"og:locale\" content=\"fr_CA\" \/>\n<meta property=\"og:type\" content=\"article\" \/>\n<meta property=\"og:title\" content=\"Comment prendre part \u00e0 la SPP -\" \/>\n<meta property=\"og:description\" content=\"Votre participation \u00e0 la SPP est possible par le biais d\u2019un laissez-passer d&#8217;entreprise de votre organisation ou de l\u2019achat d\u2019un laissez-passer simple (individuel). Laissez-passer d\u2019entreprise La grande majorit\u00e9 des organisations se procure un laissez-passer d\u2019entreprise, ce qui donne \u00e0 l\u2019ensemble de leurs employ\u00e9s l\u2019acc\u00e8s \u00e0 la SPP. D\u00e8s l\u2019achat d\u2019un laissez-passer d\u2019entreprise, l\u2019organisation est consign\u00e9e [&hellip;]\" \/>\n<meta property=\"og:url\" content=\"https:\/\/dpi-canada.com\/fr\/inscription\/\" \/>\n<meta property=\"og:site_name\" content=\"DPI\" \/>\n<meta property=\"article:modified_time\" content=\"2025-04-29T14:29:27+00:00\" \/>\n<meta name=\"twitter:card\" content=\"summary_large_image\" \/>\n<meta name=\"twitter:site\" content=\"@dpi_canada\" \/>\n<meta name=\"twitter:label1\" content=\"Est. reading time\" \/>\n\t<meta name=\"twitter:data1\" content=\"5 minutes\" \/>\n<script type=\"application\/ld+json\" class=\"yoast-schema-graph\">{\"@context\":\"https:\\\/\\\/schema.org\",\"@graph\":[{\"@type\":\"WebPage\",\"@id\":\"https:\\\/\\\/dpi-canada.com\\\/fr\\\/inscription\\\/\",\"url\":\"https:\\\/\\\/dpi-canada.com\\\/fr\\\/inscription\\\/\",\"name\":\"Comment prendre part \u00e0 la SPP -\",\"isPartOf\":{\"@id\":\"https:\\\/\\\/dpi-canada.com\\\/fr\\\/#website\"},\"datePublished\":\"2023-10-02T17:41:16+00:00\",\"dateModified\":\"2025-04-29T14:29:27+00:00\",\"breadcrumb\":{\"@id\":\"https:\\\/\\\/dpi-canada.com\\\/fr\\\/inscription\\\/#breadcrumb\"},\"inLanguage\":\"fr-CA\",\"potentialAction\":[{\"@type\":\"ReadAction\",\"target\":[\"https:\\\/\\\/dpi-canada.com\\\/fr\\\/inscription\\\/\"]}]},{\"@type\":\"BreadcrumbList\",\"@id\":\"https:\\\/\\\/dpi-canada.com\\\/fr\\\/inscription\\\/#breadcrumb\",\"itemListElement\":[{\"@type\":\"ListItem\",\"position\":1,\"name\":\"Home\",\"item\":\"https:\\\/\\\/dpi-canada.com\\\/fr\\\/\"},{\"@type\":\"ListItem\",\"position\":2,\"name\":\"Semaine de perfectionnement professionnel (SPP)\",\"item\":\"https:\\\/\\\/dpi-canada.com\\\/fr\\\/spp\\\/\"},{\"@type\":\"ListItem\",\"position\":3,\"name\":\"Comment prendre part \u00e0 la SPP\"}]},{\"@type\":\"WebSite\",\"@id\":\"https:\\\/\\\/dpi-canada.com\\\/fr\\\/#website\",\"url\":\"https:\\\/\\\/dpi-canada.com\\\/fr\\\/\",\"name\":\"Association of Public Sector Information Professionals (DPI)\",\"description\":\"D\u00e9velopper le professionnalisme en informatique\",\"publisher\":{\"@id\":\"https:\\\/\\\/dpi-canada.com\\\/fr\\\/#organization\"},\"potentialAction\":[{\"@type\":\"SearchAction\",\"target\":{\"@type\":\"EntryPoint\",\"urlTemplate\":\"https:\\\/\\\/dpi-canada.com\\\/fr\\\/?s={search_term_string}\"},\"query-input\":{\"@type\":\"PropertyValueSpecification\",\"valueRequired\":true,\"valueName\":\"search_term_string\"}}],\"inLanguage\":\"fr-CA\"},{\"@type\":\"Organization\",\"@id\":\"https:\\\/\\\/dpi-canada.com\\\/fr\\\/#organization\",\"name\":\"Association of Public Sector Information Professionals (DPI)\",\"url\":\"https:\\\/\\\/dpi-canada.com\\\/fr\\\/\",\"logo\":{\"@type\":\"ImageObject\",\"inLanguage\":\"fr-CA\",\"@id\":\"https:\\\/\\\/dpi-canada.com\\\/fr\\\/#\\\/schema\\\/logo\\\/image\\\/\",\"url\":\"https:\\\/\\\/dpi-canada.com\\\/sites\\\/dpi-canada.com\\\/wp-content\\\/uploads\\\/DPI_Social.jpg\",\"contentUrl\":\"https:\\\/\\\/dpi-canada.com\\\/sites\\\/dpi-canada.com\\\/wp-content\\\/uploads\\\/DPI_Social.jpg\",\"width\":1100,\"height\":1100,\"caption\":\"Association of Public Sector Information Professionals (DPI)\"},\"image\":{\"@id\":\"https:\\\/\\\/dpi-canada.com\\\/fr\\\/#\\\/schema\\\/logo\\\/image\\\/\"},\"sameAs\":[\"https:\\\/\\\/x.com\\\/dpi_canada\",\"http:\\\/\\\/www.linkedin.com\\\/company\\\/dpi--association-of-public-sector-information-professionals\"]}]}<\/script>\n<!-- \/ Yoast SEO plugin. -->","yoast_head_json":{"title":"Comment prendre part \u00e0 la SPP -","robots":{"index":"index","follow":"follow","max-snippet":"max-snippet:-1","max-image-preview":"max-image-preview:large","max-video-preview":"max-video-preview:-1"},"canonical":"https:\/\/dpi-canada.com\/fr\/inscription\/","og_locale":"fr_CA","og_type":"article","og_title":"Comment prendre part \u00e0 la SPP -","og_description":"Votre participation \u00e0 la SPP est possible par le biais d\u2019un laissez-passer d&#8217;entreprise de votre organisation ou de l\u2019achat d\u2019un laissez-passer simple (individuel). Laissez-passer d\u2019entreprise La grande majorit\u00e9 des organisations se procure un laissez-passer d\u2019entreprise, ce qui donne \u00e0 l\u2019ensemble de leurs employ\u00e9s l\u2019acc\u00e8s \u00e0 la SPP. D\u00e8s l\u2019achat d\u2019un laissez-passer d\u2019entreprise, l\u2019organisation est consign\u00e9e [&hellip;]","og_url":"https:\/\/dpi-canada.com\/fr\/inscription\/","og_site_name":"DPI","article_modified_time":"2025-04-29T14:29:27+00:00","twitter_card":"summary_large_image","twitter_site":"@dpi_canada","twitter_misc":{"Est. reading time":"5 minutes"},"schema":{"@context":"https:\/\/schema.org","@graph":[{"@type":"WebPage","@id":"https:\/\/dpi-canada.com\/fr\/inscription\/","url":"https:\/\/dpi-canada.com\/fr\/inscription\/","name":"Comment prendre part \u00e0 la SPP -","isPartOf":{"@id":"https:\/\/dpi-canada.com\/fr\/#website"},"datePublished":"2023-10-02T17:41:16+00:00","dateModified":"2025-04-29T14:29:27+00:00","breadcrumb":{"@id":"https:\/\/dpi-canada.com\/fr\/inscription\/#breadcrumb"},"inLanguage":"fr-CA","potentialAction":[{"@type":"ReadAction","target":["https:\/\/dpi-canada.com\/fr\/inscription\/"]}]},{"@type":"BreadcrumbList","@id":"https:\/\/dpi-canada.com\/fr\/inscription\/#breadcrumb","itemListElement":[{"@type":"ListItem","position":1,"name":"Home","item":"https:\/\/dpi-canada.com\/fr\/"},{"@type":"ListItem","position":2,"name":"Semaine de perfectionnement professionnel (SPP)","item":"https:\/\/dpi-canada.com\/fr\/spp\/"},{"@type":"ListItem","position":3,"name":"Comment prendre part \u00e0 la SPP"}]},{"@type":"WebSite","@id":"https:\/\/dpi-canada.com\/fr\/#website","url":"https:\/\/dpi-canada.com\/fr\/","name":"Association of Public Sector Information Professionals (DPI)","description":"D\u00e9velopper le professionnalisme en informatique","publisher":{"@id":"https:\/\/dpi-canada.com\/fr\/#organization"},"potentialAction":[{"@type":"SearchAction","target":{"@type":"EntryPoint","urlTemplate":"https:\/\/dpi-canada.com\/fr\/?s={search_term_string}"},"query-input":{"@type":"PropertyValueSpecification","valueRequired":true,"valueName":"search_term_string"}}],"inLanguage":"fr-CA"},{"@type":"Organization","@id":"https:\/\/dpi-canada.com\/fr\/#organization","name":"Association of Public Sector Information Professionals (DPI)","url":"https:\/\/dpi-canada.com\/fr\/","logo":{"@type":"ImageObject","inLanguage":"fr-CA","@id":"https:\/\/dpi-canada.com\/fr\/#\/schema\/logo\/image\/","url":"https:\/\/dpi-canada.com\/sites\/dpi-canada.com\/wp-content\/uploads\/DPI_Social.jpg","contentUrl":"https:\/\/dpi-canada.com\/sites\/dpi-canada.com\/wp-content\/uploads\/DPI_Social.jpg","width":1100,"height":1100,"caption":"Association of Public Sector Information Professionals (DPI)"},"image":{"@id":"https:\/\/dpi-canada.com\/fr\/#\/schema\/logo\/image\/"},"sameAs":["https:\/\/x.com\/dpi_canada","http:\/\/www.linkedin.com\/company\/dpi--association-of-public-sector-information-professionals"]}]}},"_links":{"self":[{"href":"https:\/\/dpi-canada.com\/fr\/wp-json\/wp\/v2\/pages\/8188","targetHints":{"allow":["GET"]}}],"collection":[{"href":"https:\/\/dpi-canada.com\/fr\/wp-json\/wp\/v2\/pages"}],"about":[{"href":"https:\/\/dpi-canada.com\/fr\/wp-json\/wp\/v2\/types\/page"}],"author":[{"embeddable":true,"href":"https:\/\/dpi-canada.com\/fr\/wp-json\/wp\/v2\/users\/6"}],"replies":[{"embeddable":true,"href":"https:\/\/dpi-canada.com\/fr\/wp-json\/wp\/v2\/comments?post=8188"}],"version-history":[{"count":0,"href":"https:\/\/dpi-canada.com\/fr\/wp-json\/wp\/v2\/pages\/8188\/revisions"}],"wp:attachment":[{"href":"https:\/\/dpi-canada.com\/fr\/wp-json\/wp\/v2\/media?parent=8188"}],"curies":[{"name":"wp","href":"https:\/\/api.w.org\/{rel}","templated":true}]}}