{"id":8847,"date":"2024-06-20T10:45:00","date_gmt":"2024-06-20T14:45:00","guid":{"rendered":"https:\/\/dpi-canada.com\/spp\/spp-2024\/"},"modified":"2024-06-20T11:27:03","modified_gmt":"2024-06-20T15:27:03","slug":"spp-2024","status":"publish","type":"page","link":"https:\/\/dpi-canada.com\/fr\/spp\/spp-2024\/","title":{"rendered":"SPP 2024"},"content":{"rendered":"<p><img loading=\"lazy\" decoding=\"async\" class=\"alignnone wp-image-7971 size-large\" src=\"https:\/\/dpi-canada.com\/sites\/dpi-canada.com\/wp-content\/uploads\/\/PDWSPP2024_InfoGraphic-1024x370.png\" alt=\"\" width=\"1024\" height=\"370\" srcset=\"https:\/\/dpi-canada.com\/sites\/dpi-canada.com\/wp-content\/uploads\/PDWSPP2024_InfoGraphic-1024x370.png 1024w, https:\/\/dpi-canada.com\/sites\/dpi-canada.com\/wp-content\/uploads\/PDWSPP2024_InfoGraphic-300x108.png 300w, https:\/\/dpi-canada.com\/sites\/dpi-canada.com\/wp-content\/uploads\/PDWSPP2024_InfoGraphic-768x277.png 768w, https:\/\/dpi-canada.com\/sites\/dpi-canada.com\/wp-content\/uploads\/PDWSPP2024_InfoGraphic-1536x555.png 1536w, https:\/\/dpi-canada.com\/sites\/dpi-canada.com\/wp-content\/uploads\/PDWSPP2024_InfoGraphic-2048x740.png 2048w, https:\/\/dpi-canada.com\/sites\/dpi-canada.com\/wp-content\/uploads\/PDWSPP2024_InfoGraphic-1920x693.png 1920w, https:\/\/dpi-canada.com\/sites\/dpi-canada.com\/wp-content\/uploads\/PDWSPP2024_InfoGraphic-1662x600.png 1662w\" sizes=\"auto, (max-width: 1024px) 100vw, 1024px\" \/><\/p>\n<p>Depuis plus de 60 ans, DPI capte la voix de la communaut\u00e9 de la gestion de l\u2019information, des technologies de l\u2019information et du num\u00e9rique du secteur public. Cette ann\u00e9e n\u2019est pas diff\u00e9rente des autres. Notre \u00e9v\u00e9nement d&#8217;apprentissage annuel le plus attendu, la Semaine de perfectionnement professionnel, aura lieu du\u00a0<strong>7 au 9 mai\u00a02024<\/strong>, \u00e0 la fois virtuellement ainsi qu\u2019au Centre\u00a0Shaw d\u2019Ottawa.<\/p>\n<p>Cet \u00e9v\u00e9nement apportera de grandes occasions pour apprendre, cultiver et entretenir son r\u00e9seau de relations professionnelles, de m\u00eame que pour cr\u00e9er des liens avec des coll\u00e8gues. C\u2019est pourquoi nous sommes emball\u00e9s de lancer notre th\u00e8me\u00a0:\u00a0<strong>\u00ab\u00a0Vois grand. Change rapidement. Acc\u00e9l\u00e8re le num\u00e9rique. \u00bb\u00a0<\/strong>L&#8217;accent sera mis sur les technologies, le renforcement des comp\u00e9tences, les facult\u00e9s d\u2019adaptation, la r\u00e9silience, le leadership, la sant\u00e9 mentale, ainsi que l\u2019importance de la diversit\u00e9, de l\u2019\u00e9quit\u00e9 et de l\u2019inclusion.<\/p>\n<p>Dans le contexte rapide actuel et en perp\u00e9tuelle transformation, les organisations doivent faire face \u00e0 des technologies qui \u00e9voluent constamment et qui perturbent par le fait m\u00eame les modes de fonctionnement traditionnels. Les gens et la gestion du talent s\u2019av\u00e8rent des facteurs cruciaux pour stimuler l&#8217;innovation num\u00e9rique et sa vitesse d\u2019acc\u00e9l\u00e9ration. La SPP 2024 explorera les moyens de tirer profit des talents pour pousser le num\u00e9rique, y compris le recrutement, la r\u00e9tention et le renforcement des comp\u00e9tences, tout en favorisant une culture d\u2019exp\u00e9rimentation et de prise de risques afin de r\u00e9pondre rapidement au contexte changeant. Les participants de la SPP acquerront de pr\u00e9cieuses connaissances aux c\u00f4t\u00e9s de leaders pensants, d\u2019experts, et de praticiens pour d\u00e9couvrir et ausculter les derni\u00e8res tendances et les pratiques exemplaires de ce qui touche l\u2019innovation num\u00e9rique et son acc\u00e9l\u00e9ration. Ils feront \u00e9galement la connaissance de ces leaders et experts. Tous ensemble, nous verrons grand, nous \u00e9voluerons rapidement et nous acc\u00e9l\u00e9rerons le num\u00e9rique.<\/p>\n<p>Soyez des n\u00f4tres en mai prochain alors que nous donnons \u00e0 chaque participant l&#8217;occasion d&#8217;apprendre, de se connecter aux autres et de grandir en tant que leaders et professionnels!<br \/>\n\u00a0<\/p>\n<p style=\"text-align: center;\"><iframe loading=\"lazy\" title=\"YouTube video player\" src=\"https:\/\/www.youtube-nocookie.com\/embed\/te3rherFzkc?controls=0\" width=\"560\" height=\"315\" frameborder=\"0\" allowfullscreen=\"allowfullscreen\"><\/iframe><\/p>\n<p style=\"text-align: center;\"><iframe loading=\"lazy\" title=\"YouTube video player\" src=\"https:\/\/www.youtube.com\/embed\/R6bl1vSnfz0?si=RWvj2PJqSWQHPHA0\" width=\"560\" height=\"315\" frameborder=\"0\" allowfullscreen=\"allowfullscreen\"><\/iframe><\/p>\n<hr \/>\n<div id=\"pos_content\" class=\"cms_position\">\n<div id=\"mod_377\" class=\"cms_module\">\n<h3 id=\"pagetitle\">Au sujet de la SPP<\/h3>\n<p>Chaque ann\u00e9e, DPI tient sa SPP annuelle, un \u00e9v\u00e9nement d&#8217;apprentissage de premier ordre pour les professionnels num\u00e9rique. Plus de 5 800 d\u00e9l\u00e9gu\u00e9s participent \u00e0 la SPP, qu\u2019il s\u2019agisse d\u2019analystes techniques, de responsables de l\u2019\u00e9laboration des politiques, de cadres de direction ou ex\u00e9cutive; ils partagent tous un but commun: le perfectionnement personnel.<\/p>\n<p>Les d\u00e9l\u00e9gu\u00e9s participent au congr\u00e8s pour son savant et fructueux cocktail de technologies et de gestion vers une connaissance approfondie des affaires, de la technologie et de l\u2019aspect humain num\u00e9rique. La SPP offre une vision des technologies et des tendances en gestion les plus r\u00e9centes, de l\u2019orientation du secteur public num\u00e9rique, ainsi que les outils et les m\u00e9thodes pour survivre, r\u00e9ussir et se d\u00e9marquer dans un milieu de plus en plus complexe. Tout cela jumel\u00e9 \u00e0 des occasions de r\u00e9seautage, et de superbes activit\u00e9s sociale. Nous sommes persuad\u00e9s que la SPP est votre meilleur rapport qualit\u00e9-prix en \u00e9change de votre budget de formation et nous encourageons fortement les employ\u00e9s \u00e0 inscrire la SPP \u00e0 leur plan d&#8217;apprentissage annuel et aux gestionnaires d\u2019endosser cette participation.<\/p>\n<\/div>\n<\/div>\n","protected":false},"excerpt":{"rendered":"<p>Depuis plus de 60 ans, DPI capte la voix de la communaut\u00e9 de la gestion de l\u2019information, des technologies de l\u2019information et du num\u00e9rique du secteur public. Cette ann\u00e9e n\u2019est pas diff\u00e9rente des autres. Notre \u00e9v\u00e9nement d&#8217;apprentissage annuel le plus attendu, la Semaine de perfectionnement professionnel, aura lieu du\u00a07 au 9 mai\u00a02024, \u00e0 la fois [&hellip;]<\/p>\n","protected":false},"author":6,"featured_media":0,"parent":723,"menu_order":0,"comment_status":"closed","ping_status":"closed","template":"subpage.php","meta":{"_acf_changed":false,"footnotes":""},"class_list":["post-8847","page","type-page","status-publish","hentry"],"acf":[],"yoast_head":"<!-- This site is optimized with the Yoast SEO plugin v27.3 - https:\/\/yoast.com\/product\/yoast-seo-wordpress\/ -->\n<title>SPP 2024 -<\/title>\n<meta name=\"robots\" content=\"index, follow, max-snippet:-1, max-image-preview:large, max-video-preview:-1\" \/>\n<link rel=\"canonical\" href=\"https:\/\/dpi-canada.com\/fr\/spp\/spp-2024\/\" \/>\n<meta property=\"og:locale\" content=\"fr_CA\" \/>\n<meta property=\"og:type\" content=\"article\" \/>\n<meta property=\"og:title\" content=\"SPP 2024 -\" \/>\n<meta property=\"og:description\" content=\"Depuis plus de 60 ans, DPI capte la voix de la communaut\u00e9 de la gestion de l\u2019information, des technologies de l\u2019information et du num\u00e9rique du secteur public. Cette ann\u00e9e n\u2019est pas diff\u00e9rente des autres. Notre \u00e9v\u00e9nement d&#8217;apprentissage annuel le plus attendu, la Semaine de perfectionnement professionnel, aura lieu du\u00a07 au 9 mai\u00a02024, \u00e0 la fois [&hellip;]\" \/>\n<meta property=\"og:url\" content=\"https:\/\/dpi-canada.com\/fr\/spp\/spp-2024\/\" \/>\n<meta property=\"og:site_name\" content=\"DPI\" \/>\n<meta property=\"article:modified_time\" content=\"2024-06-20T15:27:03+00:00\" \/>\n<meta property=\"og:image\" content=\"https:\/\/dpi-canada.com\/sites\/dpi-canada.com\/wp-content\/uploads\/\/PDWSPP2024_InfoGraphic-1024x370.png\" \/>\n<meta name=\"twitter:card\" content=\"summary_large_image\" \/>\n<meta name=\"twitter:site\" content=\"@dpi_canada\" \/>\n<meta name=\"twitter:label1\" content=\"Est. reading time\" \/>\n\t<meta name=\"twitter:data1\" content=\"3 minutes\" \/>\n<script type=\"application\/ld+json\" class=\"yoast-schema-graph\">{\"@context\":\"https:\\\/\\\/schema.org\",\"@graph\":[{\"@type\":\"WebPage\",\"@id\":\"https:\\\/\\\/dpi-canada.com\\\/fr\\\/spp\\\/spp-2024\\\/\",\"url\":\"https:\\\/\\\/dpi-canada.com\\\/fr\\\/spp\\\/spp-2024\\\/\",\"name\":\"SPP 2024 -\",\"isPartOf\":{\"@id\":\"https:\\\/\\\/dpi-canada.com\\\/fr\\\/#website\"},\"primaryImageOfPage\":{\"@id\":\"https:\\\/\\\/dpi-canada.com\\\/fr\\\/spp\\\/spp-2024\\\/#primaryimage\"},\"image\":{\"@id\":\"https:\\\/\\\/dpi-canada.com\\\/fr\\\/spp\\\/spp-2024\\\/#primaryimage\"},\"thumbnailUrl\":\"https:\\\/\\\/dpi-canada.com\\\/sites\\\/dpi-canada.com\\\/wp-content\\\/uploads\\\/\\\/PDWSPP2024_InfoGraphic-1024x370.png\",\"datePublished\":\"2024-06-20T14:45:00+00:00\",\"dateModified\":\"2024-06-20T15:27:03+00:00\",\"breadcrumb\":{\"@id\":\"https:\\\/\\\/dpi-canada.com\\\/fr\\\/spp\\\/spp-2024\\\/#breadcrumb\"},\"inLanguage\":\"fr-CA\",\"potentialAction\":[{\"@type\":\"ReadAction\",\"target\":[\"https:\\\/\\\/dpi-canada.com\\\/fr\\\/spp\\\/spp-2024\\\/\"]}]},{\"@type\":\"ImageObject\",\"inLanguage\":\"fr-CA\",\"@id\":\"https:\\\/\\\/dpi-canada.com\\\/fr\\\/spp\\\/spp-2024\\\/#primaryimage\",\"url\":\"https:\\\/\\\/dpi-canada.com\\\/sites\\\/dpi-canada.com\\\/wp-content\\\/uploads\\\/\\\/PDWSPP2024_InfoGraphic-1024x370.png\",\"contentUrl\":\"https:\\\/\\\/dpi-canada.com\\\/sites\\\/dpi-canada.com\\\/wp-content\\\/uploads\\\/\\\/PDWSPP2024_InfoGraphic-1024x370.png\"},{\"@type\":\"BreadcrumbList\",\"@id\":\"https:\\\/\\\/dpi-canada.com\\\/fr\\\/spp\\\/spp-2024\\\/#breadcrumb\",\"itemListElement\":[{\"@type\":\"ListItem\",\"position\":1,\"name\":\"Home\",\"item\":\"https:\\\/\\\/dpi-canada.com\\\/fr\\\/\"},{\"@type\":\"ListItem\",\"position\":2,\"name\":\"Semaine de perfectionnement professionnel (SPP)\",\"item\":\"https:\\\/\\\/dpi-canada.com\\\/fr\\\/spp\\\/\"},{\"@type\":\"ListItem\",\"position\":3,\"name\":\"SPP 2024\"}]},{\"@type\":\"WebSite\",\"@id\":\"https:\\\/\\\/dpi-canada.com\\\/fr\\\/#website\",\"url\":\"https:\\\/\\\/dpi-canada.com\\\/fr\\\/\",\"name\":\"Association of Public Sector Information Professionals (DPI)\",\"description\":\"D\u00e9velopper le professionnalisme en informatique\",\"publisher\":{\"@id\":\"https:\\\/\\\/dpi-canada.com\\\/fr\\\/#organization\"},\"potentialAction\":[{\"@type\":\"SearchAction\",\"target\":{\"@type\":\"EntryPoint\",\"urlTemplate\":\"https:\\\/\\\/dpi-canada.com\\\/fr\\\/?s={search_term_string}\"},\"query-input\":{\"@type\":\"PropertyValueSpecification\",\"valueRequired\":true,\"valueName\":\"search_term_string\"}}],\"inLanguage\":\"fr-CA\"},{\"@type\":\"Organization\",\"@id\":\"https:\\\/\\\/dpi-canada.com\\\/fr\\\/#organization\",\"name\":\"Association of Public Sector Information Professionals (DPI)\",\"url\":\"https:\\\/\\\/dpi-canada.com\\\/fr\\\/\",\"logo\":{\"@type\":\"ImageObject\",\"inLanguage\":\"fr-CA\",\"@id\":\"https:\\\/\\\/dpi-canada.com\\\/fr\\\/#\\\/schema\\\/logo\\\/image\\\/\",\"url\":\"https:\\\/\\\/dpi-canada.com\\\/sites\\\/dpi-canada.com\\\/wp-content\\\/uploads\\\/DPI_Social.jpg\",\"contentUrl\":\"https:\\\/\\\/dpi-canada.com\\\/sites\\\/dpi-canada.com\\\/wp-content\\\/uploads\\\/DPI_Social.jpg\",\"width\":1100,\"height\":1100,\"caption\":\"Association of Public Sector Information Professionals (DPI)\"},\"image\":{\"@id\":\"https:\\\/\\\/dpi-canada.com\\\/fr\\\/#\\\/schema\\\/logo\\\/image\\\/\"},\"sameAs\":[\"https:\\\/\\\/x.com\\\/dpi_canada\",\"http:\\\/\\\/www.linkedin.com\\\/company\\\/dpi--association-of-public-sector-information-professionals\"]}]}<\/script>\n<!-- \/ Yoast SEO plugin. -->","yoast_head_json":{"title":"SPP 2024 -","robots":{"index":"index","follow":"follow","max-snippet":"max-snippet:-1","max-image-preview":"max-image-preview:large","max-video-preview":"max-video-preview:-1"},"canonical":"https:\/\/dpi-canada.com\/fr\/spp\/spp-2024\/","og_locale":"fr_CA","og_type":"article","og_title":"SPP 2024 -","og_description":"Depuis plus de 60 ans, DPI capte la voix de la communaut\u00e9 de la gestion de l\u2019information, des technologies de l\u2019information et du num\u00e9rique du secteur public. Cette ann\u00e9e n\u2019est pas diff\u00e9rente des autres. Notre \u00e9v\u00e9nement d&#8217;apprentissage annuel le plus attendu, la Semaine de perfectionnement professionnel, aura lieu du\u00a07 au 9 mai\u00a02024, \u00e0 la fois [&hellip;]","og_url":"https:\/\/dpi-canada.com\/fr\/spp\/spp-2024\/","og_site_name":"DPI","article_modified_time":"2024-06-20T15:27:03+00:00","og_image":[{"url":"https:\/\/dpi-canada.com\/sites\/dpi-canada.com\/wp-content\/uploads\/\/PDWSPP2024_InfoGraphic-1024x370.png","type":"","width":"","height":""}],"twitter_card":"summary_large_image","twitter_site":"@dpi_canada","twitter_misc":{"Est. reading time":"3 minutes"},"schema":{"@context":"https:\/\/schema.org","@graph":[{"@type":"WebPage","@id":"https:\/\/dpi-canada.com\/fr\/spp\/spp-2024\/","url":"https:\/\/dpi-canada.com\/fr\/spp\/spp-2024\/","name":"SPP 2024 -","isPartOf":{"@id":"https:\/\/dpi-canada.com\/fr\/#website"},"primaryImageOfPage":{"@id":"https:\/\/dpi-canada.com\/fr\/spp\/spp-2024\/#primaryimage"},"image":{"@id":"https:\/\/dpi-canada.com\/fr\/spp\/spp-2024\/#primaryimage"},"thumbnailUrl":"https:\/\/dpi-canada.com\/sites\/dpi-canada.com\/wp-content\/uploads\/\/PDWSPP2024_InfoGraphic-1024x370.png","datePublished":"2024-06-20T14:45:00+00:00","dateModified":"2024-06-20T15:27:03+00:00","breadcrumb":{"@id":"https:\/\/dpi-canada.com\/fr\/spp\/spp-2024\/#breadcrumb"},"inLanguage":"fr-CA","potentialAction":[{"@type":"ReadAction","target":["https:\/\/dpi-canada.com\/fr\/spp\/spp-2024\/"]}]},{"@type":"ImageObject","inLanguage":"fr-CA","@id":"https:\/\/dpi-canada.com\/fr\/spp\/spp-2024\/#primaryimage","url":"https:\/\/dpi-canada.com\/sites\/dpi-canada.com\/wp-content\/uploads\/\/PDWSPP2024_InfoGraphic-1024x370.png","contentUrl":"https:\/\/dpi-canada.com\/sites\/dpi-canada.com\/wp-content\/uploads\/\/PDWSPP2024_InfoGraphic-1024x370.png"},{"@type":"BreadcrumbList","@id":"https:\/\/dpi-canada.com\/fr\/spp\/spp-2024\/#breadcrumb","itemListElement":[{"@type":"ListItem","position":1,"name":"Home","item":"https:\/\/dpi-canada.com\/fr\/"},{"@type":"ListItem","position":2,"name":"Semaine de perfectionnement professionnel (SPP)","item":"https:\/\/dpi-canada.com\/fr\/spp\/"},{"@type":"ListItem","position":3,"name":"SPP 2024"}]},{"@type":"WebSite","@id":"https:\/\/dpi-canada.com\/fr\/#website","url":"https:\/\/dpi-canada.com\/fr\/","name":"Association of Public Sector Information Professionals (DPI)","description":"D\u00e9velopper le professionnalisme en informatique","publisher":{"@id":"https:\/\/dpi-canada.com\/fr\/#organization"},"potentialAction":[{"@type":"SearchAction","target":{"@type":"EntryPoint","urlTemplate":"https:\/\/dpi-canada.com\/fr\/?s={search_term_string}"},"query-input":{"@type":"PropertyValueSpecification","valueRequired":true,"valueName":"search_term_string"}}],"inLanguage":"fr-CA"},{"@type":"Organization","@id":"https:\/\/dpi-canada.com\/fr\/#organization","name":"Association of Public Sector Information Professionals (DPI)","url":"https:\/\/dpi-canada.com\/fr\/","logo":{"@type":"ImageObject","inLanguage":"fr-CA","@id":"https:\/\/dpi-canada.com\/fr\/#\/schema\/logo\/image\/","url":"https:\/\/dpi-canada.com\/sites\/dpi-canada.com\/wp-content\/uploads\/DPI_Social.jpg","contentUrl":"https:\/\/dpi-canada.com\/sites\/dpi-canada.com\/wp-content\/uploads\/DPI_Social.jpg","width":1100,"height":1100,"caption":"Association of Public Sector Information Professionals (DPI)"},"image":{"@id":"https:\/\/dpi-canada.com\/fr\/#\/schema\/logo\/image\/"},"sameAs":["https:\/\/x.com\/dpi_canada","http:\/\/www.linkedin.com\/company\/dpi--association-of-public-sector-information-professionals"]}]}},"_links":{"self":[{"href":"https:\/\/dpi-canada.com\/fr\/wp-json\/wp\/v2\/pages\/8847","targetHints":{"allow":["GET"]}}],"collection":[{"href":"https:\/\/dpi-canada.com\/fr\/wp-json\/wp\/v2\/pages"}],"about":[{"href":"https:\/\/dpi-canada.com\/fr\/wp-json\/wp\/v2\/types\/page"}],"author":[{"embeddable":true,"href":"https:\/\/dpi-canada.com\/fr\/wp-json\/wp\/v2\/users\/6"}],"replies":[{"embeddable":true,"href":"https:\/\/dpi-canada.com\/fr\/wp-json\/wp\/v2\/comments?post=8847"}],"version-history":[{"count":2,"href":"https:\/\/dpi-canada.com\/fr\/wp-json\/wp\/v2\/pages\/8847\/revisions"}],"predecessor-version":[{"id":8862,"href":"https:\/\/dpi-canada.com\/fr\/wp-json\/wp\/v2\/pages\/8847\/revisions\/8862"}],"up":[{"embeddable":true,"href":"https:\/\/dpi-canada.com\/fr\/wp-json\/wp\/v2\/pages\/723"}],"wp:attachment":[{"href":"https:\/\/dpi-canada.com\/fr\/wp-json\/wp\/v2\/media?parent=8847"}],"curies":[{"name":"wp","href":"https:\/\/api.w.org\/{rel}","templated":true}]}}