{"id":8876,"date":"2024-06-20T12:31:54","date_gmt":"2024-06-20T16:31:54","guid":{"rendered":"https:\/\/dpi-canada.com\/spp\/semaine-de-perfectionnement-professionnel-spp\/"},"modified":"2024-10-29T12:27:54","modified_gmt":"2024-10-29T16:27:54","slug":"semaine-de-perfectionnement-professionnel-spp","status":"publish","type":"page","link":"https:\/\/dpi-canada.com\/fr\/spp\/semaine-de-perfectionnement-professionnel-spp\/","title":{"rendered":"Th\u00e8me de la SPP 2025"},"content":{"rendered":"<p><img loading=\"lazy\" decoding=\"async\" class=\"aligncenter wp-image-9077 size-large\" src=\"https:\/\/dpi-canada.com\/sites\/dpi-canada.com\/wp-content\/uploads\/\/Pheedloop-Portal-Banner-Image-750-x-300-px-3-1024x410.png\" alt=\"\" width=\"1024\" height=\"410\" srcset=\"https:\/\/dpi-canada.com\/sites\/dpi-canada.com\/wp-content\/uploads\/\/Pheedloop-Portal-Banner-Image-750-x-300-px-3-1024x410.png 1024w, https:\/\/dpi-canada.com\/sites\/dpi-canada.com\/wp-content\/uploads\/\/Pheedloop-Portal-Banner-Image-750-x-300-px-3-300x120.png 300w, https:\/\/dpi-canada.com\/sites\/dpi-canada.com\/wp-content\/uploads\/\/Pheedloop-Portal-Banner-Image-750-x-300-px-3-768x307.png 768w, https:\/\/dpi-canada.com\/sites\/dpi-canada.com\/wp-content\/uploads\/\/Pheedloop-Portal-Banner-Image-750-x-300-px-3.png 1500w\" sizes=\"auto, (max-width: 1024px) 100vw, 1024px\" \/><\/p>\n<p>Depuis plus de 60 ans, DPI capte la voix de la communaut\u00e9 de la gestion de l\u2019information, des technologies de l\u2019information et du num\u00e9rique du secteur public. Cette ann\u00e9e n\u2019est pas diff\u00e9rente des autres. Notre \u00e9v\u00e9nement d&#8217;apprentissage annuel le plus attendu, la Semaine de perfectionnement professionnel, aura lieu du\u00a0<strong>6 au 8 mai\u00a02025<\/strong>, \u00e0 la fois virtuellement ainsi qu\u2019au Centre\u00a0Rogers Ottawa.<\/p>\n<p>Cet \u00e9v\u00e9nement apportera de grandes occasions pour apprendre, cultiver et entretenir son r\u00e9seau de relations professionnelles, de m\u00eame que pour cr\u00e9er des liens avec des coll\u00e8gues. C\u2019est pourquoi nous sommes emball\u00e9s de lancer notre th\u00e8me\u00a0:\u00a0<strong>\u00ab\u00a0L\u2019IA dans le secteur public : Penser comme un humain, apprendre comme une machine \u00bb\u00a0<\/strong>L&#8217;accent sera mis sur les technologies, le renforcement des comp\u00e9tences, les facult\u00e9s d\u2019adaptation, la r\u00e9silience, le leadership, la sant\u00e9 mentale, ainsi que l\u2019importance de la diversit\u00e9, de l\u2019\u00e9quit\u00e9 et de l\u2019inclusion.<\/p>\n<p>Dans le paysage num\u00e9rique en \u00e9volution rapide d\u2019aujourd\u2019hui, l\u2019intelligence artificielle (IA) est devenue une force transformatrice qui remod\u00e8le la fa\u00e7on dont le gouvernement fonctionne et fournit des services. Soyez des n\u00f4tres lors de la SPP 2025 alors que nous nous lan\u00e7ons dans une exploration visionnaire de l\u2019avenir de l\u2019IA dans le secteur public. Ensemble, pensons comme des \u00eatres humains, apprenons comme des machines, et tra\u00e7ons la voie vers un avenir plus inclusif, innovant, et bas\u00e9 sur l\u2019IA pour le service public.<\/p>\n<p><strong>Les principaux points saillants du th\u00e8me :<\/strong><\/p>\n<ul>\n<li><strong>L\u2019IA centr\u00e9e sur l\u2019humain :<\/strong> Adopter des technologies de l&#8217;IA qui accorde la priorit\u00e9 \u00e0 la conception centr\u00e9e sur l&#8217;humain, \u00e0 l&#8217;empathie et aux consid\u00e9rations \u00e9thiques. Nous explorerons comment l&#8217;IA peut donner aux professionnels du secteur public les moyens de penser comme des humains tout en tirant parti des capacit\u00e9s d&#8217;apprentissage automatique pour am\u00e9liorer la prise de d\u00e9cision et la prestation de services.<\/li>\n<li><strong>L\u2019apprentissage continu :<\/strong> Reconnaissant l&#8217;importance de l&#8217;apprentissage continu et de l&#8217;adaptation \u00e0 l&#8217;\u00e8re de l&#8217;IA, nous nous pencherons sur les strat\u00e9gies de perfectionnement et de requalification de l\u2019ensemble des travailleurs du secteur public pour qu&#8217;ils prosp\u00e8rent dans des environnements ax\u00e9s sur l&#8217;IA, favorisant ainsi une culture d&#8217;apprentissage et de croissance en continu.<\/li>\n<li><strong>L\u2019innovation et la collaboration :<\/strong> Exploiter le potentiel collaboratif de l&#8217;IA pour stimuler l&#8217;innovation et relever des d\u00e9fis soci\u00e9taux complexes. Que l\u2019on pense \u00e0 des villes intelligentes, \u00e0 des soins de sant\u00e9 et \u00e0 l\u2019au-del\u00e0, nous pr\u00e9senterons des applications et des initiatives d&#8217;IA r\u00e9volutionnaires qui fa\u00e7onnent l&#8217;avenir de la prestation de services publics.<\/li>\n<li><strong>L\u2019IA \u00e9thique :<\/strong> Naviguer dans le paysage \u00e9thique et r\u00e9glementaire de l&#8217;IA au sein du secteur public. Nous aborderons des questions cruciales li\u00e9es \u00e0 la protection des renseignements personnels et de la vie priv\u00e9e, aux pr\u00e9jug\u00e9s, \u00e0 la transparence et \u00e0 la responsabilit\u00e9, en promouvant des cadres de gouvernance de l&#8217;IA responsables qui accordent la priorit\u00e9 \u00e0 la justice, \u00e0 l&#8217;\u00e9quit\u00e9 et \u00e0 l&#8217;inclusion.<\/li>\n<\/ul>\n<p>Soyez des n\u00f4tres en mai prochain alors que nous donnons \u00e0 chaque participant l&#8217;occasion d&#8217;apprendre, de se connecter aux autres et de grandir en tant que leaders et professionnels!<\/p>\n<p style=\"text-align: center;\"><iframe loading=\"lazy\" title=\"YouTube video player\" src=\"https:\/\/www.youtube-nocookie.com\/embed\/te3rherFzkc?controls=0\" width=\"560\" height=\"315\" frameborder=\"0\" allowfullscreen=\"allowfullscreen\" data-mce-fragment=\"1\"><\/iframe><\/p>\n<p style=\"text-align: center;\"><iframe loading=\"lazy\" width=\"560\" height=\"315\" src=\"https:\/\/www.youtube.com\/embed\/jtQS3CBoW-I?si=fWVWOAKizyDfAJZi\" title=\"YouTube video player\" frameborder=\"0\" allow=\"accelerometer; autoplay; clipboard-write; encrypted-media; gyroscope; picture-in-picture; web-share\" referrerpolicy=\"strict-origin-when-cross-origin\" allowfullscreen><\/iframe><\/p>\n","protected":false},"excerpt":{"rendered":"<p>Depuis plus de 60 ans, DPI capte la voix de la communaut\u00e9 de la gestion de l\u2019information, des technologies de l\u2019information et du num\u00e9rique du secteur public. Cette ann\u00e9e n\u2019est pas diff\u00e9rente des autres. Notre \u00e9v\u00e9nement d&#8217;apprentissage annuel le plus attendu, la Semaine de perfectionnement professionnel, aura lieu du\u00a06 au 8 mai\u00a02025, \u00e0 la fois [&hellip;]<\/p>\n","protected":false},"author":6,"featured_media":0,"parent":723,"menu_order":0,"comment_status":"closed","ping_status":"closed","template":"subpage.php","meta":{"_acf_changed":false,"footnotes":""},"class_list":["post-8876","page","type-page","status-publish","hentry"],"acf":[],"yoast_head":"<!-- This site is optimized with the Yoast SEO plugin v27.3 - https:\/\/yoast.com\/product\/yoast-seo-wordpress\/ -->\n<title>Th\u00e8me de la SPP 2025 -<\/title>\n<meta name=\"robots\" content=\"index, follow, max-snippet:-1, max-image-preview:large, max-video-preview:-1\" \/>\n<link rel=\"canonical\" href=\"https:\/\/dpi-canada.com\/fr\/spp\/semaine-de-perfectionnement-professionnel-spp\/\" \/>\n<meta property=\"og:locale\" content=\"fr_CA\" \/>\n<meta property=\"og:type\" content=\"article\" \/>\n<meta property=\"og:title\" content=\"Th\u00e8me de la SPP 2025 -\" \/>\n<meta property=\"og:description\" content=\"Depuis plus de 60 ans, DPI capte la voix de la communaut\u00e9 de la gestion de l\u2019information, des technologies de l\u2019information et du num\u00e9rique du secteur public. Cette ann\u00e9e n\u2019est pas diff\u00e9rente des autres. Notre \u00e9v\u00e9nement d&#8217;apprentissage annuel le plus attendu, la Semaine de perfectionnement professionnel, aura lieu du\u00a06 au 8 mai\u00a02025, \u00e0 la fois [&hellip;]\" \/>\n<meta property=\"og:url\" content=\"https:\/\/dpi-canada.com\/fr\/spp\/semaine-de-perfectionnement-professionnel-spp\/\" \/>\n<meta property=\"og:site_name\" content=\"DPI\" \/>\n<meta property=\"article:modified_time\" content=\"2024-10-29T16:27:54+00:00\" \/>\n<meta property=\"og:image\" content=\"https:\/\/dpi-canada.com\/sites\/dpi-canada.com\/wp-content\/uploads\/\/Pheedloop-Portal-Banner-Image-750-x-300-px-3-1024x410.png\" \/>\n<meta name=\"twitter:card\" content=\"summary_large_image\" \/>\n<meta name=\"twitter:site\" content=\"@dpi_canada\" \/>\n<meta name=\"twitter:label1\" content=\"Est. reading time\" \/>\n\t<meta name=\"twitter:data1\" content=\"3 minutes\" \/>\n<script type=\"application\/ld+json\" class=\"yoast-schema-graph\">{\"@context\":\"https:\\\/\\\/schema.org\",\"@graph\":[{\"@type\":\"WebPage\",\"@id\":\"https:\\\/\\\/dpi-canada.com\\\/fr\\\/spp\\\/semaine-de-perfectionnement-professionnel-spp\\\/\",\"url\":\"https:\\\/\\\/dpi-canada.com\\\/fr\\\/spp\\\/semaine-de-perfectionnement-professionnel-spp\\\/\",\"name\":\"Th\u00e8me de la SPP 2025 -\",\"isPartOf\":{\"@id\":\"https:\\\/\\\/dpi-canada.com\\\/fr\\\/#website\"},\"primaryImageOfPage\":{\"@id\":\"https:\\\/\\\/dpi-canada.com\\\/fr\\\/spp\\\/semaine-de-perfectionnement-professionnel-spp\\\/#primaryimage\"},\"image\":{\"@id\":\"https:\\\/\\\/dpi-canada.com\\\/fr\\\/spp\\\/semaine-de-perfectionnement-professionnel-spp\\\/#primaryimage\"},\"thumbnailUrl\":\"https:\\\/\\\/dpi-canada.com\\\/sites\\\/dpi-canada.com\\\/wp-content\\\/uploads\\\/\\\/Pheedloop-Portal-Banner-Image-750-x-300-px-3-1024x410.png\",\"datePublished\":\"2024-06-20T16:31:54+00:00\",\"dateModified\":\"2024-10-29T16:27:54+00:00\",\"breadcrumb\":{\"@id\":\"https:\\\/\\\/dpi-canada.com\\\/fr\\\/spp\\\/semaine-de-perfectionnement-professionnel-spp\\\/#breadcrumb\"},\"inLanguage\":\"fr-CA\",\"potentialAction\":[{\"@type\":\"ReadAction\",\"target\":[\"https:\\\/\\\/dpi-canada.com\\\/fr\\\/spp\\\/semaine-de-perfectionnement-professionnel-spp\\\/\"]}]},{\"@type\":\"ImageObject\",\"inLanguage\":\"fr-CA\",\"@id\":\"https:\\\/\\\/dpi-canada.com\\\/fr\\\/spp\\\/semaine-de-perfectionnement-professionnel-spp\\\/#primaryimage\",\"url\":\"https:\\\/\\\/dpi-canada.com\\\/sites\\\/dpi-canada.com\\\/wp-content\\\/uploads\\\/\\\/Pheedloop-Portal-Banner-Image-750-x-300-px-3-1024x410.png\",\"contentUrl\":\"https:\\\/\\\/dpi-canada.com\\\/sites\\\/dpi-canada.com\\\/wp-content\\\/uploads\\\/\\\/Pheedloop-Portal-Banner-Image-750-x-300-px-3-1024x410.png\"},{\"@type\":\"BreadcrumbList\",\"@id\":\"https:\\\/\\\/dpi-canada.com\\\/fr\\\/spp\\\/semaine-de-perfectionnement-professionnel-spp\\\/#breadcrumb\",\"itemListElement\":[{\"@type\":\"ListItem\",\"position\":1,\"name\":\"Home\",\"item\":\"https:\\\/\\\/dpi-canada.com\\\/fr\\\/\"},{\"@type\":\"ListItem\",\"position\":2,\"name\":\"Semaine de perfectionnement professionnel (SPP)\",\"item\":\"https:\\\/\\\/dpi-canada.com\\\/fr\\\/spp\\\/\"},{\"@type\":\"ListItem\",\"position\":3,\"name\":\"Th\u00e8me de la SPP 2025\"}]},{\"@type\":\"WebSite\",\"@id\":\"https:\\\/\\\/dpi-canada.com\\\/fr\\\/#website\",\"url\":\"https:\\\/\\\/dpi-canada.com\\\/fr\\\/\",\"name\":\"Association of Public Sector Information Professionals (DPI)\",\"description\":\"D\u00e9velopper le professionnalisme en informatique\",\"publisher\":{\"@id\":\"https:\\\/\\\/dpi-canada.com\\\/fr\\\/#organization\"},\"potentialAction\":[{\"@type\":\"SearchAction\",\"target\":{\"@type\":\"EntryPoint\",\"urlTemplate\":\"https:\\\/\\\/dpi-canada.com\\\/fr\\\/?s={search_term_string}\"},\"query-input\":{\"@type\":\"PropertyValueSpecification\",\"valueRequired\":true,\"valueName\":\"search_term_string\"}}],\"inLanguage\":\"fr-CA\"},{\"@type\":\"Organization\",\"@id\":\"https:\\\/\\\/dpi-canada.com\\\/fr\\\/#organization\",\"name\":\"Association of Public Sector Information Professionals (DPI)\",\"url\":\"https:\\\/\\\/dpi-canada.com\\\/fr\\\/\",\"logo\":{\"@type\":\"ImageObject\",\"inLanguage\":\"fr-CA\",\"@id\":\"https:\\\/\\\/dpi-canada.com\\\/fr\\\/#\\\/schema\\\/logo\\\/image\\\/\",\"url\":\"https:\\\/\\\/dpi-canada.com\\\/sites\\\/dpi-canada.com\\\/wp-content\\\/uploads\\\/DPI_Social.jpg\",\"contentUrl\":\"https:\\\/\\\/dpi-canada.com\\\/sites\\\/dpi-canada.com\\\/wp-content\\\/uploads\\\/DPI_Social.jpg\",\"width\":1100,\"height\":1100,\"caption\":\"Association of Public Sector Information Professionals (DPI)\"},\"image\":{\"@id\":\"https:\\\/\\\/dpi-canada.com\\\/fr\\\/#\\\/schema\\\/logo\\\/image\\\/\"},\"sameAs\":[\"https:\\\/\\\/x.com\\\/dpi_canada\",\"http:\\\/\\\/www.linkedin.com\\\/company\\\/dpi--association-of-public-sector-information-professionals\"]}]}<\/script>\n<!-- \/ Yoast SEO plugin. -->","yoast_head_json":{"title":"Th\u00e8me de la SPP 2025 -","robots":{"index":"index","follow":"follow","max-snippet":"max-snippet:-1","max-image-preview":"max-image-preview:large","max-video-preview":"max-video-preview:-1"},"canonical":"https:\/\/dpi-canada.com\/fr\/spp\/semaine-de-perfectionnement-professionnel-spp\/","og_locale":"fr_CA","og_type":"article","og_title":"Th\u00e8me de la SPP 2025 -","og_description":"Depuis plus de 60 ans, DPI capte la voix de la communaut\u00e9 de la gestion de l\u2019information, des technologies de l\u2019information et du num\u00e9rique du secteur public. Cette ann\u00e9e n\u2019est pas diff\u00e9rente des autres. Notre \u00e9v\u00e9nement d&#8217;apprentissage annuel le plus attendu, la Semaine de perfectionnement professionnel, aura lieu du\u00a06 au 8 mai\u00a02025, \u00e0 la fois [&hellip;]","og_url":"https:\/\/dpi-canada.com\/fr\/spp\/semaine-de-perfectionnement-professionnel-spp\/","og_site_name":"DPI","article_modified_time":"2024-10-29T16:27:54+00:00","og_image":[{"url":"https:\/\/dpi-canada.com\/sites\/dpi-canada.com\/wp-content\/uploads\/\/Pheedloop-Portal-Banner-Image-750-x-300-px-3-1024x410.png","type":"","width":"","height":""}],"twitter_card":"summary_large_image","twitter_site":"@dpi_canada","twitter_misc":{"Est. reading time":"3 minutes"},"schema":{"@context":"https:\/\/schema.org","@graph":[{"@type":"WebPage","@id":"https:\/\/dpi-canada.com\/fr\/spp\/semaine-de-perfectionnement-professionnel-spp\/","url":"https:\/\/dpi-canada.com\/fr\/spp\/semaine-de-perfectionnement-professionnel-spp\/","name":"Th\u00e8me de la SPP 2025 -","isPartOf":{"@id":"https:\/\/dpi-canada.com\/fr\/#website"},"primaryImageOfPage":{"@id":"https:\/\/dpi-canada.com\/fr\/spp\/semaine-de-perfectionnement-professionnel-spp\/#primaryimage"},"image":{"@id":"https:\/\/dpi-canada.com\/fr\/spp\/semaine-de-perfectionnement-professionnel-spp\/#primaryimage"},"thumbnailUrl":"https:\/\/dpi-canada.com\/sites\/dpi-canada.com\/wp-content\/uploads\/\/Pheedloop-Portal-Banner-Image-750-x-300-px-3-1024x410.png","datePublished":"2024-06-20T16:31:54+00:00","dateModified":"2024-10-29T16:27:54+00:00","breadcrumb":{"@id":"https:\/\/dpi-canada.com\/fr\/spp\/semaine-de-perfectionnement-professionnel-spp\/#breadcrumb"},"inLanguage":"fr-CA","potentialAction":[{"@type":"ReadAction","target":["https:\/\/dpi-canada.com\/fr\/spp\/semaine-de-perfectionnement-professionnel-spp\/"]}]},{"@type":"ImageObject","inLanguage":"fr-CA","@id":"https:\/\/dpi-canada.com\/fr\/spp\/semaine-de-perfectionnement-professionnel-spp\/#primaryimage","url":"https:\/\/dpi-canada.com\/sites\/dpi-canada.com\/wp-content\/uploads\/\/Pheedloop-Portal-Banner-Image-750-x-300-px-3-1024x410.png","contentUrl":"https:\/\/dpi-canada.com\/sites\/dpi-canada.com\/wp-content\/uploads\/\/Pheedloop-Portal-Banner-Image-750-x-300-px-3-1024x410.png"},{"@type":"BreadcrumbList","@id":"https:\/\/dpi-canada.com\/fr\/spp\/semaine-de-perfectionnement-professionnel-spp\/#breadcrumb","itemListElement":[{"@type":"ListItem","position":1,"name":"Home","item":"https:\/\/dpi-canada.com\/fr\/"},{"@type":"ListItem","position":2,"name":"Semaine de perfectionnement professionnel (SPP)","item":"https:\/\/dpi-canada.com\/fr\/spp\/"},{"@type":"ListItem","position":3,"name":"Th\u00e8me de la SPP 2025"}]},{"@type":"WebSite","@id":"https:\/\/dpi-canada.com\/fr\/#website","url":"https:\/\/dpi-canada.com\/fr\/","name":"Association of Public Sector Information Professionals (DPI)","description":"D\u00e9velopper le professionnalisme en informatique","publisher":{"@id":"https:\/\/dpi-canada.com\/fr\/#organization"},"potentialAction":[{"@type":"SearchAction","target":{"@type":"EntryPoint","urlTemplate":"https:\/\/dpi-canada.com\/fr\/?s={search_term_string}"},"query-input":{"@type":"PropertyValueSpecification","valueRequired":true,"valueName":"search_term_string"}}],"inLanguage":"fr-CA"},{"@type":"Organization","@id":"https:\/\/dpi-canada.com\/fr\/#organization","name":"Association of Public Sector Information Professionals (DPI)","url":"https:\/\/dpi-canada.com\/fr\/","logo":{"@type":"ImageObject","inLanguage":"fr-CA","@id":"https:\/\/dpi-canada.com\/fr\/#\/schema\/logo\/image\/","url":"https:\/\/dpi-canada.com\/sites\/dpi-canada.com\/wp-content\/uploads\/DPI_Social.jpg","contentUrl":"https:\/\/dpi-canada.com\/sites\/dpi-canada.com\/wp-content\/uploads\/DPI_Social.jpg","width":1100,"height":1100,"caption":"Association of Public Sector Information Professionals (DPI)"},"image":{"@id":"https:\/\/dpi-canada.com\/fr\/#\/schema\/logo\/image\/"},"sameAs":["https:\/\/x.com\/dpi_canada","http:\/\/www.linkedin.com\/company\/dpi--association-of-public-sector-information-professionals"]}]}},"_links":{"self":[{"href":"https:\/\/dpi-canada.com\/fr\/wp-json\/wp\/v2\/pages\/8876","targetHints":{"allow":["GET"]}}],"collection":[{"href":"https:\/\/dpi-canada.com\/fr\/wp-json\/wp\/v2\/pages"}],"about":[{"href":"https:\/\/dpi-canada.com\/fr\/wp-json\/wp\/v2\/types\/page"}],"author":[{"embeddable":true,"href":"https:\/\/dpi-canada.com\/fr\/wp-json\/wp\/v2\/users\/6"}],"replies":[{"embeddable":true,"href":"https:\/\/dpi-canada.com\/fr\/wp-json\/wp\/v2\/comments?post=8876"}],"version-history":[{"count":3,"href":"https:\/\/dpi-canada.com\/fr\/wp-json\/wp\/v2\/pages\/8876\/revisions"}],"predecessor-version":[{"id":9083,"href":"https:\/\/dpi-canada.com\/fr\/wp-json\/wp\/v2\/pages\/8876\/revisions\/9083"}],"up":[{"embeddable":true,"href":"https:\/\/dpi-canada.com\/fr\/wp-json\/wp\/v2\/pages\/723"}],"wp:attachment":[{"href":"https:\/\/dpi-canada.com\/fr\/wp-json\/wp\/v2\/media?parent=8876"}],"curies":[{"name":"wp","href":"https:\/\/api.w.org\/{rel}","templated":true}]}}