{"id":9038,"date":"2024-09-23T11:51:28","date_gmt":"2024-09-23T15:51:28","guid":{"rendered":"https:\/\/dpi-canada.com\/schedule-2024\/"},"modified":"2024-10-29T12:54:09","modified_gmt":"2024-10-29T16:54:09","slug":"schedule-2024","status":"publish","type":"page","link":"https:\/\/dpi-canada.com\/fr\/spp\/spp-2024\/schedule-2024\/","title":{"rendered":"Horaire (2024)"},"content":{"rendered":"<p style=\"text-align: center;\">Veuillez noter que le programme de la SPP est susceptible de modification \u00e0 tout moment en raison d\u2019annulations ou d\u2019ajouts. Dans le cadre de notre engagement envers l\u2019inclusion et l\u2019accessibilit\u00e9, la traduction simultan\u00e9e et les sous-titres cod\u00e9s en anglais et en fran\u00e7ais seront disponibles pour toutes les s\u00e9ances de la SPP 2024.\n<\/p>\n<style>\n.pheedloop-iframe {\noverflow: auto;\nposition: relative;\nheight: 1500px;\nwidth: 100%;\n}\n.pheedloop-iframe iframe {\nborder: 0;\nheight: 100%;\nleft: 0;\nposition: absolute;\ntop: 0;\nwidth: 100%;\n}\n<\/style>\n<div class=\"pheedloop-iframe\">\n<iframe src=\"https:\/\/site.pheedloop.com\/event\/embed\/PDW2024\/schedule?lang=fr\" title=\"schedule\"><\/iframe>\n<\/div>\n","protected":false},"excerpt":{"rendered":"<p>Veuillez noter que le programme de la SPP est susceptible de modification \u00e0 tout moment en raison d\u2019annulations ou d\u2019ajouts. Dans le cadre de notre engagement envers l\u2019inclusion et l\u2019accessibilit\u00e9, la traduction simultan\u00e9e et les sous-titres cod\u00e9s en anglais et en fran\u00e7ais seront disponibles pour toutes les s\u00e9ances de la SPP 2024.<\/p>\n","protected":false},"author":6,"featured_media":0,"parent":8847,"menu_order":0,"comment_status":"closed","ping_status":"closed","template":"subpage.php","meta":{"_acf_changed":false,"footnotes":""},"class_list":["post-9038","page","type-page","status-publish","hentry"],"acf":[],"yoast_head":"<!-- This site is optimized with the Yoast SEO plugin v27.2 - https:\/\/yoast.com\/product\/yoast-seo-wordpress\/ -->\n<title>Horaire (2024) -<\/title>\n<meta name=\"robots\" content=\"index, follow, max-snippet:-1, max-image-preview:large, max-video-preview:-1\" \/>\n<link rel=\"canonical\" href=\"https:\/\/dpi-canada.com\/fr\/spp\/spp-2024\/schedule-2024\/\" \/>\n<meta property=\"og:locale\" content=\"fr_CA\" \/>\n<meta property=\"og:type\" content=\"article\" \/>\n<meta property=\"og:title\" content=\"Horaire (2024) -\" \/>\n<meta property=\"og:description\" content=\"Veuillez noter que le programme de la SPP est susceptible de modification \u00e0 tout moment en raison d\u2019annulations ou d\u2019ajouts. Dans le cadre de notre engagement envers l\u2019inclusion et l\u2019accessibilit\u00e9, la traduction simultan\u00e9e et les sous-titres cod\u00e9s en anglais et en fran\u00e7ais seront disponibles pour toutes les s\u00e9ances de la SPP 2024.\" \/>\n<meta property=\"og:url\" content=\"https:\/\/dpi-canada.com\/fr\/spp\/spp-2024\/schedule-2024\/\" \/>\n<meta property=\"og:site_name\" content=\"DPI\" \/>\n<meta property=\"article:modified_time\" content=\"2024-10-29T16:54:09+00:00\" \/>\n<meta name=\"twitter:card\" content=\"summary_large_image\" \/>\n<meta name=\"twitter:site\" content=\"@dpi_canada\" \/>\n<script type=\"application\/ld+json\" class=\"yoast-schema-graph\">{\"@context\":\"https:\/\/schema.org\",\"@graph\":[{\"@type\":\"WebPage\",\"@id\":\"https:\/\/dpi-canada.com\/fr\/spp\/spp-2024\/schedule-2024\/\",\"url\":\"https:\/\/dpi-canada.com\/fr\/spp\/spp-2024\/schedule-2024\/\",\"name\":\"Horaire (2024) -\",\"isPartOf\":{\"@id\":\"https:\/\/dpi-canada.com\/fr\/#website\"},\"datePublished\":\"2024-09-23T15:51:28+00:00\",\"dateModified\":\"2024-10-29T16:54:09+00:00\",\"breadcrumb\":{\"@id\":\"https:\/\/dpi-canada.com\/fr\/spp\/spp-2024\/schedule-2024\/#breadcrumb\"},\"inLanguage\":\"fr-CA\",\"potentialAction\":[{\"@type\":\"ReadAction\",\"target\":[\"https:\/\/dpi-canada.com\/fr\/spp\/spp-2024\/schedule-2024\/\"]}]},{\"@type\":\"BreadcrumbList\",\"@id\":\"https:\/\/dpi-canada.com\/fr\/spp\/spp-2024\/schedule-2024\/#breadcrumb\",\"itemListElement\":[{\"@type\":\"ListItem\",\"position\":1,\"name\":\"Home\",\"item\":\"https:\/\/dpi-canada.com\/fr\/\"},{\"@type\":\"ListItem\",\"position\":2,\"name\":\"Semaine de perfectionnement professionnel (SPP)\",\"item\":\"https:\/\/dpi-canada.com\/fr\/spp\/\"},{\"@type\":\"ListItem\",\"position\":3,\"name\":\"SPP 2024\",\"item\":\"https:\/\/dpi-canada.com\/fr\/spp\/spp-2024\/\"},{\"@type\":\"ListItem\",\"position\":4,\"name\":\"Horaire (2024)\"}]},{\"@type\":\"WebSite\",\"@id\":\"https:\/\/dpi-canada.com\/fr\/#website\",\"url\":\"https:\/\/dpi-canada.com\/fr\/\",\"name\":\"Association of Public Sector Information Professionals (DPI)\",\"description\":\"D\u00e9velopper le professionnalisme en informatique\",\"publisher\":{\"@id\":\"https:\/\/dpi-canada.com\/fr\/#organization\"},\"potentialAction\":[{\"@type\":\"SearchAction\",\"target\":{\"@type\":\"EntryPoint\",\"urlTemplate\":\"https:\/\/dpi-canada.com\/fr\/?s={search_term_string}\"},\"query-input\":{\"@type\":\"PropertyValueSpecification\",\"valueRequired\":true,\"valueName\":\"search_term_string\"}}],\"inLanguage\":\"fr-CA\"},{\"@type\":\"Organization\",\"@id\":\"https:\/\/dpi-canada.com\/fr\/#organization\",\"name\":\"Association of Public Sector Information Professionals (DPI)\",\"url\":\"https:\/\/dpi-canada.com\/fr\/\",\"logo\":{\"@type\":\"ImageObject\",\"inLanguage\":\"fr-CA\",\"@id\":\"https:\/\/dpi-canada.com\/fr\/#\/schema\/logo\/image\/\",\"url\":\"https:\/\/dpi-canada.com\/sites\/dpi-canada.com\/wp-content\/uploads\/DPI_Social.jpg\",\"contentUrl\":\"https:\/\/dpi-canada.com\/sites\/dpi-canada.com\/wp-content\/uploads\/DPI_Social.jpg\",\"width\":1100,\"height\":1100,\"caption\":\"Association of Public Sector Information Professionals (DPI)\"},\"image\":{\"@id\":\"https:\/\/dpi-canada.com\/fr\/#\/schema\/logo\/image\/\"},\"sameAs\":[\"https:\/\/x.com\/dpi_canada\",\"http:\/\/www.linkedin.com\/company\/dpi--association-of-public-sector-information-professionals\"]}]}<\/script>\n<!-- \/ Yoast SEO plugin. -->","yoast_head_json":{"title":"Horaire (2024) -","robots":{"index":"index","follow":"follow","max-snippet":"max-snippet:-1","max-image-preview":"max-image-preview:large","max-video-preview":"max-video-preview:-1"},"canonical":"https:\/\/dpi-canada.com\/fr\/spp\/spp-2024\/schedule-2024\/","og_locale":"fr_CA","og_type":"article","og_title":"Horaire (2024) -","og_description":"Veuillez noter que le programme de la SPP est susceptible de modification \u00e0 tout moment en raison d\u2019annulations ou d\u2019ajouts. Dans le cadre de notre engagement envers l\u2019inclusion et l\u2019accessibilit\u00e9, la traduction simultan\u00e9e et les sous-titres cod\u00e9s en anglais et en fran\u00e7ais seront disponibles pour toutes les s\u00e9ances de la SPP 2024.","og_url":"https:\/\/dpi-canada.com\/fr\/spp\/spp-2024\/schedule-2024\/","og_site_name":"DPI","article_modified_time":"2024-10-29T16:54:09+00:00","twitter_card":"summary_large_image","twitter_site":"@dpi_canada","schema":{"@context":"https:\/\/schema.org","@graph":[{"@type":"WebPage","@id":"https:\/\/dpi-canada.com\/fr\/spp\/spp-2024\/schedule-2024\/","url":"https:\/\/dpi-canada.com\/fr\/spp\/spp-2024\/schedule-2024\/","name":"Horaire (2024) -","isPartOf":{"@id":"https:\/\/dpi-canada.com\/fr\/#website"},"datePublished":"2024-09-23T15:51:28+00:00","dateModified":"2024-10-29T16:54:09+00:00","breadcrumb":{"@id":"https:\/\/dpi-canada.com\/fr\/spp\/spp-2024\/schedule-2024\/#breadcrumb"},"inLanguage":"fr-CA","potentialAction":[{"@type":"ReadAction","target":["https:\/\/dpi-canada.com\/fr\/spp\/spp-2024\/schedule-2024\/"]}]},{"@type":"BreadcrumbList","@id":"https:\/\/dpi-canada.com\/fr\/spp\/spp-2024\/schedule-2024\/#breadcrumb","itemListElement":[{"@type":"ListItem","position":1,"name":"Home","item":"https:\/\/dpi-canada.com\/fr\/"},{"@type":"ListItem","position":2,"name":"Semaine de perfectionnement professionnel (SPP)","item":"https:\/\/dpi-canada.com\/fr\/spp\/"},{"@type":"ListItem","position":3,"name":"SPP 2024","item":"https:\/\/dpi-canada.com\/fr\/spp\/spp-2024\/"},{"@type":"ListItem","position":4,"name":"Horaire (2024)"}]},{"@type":"WebSite","@id":"https:\/\/dpi-canada.com\/fr\/#website","url":"https:\/\/dpi-canada.com\/fr\/","name":"Association of Public Sector Information Professionals (DPI)","description":"D\u00e9velopper le professionnalisme en informatique","publisher":{"@id":"https:\/\/dpi-canada.com\/fr\/#organization"},"potentialAction":[{"@type":"SearchAction","target":{"@type":"EntryPoint","urlTemplate":"https:\/\/dpi-canada.com\/fr\/?s={search_term_string}"},"query-input":{"@type":"PropertyValueSpecification","valueRequired":true,"valueName":"search_term_string"}}],"inLanguage":"fr-CA"},{"@type":"Organization","@id":"https:\/\/dpi-canada.com\/fr\/#organization","name":"Association of Public Sector Information Professionals (DPI)","url":"https:\/\/dpi-canada.com\/fr\/","logo":{"@type":"ImageObject","inLanguage":"fr-CA","@id":"https:\/\/dpi-canada.com\/fr\/#\/schema\/logo\/image\/","url":"https:\/\/dpi-canada.com\/sites\/dpi-canada.com\/wp-content\/uploads\/DPI_Social.jpg","contentUrl":"https:\/\/dpi-canada.com\/sites\/dpi-canada.com\/wp-content\/uploads\/DPI_Social.jpg","width":1100,"height":1100,"caption":"Association of Public Sector Information Professionals (DPI)"},"image":{"@id":"https:\/\/dpi-canada.com\/fr\/#\/schema\/logo\/image\/"},"sameAs":["https:\/\/x.com\/dpi_canada","http:\/\/www.linkedin.com\/company\/dpi--association-of-public-sector-information-professionals"]}]}},"_links":{"self":[{"href":"https:\/\/dpi-canada.com\/fr\/wp-json\/wp\/v2\/pages\/9038","targetHints":{"allow":["GET"]}}],"collection":[{"href":"https:\/\/dpi-canada.com\/fr\/wp-json\/wp\/v2\/pages"}],"about":[{"href":"https:\/\/dpi-canada.com\/fr\/wp-json\/wp\/v2\/types\/page"}],"author":[{"embeddable":true,"href":"https:\/\/dpi-canada.com\/fr\/wp-json\/wp\/v2\/users\/6"}],"replies":[{"embeddable":true,"href":"https:\/\/dpi-canada.com\/fr\/wp-json\/wp\/v2\/comments?post=9038"}],"version-history":[{"count":2,"href":"https:\/\/dpi-canada.com\/fr\/wp-json\/wp\/v2\/pages\/9038\/revisions"}],"predecessor-version":[{"id":9042,"href":"https:\/\/dpi-canada.com\/fr\/wp-json\/wp\/v2\/pages\/9038\/revisions\/9042"}],"up":[{"embeddable":true,"href":"https:\/\/dpi-canada.com\/fr\/wp-json\/wp\/v2\/pages\/8847"}],"wp:attachment":[{"href":"https:\/\/dpi-canada.com\/fr\/wp-json\/wp\/v2\/media?parent=9038"}],"curies":[{"name":"wp","href":"https:\/\/api.w.org\/{rel}","templated":true}]}}