{"id":9740,"date":"2025-12-04T12:46:15","date_gmt":"2025-12-04T17:46:15","guid":{"rendered":"https:\/\/dpi-canada.com\/a-propos-de-nous\/prix-et-reconnaissance-2\/"},"modified":"2025-12-04T12:46:15","modified_gmt":"2025-12-04T17:46:15","slug":"prix-et-reconnaissance-2","status":"publish","type":"page","link":"https:\/\/dpi-canada.com\/fr\/a-propos-de-nous\/prix-et-reconnaissance-2\/","title":{"rendered":"Prix et reconnaissance"},"content":{"rendered":"<p><span class=\"ui-provider a b c d e f g h i j k l m n o p q r s t u v w x y z ab ac ae af ag ah ai aj ak\" dir=\"ltr\">Depuis plus de 60 ans, DPI reconna\u00eet<\/span> les personnes et les organisations qui ont fait de remarquables contributions dans\u00a0<span class=\"ui-provider a b c d e f g h i j k l m n o p q r s t u v w x y z ab ac ae af ag ah ai aj ak\" dir=\"ltr\">la collectivit\u00e9 num\u00e9rique<\/span> du secteur public.<\/p>\n<p><a href=\"https:\/\/dpi-canada.com\/fr\/a-propos-de-nous\/affilies-a-vie\/\"><strong>Affili\u00e9s \u00e0 vie<\/strong><\/a><\/p>\n<p><a href=\"https:\/\/dpi-canada.com\/fr\/a-propos-de-nous\/associes\/\"><strong>Associ\u00e9s<\/strong><\/a><\/p>\n<p><a href=\"https:\/\/dpi-canada.com\/fr\/a-propos-de-nous\/volunteer-of-year-award\/\"><strong>Prix du b\u00e9n\u00e9vole de l\u2019ann\u00e9e Bob Charleau<\/strong><\/a><\/p>\n<p><a href=\"https:\/\/dpi-canada.com\/fr\/a-propos-de-nous\/presidents-anterieurs\/\"><strong>Pr\u00e9sidents ant\u00e9rieurs<\/strong><\/a><\/p>\n","protected":false},"excerpt":{"rendered":"<p>Depuis plus de 60 ans, DPI reconna\u00eet les personnes et les organisations qui ont fait de remarquables contributions dans\u00a0la collectivit\u00e9 num\u00e9rique du secteur public. Affili\u00e9s \u00e0 vie Associ\u00e9s Prix du b\u00e9n\u00e9vole de l\u2019ann\u00e9e Bob Charleau Pr\u00e9sidents ant\u00e9rieurs<\/p>\n","protected":false},"author":6,"featured_media":0,"parent":583,"menu_order":0,"comment_status":"closed","ping_status":"closed","template":"subpage.php","meta":{"_acf_changed":false,"footnotes":""},"class_list":["post-9740","page","type-page","status-publish","hentry"],"acf":[],"yoast_head":"<!-- This site is optimized with the Yoast SEO plugin v27.2 - https:\/\/yoast.com\/product\/yoast-seo-wordpress\/ -->\n<title>Prix et reconnaissance -<\/title>\n<meta name=\"robots\" content=\"index, follow, max-snippet:-1, max-image-preview:large, max-video-preview:-1\" \/>\n<link rel=\"canonical\" href=\"https:\/\/dpi-canada.com\/fr\/a-propos-de-nous\/prix-et-reconnaissance-2\/\" \/>\n<meta property=\"og:locale\" content=\"fr_CA\" \/>\n<meta property=\"og:type\" content=\"article\" \/>\n<meta property=\"og:title\" content=\"Prix et reconnaissance -\" \/>\n<meta property=\"og:description\" content=\"Depuis plus de 60 ans, DPI reconna\u00eet les personnes et les organisations qui ont fait de remarquables contributions dans\u00a0la collectivit\u00e9 num\u00e9rique du secteur public. Affili\u00e9s \u00e0 vie Associ\u00e9s Prix du b\u00e9n\u00e9vole de l\u2019ann\u00e9e Bob Charleau Pr\u00e9sidents ant\u00e9rieurs\" \/>\n<meta property=\"og:url\" content=\"https:\/\/dpi-canada.com\/fr\/a-propos-de-nous\/prix-et-reconnaissance-2\/\" \/>\n<meta property=\"og:site_name\" content=\"DPI\" \/>\n<meta name=\"twitter:card\" content=\"summary_large_image\" \/>\n<meta name=\"twitter:site\" content=\"@dpi_canada\" \/>\n<script type=\"application\/ld+json\" class=\"yoast-schema-graph\">{\"@context\":\"https:\/\/schema.org\",\"@graph\":[{\"@type\":\"WebPage\",\"@id\":\"https:\/\/dpi-canada.com\/fr\/a-propos-de-nous\/prix-et-reconnaissance-2\/\",\"url\":\"https:\/\/dpi-canada.com\/fr\/a-propos-de-nous\/prix-et-reconnaissance-2\/\",\"name\":\"Prix et reconnaissance -\",\"isPartOf\":{\"@id\":\"https:\/\/dpi-canada.com\/fr\/#website\"},\"datePublished\":\"2025-12-04T17:46:15+00:00\",\"breadcrumb\":{\"@id\":\"https:\/\/dpi-canada.com\/fr\/a-propos-de-nous\/prix-et-reconnaissance-2\/#breadcrumb\"},\"inLanguage\":\"fr-CA\",\"potentialAction\":[{\"@type\":\"ReadAction\",\"target\":[\"https:\/\/dpi-canada.com\/fr\/a-propos-de-nous\/prix-et-reconnaissance-2\/\"]}]},{\"@type\":\"BreadcrumbList\",\"@id\":\"https:\/\/dpi-canada.com\/fr\/a-propos-de-nous\/prix-et-reconnaissance-2\/#breadcrumb\",\"itemListElement\":[{\"@type\":\"ListItem\",\"position\":1,\"name\":\"Home\",\"item\":\"https:\/\/dpi-canada.com\/fr\/\"},{\"@type\":\"ListItem\",\"position\":2,\"name\":\"Qui sommes-nous\",\"item\":\"https:\/\/dpi-canada.com\/fr\/a-propos-de-nous\/\"},{\"@type\":\"ListItem\",\"position\":3,\"name\":\"Prix et reconnaissance\"}]},{\"@type\":\"WebSite\",\"@id\":\"https:\/\/dpi-canada.com\/fr\/#website\",\"url\":\"https:\/\/dpi-canada.com\/fr\/\",\"name\":\"Association of Public Sector Information Professionals (DPI)\",\"description\":\"D\u00e9velopper le professionnalisme en informatique\",\"publisher\":{\"@id\":\"https:\/\/dpi-canada.com\/fr\/#organization\"},\"potentialAction\":[{\"@type\":\"SearchAction\",\"target\":{\"@type\":\"EntryPoint\",\"urlTemplate\":\"https:\/\/dpi-canada.com\/fr\/?s={search_term_string}\"},\"query-input\":{\"@type\":\"PropertyValueSpecification\",\"valueRequired\":true,\"valueName\":\"search_term_string\"}}],\"inLanguage\":\"fr-CA\"},{\"@type\":\"Organization\",\"@id\":\"https:\/\/dpi-canada.com\/fr\/#organization\",\"name\":\"Association of Public Sector Information Professionals (DPI)\",\"url\":\"https:\/\/dpi-canada.com\/fr\/\",\"logo\":{\"@type\":\"ImageObject\",\"inLanguage\":\"fr-CA\",\"@id\":\"https:\/\/dpi-canada.com\/fr\/#\/schema\/logo\/image\/\",\"url\":\"https:\/\/dpi-canada.com\/sites\/dpi-canada.com\/wp-content\/uploads\/DPI_Social.jpg\",\"contentUrl\":\"https:\/\/dpi-canada.com\/sites\/dpi-canada.com\/wp-content\/uploads\/DPI_Social.jpg\",\"width\":1100,\"height\":1100,\"caption\":\"Association of Public Sector Information Professionals (DPI)\"},\"image\":{\"@id\":\"https:\/\/dpi-canada.com\/fr\/#\/schema\/logo\/image\/\"},\"sameAs\":[\"https:\/\/x.com\/dpi_canada\",\"http:\/\/www.linkedin.com\/company\/dpi--association-of-public-sector-information-professionals\"]}]}<\/script>\n<!-- \/ Yoast SEO plugin. -->","yoast_head_json":{"title":"Prix et reconnaissance -","robots":{"index":"index","follow":"follow","max-snippet":"max-snippet:-1","max-image-preview":"max-image-preview:large","max-video-preview":"max-video-preview:-1"},"canonical":"https:\/\/dpi-canada.com\/fr\/a-propos-de-nous\/prix-et-reconnaissance-2\/","og_locale":"fr_CA","og_type":"article","og_title":"Prix et reconnaissance -","og_description":"Depuis plus de 60 ans, DPI reconna\u00eet les personnes et les organisations qui ont fait de remarquables contributions dans\u00a0la collectivit\u00e9 num\u00e9rique du secteur public. Affili\u00e9s \u00e0 vie Associ\u00e9s Prix du b\u00e9n\u00e9vole de l\u2019ann\u00e9e Bob Charleau Pr\u00e9sidents ant\u00e9rieurs","og_url":"https:\/\/dpi-canada.com\/fr\/a-propos-de-nous\/prix-et-reconnaissance-2\/","og_site_name":"DPI","twitter_card":"summary_large_image","twitter_site":"@dpi_canada","schema":{"@context":"https:\/\/schema.org","@graph":[{"@type":"WebPage","@id":"https:\/\/dpi-canada.com\/fr\/a-propos-de-nous\/prix-et-reconnaissance-2\/","url":"https:\/\/dpi-canada.com\/fr\/a-propos-de-nous\/prix-et-reconnaissance-2\/","name":"Prix et reconnaissance -","isPartOf":{"@id":"https:\/\/dpi-canada.com\/fr\/#website"},"datePublished":"2025-12-04T17:46:15+00:00","breadcrumb":{"@id":"https:\/\/dpi-canada.com\/fr\/a-propos-de-nous\/prix-et-reconnaissance-2\/#breadcrumb"},"inLanguage":"fr-CA","potentialAction":[{"@type":"ReadAction","target":["https:\/\/dpi-canada.com\/fr\/a-propos-de-nous\/prix-et-reconnaissance-2\/"]}]},{"@type":"BreadcrumbList","@id":"https:\/\/dpi-canada.com\/fr\/a-propos-de-nous\/prix-et-reconnaissance-2\/#breadcrumb","itemListElement":[{"@type":"ListItem","position":1,"name":"Home","item":"https:\/\/dpi-canada.com\/fr\/"},{"@type":"ListItem","position":2,"name":"Qui sommes-nous","item":"https:\/\/dpi-canada.com\/fr\/a-propos-de-nous\/"},{"@type":"ListItem","position":3,"name":"Prix et reconnaissance"}]},{"@type":"WebSite","@id":"https:\/\/dpi-canada.com\/fr\/#website","url":"https:\/\/dpi-canada.com\/fr\/","name":"Association of Public Sector Information Professionals (DPI)","description":"D\u00e9velopper le professionnalisme en informatique","publisher":{"@id":"https:\/\/dpi-canada.com\/fr\/#organization"},"potentialAction":[{"@type":"SearchAction","target":{"@type":"EntryPoint","urlTemplate":"https:\/\/dpi-canada.com\/fr\/?s={search_term_string}"},"query-input":{"@type":"PropertyValueSpecification","valueRequired":true,"valueName":"search_term_string"}}],"inLanguage":"fr-CA"},{"@type":"Organization","@id":"https:\/\/dpi-canada.com\/fr\/#organization","name":"Association of Public Sector Information Professionals (DPI)","url":"https:\/\/dpi-canada.com\/fr\/","logo":{"@type":"ImageObject","inLanguage":"fr-CA","@id":"https:\/\/dpi-canada.com\/fr\/#\/schema\/logo\/image\/","url":"https:\/\/dpi-canada.com\/sites\/dpi-canada.com\/wp-content\/uploads\/DPI_Social.jpg","contentUrl":"https:\/\/dpi-canada.com\/sites\/dpi-canada.com\/wp-content\/uploads\/DPI_Social.jpg","width":1100,"height":1100,"caption":"Association of Public Sector Information Professionals (DPI)"},"image":{"@id":"https:\/\/dpi-canada.com\/fr\/#\/schema\/logo\/image\/"},"sameAs":["https:\/\/x.com\/dpi_canada","http:\/\/www.linkedin.com\/company\/dpi--association-of-public-sector-information-professionals"]}]}},"_links":{"self":[{"href":"https:\/\/dpi-canada.com\/fr\/wp-json\/wp\/v2\/pages\/9740","targetHints":{"allow":["GET"]}}],"collection":[{"href":"https:\/\/dpi-canada.com\/fr\/wp-json\/wp\/v2\/pages"}],"about":[{"href":"https:\/\/dpi-canada.com\/fr\/wp-json\/wp\/v2\/types\/page"}],"author":[{"embeddable":true,"href":"https:\/\/dpi-canada.com\/fr\/wp-json\/wp\/v2\/users\/6"}],"replies":[{"embeddable":true,"href":"https:\/\/dpi-canada.com\/fr\/wp-json\/wp\/v2\/comments?post=9740"}],"version-history":[{"count":0,"href":"https:\/\/dpi-canada.com\/fr\/wp-json\/wp\/v2\/pages\/9740\/revisions"}],"up":[{"embeddable":true,"href":"https:\/\/dpi-canada.com\/fr\/wp-json\/wp\/v2\/pages\/583"}],"wp:attachment":[{"href":"https:\/\/dpi-canada.com\/fr\/wp-json\/wp\/v2\/media?parent=9740"}],"curies":[{"name":"wp","href":"https:\/\/api.w.org\/{rel}","templated":true}]}}